{"id":17261,"date":"2025-01-16T03:37:47","date_gmt":"2025-01-15T19:37:47","guid":{"rendered":"https:\/\/shop.yipinqian.com\/premium-quality-icy-translucent-ruyi-pendant-natural-type-a-jadeite-jade-certificate-weighs-25-87-grams-measurement-48-2-35-3-7-2-mm-pendant391\/"},"modified":"2025-02-24T01:34:16","modified_gmt":"2025-02-23T17:34:16","slug":"premium-quality-icy-translucent-ruyi-pendant-natural-type-a-jadeite-jade-certificate-weighs-25-87-grams-measurement-48-2-35-3-7-2-mm-pendant391","status":"publish","type":"product","link":"https:\/\/shop.yipinqian.com\/es\/producto\/premium-quality-icy-translucent-ruyi-pendant-natural-type-a-jadeite-jade-certificate-weighs-25-87-grams-measurement-48-2-35-3-7-2-mm-pendant391\/","title":{"rendered":"Colgante de jade\u00edta transl\u00facido helado de primera calidad, jade\u00edta natural tipo A, certificado, pesa 25,87 gramos, mide 48,2 x 35,3 x 7,2 mm (colgante 391)"},"content":{"rendered":"<p><iframe height=\"300\" width=\"330\" src=\"https:\/\/youtube.com\/embed\/qqnbZ56tc_Q\" title=\"Colgante Ruyi de alta calidad\"><\/iframe><\/p>\n<p>Descubra la elegancia del colgante Ruyi transl\u00facido helado de primera calidad elaborado con jade\u00edta natural tipo A. Esta exquisita pieza, certificada por su autenticidad, exhibe un hermoso dise\u00f1o y una artesan\u00eda excepcional.<\/p>\n<p><\/p>\n<p>N\u00fameros de certificado: GD2110H003553<\/p>\n<p><img fetchpriority=\"high\" decoding=\"async\" src=\"https:\/\/shop.yipinqian.com\/wp-content\/uploads\/2024\/12\/f4a1c0450fc64721bdfd227d6b03bd51tplv-aphluv4xwc-origin-jpeg.jpeg?dr=15568&#038;nonce=48418&#038;refresh_token=c5c08a5af5c23176569d9224f9e69110&#038;from=476444299&#038;idc=my&#038;ps=933b5bde&#038;shcp=9b759fb9&#038;shp=1c65f68b&#038;t=555f072d\" width=\"1080\" height=\"1080\"><\/p>\n<ul>\n<li>\n<strong>Peso:<\/strong> 25,87 gramos<\/li>\n<li>\n<strong>Medidas:<\/strong> 48,2 x 35,3 x 7,2 mm<\/li>\n<li>\n<strong>Origen:<\/strong> Birmania<\/li>\n<li><strong>Estilo de collar casual:<\/strong><\/li>\n<li><strong>Adecuado para uso diario:<\/strong><\/li>\n<\/ul>\n<p><img decoding=\"async\" src=\"https:\/\/shop.yipinqian.com\/wp-content\/uploads\/2024\/12\/d32dbb9947dc47c682f4986414dae6ebtplv-aphluv4xwc-origin-jpeg.jpeg?dr=15568&#038;nonce=84888&#038;refresh_token=076df2972572b9ac8f6813034c548ef2&#038;from=476444299&#038;idc=my&#038;ps=933b5bde&#038;shcp=9b759fb9&#038;shp=1c65f68b&#038;t=555f072d\" width=\"1080\" height=\"1080\"><img decoding=\"async\" src=\"https:\/\/shop.yipinqian.com\/wp-content\/uploads\/2024\/12\/396760a53514497ca20743010487412ftplv-aphluv4xwc-origin-jpeg.jpeg?dr=15568&#038;nonce=90862&#038;refresh_token=3dc75729a4245e263887f48e0d84ffc6&#038;from=476444299&#038;idc=my&#038;ps=933b5bde&#038;shcp=9b759fb9&#038;shp=1c65f68b&#038;t=555f072d\" width=\"1080\" height=\"1080\"><\/p>\n<p>Este colgante unisex es perfecto para cualquier ocasi\u00f3n, a\u00f1adiendo un toque de sofisticaci\u00f3n a tu atuendo diario.<\/p>\n<p data-pm-slice=\"1 1 []\">Yi Pin Qian \u2013 Comerciante de piedras preciosas y metales preciosos en Singapur \u2013 N\u00famero de licencia PS20190000031<\/p>\n<p>\u00a0<\/p>\n<p>*Todos los jade\u00edtas comprados a Yi Pin Qian en Singapur, los clientes pueden reservar espacios para pulirlos o hacer reparaciones menores por mal manejo; se aplican tarifas y solo para los clientes de Yi Pin Qian en Singapur*<\/p>\n<p>\u00a0<\/p>\n<p><strong>**Tipos de certificados**<\/strong><\/p>\n<p>\u00a0<\/p>\n<p><strong>NGI (Gemolog\u00eda Nan Yang)<\/strong><\/p>\n<p>o <strong>Certificados en el extranjero <\/strong>(Yi Pin Qian solo utiliza certificados aut\u00e9nticos de laboratorios extranjeros y tambi\u00e9n controla la calidad de cada uno de nuestros productos antes de ponerlos a la venta en SG)<\/p>\n<p>\u00a0<\/p>\n<p>Cada producto tendr\u00e1 el tipo de certificado proporcionado indicado en la descripci\u00f3n. Para cualquier cliente que desee enviar su pedido a NGI Singapur, <strong>Las solicitudes de informes de NGI Gemstone deben realizarse envi\u00e1ndonos un mensaje.<\/strong> Gracias, <strong><u>Se aplican tarifas adicionales<\/u><\/strong> \u2013 $90 para jade\u00edta \/ $150 para jade\u00edta con oro de 18k \/ $150 para cuentas de jade\u00edta \u2013 no es obligatorio ya que la mayor\u00eda de nuestros productos ya vienen con certificado extranjero o informe NGI.<\/p>\n<p>\u00a0<\/p>\n<p>(Para m\u00e1s detalles o solicitud adicional: <strong>Env\u00edenos un mensaje si desea enviar el art\u00edculo comprado al laboratorio de pruebas de NGI.<\/strong>)<\/p>\n<p>\u00a0<\/p>\n<p><strong>La jade\u00edta natural no es perfecta, solo un peque\u00f1o recordatorio: nuestra jade\u00edta natural, como todas las cosas hermosas de la naturaleza, tiene sus caracter\u00edsticas y variaciones \u00fanicas. Invitamos a nuestros valiosos clientes a adoptar estas variaciones naturales. \u00a1Felices compras!<\/strong><\/p>\n<p>\u00a0<\/p>\n<p><strong><u>Ninguna de las fotograf\u00edas ni los v\u00eddeos han sido filtrados. Animamos a nuestros clientes a que vean tambi\u00e9n los v\u00eddeos adjuntos para tener una visi\u00f3n m\u00e1s completa de nuestros productos.<\/u><\/strong><\/p>\n<p>\u00a0<\/p>\n<ul>\n<li>Las diferentes plataformas solo pueden ver videos a trav\u00e9s de la computadora de escritorio<\/li>\n<\/ul>\n<p>\u00a0<\/p>","protected":false},"excerpt":{"rendered":"<p>Discover the elegance of the Premium Quality Icy Translucent Ruyi Pendant crafted from Natural Type A Jadeite. This exquisite piece, certified for its authenticity, showcases a beautiful design and exceptional craftsmanship. Certificate numbers: GD2110H003553 Weight: 25.87 grams Measurements: 48.2 * 35.3 * 7.2 mm Origin: Myanmar Causal Necklace Style: Suitable for Daily Wear: This unisex [&hellip;]<\/p>","protected":false},"featured_media":17265,"comment_status":"open","ping_status":"closed","template":"","meta":[],"product_brand":[],"product_cat":[196],"product_tag":[52,53,65,54,56,58,73,59,60,61,62],"class_list":{"0":"post-17261","1":"product","2":"type-product","3":"status-publish","4":"has-post-thumbnail","6":"product_cat-vault-collection","7":"product_tag-certified","8":"product_tag-fine-quality","9":"product_tag-high-quality","10":"product_tag-icy","11":"product_tag-limited-editions","12":"product_tag-new-arrivals","13":"product_tag-pendant","14":"product_tag-translucent","15":"product_tag-type-a-jadeite","16":"product_tag-unisex","17":"product_tag-yi-pin-qian-exclusive","19":"first","20":"instock","21":"sale","22":"shipping-taxable","23":"purchasable","24":"product-type-simple"},"_links":{"self":[{"href":"https:\/\/shop.yipinqian.com\/es\/wp-json\/wp\/v2\/product\/17261","targetHints":{"allow":["GET"]}}],"collection":[{"href":"https:\/\/shop.yipinqian.com\/es\/wp-json\/wp\/v2\/product"}],"about":[{"href":"https:\/\/shop.yipinqian.com\/es\/wp-json\/wp\/v2\/types\/product"}],"replies":[{"embeddable":true,"href":"https:\/\/shop.yipinqian.com\/es\/wp-json\/wp\/v2\/comments?post=17261"}],"version-history":[{"count":0,"href":"https:\/\/shop.yipinqian.com\/es\/wp-json\/wp\/v2\/product\/17261\/revisions"}],"wp:featuredmedia":[{"embeddable":true,"href":"https:\/\/shop.yipinqian.com\/es\/wp-json\/wp\/v2\/media\/17265"}],"wp:attachment":[{"href":"https:\/\/shop.yipinqian.com\/es\/wp-json\/wp\/v2\/media?parent=17261"}],"wp:term":[{"taxonomy":"product_brand","embeddable":true,"href":"https:\/\/shop.yipinqian.com\/es\/wp-json\/wp\/v2\/product_brand?post=17261"},{"taxonomy":"product_cat","embeddable":true,"href":"https:\/\/shop.yipinqian.com\/es\/wp-json\/wp\/v2\/product_cat?post=17261"},{"taxonomy":"product_tag","embeddable":true,"href":"https:\/\/shop.yipinqian.com\/es\/wp-json\/wp\/v2\/product_tag?post=17261"}],"curies":[{"name":"wp","href":"https:\/\/api.w.org\/{rel}","templated":true}]}}