{"id":1724,"date":"2024-10-24T23:21:51","date_gmt":"2024-10-24T15:21:51","guid":{"rendered":"https:\/\/shop.yipinqian.com\/product\/rare-old-collection-white-natural-type-a-jadeite-jade-crafted-with-dragon-and-tiger-as-pendant-certificate-weigh-44-48-grams-measurement-60-5-40-2-9-5-mm-pendant218\/"},"modified":"2025-02-17T00:04:14","modified_gmt":"2025-02-16T16:04:14","slug":"rare-old-collection-white-natural-type-a-jadeite-jade-crafted-with-dragon-and-tiger-as-pendant-certificate-weigh-44-48-grams-measurement-60-5-40-2-9-5-mm-pendant218","status":"publish","type":"product","link":"https:\/\/shop.yipinqian.com\/es\/producto\/rare-old-collection-white-natural-type-a-jadeite-jade-crafted-with-dragon-and-tiger-as-pendant-certificate-weigh-44-48-grams-measurement-60-5-40-2-9-5-mm-pendant218\/","title":{"rendered":"Rare Old Collection White Natural Type A Jadeite Jade crafted with Dragon and Tiger as Pendant, Certificate weigh 44.48 grams, Measurement 60.5 * 40.2 * 9.5 mm (pendant218)"},"content":{"rendered":"<p>Indulge in the beauty of this Rare Old Collection White Natural Type A Jadeite Jade that has been expertly crafted into a mesmerizing Dragon and Tiger pendant. Weighing 44.48 grams and measuring 60.5 * 40.2 * 9.5 mm (pendant218), this stunning piece is a true masterpiece.<\/p>\n<p><\/p>\n<p>Certificate numbers: 920350018274<\/p>\n<ul>\n<li>\n<strong>Artesan\u00eda exquisita:<\/strong> This pendant is crafted with intricate attention to detail that showcases the majesty of both Dragon and Tiger.<\/li>\n<li>\n<strong>Calidad Premium:<\/strong> Made from genuine, high-quality Type A Jadeite Jade from Myanmar, this pendant is truly one-of-a-kind.<\/li>\n<li>\n<strong>Certificado incluido:<\/strong> Este colgante viene con un certificado para garantizar su autenticidad.<\/li>\n<\/ul>\n<p>This piece of jewelry has been designed for daily wear, making it perfect for any occasion or outfit, whether casual or formal in style. It&#8217;s gender-neutral design makes it an ideal gift for any jewelry lover in your life who appreciates unique pieces that stand out from the crowd.<\/p>\n<ul>\n<li>\n<strong>Estilo del collar de jade: <\/strong>This casual style necklace can be paired perfectly with other necklaces to create your own unique look!<\/li>\n<\/ul>\n<p>Add an elegant touch to your jewelry collection by adding this stunning Rare Old Collection White Natural Type A Jadeite Dragon and Tiger Pendant today!<\/p>\n<p><\/p>\n<p>Yi Pin Qian \u2013 Comerciante de piedras preciosas y metales preciosos en Singapur \u2013 N\u00famero de licencia PS20190000031<\/p>\n<p><\/p>\n<p>*Todos los jade\u00edtas comprados a Yi Pin Qian en Singapur, los clientes pueden reservar espacios para pulirlos o hacer reparaciones menores por mal manejo; se aplican tarifas y solo para los clientes de Yi Pin Qian en Singapur*<\/p>\n<p><\/p>\n<p><strong>**Tipos de certificados**<\/strong><\/p>\n<p><\/p>\n<p><strong>NGI (Gemolog\u00eda Nan Yang)<\/strong><\/p>\n<p>o <strong>Certificados en el extranjero <\/strong>(Yi Pin Qian solo utiliza certificados aut\u00e9nticos de laboratorios extranjeros y tambi\u00e9n controla la calidad de cada uno de nuestros productos antes de ponerlos a la venta en SG)<\/p>\n<p><\/p>\n<p>Todos los productos de TikTok contar\u00e1n con el tipo de certificado que se indica en la descripci\u00f3n. Para cualquier cliente que desee enviar su pedido a NGI Singapur, habr\u00e1 un tiempo de espera para la entrega del pedido estimado de aproximadamente 4 semanas para recibirlo. <strong>Las solicitudes de informes de NGI Gemstone deben realizarse enviando un mensaje a la tienda TikTok de Yi Pin Qian.<\/strong> Gracias, <strong><u>Se aplican tarifas adicionales<\/u><\/strong>.<\/p>\n<p><\/p>\n<p><strong>La jade\u00edta natural no es perfecta, solo un peque\u00f1o recordatorio: nuestra jade\u00edta natural, como todas las cosas hermosas de la naturaleza, tiene sus caracter\u00edsticas y variaciones \u00fanicas. Invitamos a nuestros valiosos clientes a adoptar estas variaciones naturales. \u00a1Felices compras!<\/strong><\/p>\n<p><\/p>\n<p><strong><u>Ninguna de las fotograf\u00edas ni los v\u00eddeos han sido filtrados. Animamos a nuestros clientes a que vean tambi\u00e9n los v\u00eddeos adjuntos para tener una visi\u00f3n m\u00e1s completa de nuestros productos.<\/u><\/strong><\/p>","protected":false},"excerpt":{"rendered":"<p>Indulge in the beauty of this Rare Old Collection White Natural Type A Jadeite Jade that has been expertly crafted into a mesmerizing Dragon and Tiger pendant. Weighing 44.48 grams and measuring 60.5 * 40.2 * 9.5 mm (pendant218), this stunning piece is a true masterpiece. Certificate numbers: 920350018274 Exquisite Craftsmanship: This pendant is crafted [&hellip;]<\/p>","protected":false},"featured_media":7442,"comment_status":"open","ping_status":"closed","template":"","meta":[],"product_brand":[],"product_cat":[48],"product_tag":[],"class_list":{"0":"post-1724","1":"product","2":"type-product","3":"status-publish","4":"has-post-thumbnail","6":"product_cat-pendants","8":"first","9":"instock","10":"sale","11":"shipping-taxable","12":"purchasable","13":"product-type-simple"},"_links":{"self":[{"href":"https:\/\/shop.yipinqian.com\/es\/wp-json\/wp\/v2\/product\/1724","targetHints":{"allow":["GET"]}}],"collection":[{"href":"https:\/\/shop.yipinqian.com\/es\/wp-json\/wp\/v2\/product"}],"about":[{"href":"https:\/\/shop.yipinqian.com\/es\/wp-json\/wp\/v2\/types\/product"}],"replies":[{"embeddable":true,"href":"https:\/\/shop.yipinqian.com\/es\/wp-json\/wp\/v2\/comments?post=1724"}],"version-history":[{"count":0,"href":"https:\/\/shop.yipinqian.com\/es\/wp-json\/wp\/v2\/product\/1724\/revisions"}],"wp:featuredmedia":[{"embeddable":true,"href":"https:\/\/shop.yipinqian.com\/es\/wp-json\/wp\/v2\/media\/7442"}],"wp:attachment":[{"href":"https:\/\/shop.yipinqian.com\/es\/wp-json\/wp\/v2\/media?parent=1724"}],"wp:term":[{"taxonomy":"product_brand","embeddable":true,"href":"https:\/\/shop.yipinqian.com\/es\/wp-json\/wp\/v2\/product_brand?post=1724"},{"taxonomy":"product_cat","embeddable":true,"href":"https:\/\/shop.yipinqian.com\/es\/wp-json\/wp\/v2\/product_cat?post=1724"},{"taxonomy":"product_tag","embeddable":true,"href":"https:\/\/shop.yipinqian.com\/es\/wp-json\/wp\/v2\/product_tag?post=1724"}],"curies":[{"name":"wp","href":"https:\/\/api.w.org\/{rel}","templated":true}]}}