{"id":1723,"date":"2024-10-24T23:21:50","date_gmt":"2024-10-24T15:21:50","guid":{"rendered":"https:\/\/shop.yipinqian.com\/product\/rare-old-collection-natural-type-a-jadeite-jade-pendant-necklace-crafted-as-milo-buddha-with-certificate-weigh-56-32-grams-measurement-54-2-45-6-12-8-mm-pendant181\/"},"modified":"2025-02-24T01:17:27","modified_gmt":"2025-02-23T17:17:27","slug":"rare-old-collection-natural-type-a-jadeite-jade-pendant-necklace-crafted-as-milo-buddha-with-certificate-weigh-56-32-grams-measurement-54-2-45-6-12-8-mm-pendant181","status":"publish","type":"product","link":"https:\/\/shop.yipinqian.com\/es\/producto\/rare-old-collection-natural-type-a-jadeite-jade-pendant-necklace-crafted-as-milo-buddha-with-certificate-weigh-56-32-grams-measurement-54-2-45-6-12-8-mm-pendant181\/","title":{"rendered":"Collar con colgante de jade\u00edta natural tipo A de colecci\u00f3n antigua y rara elaborado como Buda Milo con certificado. Pesa 56,32 gramos y mide 54,2 x 45,6 x 12,8 mm (colgante 181)"},"content":{"rendered":"<p>Este raro collar con colgante de jade\u00edta natural tipo A de colecci\u00f3n antigua es una verdadera obra maestra. Elaborado como un Buda Milo con detalles intrincados, es una pieza \u00fanica que agregar\u00e1 elegancia a cualquier atuendo.<\/p>\n<p>\u00a0<\/p>\n<p><strong>N\u00fameros de certificado: GD2112H004533<\/strong><\/p>\n<p><img fetchpriority=\"high\" decoding=\"async\" height=\"1080\" src=\"https:\/\/shop.yipinqian.com\/wp-content\/uploads\/2024\/10\/66e844cf10f9a593101c9ed7bf6bebdb.jpg?from=476444299\" width=\"1080\"><\/p>\n<ul>\n<li>\n<strong>Jade\u00edta natural tipo A:<\/strong> El colgante est\u00e1 hecho de jade\u00edta natural tipo A, raro y valioso, lo que garantiza su calidad y durabilidad.<\/li>\n<li>\n<strong>Con Certificado:<\/strong> Este collar viene con un certificado de autenticidad para garantizar su autenticidad y valor.<\/li>\n<li>\n<strong>Estilo de collar casual:<\/strong> El collar tiene un estilo casual que lo hace perfecto para el uso diario o para ocasiones especiales.<\/li>\n<\/ul>\n<p>Este collar, que pesa 56,32 gramos y mide 54,2 x 45,6 x 12,8 mm (colgante 181), causar\u00e1 impresi\u00f3n dondequiera que vayas. Su naturaleza auspiciosa lo convierte en el regalo perfecto para tus seres queridos en ocasiones especiales o simplemente como complemento a tu colecci\u00f3n de joyas.<\/p>\n<ul>\n<li>\n<strong>Hecho en Myanmar:<\/strong> Este producto est\u00e1 fabricado en Myanmar, donde se puede encontrar jade de la mejor calidad.<\/li>\n<li>\n<strong>Sin tipo de garant\u00eda:<\/strong> Este producto no viene con tipo de garant\u00eda.<\/li>\n<li>.<\/li>\n<\/ul>\n<p>\u00a1Este collar colgante unisex encarna estilo, elegancia y singularidad, todo en una sola pieza de joyer\u00eda!<\/p>\n<p>\u00a0<\/p>\n<p>Yi Pin Qian \u2013 Comerciante de piedras preciosas y metales preciosos en Singapur \u2013 N\u00famero de licencia PS20190000031<\/p>\n<p>\u00a0<\/p>\n<p>*Todos los jade\u00edtas comprados a Yi Pin Qian en Singapur, los clientes pueden reservar espacios para pulirlos o hacer reparaciones menores por mal manejo; se aplican tarifas y solo para los clientes de Yi Pin Qian en Singapur*<\/p>\n<p>\u00a0<\/p>\n<p><strong>**Tipos de certificados**<\/strong><\/p>\n<p>\u00a0<\/p>\n<p><strong>NGI (Gemolog\u00eda Nan Yang)<\/strong><\/p>\n<p>o <strong>Certificados en el extranjero <\/strong>(Yi Pin Qian solo utiliza certificados aut\u00e9nticos de laboratorios extranjeros y tambi\u00e9n controla la calidad de cada uno de nuestros productos antes de ponerlos a la venta en SG)<\/p>\n<p>\u00a0<\/p>\n<p>Todos los productos de TikTok contar\u00e1n con el tipo de certificado que se indica en la descripci\u00f3n. Para cualquier cliente que desee enviar su pedido a NGI Singapur, habr\u00e1 un tiempo de espera para la entrega del pedido estimado de aproximadamente 4 semanas para recibirlo. <strong>Las solicitudes de informes de NGI Gemstone deben realizarse enviando un mensaje a la tienda TikTok de Yi Pin Qian.<\/strong> Gracias, <strong><u>Se aplican tarifas adicionales<\/u><\/strong>.<\/p>\n<p>\u00a0<\/p>\n<p><strong>La jade\u00edta natural no es perfecta, solo un peque\u00f1o recordatorio: nuestra jade\u00edta natural, como todas las cosas hermosas de la naturaleza, tiene sus caracter\u00edsticas y variaciones \u00fanicas. Invitamos a nuestros valiosos clientes a adoptar estas variaciones naturales. \u00a1Felices compras!<\/strong><\/p>\n<p>\u00a0<\/p>\n<p><strong><u>Ninguna de las fotograf\u00edas ni los v\u00eddeos han sido filtrados. Animamos a nuestros clientes a que vean tambi\u00e9n los v\u00eddeos adjuntos para tener una visi\u00f3n m\u00e1s completa de nuestros productos.<\/u><\/strong><\/p>","protected":false},"excerpt":{"rendered":"<p>Este raro y valioso collar con colgante de jade\u00edta natural tipo A es una verdadera obra maestra. Elaborado como un Buda Milo con detalles intrincados, es una pieza \u00fanica que agregar\u00e1 elegancia a cualquier atuendo. N\u00fameros de certificado: GD2112H004533 Jade\u00edta natural tipo A: el colgante est\u00e1 hecho de jade\u00edta natural tipo A rara y valiosa [\u2026]<\/p>","protected":false},"featured_media":7434,"comment_status":"open","ping_status":"closed","template":"","meta":[],"product_brand":[],"product_cat":[195],"product_tag":[],"class_list":{"0":"post-1723","1":"product","2":"type-product","3":"status-publish","4":"has-post-thumbnail","6":"product_cat-heirloom-grade","8":"first","9":"instock","10":"sale","11":"shipping-taxable","12":"purchasable","13":"product-type-simple"},"_links":{"self":[{"href":"https:\/\/shop.yipinqian.com\/es\/wp-json\/wp\/v2\/product\/1723","targetHints":{"allow":["GET"]}}],"collection":[{"href":"https:\/\/shop.yipinqian.com\/es\/wp-json\/wp\/v2\/product"}],"about":[{"href":"https:\/\/shop.yipinqian.com\/es\/wp-json\/wp\/v2\/types\/product"}],"replies":[{"embeddable":true,"href":"https:\/\/shop.yipinqian.com\/es\/wp-json\/wp\/v2\/comments?post=1723"}],"version-history":[{"count":0,"href":"https:\/\/shop.yipinqian.com\/es\/wp-json\/wp\/v2\/product\/1723\/revisions"}],"wp:featuredmedia":[{"embeddable":true,"href":"https:\/\/shop.yipinqian.com\/es\/wp-json\/wp\/v2\/media\/7434"}],"wp:attachment":[{"href":"https:\/\/shop.yipinqian.com\/es\/wp-json\/wp\/v2\/media?parent=1723"}],"wp:term":[{"taxonomy":"product_brand","embeddable":true,"href":"https:\/\/shop.yipinqian.com\/es\/wp-json\/wp\/v2\/product_brand?post=1723"},{"taxonomy":"product_cat","embeddable":true,"href":"https:\/\/shop.yipinqian.com\/es\/wp-json\/wp\/v2\/product_cat?post=1723"},{"taxonomy":"product_tag","embeddable":true,"href":"https:\/\/shop.yipinqian.com\/es\/wp-json\/wp\/v2\/product_tag?post=1723"}],"curies":[{"name":"wp","href":"https:\/\/api.w.org\/{rel}","templated":true}]}}