{"id":1721,"date":"2024-10-24T23:21:48","date_gmt":"2024-10-24T15:21:48","guid":{"rendered":"https:\/\/shop.yipinqian.com\/product\/rare-light-green-with-red-natural-type-a-jadeite-jade-crafted-as-phoenix-to-use-as-pendant-certificate-weighs-27-45-grams-measurement-52-3-28-5-12-5-mm-pendant279\/"},"modified":"2025-02-24T00:49:52","modified_gmt":"2025-02-23T16:49:52","slug":"rare-light-green-with-red-natural-type-a-jadeite-jade-crafted-as-phoenix-to-use-as-pendant-certificate-weighs-27-45-grams-measurement-52-3-28-5-12-5-mm-pendant279","status":"publish","type":"product","link":"https:\/\/shop.yipinqian.com\/es\/producto\/rare-light-green-with-red-natural-type-a-jadeite-jade-crafted-as-phoenix-to-use-as-pendant-certificate-weighs-27-45-grams-measurement-52-3-28-5-12-5-mm-pendant279\/","title":{"rendered":"Rare Light Green with Red Natural Type A Jadeite Jade crafted as Phoenix to use as Pendant, certificate weighs  27.45 grams, measurement 52.3 * 28.5 * 12.5 mm (pendant279)"},"content":{"rendered":"<p>This exquisite pendant features a rare light green with red natural Type A Jadeite Jade, skillfully crafted in the shape of a Phoenix. It comes with a certificate confirming its authenticity, weighing 27.45 grams and measuring 52.3 * 28.5 * 12.5 mm.<\/p>\n<p>\u00a0<\/p>\n<p>Certificate numbers: SW22062100238<\/p>\n<p><img fetchpriority=\"high\" decoding=\"async\" height=\"1080\" src=\"https:\/\/shop.yipinqian.com\/wp-content\/uploads\/2024\/10\/988f4b6ca0d9e16bb236cf1240ad53bd.jpg?from=476444299\" width=\"1080\"><\/p>\n<ul>\n<li>\n<strong>Con Certificado:<\/strong> S\u00ed<\/li>\n<li>\n<strong>Pa\u00eds natal:<\/strong> Birmania<\/li>\n<li>\n<strong>Ocasi\u00f3n:<\/strong>A diario<\/li>\n<li><strong>Tipo de jade: jade\u00edta<\/strong><\/li>\n<\/ul>\n<p><strong>This unique piece is perfect for daily wear and is suitable for both men and women, making it a versatile addition to any jewelry collection.<\/strong><\/p>\n<ul>\n<li><strong>Estilo del collar: Casual<\/strong><\/li>\n<\/ul>\n<p><strong>La jade\u00edta natural no es perfecta, solo un peque\u00f1o recordatorio: nuestra jade\u00edta natural, como todas las cosas hermosas de la naturaleza, tiene sus caracter\u00edsticas y variaciones \u00fanicas. Invitamos a nuestros valiosos clientes a adoptar estas variaciones naturales. \u00a1Felices compras!<\/strong><\/p>\n<p>\u00a0<\/p>\n<p><strong><u>Ninguna de las fotograf\u00edas ni los v\u00eddeos han sido filtrados. Animamos a nuestros clientes a que vean tambi\u00e9n los v\u00eddeos adjuntos para tener una visi\u00f3n m\u00e1s completa de nuestros productos.<\/u><\/strong><\/p>\n<p>\u00a0<\/p>\n<ul>\n<li>Las diferentes plataformas solo pueden ver videos a trav\u00e9s de la computadora de escritorio<\/li>\n<\/ul>","protected":false},"excerpt":{"rendered":"<p>This exquisite pendant features a rare light green with red natural Type A Jadeite Jade, skillfully crafted in the shape of a Phoenix. It comes with a certificate confirming its authenticity, weighing 27.45 grams and measuring 52.3 * 28.5 * 12.5 mm. \u00a0 Certificate numbers: SW22062100238 With Certificate: Yes Country of Origin: Myanmar Occasion:Daily Jade [&hellip;]<\/p>","protected":false},"featured_media":7414,"comment_status":"open","ping_status":"closed","template":"","meta":[],"product_brand":[],"product_cat":[194],"product_tag":[],"class_list":{"0":"post-1721","1":"product","2":"type-product","3":"status-publish","4":"has-post-thumbnail","6":"product_cat-value-picks","8":"first","9":"instock","10":"sale","11":"shipping-taxable","12":"purchasable","13":"product-type-simple"},"_links":{"self":[{"href":"https:\/\/shop.yipinqian.com\/es\/wp-json\/wp\/v2\/product\/1721","targetHints":{"allow":["GET"]}}],"collection":[{"href":"https:\/\/shop.yipinqian.com\/es\/wp-json\/wp\/v2\/product"}],"about":[{"href":"https:\/\/shop.yipinqian.com\/es\/wp-json\/wp\/v2\/types\/product"}],"replies":[{"embeddable":true,"href":"https:\/\/shop.yipinqian.com\/es\/wp-json\/wp\/v2\/comments?post=1721"}],"version-history":[{"count":0,"href":"https:\/\/shop.yipinqian.com\/es\/wp-json\/wp\/v2\/product\/1721\/revisions"}],"wp:featuredmedia":[{"embeddable":true,"href":"https:\/\/shop.yipinqian.com\/es\/wp-json\/wp\/v2\/media\/7414"}],"wp:attachment":[{"href":"https:\/\/shop.yipinqian.com\/es\/wp-json\/wp\/v2\/media?parent=1721"}],"wp:term":[{"taxonomy":"product_brand","embeddable":true,"href":"https:\/\/shop.yipinqian.com\/es\/wp-json\/wp\/v2\/product_brand?post=1721"},{"taxonomy":"product_cat","embeddable":true,"href":"https:\/\/shop.yipinqian.com\/es\/wp-json\/wp\/v2\/product_cat?post=1721"},{"taxonomy":"product_tag","embeddable":true,"href":"https:\/\/shop.yipinqian.com\/es\/wp-json\/wp\/v2\/product_tag?post=1721"}],"curies":[{"name":"wp","href":"https:\/\/api.w.org\/{rel}","templated":true}]}}