{"id":1719,"date":"2024-10-24T23:21:47","date_gmt":"2024-10-24T15:21:47","guid":{"rendered":"https:\/\/shop.yipinqian.com\/product\/rare-high-quality-light-green-and-green-natural-type-a-jadeite-jade-crafted-with-milo-buddha-as-pendant-certificate-weighs-28-04-grams-measurement-46-3-30-3-13-9-mm-pendant285\/"},"modified":"2025-02-24T01:17:27","modified_gmt":"2025-02-23T17:17:27","slug":"rare-high-quality-light-green-and-green-natural-type-a-jadeite-jade-crafted-with-milo-buddha-as-pendant-certificate-weighs-28-04-grams-measurement-46-3-30-3-13-9-mm-pendant285","status":"publish","type":"product","link":"https:\/\/shop.yipinqian.com\/es\/producto\/rare-high-quality-light-green-and-green-natural-type-a-jadeite-jade-crafted-with-milo-buddha-as-pendant-certificate-weighs-28-04-grams-measurement-46-3-30-3-13-9-mm-pendant285\/","title":{"rendered":"Jade\u00edta natural tipo A de color verde claro y verde de alta calidad, rara y elaborada con Buda Milo como colgante, certificado, pesa 28,04 gramos, medida 46,3 * 30,3 * 13,9 mm (colgante 285)"},"content":{"rendered":"<p>Este raro colgante de jade\u00edta natural tipo A verde claro y verde de alta calidad presenta un dise\u00f1o de Buda Milo, que irradia elegancia y espiritualidad.<\/p>\n<p>\u00a0<\/p>\n<p>N\u00fameros de certificado: 920460023102<\/p>\n<p>\u00a0<\/p>\n<p><strong>Nota importante: Debido a la naturaleza de la piedra de jade\u00edta en bruto y a la intenci\u00f3n de preservar sus tonos verdes, el proceso de elaboraci\u00f3n tiene como objetivo conservar todos los verdes en sus formas irregulares naturales. Considere comprar solo si aprecia las complejidades naturales y la artesan\u00eda de esta pieza coleccionable.<\/strong><\/p>\n<p>\u00a0<\/p>\n<p><img fetchpriority=\"high\" decoding=\"async\" height=\"1080\" src=\"https:\/\/shop.yipinqian.com\/wp-content\/uploads\/2024\/10\/7cbedd2a09717ef7550096960c41be2d.jpg?from=476444299\" width=\"1080\"><\/p>\n<ul>\n<li>\n<strong>Material:<\/strong> Elaborado con jade\u00edta tipo A de alta calidad, un producto poco com\u00fan.<\/li>\n<li>\n<strong>Peso:<\/strong> Pesa 28,04 gramos<\/li>\n<li>\n<strong>Medidas:<\/strong> 46,3 x 30,3 x 13,9 mm<\/li>\n<li>\n<strong>Certificado:<\/strong> Viene con un certificado de autenticidad.<\/li>\n<li><strong>Tipo de jade:Jade\u00edta tipo A<\/strong><\/li>\n<li><strong>Estilo de collar: informal, perfecto para uso diario o para ocasiones especiales. Agregue un toque de buen augurio a su conjunto con esta impresionante pieza unisex de Myanmar, que la convertir\u00e1 en una incorporaci\u00f3n significativa a su colecci\u00f3n de joyas.<\/strong><\/li>\n<\/ul>\n<p><img decoding=\"async\" height=\"1080\" src=\"https:\/\/shop.yipinqian.com\/wp-content\/uploads\/2024\/10\/19cc7a5c5896246abe515478a0c7c0f6.jpg?from=476444299\" width=\"1080\"><\/p>\n<p>Yi Pin Qian \u2013 Comerciante de piedras preciosas y metales preciosos en Singapur \u2013 N\u00famero de licencia PS20190000031<\/p>\n<p>\u00a0<\/p>\n<p>*Todos los jade\u00edtas comprados a Yi Pin Qian en Singapur, los clientes pueden reservar espacios para pulirlos o hacer reparaciones menores por mal manejo; se aplican tarifas y solo para los clientes de Yi Pin Qian en Singapur*<\/p>\n<p>\u00a0<\/p>\n<p><strong>**Tipos de certificados**<\/strong><\/p>\n<p>\u00a0<\/p>\n<p><strong>NGI (Gemolog\u00eda Nan Yang)<\/strong><\/p>\n<p>o <strong>Certificados en el extranjero <\/strong>(Yi Pin Qian solo utiliza certificados aut\u00e9nticos de laboratorios extranjeros y tambi\u00e9n controla la calidad de cada uno de nuestros productos antes de ponerlos a la venta en SG)<\/p>\n<p>\u00a0<\/p>\n<p>Todos los productos de TikTok contar\u00e1n con el tipo de certificado que se indica en la descripci\u00f3n. Para cualquier cliente que desee enviar su pedido a NGI Singapur, habr\u00e1 un tiempo de espera para la entrega del pedido estimado de aproximadamente 4 semanas para recibirlo. <strong>Las solicitudes de informes de NGI Gemstone deben realizarse enviando un mensaje a la tienda TikTok de Yi Pin Qian.<\/strong> Gracias, <strong><u>Se aplican tarifas adicionales<\/u><\/strong>.<\/p>\n<p>\u00a0<\/p>\n<p><strong>La jade\u00edta natural no es perfecta, solo un peque\u00f1o recordatorio: nuestra jade\u00edta natural, como todas las cosas hermosas de la naturaleza, tiene sus caracter\u00edsticas y variaciones \u00fanicas. Invitamos a nuestros valiosos clientes a adoptar estas variaciones naturales. \u00a1Felices compras!<\/strong><\/p>\n<p>\u00a0<\/p>\n<p><strong><u>Ninguna de las fotograf\u00edas ni los v\u00eddeos han sido filtrados. Animamos a nuestros clientes a que vean tambi\u00e9n los v\u00eddeos adjuntos para tener una visi\u00f3n m\u00e1s completa de nuestros productos.<\/u><\/strong><\/p>\n<p>\u00a0<\/p>\n<ul>\n<li>Las diferentes plataformas solo pueden ver videos a trav\u00e9s de la computadora de escritorio<\/li>\n<\/ul>","protected":false},"excerpt":{"rendered":"<p>This Rare High Quality Light Green and Green Natural Type A Jadeite Jade pendant features a Milo Buddha design, exuding elegance and spirituality. \u00a0 Certificate numbers: 920460023102 \u00a0 Important Note: Owing to the nature of jadeite raw stone and the intent to preserve its green hues, the crafting process aims to retain all the greens [&hellip;]<\/p>","protected":false},"featured_media":7385,"comment_status":"open","ping_status":"closed","template":"","meta":[],"product_brand":[],"product_cat":[195],"product_tag":[],"class_list":{"0":"post-1719","1":"product","2":"type-product","3":"status-publish","4":"has-post-thumbnail","6":"product_cat-heirloom-grade","8":"first","9":"instock","10":"sale","11":"shipping-taxable","12":"purchasable","13":"product-type-simple"},"_links":{"self":[{"href":"https:\/\/shop.yipinqian.com\/es\/wp-json\/wp\/v2\/product\/1719","targetHints":{"allow":["GET"]}}],"collection":[{"href":"https:\/\/shop.yipinqian.com\/es\/wp-json\/wp\/v2\/product"}],"about":[{"href":"https:\/\/shop.yipinqian.com\/es\/wp-json\/wp\/v2\/types\/product"}],"replies":[{"embeddable":true,"href":"https:\/\/shop.yipinqian.com\/es\/wp-json\/wp\/v2\/comments?post=1719"}],"version-history":[{"count":0,"href":"https:\/\/shop.yipinqian.com\/es\/wp-json\/wp\/v2\/product\/1719\/revisions"}],"wp:featuredmedia":[{"embeddable":true,"href":"https:\/\/shop.yipinqian.com\/es\/wp-json\/wp\/v2\/media\/7385"}],"wp:attachment":[{"href":"https:\/\/shop.yipinqian.com\/es\/wp-json\/wp\/v2\/media?parent=1719"}],"wp:term":[{"taxonomy":"product_brand","embeddable":true,"href":"https:\/\/shop.yipinqian.com\/es\/wp-json\/wp\/v2\/product_brand?post=1719"},{"taxonomy":"product_cat","embeddable":true,"href":"https:\/\/shop.yipinqian.com\/es\/wp-json\/wp\/v2\/product_cat?post=1719"},{"taxonomy":"product_tag","embeddable":true,"href":"https:\/\/shop.yipinqian.com\/es\/wp-json\/wp\/v2\/product_tag?post=1719"}],"curies":[{"name":"wp","href":"https:\/\/api.w.org\/{rel}","templated":true}]}}