{"id":1718,"date":"2024-10-24T23:21:46","date_gmt":"2024-10-24T15:21:46","guid":{"rendered":"https:\/\/shop.yipinqian.com\/product\/rare-full-brown-natural-type-a-jadeite-pendant-crafted-as-milo-with-two-kids-means-happiness-for-the-family-and-longevity-wealth-and-health-with-certificate-weighs-at-61-27-grams-48-50-41-21-60-mm-pen\/"},"modified":"2025-02-24T01:17:27","modified_gmt":"2025-02-23T17:17:27","slug":"rare-full-brown-natural-type-a-jadeite-pendant-crafted-as-milo-with-two-kids-means-happiness-for-the-family-and-longevity-wealth-and-health-with-certificate-weighs-at-61-27-grams-48-50-41-21-60-mm-pen","status":"publish","type":"product","link":"https:\/\/shop.yipinqian.com\/es\/producto\/rare-full-brown-natural-type-a-jadeite-pendant-crafted-as-milo-with-two-kids-means-happiness-for-the-family-and-longevity-wealth-and-health-with-certificate-weighs-at-61-27-grams-48-50-41-21-60-mm-pen\/","title":{"rendered":"Rare Full Brown Natural Type A Jadeite Pendant crafted as Milo with two kids means Happiness for the family and Longevity, wealth and health, with certificate weighs at 61.27 grams, 48.50 * 41 * 21.60 mm (pendant110)"},"content":{"rendered":"<p>This Rare Full Brown Natural Type A Jadeite Pendant is a stunning piece of jewelry that embodies both beauty and meaning. Carved as Milo with two kids, this pendant symbolizes happiness for the family and longevity, wealth, and health.<\/p>\n<ul>\n<li>\n<strong>Dise\u00f1o \u00fanico:<\/strong> The pendant is expertly crafted to showcase the intricate details of Milo with two kids.<\/li>\n<li>\n<strong>Calidad Premium:<\/strong> Made from natural Type A jadeite, this pendant weighs 61.27 grams and measures 48.50 * 41 * 21.60 mm.<\/li>\n<li>\n<strong>Certificado incluido:<\/strong> This rare jadeite pendant comes with a certificate to ensure its authenticity.<\/li>\n<\/ul>\n<p><strong>Certificate numbers: GD2110H013571<\/strong><\/p>\n<p><img fetchpriority=\"high\" decoding=\"async\" height=\"1080\" src=\"https:\/\/shop.yipinqian.com\/wp-content\/uploads\/2024\/10\/e82f9f2b9c2f11df5ff4d1595d5408bd.jpg?from=476444299\" width=\"1080\"><\/p>\n<p>The necklace style is casual making it ideal for daily wear while adding elegance to any outfit you choose to wear it with. The unisex design makes it perfect for both men and women who value unique fashion accessories that hold deep meaning in their lives.<\/p>\n<p>This exquisite piece comes from Myanmar &#8211; a country known for producing some of the best quality jadeites in the world &#8211; making it an excellent addition to your collection or gift for your loved ones on special occasions.<\/p>\n<p>Please note that this product does not come under any warranty type; however, you can rest assured knowing you are getting an authentic product due to its certificate of authenticity included in your purchase.<\/p>\n<p>\u00a0<\/p>\n<p>Yi Pin Qian \u2013 Comerciante de piedras preciosas y metales preciosos en Singapur \u2013 N\u00famero de licencia PS20190000031<\/p>\n<p>\u00a0<\/p>\n<p>*Todos los jade\u00edtas comprados a Yi Pin Qian en Singapur, los clientes pueden reservar espacios para pulirlos o hacer reparaciones menores por mal manejo; se aplican tarifas y solo para los clientes de Yi Pin Qian en Singapur*<\/p>\n<p>\u00a0<\/p>\n<p><strong>**Tipos de certificados**<\/strong><\/p>\n<p>\u00a0<\/p>\n<p><strong>NGI (Gemolog\u00eda Nan Yang)<\/strong><\/p>\n<p>o <strong>Certificados en el extranjero <\/strong>(Yi Pin Qian solo utiliza certificados aut\u00e9nticos de laboratorios extranjeros y tambi\u00e9n controla la calidad de cada uno de nuestros productos antes de ponerlos a la venta en SG)<\/p>\n<p>\u00a0<\/p>\n<p>Todos los productos de TikTok contar\u00e1n con el tipo de certificado que se indica en la descripci\u00f3n. Para cualquier cliente que desee enviar su pedido a NGI Singapur, habr\u00e1 un tiempo de espera para la entrega del pedido estimado de aproximadamente 4 semanas para recibirlo. <strong>Las solicitudes de informes de NGI Gemstone deben realizarse enviando un mensaje a la tienda TikTok de Yi Pin Qian.<\/strong> Gracias, <strong><u>Se aplican tarifas adicionales<\/u><\/strong>.<\/p>","protected":false},"excerpt":{"rendered":"<p>This Rare Full Brown Natural Type A Jadeite Pendant is a stunning piece of jewelry that embodies both beauty and meaning. Carved as Milo with two kids, this pendant symbolizes happiness for the family and longevity, wealth, and health. Unique Design: The pendant is expertly crafted to showcase the intricate details of Milo with two [&hellip;]<\/p>","protected":false},"featured_media":7373,"comment_status":"open","ping_status":"closed","template":"","meta":[],"product_brand":[],"product_cat":[195],"product_tag":[],"class_list":{"0":"post-1718","1":"product","2":"type-product","3":"status-publish","4":"has-post-thumbnail","6":"product_cat-heirloom-grade","8":"first","9":"instock","10":"sale","11":"shipping-taxable","12":"purchasable","13":"product-type-simple"},"_links":{"self":[{"href":"https:\/\/shop.yipinqian.com\/es\/wp-json\/wp\/v2\/product\/1718","targetHints":{"allow":["GET"]}}],"collection":[{"href":"https:\/\/shop.yipinqian.com\/es\/wp-json\/wp\/v2\/product"}],"about":[{"href":"https:\/\/shop.yipinqian.com\/es\/wp-json\/wp\/v2\/types\/product"}],"replies":[{"embeddable":true,"href":"https:\/\/shop.yipinqian.com\/es\/wp-json\/wp\/v2\/comments?post=1718"}],"version-history":[{"count":0,"href":"https:\/\/shop.yipinqian.com\/es\/wp-json\/wp\/v2\/product\/1718\/revisions"}],"wp:featuredmedia":[{"embeddable":true,"href":"https:\/\/shop.yipinqian.com\/es\/wp-json\/wp\/v2\/media\/7373"}],"wp:attachment":[{"href":"https:\/\/shop.yipinqian.com\/es\/wp-json\/wp\/v2\/media?parent=1718"}],"wp:term":[{"taxonomy":"product_brand","embeddable":true,"href":"https:\/\/shop.yipinqian.com\/es\/wp-json\/wp\/v2\/product_brand?post=1718"},{"taxonomy":"product_cat","embeddable":true,"href":"https:\/\/shop.yipinqian.com\/es\/wp-json\/wp\/v2\/product_cat?post=1718"},{"taxonomy":"product_tag","embeddable":true,"href":"https:\/\/shop.yipinqian.com\/es\/wp-json\/wp\/v2\/product_tag?post=1718"}],"curies":[{"name":"wp","href":"https:\/\/api.w.org\/{rel}","templated":true}]}}