{"id":17113,"date":"2025-01-14T05:12:02","date_gmt":"2025-01-13T21:12:02","guid":{"rendered":"https:\/\/shop.yipinqian.com\/rare-old-collection-old-school-flowers-pendant-yellow-and-green-natural-type-a-jadeite-jade-certificate-weighs-42-61-grams-measurement-46-8-40-8-13-2-mm-pendant387\/"},"modified":"2025-02-24T01:17:23","modified_gmt":"2025-02-23T17:17:23","slug":"rare-old-collection-old-school-flowers-pendant-yellow-and-green-natural-type-a-jadeite-jade-certificate-weighs-42-61-grams-measurement-46-8-40-8-13-2-mm-pendant387","status":"publish","type":"product","link":"https:\/\/shop.yipinqian.com\/es\/producto\/rare-old-collection-old-school-flowers-pendant-yellow-and-green-natural-type-a-jadeite-jade-certificate-weighs-42-61-grams-measurement-46-8-40-8-13-2-mm-pendant387\/","title":{"rendered":"Colgante de flores de jade\u00edta de la vieja escuela, rara colecci\u00f3n antigua, jade\u00edta natural amarilla y verde, tipo A, certificado, pesa 42,61 gramos, medida 46,8 * 40,8 * 13,2 mm (colgante 387)"},"content":{"rendered":"<p><iframe height=\"300\" width=\"330\" src=\"https:\/\/youtube.com\/embed\/FWAFrfz0s44\" title=\"Flower with Yellow and Green Pendant\"><\/iframe><\/p>\n<p>Discover the exquisite beauty of the Rare Old Collection Old School Flowers Pendant, crafted from Yellow and Green Natural Type A Jadeite. This unique piece is a perfect blend of elegance and nature, making it an ideal accessory for daily wear.<\/p>\n<p><\/p>\n<p>Certificate numbers: 920660024520<\/p>\n<p><img fetchpriority=\"high\" decoding=\"async\" src=\"https:\/\/shop.yipinqian.com\/wp-content\/uploads\/2024\/12\/af50879cd19e47abb0fd5396812bcef6tplv-aphluv4xwc-origin-jpeg.jpeg?dr=15568&#038;nonce=18371&#038;refresh_token=5ded4d044b11ae7049657c612b19ca06&#038;from=476444299&#038;idc=my&#038;ps=933b5bde&#038;shcp=9b759fb9&#038;shp=1c65f68b&#038;t=555f072d\" width=\"1080\" height=\"1080\"><\/p>\n<ul>\n<li>\n<strong>Peso:<\/strong> 42.61 grams<\/li>\n<li>\n<strong>Dimensiones:<\/strong> 46.8 * 40.8 * 13.2 mm<\/li>\n<li>\n<strong>Certificado incluido:<\/strong> S\u00ed<\/li>\n<li>\n<strong>Regi\u00f3n de origen:<\/strong> Birmania<\/li>\n<li>\n<strong>Adecuado para:<\/strong> Unisex, Casual occasions<\/li>\n<li><strong>No Warranty Provided.<\/strong><\/li>\n<\/ul>\n<p><img decoding=\"async\" src=\"https:\/\/shop.yipinqian.com\/wp-content\/uploads\/2024\/12\/7d53a6a4530a4df9b7fc6ee41100d7a2tplv-aphluv4xwc-origin-jpeg.jpeg?dr=15568&#038;nonce=47630&#038;refresh_token=60f466ebcde86681091b9665b5318cfe&#038;from=476444299&#038;idc=my&#038;ps=933b5bde&#038;shcp=9b759fb9&#038;shp=1c65f68b&#038;t=555f072d\" width=\"1536\" height=\"2048\"><img decoding=\"async\" src=\"https:\/\/shop.yipinqian.com\/wp-content\/uploads\/2024\/12\/af4ba17050bf4a85a43b20a336212d45tplv-aphluv4xwc-origin-jpeg.jpeg?dr=15568&#038;nonce=30028&#038;refresh_token=afb87b7ffc0d6550c2792364594c0c60&#038;from=476444299&#038;idc=my&#038;ps=933b5bde&#038;shcp=9b759fb9&#038;shp=1c65f68b&#038;t=555f072d\" width=\"1080\" height=\"1080\"><\/p>\n<p><strong>This charming jade pendant showcases a timeless floral design that adds a touch of sophistication to any outfit.<\/strong><\/p>\n<p><\/p>\n<p>Yi Pin Qian \u2013 Comerciante de piedras preciosas y metales preciosos en Singapur \u2013 N\u00famero de licencia PS20190000031<\/p>\n<p><\/p>\n<p>*Todos los jade\u00edtas comprados a Yi Pin Qian en Singapur, los clientes pueden reservar espacios para pulirlos o hacer reparaciones menores por mal manejo; se aplican tarifas y solo para los clientes de Yi Pin Qian en Singapur*<\/p>\n<p><\/p>\n<p><strong>**Tipos de certificados**<\/strong><\/p>\n<p><\/p>\n<p><strong>NGI (Gemolog\u00eda Nan Yang)<\/strong><\/p>\n<p>o <strong>Certificados en el extranjero <\/strong>(Yi Pin Qian solo utiliza certificados aut\u00e9nticos de laboratorios extranjeros y tambi\u00e9n controla la calidad de cada uno de nuestros productos antes de ponerlos a la venta en SG)<\/p>\n<p><\/p>\n<p>Cada producto tendr\u00e1 el tipo de certificado proporcionado indicado en la descripci\u00f3n. Para cualquier cliente que desee enviar su pedido a NGI Singapur, <strong>Las solicitudes de informes de NGI Gemstone deben realizarse envi\u00e1ndonos un mensaje.<\/strong> Gracias, <strong><u>Se aplican tarifas adicionales<\/u><\/strong> \u2013 $90 para jade\u00edta \/ $150 para jade\u00edta con oro de 18k \/ $150 para cuentas de jade\u00edta \u2013 no es obligatorio ya que la mayor\u00eda de nuestros productos ya vienen con certificado extranjero o informe NGI.<\/p>\n<p><\/p>\n<p>(Para m\u00e1s detalles o solicitud adicional: <strong>Env\u00edenos un mensaje si desea enviar el art\u00edculo comprado al laboratorio de pruebas de NGI.<\/strong>)<\/p>\n<p><\/p>\n<p><strong>La jade\u00edta natural no es perfecta, solo un peque\u00f1o recordatorio: nuestra jade\u00edta natural, como todas las cosas hermosas de la naturaleza, tiene sus caracter\u00edsticas y variaciones \u00fanicas. Invitamos a nuestros valiosos clientes a adoptar estas variaciones naturales. \u00a1Felices compras!<\/strong><\/p>\n<p><\/p>\n<p><strong><u>Ninguna de las fotograf\u00edas ni los v\u00eddeos han sido filtrados. Animamos a nuestros clientes a que vean tambi\u00e9n los v\u00eddeos adjuntos para tener una visi\u00f3n m\u00e1s completa de nuestros productos.<\/u><\/strong><\/p>\n<p><\/p>\n<ul>\n<li>Las diferentes plataformas solo pueden ver videos a trav\u00e9s de la computadora de escritorio<\/li>\n<\/ul>","protected":false},"excerpt":{"rendered":"<p>Discover the exquisite beauty of the Rare Old Collection Old School Flowers Pendant, crafted from Yellow and Green Natural Type A Jadeite. This unique piece is a perfect blend of elegance and nature, making it an ideal accessory for daily wear. Certificate numbers: 920660024520 Weight: 42.61 grams Dimensions: 46.8 * 40.8 * 13.2 mm Cerificate [&hellip;]<\/p>","protected":false},"featured_media":17123,"comment_status":"open","ping_status":"closed","template":"","meta":[],"product_brand":[],"product_cat":[195],"product_tag":[52,96,65,55,56,58,73,75,60,61,68,62],"class_list":{"0":"post-17113","1":"product","2":"type-product","3":"status-publish","4":"has-post-thumbnail","6":"product_cat-heirloom-grade","7":"product_tag-certified","8":"product_tag-green-patches","9":"product_tag-high-quality","10":"product_tag-jadeite","11":"product_tag-limited-editions","12":"product_tag-new-arrivals","13":"product_tag-pendant","14":"product_tag-traditional","15":"product_tag-type-a-jadeite","16":"product_tag-unisex","17":"product_tag-yellow","18":"product_tag-yi-pin-qian-exclusive","20":"first","21":"instock","22":"sale","23":"shipping-taxable","24":"purchasable","25":"product-type-simple"},"_links":{"self":[{"href":"https:\/\/shop.yipinqian.com\/es\/wp-json\/wp\/v2\/product\/17113","targetHints":{"allow":["GET"]}}],"collection":[{"href":"https:\/\/shop.yipinqian.com\/es\/wp-json\/wp\/v2\/product"}],"about":[{"href":"https:\/\/shop.yipinqian.com\/es\/wp-json\/wp\/v2\/types\/product"}],"replies":[{"embeddable":true,"href":"https:\/\/shop.yipinqian.com\/es\/wp-json\/wp\/v2\/comments?post=17113"}],"version-history":[{"count":0,"href":"https:\/\/shop.yipinqian.com\/es\/wp-json\/wp\/v2\/product\/17113\/revisions"}],"wp:featuredmedia":[{"embeddable":true,"href":"https:\/\/shop.yipinqian.com\/es\/wp-json\/wp\/v2\/media\/17123"}],"wp:attachment":[{"href":"https:\/\/shop.yipinqian.com\/es\/wp-json\/wp\/v2\/media?parent=17113"}],"wp:term":[{"taxonomy":"product_brand","embeddable":true,"href":"https:\/\/shop.yipinqian.com\/es\/wp-json\/wp\/v2\/product_brand?post=17113"},{"taxonomy":"product_cat","embeddable":true,"href":"https:\/\/shop.yipinqian.com\/es\/wp-json\/wp\/v2\/product_cat?post=17113"},{"taxonomy":"product_tag","embeddable":true,"href":"https:\/\/shop.yipinqian.com\/es\/wp-json\/wp\/v2\/product_tag?post=17113"}],"curies":[{"name":"wp","href":"https:\/\/api.w.org\/{rel}","templated":true}]}}