{"id":1710,"date":"2024-10-24T23:21:42","date_gmt":"2024-10-24T15:21:42","guid":{"rendered":"https:\/\/shop.yipinqian.com\/product\/quality-spicy-green-natural-type-a-jadeite-jade-crafted-with-the-shape-of-gourd-set-on-s925-as-an-adjustable-ring-with-certificate-weigh-2-67-grams-measurement-15-6-11-8-2-7-mm-s925ring8\/"},"modified":"2025-02-24T00:49:52","modified_gmt":"2025-02-23T16:49:52","slug":"quality-spicy-green-natural-type-a-jadeite-jade-crafted-with-the-shape-of-gourd-set-on-s925-as-an-adjustable-ring-with-certificate-weigh-2-67-grams-measurement-15-6-11-8-2-7-mm-s925ring8","status":"publish","type":"product","link":"https:\/\/shop.yipinqian.com\/es\/producto\/quality-spicy-green-natural-type-a-jadeite-jade-crafted-with-the-shape-of-gourd-set-on-s925-as-an-adjustable-ring-with-certificate-weigh-2-67-grams-measurement-15-6-11-8-2-7-mm-s925ring8\/","title":{"rendered":"Jade\u00edta natural tipo A de color verde picante de calidad elaborado con forma de calabaza engastada en S925 como anillo ajustable con certificado. Peso 2,67 gramos, medida 15,6 * 11,8 * 2,7 mm (s925ring8)"},"content":{"rendered":"<p>Presentamos nuestro exquisito anillo de jade\u00edta natural tipo A verde picante de calidad, elaborado con la forma de una calabaza, perfecto para cualquier ocasi\u00f3n diaria.<\/p>\n<p>\u00a0<\/p>\n<p>N\u00fameros de certificado: GD2203H005250<\/p>\n<p>Tama\u00f1o del dedo: ajustable Tama\u00f1o libre<\/p>\n<p><img fetchpriority=\"high\" decoding=\"async\" height=\"1080\" src=\"https:\/\/shop.yipinqian.com\/wp-content\/uploads\/2024\/10\/5c974e9eeae4075a76f72c79e93cdeae.jpg?from=476444299\" width=\"1080\"><\/p>\n<ul>\n<li>\n<strong>Dise\u00f1o cl\u00e1sico:<\/strong> El anillo est\u00e1 elaborado con un dise\u00f1o cl\u00e1sico en forma de calabaza que agrega elegancia a tu look.<\/li>\n<li>\n<strong>Jade\u00edta natural tipo A:<\/strong> Hecho de jade\u00edta natural tipo A verde picante de Myanmar, este anillo es de la m\u00e1s alta calidad y cuenta con un hermoso color verde natural.<\/li>\n<li>\n<strong>Material de configuraci\u00f3n S925:<\/strong> La piedra de jade est\u00e1 montada en material S925 que garantiza durabilidad y longevidad a su pieza de joyer\u00eda.<\/li>\n<li>\n<strong>Certificado incluido:<\/strong>El producto viene con un certificado que garantiza su autenticidad y calidad.<\/li>\n<\/ul>\n<p>Este anillo ajustable S925 pesa 2,67 gramos y tiene unas medidas de 15,6 * 11,8 * 2,7 mm lo que lo convierte en un accesorio de joyer\u00eda ideal para las mujeres que aman los dise\u00f1os \u00fanicos combinados con materiales de alta calidad.<\/p>\n<ul>\n<li>\n<strong>Construido para durar: <\/strong>Esta pieza ha sido elaborada por h\u00e1biles artesanos utilizando \u00fanicamente materiales de primera calidad, lo que garantiza que resistir\u00e1 el paso del tiempo.<\/li>\n<li>.<\/li>\n<\/ul>\n<p>\u00a1Agrega este hermoso anillo ajustable en forma de calabaza de jade a tu colecci\u00f3n hoy!<\/p>\n<p>\u00a0<\/p>\n<p><strong>La jade\u00edta natural no es perfecta, solo un peque\u00f1o recordatorio: nuestra jade\u00edta natural, como todas las cosas hermosas de la naturaleza, tiene sus caracter\u00edsticas y variaciones \u00fanicas. Invitamos a nuestros valiosos clientes a adoptar estas variaciones naturales. \u00a1Felices compras!<\/strong><\/p>\n<p>\u00a0<\/p>\n<p><strong><u>Ninguna de las fotograf\u00edas ni los v\u00eddeos han sido filtrados. Animamos a nuestros clientes a que vean tambi\u00e9n los v\u00eddeos adjuntos para tener una visi\u00f3n m\u00e1s completa de nuestros productos.<\/u><\/strong><\/p>\n<p>.<\/p>","protected":false},"excerpt":{"rendered":"<p>Presentamos nuestro exquisito anillo de jade\u00edta natural tipo A de color verde picante de calidad, elaborado con la forma de una calabaza, perfecto para cualquier ocasi\u00f3n diaria. N\u00fameros de certificado: GD2203H005250 Tama\u00f1o de dedo: ajustable Talla \u00fanica Dise\u00f1o cl\u00e1sico: el anillo est\u00e1 elaborado con un dise\u00f1o cl\u00e1sico en forma de calabaza que agrega elegancia a tu look. Jade\u00edta natural tipo A [\u2026]<\/p>","protected":false},"featured_media":7295,"comment_status":"open","ping_status":"closed","template":"","meta":[],"product_brand":[],"product_cat":[194],"product_tag":[],"class_list":{"0":"post-1710","1":"product","2":"type-product","3":"status-publish","4":"has-post-thumbnail","6":"product_cat-value-picks","8":"first","9":"instock","10":"sale","11":"shipping-taxable","12":"purchasable","13":"product-type-simple"},"_links":{"self":[{"href":"https:\/\/shop.yipinqian.com\/es\/wp-json\/wp\/v2\/product\/1710","targetHints":{"allow":["GET"]}}],"collection":[{"href":"https:\/\/shop.yipinqian.com\/es\/wp-json\/wp\/v2\/product"}],"about":[{"href":"https:\/\/shop.yipinqian.com\/es\/wp-json\/wp\/v2\/types\/product"}],"replies":[{"embeddable":true,"href":"https:\/\/shop.yipinqian.com\/es\/wp-json\/wp\/v2\/comments?post=1710"}],"version-history":[{"count":0,"href":"https:\/\/shop.yipinqian.com\/es\/wp-json\/wp\/v2\/product\/1710\/revisions"}],"wp:featuredmedia":[{"embeddable":true,"href":"https:\/\/shop.yipinqian.com\/es\/wp-json\/wp\/v2\/media\/7295"}],"wp:attachment":[{"href":"https:\/\/shop.yipinqian.com\/es\/wp-json\/wp\/v2\/media?parent=1710"}],"wp:term":[{"taxonomy":"product_brand","embeddable":true,"href":"https:\/\/shop.yipinqian.com\/es\/wp-json\/wp\/v2\/product_brand?post=1710"},{"taxonomy":"product_cat","embeddable":true,"href":"https:\/\/shop.yipinqian.com\/es\/wp-json\/wp\/v2\/product_cat?post=1710"},{"taxonomy":"product_tag","embeddable":true,"href":"https:\/\/shop.yipinqian.com\/es\/wp-json\/wp\/v2\/product_tag?post=1710"}],"curies":[{"name":"wp","href":"https:\/\/api.w.org\/{rel}","templated":true}]}}