{"id":17079,"date":"2025-01-14T05:00:08","date_gmt":"2025-01-13T21:00:08","guid":{"rendered":"https:\/\/shop.yipinqian.com\/beautifully-crafted-pixiu-stamp-pendant-on-icy-translucent-natural-type-a-jadeite-jade-set-with-18k-certificate-weighs-6-95-grams-measurement-33-9-16-6-8-5-mm-18kp100\/"},"modified":"2025-02-16T00:00:27","modified_gmt":"2025-02-15T16:00:27","slug":"beautifully-crafted-pixiu-stamp-pendant-on-icy-translucent-natural-type-a-jadeite-jade-set-with-18k-certificate-weighs-6-95-grams-measurement-33-9-16-6-8-5-mm-18kp100","status":"publish","type":"product","link":"https:\/\/shop.yipinqian.com\/es\/producto\/beautifully-crafted-pixiu-stamp-pendant-on-icy-translucent-natural-type-a-jadeite-jade-set-with-18k-certificate-weighs-6-95-grams-measurement-33-9-16-6-8-5-mm-18kp100\/","title":{"rendered":"Colgante con sello Pixiu bellamente elaborado en jade\u00edta natural transl\u00facido helado tipo A con certificado de 18 k que pesa 6,95 gramos y mide 33,9 x 16,6 x 8,5 mm (18 kp100)"},"content":{"rendered":"<p><iframe height=\"300\" width=\"330\" src=\"https:\/\/youtube.com\/embed\/jJc0PCEyAvw\" title=\"Montura de oro de 18 quilates con jade\u00edta Pixiu como colgante\"><\/iframe><\/p>\n<p>Este colgante con sello Pixiu bellamente elaborado est\u00e1 hecho de jade\u00edta natural tipo A transl\u00facido helado y presenta un dise\u00f1o deslumbrante que encarna la elegancia y el significado cultural.<\/p>\n<p><\/p>\n<p>N\u00fameros de certificado GD2111H014153<\/p>\n<p>Oro de 18 quilates: 1,23 gramos<\/p>\n<p>Diamantes: 46 * 0,003 quilates<\/p>\n<p>Rub\u00ed rojo: 2 * 0,003 quilates<\/p>\n<p>Medida de jade\u00edta: 24,8 x 13,9 x 6,8 mm<\/p>\n<p><img fetchpriority=\"high\" decoding=\"async\" src=\"https:\/\/shop.yipinqian.com\/wp-content\/uploads\/2025\/01\/57610eed11f5469984edda245815dda4tplv-aphluv4xwc-origin-jpeg.jpeg?dr=15568&#038;nonce=84370&#038;refresh_token=08214b0d20be602544815e81550bd767&#038;from=476444299&#038;idc=my&#038;ps=933b5bde&#038;shcp=9b759fb9&#038;shp=1c65f68b&#038;t=555f072d\" width=\"1536\" height=\"2048\"><\/p>\n<ul>\n<li>\n<strong>Material:<\/strong> Jade\u00edta natural tipo A<\/li>\n<li>\n<strong>Peso:<\/strong> 6,95 gramos<\/li>\n<li>\n<strong>Dimensiones:<\/strong> 33,9 x 16,6 x 8,5 mm<\/li>\n<li>\n<strong>Proceso de dar un t\u00edtulo:<\/strong> Viene con certificado<\/li>\n<\/ul>\n<p><img decoding=\"async\" src=\"https:\/\/shop.yipinqian.com\/wp-content\/uploads\/2025\/01\/e285e471e3424794a100fe844e33d779tplv-aphluv4xwc-origin-jpeg.jpeg?dr=15568&#038;nonce=67860&#038;refresh_token=3be7c92e681e72652be8068d892f230e&#038;from=476444299&#038;idc=my&#038;ps=933b5bde&#038;shcp=9b759fb9&#038;shp=1c65f68b&#038;t=555f072d\" width=\"1536\" height=\"2048\"><img decoding=\"async\" src=\"https:\/\/shop.yipinqian.com\/wp-content\/uploads\/2025\/01\/33be3c3ab1e24fad93e34becd82e07d0tplv-aphluv4xwc-origin-jpeg.jpeg?dr=15568&#038;nonce=43163&#038;refresh_token=b6daa91dbd6cea72fdd5f4e3b6a0096c&#038;from=476444299&#038;idc=my&#038;ps=933b5bde&#038;shcp=9b759fb9&#038;shp=1c65f68b&#038;t=555f072d\" width=\"1536\" height=\"2048\"><\/p>\n<p>Este exquisito colgante no solo sirve como un hermoso accesorio sino tambi\u00e9n como s\u00edmbolo de riqueza y protecci\u00f3n, lo que lo convierte en un regalo ideal o un tesoro personal.<\/p>\n<p><\/p>\n<p>Yi Pin Qian \u2013 Comerciante de piedras preciosas y metales preciosos en Singapur \u2013 N\u00famero de licencia PS20190000031<\/p>\n<p><\/p>\n<p>*Todos los jade\u00edtas comprados a Yi Pin Qian en Singapur, los clientes pueden reservar espacios para pulirlos o hacer reparaciones menores por mal manejo; se aplican tarifas y solo para los clientes de Yi Pin Qian en Singapur*<\/p>\n<p><\/p>\n<p><strong>**Tipos de certificados**<\/strong><\/p>\n<p><\/p>\n<p><strong>NGI (Gemolog\u00eda Nan Yang)<\/strong><\/p>\n<p>o <strong>Certificados en el extranjero <\/strong>(Yi Pin Qian solo utiliza certificados aut\u00e9nticos de laboratorios extranjeros y tambi\u00e9n controla la calidad de cada uno de nuestros productos antes de ponerlos a la venta en SG)<\/p>\n<p><\/p>\n<p>Cada producto tendr\u00e1 el tipo de certificado proporcionado indicado en la descripci\u00f3n. Para cualquier cliente que desee enviar su pedido a NGI Singapur, <strong>Las solicitudes de informes de NGI Gemstone deben realizarse envi\u00e1ndonos un mensaje.<\/strong> Gracias, <strong><u>Se aplican tarifas adicionales<\/u><\/strong> \u2013 $90 para jade\u00edta \/ $150 para jade\u00edta con oro de 18k \/ $150 para cuentas de jade\u00edta \u2013 no es obligatorio ya que la mayor\u00eda de nuestros productos ya vienen con certificado extranjero o informe NGI.<\/p>\n<p><\/p>\n<p>(Para m\u00e1s detalles o solicitud adicional: <strong>Env\u00edenos un mensaje si desea enviar el art\u00edculo comprado al laboratorio de pruebas de NGI.<\/strong>)<\/p>\n<p><\/p>\n<p><strong>La jade\u00edta natural no es perfecta, solo un peque\u00f1o recordatorio: nuestra jade\u00edta natural, como todas las cosas hermosas de la naturaleza, tiene sus caracter\u00edsticas y variaciones \u00fanicas. Invitamos a nuestros valiosos clientes a adoptar estas variaciones naturales. \u00a1Felices compras!<\/strong><\/p>\n<p><\/p>\n<p><strong><u>Ninguna de las fotograf\u00edas ni los v\u00eddeos han sido filtrados. Animamos a nuestros clientes a que vean tambi\u00e9n los v\u00eddeos adjuntos para tener una visi\u00f3n m\u00e1s completa de nuestros productos.<\/u><\/strong><\/p>\n<p><\/p>\n<ul>\n<li>Las diferentes plataformas solo pueden ver videos a trav\u00e9s de la computadora de escritorio<\/li>\n<\/ul>","protected":false},"excerpt":{"rendered":"<p>This Beautifully Crafted Pixiu Stamp Pendant is made from Icy Translucent Natural Type A Jadeite Jade, showcasing a stunning design that embodies elegance and cultural significance. Certificate numbers GD2111H014153 18k Gold:1.23 grams Diamonds: 46 * 0.003 Carats Red Ruby: 2 * 0.003 Carats Jadeite measurement: 24.8 * 13.9 * 6.8 mm Material: Natural Type A [&hellip;]<\/p>","protected":false},"featured_media":15489,"comment_status":"open","ping_status":"closed","template":"","meta":[],"product_brand":[],"product_cat":[83],"product_tag":[50,52,88,65,54,55,56,58,73,85,59,60,61,62],"class_list":{"0":"post-17079","1":"product","2":"type-product","3":"status-publish","4":"has-post-thumbnail","6":"product_cat-jade-necklaces-pendants","7":"product_tag-18k-gold","8":"product_tag-certified","9":"product_tag-diamonds","10":"product_tag-high-quality","11":"product_tag-icy","12":"product_tag-jadeite","13":"product_tag-limited-editions","14":"product_tag-new-arrivals","15":"product_tag-pendant","16":"product_tag-pixiu","17":"product_tag-translucent","18":"product_tag-type-a-jadeite","19":"product_tag-unisex","20":"product_tag-yi-pin-qian-exclusive","22":"first","23":"instock","24":"sale","25":"shipping-taxable","26":"purchasable","27":"product-type-simple"},"_links":{"self":[{"href":"https:\/\/shop.yipinqian.com\/es\/wp-json\/wp\/v2\/product\/17079","targetHints":{"allow":["GET"]}}],"collection":[{"href":"https:\/\/shop.yipinqian.com\/es\/wp-json\/wp\/v2\/product"}],"about":[{"href":"https:\/\/shop.yipinqian.com\/es\/wp-json\/wp\/v2\/types\/product"}],"replies":[{"embeddable":true,"href":"https:\/\/shop.yipinqian.com\/es\/wp-json\/wp\/v2\/comments?post=17079"}],"version-history":[{"count":0,"href":"https:\/\/shop.yipinqian.com\/es\/wp-json\/wp\/v2\/product\/17079\/revisions"}],"wp:featuredmedia":[{"embeddable":true,"href":"https:\/\/shop.yipinqian.com\/es\/wp-json\/wp\/v2\/media\/15489"}],"wp:attachment":[{"href":"https:\/\/shop.yipinqian.com\/es\/wp-json\/wp\/v2\/media?parent=17079"}],"wp:term":[{"taxonomy":"product_brand","embeddable":true,"href":"https:\/\/shop.yipinqian.com\/es\/wp-json\/wp\/v2\/product_brand?post=17079"},{"taxonomy":"product_cat","embeddable":true,"href":"https:\/\/shop.yipinqian.com\/es\/wp-json\/wp\/v2\/product_cat?post=17079"},{"taxonomy":"product_tag","embeddable":true,"href":"https:\/\/shop.yipinqian.com\/es\/wp-json\/wp\/v2\/product_tag?post=17079"}],"curies":[{"name":"wp","href":"https:\/\/api.w.org\/{rel}","templated":true}]}}