{"id":1707,"date":"2024-10-24T23:21:40","date_gmt":"2024-10-24T15:21:40","guid":{"rendered":"https:\/\/shop.yipinqian.com\/product\/quality-semi-icy-white-and-light-green-patches-natural-type-a-jadeite-jade-crafted-with-sceneries-as-pendant-with-qic-labs-approved-certificate-weigh-24-89-grams-measurement-54-32-4-5-mm-pendant227\/"},"modified":"2025-02-24T00:49:52","modified_gmt":"2025-02-23T16:49:52","slug":"quality-semi-icy-white-and-light-green-patches-natural-type-a-jadeite-jade-crafted-with-sceneries-as-pendant-with-qic-labs-approved-certificate-weigh-24-89-grams-measurement-54-32-4-5-mm-pendant227","status":"publish","type":"product","link":"https:\/\/shop.yipinqian.com\/es\/producto\/quality-semi-icy-white-and-light-green-patches-natural-type-a-jadeite-jade-crafted-with-sceneries-as-pendant-with-qic-labs-approved-certificate-weigh-24-89-grams-measurement-54-32-4-5-mm-pendant227\/","title":{"rendered":"Colgante de jade\u00edta natural tipo A con parches de color blanco semiglacial y verde claro de calidad elaborado con paisajes con certificado aprobado por los laboratorios QIC, pesa 24,89 gramos y mide 54 x 32 x 4,5 mm (colgante 227)"},"content":{"rendered":"<p>Mejore su colecci\u00f3n de joyas con este exquisito colgante de jade\u00edta natural tipo A con parches de color blanco semiglacial y verde claro. Elaborado con paisajes, este colgante unisex es una combinaci\u00f3n perfecta de elegancia y sofisticaci\u00f3n.<\/p>\n<p>N\u00fameros de certificado: 5824030101470<\/p>\n<ul>\n<li>\n<strong>Material:<\/strong> Hecho de jade\u00edta natural tipo A, este colgante es una pieza atemporal.<\/li>\n<li>\n<strong>Certificado:<\/strong> Tenga la seguridad de la autenticidad del producto, ya que viene con un certificado aprobado por los laboratorios QIC.<\/li>\n<li>\n<strong>Dise\u00f1o:<\/strong> Las manchas de color blanco semiglacial y verde claro del jade le a\u00f1aden encanto. El dise\u00f1o esc\u00e9nico del jade lo hace \u00fanico a su manera.<\/li>\n<li>\n<strong>Durable:<\/strong>Durable para el uso diario, el colgante pesa 24,89 gramos, lo que lo hace liviano pero lo suficientemente resistente para durar mucho tiempo.<\/li>\n<\/ul>\n<p>El colgante de jade\u00edta natural tipo A con parches de color blanco semiglacial y verde claro de calidad es perfecto para usar de manera informal. Su medida de 54 x 32 x 4,5 mm lo convierte en una excelente opci\u00f3n de regalo tambi\u00e9n para sus seres queridos.<\/p>\n<ul>\n<li>\n<strong>Tipo de estilo de collar: <\/strong>\u00a1El estilo de collar casual agrega encanto a tu look diario y te permite destacar entre los dem\u00e1s con estilo!<\/li>\n<\/ul>\n<p>\u00a1Hecho en Myanmar, agrega esta hermosa pieza a tu colecci\u00f3n hoy!<\/p>\n<p>.<\/p>\n<p><strong>La jade\u00edta natural no es perfecta, solo un peque\u00f1o recordatorio: nuestra jade\u00edta natural, como todas las cosas hermosas de la naturaleza, tiene sus caracter\u00edsticas y variaciones \u00fanicas. Invitamos a nuestros valiosos clientes a adoptar estas variaciones naturales. \u00a1Felices compras!<\/strong><\/p>\n<p>\u00a0<\/p>\n<p><strong><u>Ninguna de las fotograf\u00edas ni los v\u00eddeos han sido filtrados. Animamos a nuestros clientes a que vean tambi\u00e9n los v\u00eddeos adjuntos para tener una visi\u00f3n m\u00e1s completa de nuestros productos.<\/u><\/strong><\/p>","protected":false},"excerpt":{"rendered":"<p>Enhance your jewelry collection with this exquisite Quality Semi Icy White and Light Green Patches Natural Type A Jadeite Jade pendant. Crafted with sceneries, this unisex pendant is a perfect blend of elegance and sophistication. Certificate numbers: 5824030101470 Material: Made of natural Type A Jadeite Jade, this pendant is a timeless piece. Certificate: Rest assured [&hellip;]<\/p>","protected":false},"featured_media":7256,"comment_status":"open","ping_status":"closed","template":"","meta":[],"product_brand":[],"product_cat":[194],"product_tag":[],"class_list":{"0":"post-1707","1":"product","2":"type-product","3":"status-publish","4":"has-post-thumbnail","6":"product_cat-value-picks","8":"first","9":"instock","10":"sale","11":"shipping-taxable","12":"purchasable","13":"product-type-simple"},"_links":{"self":[{"href":"https:\/\/shop.yipinqian.com\/es\/wp-json\/wp\/v2\/product\/1707","targetHints":{"allow":["GET"]}}],"collection":[{"href":"https:\/\/shop.yipinqian.com\/es\/wp-json\/wp\/v2\/product"}],"about":[{"href":"https:\/\/shop.yipinqian.com\/es\/wp-json\/wp\/v2\/types\/product"}],"replies":[{"embeddable":true,"href":"https:\/\/shop.yipinqian.com\/es\/wp-json\/wp\/v2\/comments?post=1707"}],"version-history":[{"count":0,"href":"https:\/\/shop.yipinqian.com\/es\/wp-json\/wp\/v2\/product\/1707\/revisions"}],"wp:featuredmedia":[{"embeddable":true,"href":"https:\/\/shop.yipinqian.com\/es\/wp-json\/wp\/v2\/media\/7256"}],"wp:attachment":[{"href":"https:\/\/shop.yipinqian.com\/es\/wp-json\/wp\/v2\/media?parent=1707"}],"wp:term":[{"taxonomy":"product_brand","embeddable":true,"href":"https:\/\/shop.yipinqian.com\/es\/wp-json\/wp\/v2\/product_brand?post=1707"},{"taxonomy":"product_cat","embeddable":true,"href":"https:\/\/shop.yipinqian.com\/es\/wp-json\/wp\/v2\/product_cat?post=1707"},{"taxonomy":"product_tag","embeddable":true,"href":"https:\/\/shop.yipinqian.com\/es\/wp-json\/wp\/v2\/product_tag?post=1707"}],"curies":[{"name":"wp","href":"https:\/\/api.w.org\/{rel}","templated":true}]}}