{"id":1706,"date":"2024-10-24T23:21:39","date_gmt":"2024-10-24T15:21:39","guid":{"rendered":"https:\/\/shop.yipinqian.com\/product\/quality-semi-icy-full-oil-green-natural-type-a-jadeite-jade-pendant-necklace-crafted-with-lotus-certificate-included-weigh-12-07-grams-measurement-41-3-27-11-mm-pendant182\/"},"modified":"2025-02-24T00:49:52","modified_gmt":"2025-02-23T16:49:52","slug":"quality-semi-icy-full-oil-green-natural-type-a-jadeite-jade-pendant-necklace-crafted-with-lotus-certificate-included-weigh-12-07-grams-measurement-41-3-27-11-mm-pendant182","status":"publish","type":"product","link":"https:\/\/shop.yipinqian.com\/es\/producto\/quality-semi-icy-full-oil-green-natural-type-a-jadeite-jade-pendant-necklace-crafted-with-lotus-certificate-included-weigh-12-07-grams-measurement-41-3-27-11-mm-pendant182\/","title":{"rendered":"Collar con colgante de jade\u00edta natural tipo A de color verde semiglacial y aceite completo de calidad elaborado con loto, certificado incluido, peso 12,07 gramos, medida 41,3 * 27 * 11 mm (colgante 182)"},"content":{"rendered":"<p>Este collar con colgante de jade\u00edta natural tipo A de color verde semiglacial y aceite completo de calidad es una hermosa incorporaci\u00f3n a cualquier colecci\u00f3n de joyas y viene con un certificado de autenticidad. Elaborado con el intrincado dise\u00f1o de un loto, este collar con colgante seguramente llamar\u00e1 la atenci\u00f3n.<\/p>\n<p><\/p>\n<p><strong>N\u00fameros de certificado: ZSJ12205051935<\/strong><\/p>\n<ul>\n<li>\n<strong>Material:<\/strong> Fabricado con jade\u00edta natural tipo A de alta calidad.<\/li>\n<li>\n<strong>Peso:<\/strong> Con un peso de 12,07 gramos, este collar colgante tiene una sensaci\u00f3n s\u00f3lida y resistente.<\/li>\n<li>\n<strong>Tama\u00f1o:<\/strong> Mide 41,3 x 27 x 11 mm (colgante 182), no es ni demasiado grande ni demasiado peque\u00f1o.<\/li>\n<li>\n<strong>Tipo de jade:<\/strong> Jade\u00edta: conocida por su belleza natural y durabilidad, lo que la hace perfecta para la elaboraci\u00f3n de joyas.<\/li>\n<\/ul>\n<p>El hermoso color verde se destaca por su aceite semiglacial y su dise\u00f1o intrincado de tallado de loto, lo que hace que cada pieza sea \u00fanica. Este estilo de collar es perfecto para usar de manera informal en cualquier ocasi\u00f3n diaria.<\/p>\n<ul>\n<li>\n<strong>Certificado incluido: <\/strong>Este colgante viene con un certificado de autenticidad que garantiza que es jade\u00edta natural tipo A.<\/li>\n<li>,<\/li>\n<li>\n<strong>Sin garant\u00eda: <\/strong>Este producto no tiene garant\u00eda, pero est\u00e1 hecho de jade de alta calidad que durar\u00e1 m\u00e1s de lo esperado.<\/li>\n<li>La caracter\u00edstica amigable con el g\u00e9nero hace que este producto sea c\u00f3modo de usar para cualquier persona que ame usar piezas \u00fanicas que reflejen su personalidad.<\/li>\n<li>,<\/li>\n<li>El estilo casual te asegura que puedas combinar tu atuendo favorito sin problemas y sin preocuparte por vestirte demasiado bien.<\/li>\n<li>,<\/li>\n<li>La funci\u00f3n para ocasiones especiales garantiza que puedas usar estas piezas a diario sin tener que esperar a eventos especiales.<\/li>\n<li>,<\/li>\n<\/ul>\n<p>Yi Pin Qian \u2013 Comerciante de piedras preciosas y metales preciosos en Singapur \u2013 N\u00famero de licencia PS20190000031<\/p>\n<p><\/p>\n<p>*Todos los jade\u00edtas comprados a Yi Pin Qian en Singapur, los clientes pueden reservar espacios para pulirlos o hacer reparaciones menores por mal manejo; se aplican tarifas y solo para los clientes de Yi Pin Qian en Singapur*<\/p>\n<p><\/p>\n<p><strong>**Tipos de certificados**<\/strong><\/p>\n<p><\/p>\n<p><strong>NGI (Gemolog\u00eda Nan Yang)<\/strong><\/p>\n<p>o <strong>Certificados en el extranjero <\/strong>(Yi Pin Qian solo utiliza certificados aut\u00e9nticos de laboratorios extranjeros y tambi\u00e9n controla la calidad de cada uno de nuestros productos antes de ponerlos a la venta en SG)<\/p>\n<p><\/p>\n<p>Todos los productos de TikTok contar\u00e1n con el tipo de certificado que se indica en la descripci\u00f3n. Para cualquier cliente que desee enviar su pedido a NGI Singapur, habr\u00e1 un tiempo de espera para la entrega del pedido estimado de aproximadamente 4 semanas para recibirlo. <strong>Las solicitudes de informes de NGI Gemstone deben realizarse enviando un mensaje a la tienda TikTok de Yi Pin Qian.<\/strong> Gracias, <strong><u>Se aplican tarifas adicionales<\/u><\/strong>.<\/p>\n<p><\/p>\n<p><strong>La jade\u00edta natural no es perfecta, solo un peque\u00f1o recordatorio: nuestra jade\u00edta natural, como todas las cosas hermosas de la naturaleza, tiene sus caracter\u00edsticas y variaciones \u00fanicas. Invitamos a nuestros valiosos clientes a adoptar estas variaciones naturales. \u00a1Felices compras!<\/strong><\/p>\n<p><\/p>\n<p><strong><u>Ninguna de las fotograf\u00edas ni los v\u00eddeos han sido filtrados. Animamos a nuestros clientes a que vean tambi\u00e9n los v\u00eddeos adjuntos para tener una visi\u00f3n m\u00e1s completa de nuestros productos.<\/u><\/strong><\/p>","protected":false},"excerpt":{"rendered":"<p>This Quality Semi Icy Full Oil Green Natural Type A Jadeite Jade Pendant Necklace is a beautiful addition to any jewelry collection and comes with a certificate of authenticity. Crafted with the intricate design of a Lotus, this pendant necklace is sure to catch the eye. Certificate numbers: ZSJ12205051935 Material: Made from high-quality natural Type [&hellip;]<\/p>","protected":false},"featured_media":7248,"comment_status":"open","ping_status":"closed","template":"","meta":[],"product_brand":[],"product_cat":[194],"product_tag":[],"class_list":{"0":"post-1706","1":"product","2":"type-product","3":"status-publish","4":"has-post-thumbnail","6":"product_cat-value-picks","8":"first","9":"instock","10":"sale","11":"shipping-taxable","12":"purchasable","13":"product-type-simple"},"_links":{"self":[{"href":"https:\/\/shop.yipinqian.com\/es\/wp-json\/wp\/v2\/product\/1706","targetHints":{"allow":["GET"]}}],"collection":[{"href":"https:\/\/shop.yipinqian.com\/es\/wp-json\/wp\/v2\/product"}],"about":[{"href":"https:\/\/shop.yipinqian.com\/es\/wp-json\/wp\/v2\/types\/product"}],"replies":[{"embeddable":true,"href":"https:\/\/shop.yipinqian.com\/es\/wp-json\/wp\/v2\/comments?post=1706"}],"version-history":[{"count":0,"href":"https:\/\/shop.yipinqian.com\/es\/wp-json\/wp\/v2\/product\/1706\/revisions"}],"wp:featuredmedia":[{"embeddable":true,"href":"https:\/\/shop.yipinqian.com\/es\/wp-json\/wp\/v2\/media\/7248"}],"wp:attachment":[{"href":"https:\/\/shop.yipinqian.com\/es\/wp-json\/wp\/v2\/media?parent=1706"}],"wp:term":[{"taxonomy":"product_brand","embeddable":true,"href":"https:\/\/shop.yipinqian.com\/es\/wp-json\/wp\/v2\/product_brand?post=1706"},{"taxonomy":"product_cat","embeddable":true,"href":"https:\/\/shop.yipinqian.com\/es\/wp-json\/wp\/v2\/product_cat?post=1706"},{"taxonomy":"product_tag","embeddable":true,"href":"https:\/\/shop.yipinqian.com\/es\/wp-json\/wp\/v2\/product_tag?post=1706"}],"curies":[{"name":"wp","href":"https:\/\/api.w.org\/{rel}","templated":true}]}}