{"id":1705,"date":"2024-10-24T23:21:39","date_gmt":"2024-10-24T15:21:39","guid":{"rendered":"https:\/\/shop.yipinqian.com\/product\/quality-icy-natural-type-a-jadeite-jade-crafted-with-shape-of-oval-as-cabochon-set-on-s925-adjustable-as-ring-bic-labs-approved-certificate-weighs-2-18-grams-measurement-11-3-7-3-3-6mm-s925ring13\/"},"modified":"2025-02-17T00:04:14","modified_gmt":"2025-02-16T16:04:14","slug":"quality-icy-natural-type-a-jadeite-jade-crafted-with-shape-of-oval-as-cabochon-set-on-s925-adjustable-as-ring-bic-labs-approved-certificate-weighs-2-18-grams-measurement-11-3-7-3-3-6mm-s925ring13","status":"publish","type":"product","link":"https:\/\/shop.yipinqian.com\/es\/producto\/quality-icy-natural-type-a-jadeite-jade-crafted-with-shape-of-oval-as-cabochon-set-on-s925-adjustable-as-ring-bic-labs-approved-certificate-weighs-2-18-grams-measurement-11-3-7-3-3-6mm-s925ring13\/","title":{"rendered":"Jade\u00edta natural tipo A de calidad helada elaborada con forma de \u00f3valo como cabuj\u00f3n engastado en S925 ajustable como anillo, certificado aprobado por laboratorios BIC, pesa 2,18 gramos, medida 11,3 * 7,3 * 3,6 mm (s925ring13)"},"content":{"rendered":"<p>Este anillo de jade\u00edta natural tipo A helado de calidad presenta un cabuj\u00f3n ovalado engastado en una banda ajustable S925, perfecto para el uso diario.<\/p>\n<p>\u00a0<\/p>\n<p>N\u00fameros de certificado: Y-BICL629315<\/p>\n<p>\u00a0<\/p>\n<p>El anillo es de tama\u00f1o libre y ajustable.<\/p>\n<ul>\n<li>\n<strong>Material:<\/strong> Elaborado con aut\u00e9ntica jade\u00edta tipo A y plata de ley S925.<\/li>\n<li>\n<strong>Certificado:<\/strong> Incluye certificado aprobado por laboratorios BIC<\/li>\n<li>\n<strong>Peso y tama\u00f1o:<\/strong> Pesa 2,18 gramos, con medidas de 11,3 * 7,3 * 3,6 mm.<\/li>\n<li>\n<strong>Tipo de jade:<\/strong> Jade\u00edta de alta calidad procedente de Myanmar<\/li>\n<li>G\u00e9nero: Femenino: perfecto para cualquier mujer que ame piezas de joyer\u00eda \u00fanicas.<\/li>\n<\/ul>\n<p>Mejore su colecci\u00f3n de joyas con este elegante y atemporal anillo de jade que irradia sofisticaci\u00f3n y estilo.<\/p>\n<p>\u00a0<\/p>\n<p><strong>La jade\u00edta natural no es perfecta, solo un peque\u00f1o recordatorio: nuestra jade\u00edta natural, como todas las cosas hermosas de la naturaleza, tiene sus caracter\u00edsticas y variaciones \u00fanicas. Invitamos a nuestros valiosos clientes a adoptar estas variaciones naturales. \u00a1Felices compras!<\/strong><\/p>\n<p>\u00a0<\/p>\n<p><strong><u>Ninguna de las fotograf\u00edas ni los v\u00eddeos han sido filtrados. Animamos a nuestros clientes a que vean tambi\u00e9n los v\u00eddeos adjuntos para tener una visi\u00f3n m\u00e1s completa de nuestros productos.<\/u><\/strong><\/p>","protected":false},"excerpt":{"rendered":"<p>Este anillo de jade\u00edta natural tipo A de calidad Icy presenta un cabuj\u00f3n ovalado engastado en una banda ajustable S925, perfecto para uso diario. N\u00fameros de certificado: Y-BICL629315 El anillo es de talla \u00fanica ajustable Material: Fabricado con jade\u00edta tipo A genuina y plata esterlina S925 Certificado: Certificado aprobado por laboratorios BIC incluido Peso y tama\u00f1o: Pesa 2,18 gramos, [\u2026]<\/p>","protected":false},"featured_media":7232,"comment_status":"open","ping_status":"closed","template":"","meta":[],"product_brand":[],"product_cat":[49,149,125],"product_tag":[],"class_list":{"0":"post-1705","1":"product","2":"type-product","3":"status-publish","4":"has-post-thumbnail","6":"product_cat-rings","7":"product_cat-s925-rings","8":"product_cat-s925-settings-jadeites","10":"first","11":"instock","12":"sale","13":"shipping-taxable","14":"purchasable","15":"product-type-simple"},"_links":{"self":[{"href":"https:\/\/shop.yipinqian.com\/es\/wp-json\/wp\/v2\/product\/1705","targetHints":{"allow":["GET"]}}],"collection":[{"href":"https:\/\/shop.yipinqian.com\/es\/wp-json\/wp\/v2\/product"}],"about":[{"href":"https:\/\/shop.yipinqian.com\/es\/wp-json\/wp\/v2\/types\/product"}],"replies":[{"embeddable":true,"href":"https:\/\/shop.yipinqian.com\/es\/wp-json\/wp\/v2\/comments?post=1705"}],"version-history":[{"count":0,"href":"https:\/\/shop.yipinqian.com\/es\/wp-json\/wp\/v2\/product\/1705\/revisions"}],"wp:featuredmedia":[{"embeddable":true,"href":"https:\/\/shop.yipinqian.com\/es\/wp-json\/wp\/v2\/media\/7232"}],"wp:attachment":[{"href":"https:\/\/shop.yipinqian.com\/es\/wp-json\/wp\/v2\/media?parent=1705"}],"wp:term":[{"taxonomy":"product_brand","embeddable":true,"href":"https:\/\/shop.yipinqian.com\/es\/wp-json\/wp\/v2\/product_brand?post=1705"},{"taxonomy":"product_cat","embeddable":true,"href":"https:\/\/shop.yipinqian.com\/es\/wp-json\/wp\/v2\/product_cat?post=1705"},{"taxonomy":"product_tag","embeddable":true,"href":"https:\/\/shop.yipinqian.com\/es\/wp-json\/wp\/v2\/product_tag?post=1705"}],"curies":[{"name":"wp","href":"https:\/\/api.w.org\/{rel}","templated":true}]}}