{"id":17026,"date":"2025-01-13T03:32:23","date_gmt":"2025-01-12T19:32:23","guid":{"rendered":"https:\/\/shop.yipinqian.com\/fortune-god-pendant-natural-type-a-jadeite-jade-certificate-weighs-15-35-grams-measurement-40-3-22-8-9-5-mm-pendant395\/"},"modified":"2025-03-20T00:17:42","modified_gmt":"2025-03-19T16:17:42","slug":"fortune-god-pendant-natural-type-a-jadeite-jade-certificate-weighs-15-35-grams-measurement-40-3-22-8-9-5-mm-pendant395","status":"publish","type":"product","link":"https:\/\/shop.yipinqian.com\/es\/producto\/fortune-god-pendant-natural-type-a-jadeite-jade-certificate-weighs-15-35-grams-measurement-40-3-22-8-9-5-mm-pendant395\/","title":{"rendered":"#Sold &#8211; Fortune God Pendant Natural Type A Jadeite Jade certificate weighs 15.35 grams, measurement 40.3 * 22.8 * 9.5 mm (pendant395)"},"content":{"rendered":"<p>#Sold &#8211; Fortune God Pendant Natural Type A Jadeite Jade<\/p>\n<p><iframe title=\"Colgante del dios de la fortuna\" src=\"https:\/\/youtube.com\/embed\/5UnNz7YVLsY\" width=\"330\" height=\"300\"><\/iframe><\/p>\n<p>Descubra el exquisito colgante del Dios de la Fortuna elaborado con jade\u00edta natural tipo A. Esta impresionante pieza no solo exhibe una belleza extraordinaria, sino que tambi\u00e9n tiene un importante simbolismo cultural.<\/p>\n<ul>\n<li><strong>Peso:<\/strong> 15,35 gramos<\/li>\n<li><strong>Dimensiones:<\/strong> 40,3 x 22,8 x 9,5 mm<\/li>\n<li><strong>Importancia cultural:<\/strong> Representa la fortuna y la prosperidad.<\/li>\n<\/ul>\n<p>Este colgante es perfecto para quienes buscan elegancia y un toque de suerte en su colecci\u00f3n de joyas.<\/p>\n<p>&nbsp;<\/p>\n<p>N\u00fameros de certificado: ZJSL24031902607<\/p>\n<p><img fetchpriority=\"high\" decoding=\"async\" src=\"https:\/\/shop.yipinqian.com\/wp-content\/uploads\/2025\/01\/87cc3d12ccd2448b9651a957155617b1tplv-aphluv4xwc-origin-jpeg.jpeg?dr=15568&amp;nonce=24138&amp;refresh_token=7d960ddea4b0979050f18c9bcbf53cd7&amp;from=476444299&amp;idc=my2&amp;ps=933b5bde&amp;shcp=9b759fb9&amp;shp=1c65f68b&amp;t=555f072d\" width=\"1536\" height=\"2048\" \/><img decoding=\"async\" src=\"https:\/\/shop.yipinqian.com\/wp-content\/uploads\/2025\/01\/80e0adb52dd14e6d96edf8b2bcfdfeaftplv-aphluv4xwc-origin-jpeg.jpeg?dr=15568&amp;nonce=8673&amp;refresh_token=c124d18b188eeb5db49557b03a0d85e9&amp;from=476444299&amp;idc=my2&amp;ps=933b5bde&amp;shcp=9b759fb9&amp;shp=1c65f68b&amp;t=555f072d\" width=\"1536\" height=\"2048\" \/><img decoding=\"async\" class=\"alignnone\" src=\"https:\/\/shop.yipinqian.com\/wp-content\/uploads\/2025\/01\/129f491a38274865b63ef826de355444tplv-aphluv4xwc-origin-jpeg.jpeg?dr=15568&amp;nonce=92673&amp;refresh_token=c1cc045702543b2ce23252dc3e0d309b&amp;from=476444299&amp;idc=my2&amp;ps=933b5bde&amp;shcp=9b759fb9&amp;shp=1c65f68b&amp;t=555f072d\" alt=\"Fortune God Pendant Natural Type A Jadeite Jade\" width=\"1536\" height=\"2048\" \/><\/p>\n<p>Yi Pin Qian \u2013 Comerciante de piedras preciosas y metales preciosos en Singapur \u2013 N\u00famero de licencia PS20190000031<\/p>\n<p>&nbsp;<\/p>\n<p>*Todos los jade\u00edtas comprados a Yi Pin Qian en Singapur, los clientes pueden reservar espacios para pulirlos o hacer reparaciones menores por mal manejo; se aplican tarifas y solo para los clientes de Yi Pin Qian en Singapur*<\/p>\n<p>&nbsp;<\/p>\n<p><strong>**Tipos de certificados**<\/strong><\/p>\n<p>&nbsp;<\/p>\n<p><strong>NGI (Gemolog\u00eda Nan Yang)<\/strong><\/p>\n<p>o <strong>Certificados en el extranjero <\/strong>(Yi Pin Qian solo utiliza certificados aut\u00e9nticos de laboratorios extranjeros y tambi\u00e9n controla la calidad de cada uno de nuestros productos antes de ponerlos a la venta en SG)<\/p>\n<p>&nbsp;<\/p>\n<p>Cada producto tendr\u00e1 el tipo de certificado proporcionado indicado en la descripci\u00f3n. Para cualquier cliente que desee enviar su pedido a NGI Singapur, <strong>Las solicitudes de informes de NGI Gemstone deben realizarse envi\u00e1ndonos un mensaje.<\/strong> Gracias, <strong><u>Se aplican tarifas adicionales<\/u><\/strong> \u2013 $90 para jade\u00edta \/ $150 para jade\u00edta con oro de 18k \/ $150 para cuentas de jade\u00edta \u2013 no es obligatorio ya que la mayor\u00eda de nuestros productos ya vienen con certificado extranjero o informe NGI.<\/p>\n<p>&nbsp;<\/p>\n<p>(Para m\u00e1s detalles o solicitud adicional: <strong>Env\u00edenos un mensaje si desea enviar el art\u00edculo comprado al laboratorio de pruebas de NGI.<\/strong>)<\/p>\n<p>&nbsp;<\/p>\n<p><strong>La jade\u00edta natural no es perfecta, solo un peque\u00f1o recordatorio: nuestra jade\u00edta natural, como todas las cosas hermosas de la naturaleza, tiene sus caracter\u00edsticas y variaciones \u00fanicas. Invitamos a nuestros valiosos clientes a adoptar estas variaciones naturales. \u00a1Felices compras!<\/strong><\/p>\n<p>&nbsp;<\/p>\n<p><strong><u>Ninguna de las fotograf\u00edas ni los v\u00eddeos han sido filtrados. Animamos a nuestros clientes a que vean tambi\u00e9n los v\u00eddeos adjuntos para tener una visi\u00f3n m\u00e1s completa de nuestros productos.<\/u><\/strong><\/p>\n<p>&nbsp;<\/p>\n<ul>\n<li>Las diferentes plataformas solo pueden ver videos a trav\u00e9s de la computadora de escritorio<\/li>\n<\/ul>","protected":false},"excerpt":{"rendered":"<p>Fortune God Pendant Natural Type A Jadeite Jade<\/p>","protected":false},"featured_media":17033,"comment_status":"open","ping_status":"closed","template":"","meta":[],"product_brand":[],"product_cat":[194],"product_tag":[52,173,58,73,75,60,61],"class_list":{"0":"post-17026","1":"product","2":"type-product","3":"status-publish","4":"has-post-thumbnail","6":"product_cat-value-picks","7":"product_tag-certified","8":"product_tag-god-of-fortune","9":"product_tag-new-arrivals","10":"product_tag-pendant","11":"product_tag-traditional","12":"product_tag-type-a-jadeite","13":"product_tag-unisex","15":"first","16":"outofstock","17":"sale","18":"shipping-taxable","19":"purchasable","20":"product-type-simple"},"_links":{"self":[{"href":"https:\/\/shop.yipinqian.com\/es\/wp-json\/wp\/v2\/product\/17026","targetHints":{"allow":["GET"]}}],"collection":[{"href":"https:\/\/shop.yipinqian.com\/es\/wp-json\/wp\/v2\/product"}],"about":[{"href":"https:\/\/shop.yipinqian.com\/es\/wp-json\/wp\/v2\/types\/product"}],"replies":[{"embeddable":true,"href":"https:\/\/shop.yipinqian.com\/es\/wp-json\/wp\/v2\/comments?post=17026"}],"version-history":[{"count":0,"href":"https:\/\/shop.yipinqian.com\/es\/wp-json\/wp\/v2\/product\/17026\/revisions"}],"wp:featuredmedia":[{"embeddable":true,"href":"https:\/\/shop.yipinqian.com\/es\/wp-json\/wp\/v2\/media\/17033"}],"wp:attachment":[{"href":"https:\/\/shop.yipinqian.com\/es\/wp-json\/wp\/v2\/media?parent=17026"}],"wp:term":[{"taxonomy":"product_brand","embeddable":true,"href":"https:\/\/shop.yipinqian.com\/es\/wp-json\/wp\/v2\/product_brand?post=17026"},{"taxonomy":"product_cat","embeddable":true,"href":"https:\/\/shop.yipinqian.com\/es\/wp-json\/wp\/v2\/product_cat?post=17026"},{"taxonomy":"product_tag","embeddable":true,"href":"https:\/\/shop.yipinqian.com\/es\/wp-json\/wp\/v2\/product_tag?post=17026"}],"curies":[{"name":"wp","href":"https:\/\/api.w.org\/{rel}","templated":true}]}}