{"id":1700,"date":"2024-10-24T23:21:36","date_gmt":"2024-10-24T15:21:36","guid":{"rendered":"https:\/\/shop.yipinqian.com\/product\/premium-yellow-natural-type-a-jadeite-pendant-necklace-crafted-as-pixiu-with-ruyi-and-coin-certificate-included-weigh-39-48-grams-measurement-56-8-28-8-13-mm-suitable-for-daily-wear-and-collectible-pe\/"},"modified":"2025-02-17T00:04:14","modified_gmt":"2025-02-16T16:04:14","slug":"premium-yellow-natural-type-a-jadeite-pendant-necklace-crafted-as-pixiu-with-ruyi-and-coin-certificate-included-weigh-39-48-grams-measurement-56-8-28-8-13-mm-suitable-for-daily-wear-and-collectible-pe","status":"publish","type":"product","link":"https:\/\/shop.yipinqian.com\/es\/producto\/premium-yellow-natural-type-a-jadeite-pendant-necklace-crafted-as-pixiu-with-ruyi-and-coin-certificate-included-weigh-39-48-grams-measurement-56-8-28-8-13-mm-suitable-for-daily-wear-and-collectible-pe\/","title":{"rendered":"Collar con colgante de jade\u00edta natural tipo A de color amarillo de primera calidad elaborado como Pixiu con Ruyi y moneda, certificado incluido, peso 39,48 gramos, medida 56,8 * 28,8 * 13 mm, adecuado para uso diario y coleccionable (pendant41)"},"content":{"rendered":"<p>Eleve su colecci\u00f3n de joyas con este collar colgante de jade\u00edta natural tipo A amarilla de primera calidad, elaborado como un Pixiu con Ruyi y moneda. El colgante pesa <strong>39,48 gramos<\/strong> y medidas<strong> 56,8 x 28,8 x 13 mm<\/strong>, lo que lo convierte en un accesorio ideal para el uso diario o para fines coleccionables.<\/p>\n<ul>\n<li>\n<strong>Aut\u00e9ntico y Certificado:<\/strong> Este collar colgante de jade\u00edta viene con un certificado de autenticidad para garantizar su primera calidad.<\/li>\n<\/ul>\n<p><strong>N\u00fameros de certificado: GD2111H005247<\/strong><\/p>\n<p><img fetchpriority=\"high\" decoding=\"async\" height=\"1080\" src=\"https:\/\/shop.yipinqian.com\/wp-content\/uploads\/2024\/10\/db6fbf8b09a4e0b6042aca19d749fa23.jpg?from=476444299\" width=\"1080\"><\/p>\n<ul>\n<li>\n<strong>Elaborado a la perfecci\u00f3n:<\/strong> El dise\u00f1o de Pixiu se complementa con los motivos Ruyi y Coin, lo que hace de este collar una impresionante obra de arte para agregar a su colecci\u00f3n.<\/li>\n<li>\n<strong>Jade de calidad superior:<\/strong> Este collar est\u00e1 elaborado con jade\u00edta natural tipo A de Myanmar, lo que garantiza su calidad superior que durar\u00e1 a\u00f1os.<\/li>\n<\/ul>\n<p>Esta pieza unisex viene en un estilo casual que complementar\u00e1 cualquier atuendo que uses a diario o en ocasiones especiales sin comprometer el estilo ni la comodidad.\u00a0<\/p>\n<ul>\n<li>\n<strong>OCASI\u00d3N :<\/strong>Uso diario<\/li>\n<\/ul>\n<p>\u00a1Agregue este collar colgante de jade\u00edta natural tipo A amarilla premium a su joyero hoy!<\/p>\n<p>\u00a0<\/p>\n<p>Yi Pin Qian \u2013 Comerciante de piedras preciosas y metales preciosos en Singapur \u2013 N\u00famero de licencia PS20190000031<\/p>\n<p>\u00a0<\/p>\n<p>*Todos los jade\u00edtas comprados a Yi Pin Qian en Singapur, los clientes pueden reservar espacios para pulirlos o hacer reparaciones menores por mal manejo; se aplican tarifas y solo para los clientes de Yi Pin Qian en Singapur*<\/p>\n<p>\u00a0<\/p>\n<p><strong>**Tipos de certificados**<\/strong><\/p>\n<p>\u00a0<\/p>\n<p><strong>NGI (Gemolog\u00eda Nan Yang)<\/strong><\/p>\n<p>o <strong>Certificados en el extranjero <\/strong>(Yi Pin Qian solo utiliza certificados aut\u00e9nticos de laboratorios extranjeros y tambi\u00e9n controla la calidad de cada uno de nuestros productos antes de ponerlos a la venta en SG)<\/p>\n<p>\u00a0<\/p>\n<p>Todos los productos de TikTok contar\u00e1n con el tipo de certificado que se indica en la descripci\u00f3n. Para cualquier cliente que desee enviar su pedido a NGI Singapur, habr\u00e1 un tiempo de espera para la entrega del pedido estimado de aproximadamente 4 semanas para recibirlo. <strong>Las solicitudes de informes de NGI Gemstone deben realizarse enviando un mensaje a la tienda TikTok de Yi Pin Qian.<\/strong> Gracias, <strong><u>Se aplican tarifas adicionales<\/u><\/strong>.<\/p>\n<p>\u00a0<\/p>\n<p><strong>La jade\u00edta natural no es perfecta, solo un peque\u00f1o recordatorio: nuestra jade\u00edta natural, como todas las cosas hermosas de la naturaleza, tiene sus caracter\u00edsticas y variaciones \u00fanicas. Invitamos a nuestros valiosos clientes a adoptar estas variaciones naturales. \u00a1Felices compras!<\/strong><\/p>\n<p>\u00a0<\/p>\n<p><strong><u>Ninguna de las fotograf\u00edas ni los v\u00eddeos han sido filtrados. Animamos a nuestros clientes a que vean tambi\u00e9n los v\u00eddeos adjuntos para tener una visi\u00f3n m\u00e1s completa de nuestros productos.<\/u><\/strong><\/p>","protected":false},"excerpt":{"rendered":"<p>Elevate your jewelry collection with this Premium Yellow Natural Type A Jadeite Pendant Necklace, crafted as a Pixiu with Ruyi and Coin. The pendant weighs 39.48 grams and measures 56.8 * 28.8 * 13 mm, making it an ideal accessory for daily wear or collectible purposes. Authentic and Certified: This jadeite pendant necklace comes with [&hellip;]<\/p>","protected":false},"featured_media":7199,"comment_status":"open","ping_status":"closed","template":"","meta":[],"product_brand":[],"product_cat":[48],"product_tag":[],"class_list":{"0":"post-1700","1":"product","2":"type-product","3":"status-publish","4":"has-post-thumbnail","6":"product_cat-pendants","8":"first","9":"instock","10":"sale","11":"shipping-taxable","12":"purchasable","13":"product-type-simple"},"_links":{"self":[{"href":"https:\/\/shop.yipinqian.com\/es\/wp-json\/wp\/v2\/product\/1700","targetHints":{"allow":["GET"]}}],"collection":[{"href":"https:\/\/shop.yipinqian.com\/es\/wp-json\/wp\/v2\/product"}],"about":[{"href":"https:\/\/shop.yipinqian.com\/es\/wp-json\/wp\/v2\/types\/product"}],"replies":[{"embeddable":true,"href":"https:\/\/shop.yipinqian.com\/es\/wp-json\/wp\/v2\/comments?post=1700"}],"version-history":[{"count":0,"href":"https:\/\/shop.yipinqian.com\/es\/wp-json\/wp\/v2\/product\/1700\/revisions"}],"wp:featuredmedia":[{"embeddable":true,"href":"https:\/\/shop.yipinqian.com\/es\/wp-json\/wp\/v2\/media\/7199"}],"wp:attachment":[{"href":"https:\/\/shop.yipinqian.com\/es\/wp-json\/wp\/v2\/media?parent=1700"}],"wp:term":[{"taxonomy":"product_brand","embeddable":true,"href":"https:\/\/shop.yipinqian.com\/es\/wp-json\/wp\/v2\/product_brand?post=1700"},{"taxonomy":"product_cat","embeddable":true,"href":"https:\/\/shop.yipinqian.com\/es\/wp-json\/wp\/v2\/product_cat?post=1700"},{"taxonomy":"product_tag","embeddable":true,"href":"https:\/\/shop.yipinqian.com\/es\/wp-json\/wp\/v2\/product_tag?post=1700"}],"curies":[{"name":"wp","href":"https:\/\/api.w.org\/{rel}","templated":true}]}}