{"id":1699,"date":"2024-10-24T23:21:35","date_gmt":"2024-10-24T15:21:35","guid":{"rendered":"https:\/\/shop.yipinqian.com\/product\/premium-yellow-and-floating-blueish-green-piaohua-natural-type-a-jadeite-pendant-necklace-crafted-with-bamboo-lizard-symbols-of-wealth-fortune-longevity-and-wisdom-with-certificate-weigh-37-99-grams-5\/"},"modified":"2025-02-24T01:17:27","modified_gmt":"2025-02-23T17:17:27","slug":"premium-yellow-and-floating-blueish-green-piaohua-natural-type-a-jadeite-pendant-necklace-crafted-with-bamboo-lizard-symbols-of-wealth-fortune-longevity-and-wisdom-with-certificate-weigh-37-99-grams-5","status":"publish","type":"product","link":"https:\/\/shop.yipinqian.com\/es\/producto\/premium-yellow-and-floating-blueish-green-piaohua-natural-type-a-jadeite-pendant-necklace-crafted-with-bamboo-lizard-symbols-of-wealth-fortune-longevity-and-wisdom-with-certificate-weigh-37-99-grams-5\/","title":{"rendered":"Collar con colgante de jade\u00edta natural tipo A de color amarillo y verde azulado flotante (piaohua) de primera calidad elaborado con bamb\u00fa, s\u00edmbolos de lagarto de riqueza, fortuna, longevidad y sabidur\u00eda con certificado que pesa 37,99 gramos, 57,3 * 27,5 * 14,6 mm (colgante 47)"},"content":{"rendered":"<p>Realza tu estilo con este exquisito collar colgante de jade\u00edta natural tipo A de color amarillo y verde azulado flotante (piaohua) de primera calidad. Elaborado con bamb\u00fa y s\u00edmbolos de lagarto de riqueza, fortuna, longevidad y sabidur\u00eda, este colgante es un accesorio perfecto para el uso diario.<\/p>\n<ul>\n<li>\n<strong>Jade\u00edta natural tipo A:<\/strong> El colgante est\u00e1 hecho de jade\u00edta natural tipo A que representa pureza, honestidad y belleza.<\/li>\n<li>\n<strong>Calidad Premium:<\/strong> Fabricado con precisi\u00f3n, el colgante cuenta con una calidad superior que irradia lujo.<\/li>\n<li>\n<strong>Certificado:<\/strong> Viene con un certificado de autenticidad que garantiza la calidad del producto.<\/li>\n<\/ul>\n<p><strong>N\u00fameros de certificado: 920460010620<\/strong><\/p>\n<p><img fetchpriority=\"high\" decoding=\"async\" height=\"1080\" src=\"https:\/\/shop.yipinqian.com\/wp-content\/uploads\/2024\/10\/0ee78904ad44705af715df7dada69b88.jpg?from=476444299\" width=\"1080\"><\/p>\n<p>Con un peso de 37,99 gramos y unas medidas de 57,3 x 27,5 x 14,6 mm (colgante 47), este collar es unisex, lo que lo convierte en un regalo ideal para hombres o mujeres.<\/p>\n<ul>\n<li>\n<strong>Estilo del collar de jade: <\/strong>El collar ha sido dise\u00f1ado para ser informal, lo que lo hace perfecto para el uso diario o para ocasiones especiales.<\/li>\n<\/ul>\n<p>Esta impresionante pieza procede de Myanmar, donde se extraen piedras de jade de alta calidad de su rica ascendencia en minerales. Myanmar es reconocido como uno de los mejores lugares para encontrar piedras preciosas, incluidos accesorios de joyer\u00eda de jade y derivados. \u00a1Invierta en su propia declaraci\u00f3n de estilo personal que le durar\u00e1 toda la vida!<\/p>\n<p>\u00a0<\/p>\n<p>Yi Pin Qian \u2013 Comerciante de piedras preciosas y metales preciosos en Singapur \u2013 N\u00famero de licencia PS20190000031<\/p>\n<p>\u00a0<\/p>\n<p>*Todos los jade\u00edtas comprados a Yi Pin Qian en Singapur, los clientes pueden reservar espacios para pulirlos o hacer reparaciones menores por mal manejo; se aplican tarifas y solo para los clientes de Yi Pin Qian en Singapur*<\/p>\n<p>\u00a0<\/p>\n<p><strong>**Tipos de certificados**<\/strong><\/p>\n<p>\u00a0<\/p>\n<p><strong>NGI (Gemolog\u00eda Nan Yang)<\/strong><\/p>\n<p>o <strong>Certificados en el extranjero <\/strong>(Yi Pin Qian solo utiliza certificados aut\u00e9nticos de laboratorios extranjeros y tambi\u00e9n controla la calidad de cada uno de nuestros productos antes de ponerlos a la venta en SG)<\/p>\n<p>\u00a0<\/p>\n<p>Todos los productos de TikTok contar\u00e1n con el tipo de certificado que se indica en la descripci\u00f3n. Para cualquier cliente que desee enviar su pedido a NGI Singapur, habr\u00e1 un tiempo de espera para la entrega del pedido estimado de aproximadamente 4 semanas para recibirlo. <strong>Las solicitudes de informes de NGI Gemstone deben realizarse enviando un mensaje a la tienda TikTok de Yi Pin Qian.<\/strong> Gracias, <strong><u>Se aplican tarifas adicionales<\/u><\/strong>.<\/p>\n<p>\u00a0<\/p>\n<p><strong>La jade\u00edta natural no es perfecta, solo un peque\u00f1o recordatorio: nuestra jade\u00edta natural, como todas las cosas hermosas de la naturaleza, tiene sus caracter\u00edsticas y variaciones \u00fanicas. Invitamos a nuestros valiosos clientes a adoptar estas variaciones naturales. \u00a1Felices compras!<\/strong><\/p>\n<p>\u00a0<\/p>\n<p><strong><u>Ninguna de las fotograf\u00edas ni los v\u00eddeos han sido filtrados. Animamos a nuestros clientes a que vean tambi\u00e9n los v\u00eddeos adjuntos para tener una visi\u00f3n m\u00e1s completa de nuestros productos.<\/u><\/strong><\/p>","protected":false},"excerpt":{"rendered":"<p>Realza tu estilo con este exquisito collar colgante de jade\u00edta natural tipo A de color amarillo y verde azulado flotante (piaohua) de primera calidad. Elaborado con bamb\u00fa y s\u00edmbolos de lagarto de riqueza, fortuna, longevidad y sabidur\u00eda, este colgante es un accesorio perfecto para el uso diario. Jade\u00edta natural tipo A: el colgante est\u00e1 hecho de jade\u00edta natural tipo A que representa [\u2026]<\/p>","protected":false},"featured_media":7189,"comment_status":"open","ping_status":"closed","template":"","meta":[],"product_brand":[],"product_cat":[195],"product_tag":[],"class_list":{"0":"post-1699","1":"product","2":"type-product","3":"status-publish","4":"has-post-thumbnail","6":"product_cat-heirloom-grade","8":"first","9":"instock","10":"sale","11":"shipping-taxable","12":"purchasable","13":"product-type-simple"},"_links":{"self":[{"href":"https:\/\/shop.yipinqian.com\/es\/wp-json\/wp\/v2\/product\/1699","targetHints":{"allow":["GET"]}}],"collection":[{"href":"https:\/\/shop.yipinqian.com\/es\/wp-json\/wp\/v2\/product"}],"about":[{"href":"https:\/\/shop.yipinqian.com\/es\/wp-json\/wp\/v2\/types\/product"}],"replies":[{"embeddable":true,"href":"https:\/\/shop.yipinqian.com\/es\/wp-json\/wp\/v2\/comments?post=1699"}],"version-history":[{"count":0,"href":"https:\/\/shop.yipinqian.com\/es\/wp-json\/wp\/v2\/product\/1699\/revisions"}],"wp:featuredmedia":[{"embeddable":true,"href":"https:\/\/shop.yipinqian.com\/es\/wp-json\/wp\/v2\/media\/7189"}],"wp:attachment":[{"href":"https:\/\/shop.yipinqian.com\/es\/wp-json\/wp\/v2\/media?parent=1699"}],"wp:term":[{"taxonomy":"product_brand","embeddable":true,"href":"https:\/\/shop.yipinqian.com\/es\/wp-json\/wp\/v2\/product_brand?post=1699"},{"taxonomy":"product_cat","embeddable":true,"href":"https:\/\/shop.yipinqian.com\/es\/wp-json\/wp\/v2\/product_cat?post=1699"},{"taxonomy":"product_tag","embeddable":true,"href":"https:\/\/shop.yipinqian.com\/es\/wp-json\/wp\/v2\/product_tag?post=1699"}],"curies":[{"name":"wp","href":"https:\/\/api.w.org\/{rel}","templated":true}]}}