{"id":16987,"date":"2025-01-13T02:28:36","date_gmt":"2025-01-12T18:28:36","guid":{"rendered":"https:\/\/shop.yipinqian.com\/three-legs-toad-pendant-on-light-lavender-natural-type-a-jadeite-jade-added-with-18k-clasp-certificate-weighs-3-76-grams-measurement-19-1-13-9-1-mm-18kp102\/"},"modified":"2025-02-24T00:49:44","modified_gmt":"2025-02-23T16:49:44","slug":"three-legs-toad-pendant-on-light-lavender-natural-type-a-jadeite-jade-added-with-18k-clasp-certificate-weighs-3-76-grams-measurement-19-1-13-9-1-mm-18kp102","status":"publish","type":"product","link":"https:\/\/shop.yipinqian.com\/es\/producto\/three-legs-toad-pendant-on-light-lavender-natural-type-a-jadeite-jade-added-with-18k-clasp-certificate-weighs-3-76-grams-measurement-19-1-13-9-1-mm-18kp102\/","title":{"rendered":"Colgante de sapo de tres patas en jade\u00edta natural tipo A de color lavanda claro con certificado de cierre de 18 k, pesa 3,76 gramos, medida 19,1 * 13 * 9,1 mm (18kp102)"},"content":{"rendered":"<p><iframe title=\"Sapo de tres patas de color lavanda claro\" src=\"https:\/\/youtube.com\/embed\/7RQ0YN8-X0s\" width=\"330\" height=\"300\"><\/iframe><br \/>\nDescubra la elegancia de nuestro colgante de sapo de tres patas, elaborado con jade\u00edta natural tipo A en un impresionante tono lavanda claro.<\/p>\n<ul>\n<li>\n<strong>Dise\u00f1o exquisito:<\/strong> Este colgante presenta un dise\u00f1o \u00fanico de sapo de tres patas, que simboliza prosperidad y suerte.<\/li>\n<li>\n<strong>Material de primera calidad:<\/strong> Hecho de jade\u00edta natural tipo A de alta calidad, conocido por su belleza y durabilidad.<\/li>\n<li>\n<strong>Toque de lujo:<\/strong> Mejorado con un cierre de 18k para mayor sofisticaci\u00f3n.<\/li>\n<\/ul>\n<p>Este colgante pesa 3,76 gramos y mide 19,1 x 13 x 9,1 mm, lo que lo convierte en un accesorio delicado y llamativo para cualquier colecci\u00f3n de joyas. \u00a1Perfecto como regalo o tesoro personal!<\/p>\n<p><\/p>\n<p>N\u00fameros de certificado: GD2111H014915<\/p>\n<p><\/p>\n<p>Oro de 18k: 0,286 gramos<\/p>\n<p>Diamantes: 3 * 0,003 quilates<\/p>\n<p><img fetchpriority=\"high\" decoding=\"async\" height=\"2048\" width=\"1536\" src=\"https:\/\/shop.yipinqian.com\/wp-content\/uploads\/2025\/01\/0f3e2cb757114dbbaeb933a9fb366825tplv-aphluv4xwc-origin-jpeg.jpeg?dr=15568&#038;nonce=58517&#038;refresh_token=fd29c800eaa7c5502e515f9ee4eb74e4&#038;from=476444299&#038;idc=my2&#038;ps=933b5bde&#038;shcp=9b759fb9&#038;shp=1c65f68b&#038;t=555f072d\"><img decoding=\"async\" height=\"2048\" width=\"1536\" src=\"https:\/\/shop.yipinqian.com\/wp-content\/uploads\/2025\/01\/aa8e747d80e14d06b86997310b2d472dtplv-aphluv4xwc-origin-jpeg.jpeg?dr=15568&#038;nonce=68623&#038;refresh_token=57a4ae256d227203fdc0e40fe9c95169&#038;from=476444299&#038;idc=my2&#038;ps=933b5bde&#038;shcp=9b759fb9&#038;shp=1c65f68b&#038;t=555f072d\"><img decoding=\"async\" height=\"2048\" width=\"1536\" src=\"https:\/\/shop.yipinqian.com\/wp-content\/uploads\/2025\/01\/298af894786d45f488645faa9b011074tplv-aphluv4xwc-origin-jpeg.jpeg?dr=15568&#038;nonce=88206&#038;refresh_token=7d60136a1c17bf254d082f2164e3f56f&#038;from=476444299&#038;idc=my2&#038;ps=933b5bde&#038;shcp=9b759fb9&#038;shp=1c65f68b&#038;t=555f072d\"><\/p>\n<p>Yi Pin Qian \u2013 Comerciante de piedras preciosas y metales preciosos en Singapur \u2013 N\u00famero de licencia PS20190000031<\/p>\n<p><\/p>\n<p>*Todos los jade\u00edtas comprados a Yi Pin Qian en Singapur, los clientes pueden reservar espacios para pulirlos o hacer reparaciones menores por mal manejo; se aplican tarifas y solo para los clientes de Yi Pin Qian en Singapur*<\/p>\n<p><\/p>\n<p><strong>**Tipos de certificados**<\/strong><\/p>\n<p><\/p>\n<p><strong>NGI (Gemolog\u00eda Nan Yang)<\/strong><\/p>\n<p>o <strong>Certificados en el extranjero <\/strong>(Yi Pin Qian solo utiliza certificados aut\u00e9nticos de laboratorios extranjeros y tambi\u00e9n controla la calidad de cada uno de nuestros productos antes de ponerlos a la venta en SG)<\/p>\n<p><\/p>\n<p>Cada producto tendr\u00e1 el tipo de certificado proporcionado indicado en la descripci\u00f3n. Para cualquier cliente que desee enviar su pedido a NGI Singapur, <strong>Las solicitudes de informes de NGI Gemstone deben realizarse envi\u00e1ndonos un mensaje.<\/strong> Gracias, <strong><u>Se aplican tarifas adicionales<\/u><\/strong> \u2013 $90 para jade\u00edta \/ $150 para jade\u00edta con oro de 18k \/ $150 para cuentas de jade\u00edta \u2013 no es obligatorio ya que la mayor\u00eda de nuestros productos ya vienen con certificado extranjero o informe NGI.<\/p>\n<p><\/p>\n<p>(Para m\u00e1s detalles o solicitud adicional: <strong>Env\u00edenos un mensaje si desea enviar el art\u00edculo comprado al laboratorio de pruebas de NGI.<\/strong>)<\/p>\n<p><\/p>\n<p><strong>La jade\u00edta natural no es perfecta, solo un peque\u00f1o recordatorio: nuestra jade\u00edta natural, como todas las cosas hermosas de la naturaleza, tiene sus caracter\u00edsticas y variaciones \u00fanicas. Invitamos a nuestros valiosos clientes a adoptar estas variaciones naturales. \u00a1Felices compras!<\/strong><\/p>\n<p><\/p>\n<p><strong><u>Ninguna de las fotograf\u00edas ni los v\u00eddeos han sido filtrados. Animamos a nuestros clientes a que vean tambi\u00e9n los v\u00eddeos adjuntos para tener una visi\u00f3n m\u00e1s completa de nuestros productos.<\/u><\/strong><\/p>\n<p><\/p>\n<ul>\n<li>Las diferentes plataformas solo pueden ver videos a trav\u00e9s de la computadora de escritorio<\/li>\n<\/ul>","protected":false},"excerpt":{"rendered":"<p>Discover the elegance of our Three Legs Toad Pendant, crafted from natural Type A jadeite jade in a stunning light lavender hue. Exquisite Design: This pendant features a unique three legs toad design, symbolizing prosperity and luck. Premium Material: Made from high-quality natural Type A jadeite jade, known for its beauty and durability. Luxe Touch: [&hellip;]<\/p>","protected":false},"featured_media":16994,"comment_status":"open","ping_status":"closed","template":"","meta":[],"product_brand":[],"product_cat":[194],"product_tag":[50,52,88,65,108,58,181,60,61],"class_list":{"0":"post-16987","1":"product","2":"type-product","3":"status-publish","4":"has-post-thumbnail","6":"product_cat-value-picks","7":"product_tag-18k-gold","8":"product_tag-certified","9":"product_tag-diamonds","10":"product_tag-high-quality","11":"product_tag-light-lavender","12":"product_tag-new-arrivals","13":"product_tag-three-legs-toad","14":"product_tag-type-a-jadeite","15":"product_tag-unisex","17":"first","18":"instock","19":"sale","20":"shipping-taxable","21":"purchasable","22":"product-type-simple"},"_links":{"self":[{"href":"https:\/\/shop.yipinqian.com\/es\/wp-json\/wp\/v2\/product\/16987","targetHints":{"allow":["GET"]}}],"collection":[{"href":"https:\/\/shop.yipinqian.com\/es\/wp-json\/wp\/v2\/product"}],"about":[{"href":"https:\/\/shop.yipinqian.com\/es\/wp-json\/wp\/v2\/types\/product"}],"replies":[{"embeddable":true,"href":"https:\/\/shop.yipinqian.com\/es\/wp-json\/wp\/v2\/comments?post=16987"}],"version-history":[{"count":0,"href":"https:\/\/shop.yipinqian.com\/es\/wp-json\/wp\/v2\/product\/16987\/revisions"}],"wp:featuredmedia":[{"embeddable":true,"href":"https:\/\/shop.yipinqian.com\/es\/wp-json\/wp\/v2\/media\/16994"}],"wp:attachment":[{"href":"https:\/\/shop.yipinqian.com\/es\/wp-json\/wp\/v2\/media?parent=16987"}],"wp:term":[{"taxonomy":"product_brand","embeddable":true,"href":"https:\/\/shop.yipinqian.com\/es\/wp-json\/wp\/v2\/product_brand?post=16987"},{"taxonomy":"product_cat","embeddable":true,"href":"https:\/\/shop.yipinqian.com\/es\/wp-json\/wp\/v2\/product_cat?post=16987"},{"taxonomy":"product_tag","embeddable":true,"href":"https:\/\/shop.yipinqian.com\/es\/wp-json\/wp\/v2\/product_tag?post=16987"}],"curies":[{"name":"wp","href":"https:\/\/api.w.org\/{rel}","templated":true}]}}