{"id":1697,"date":"2024-10-24T23:21:35","date_gmt":"2024-10-24T15:21:35","guid":{"rendered":"https:\/\/shop.yipinqian.com\/product\/premium-semi-icy-with-light-green-hue-natural-type-a-jadeite-jade-crafted-with-pixiu-as-a-pendant-certificate-included-weigh-12-61-grams-measurement-492-17-1-8-7-mm-pendant202\/"},"modified":"2025-02-24T01:17:27","modified_gmt":"2025-02-23T17:17:27","slug":"premium-semi-icy-with-light-green-hue-natural-type-a-jadeite-jade-crafted-with-pixiu-as-a-pendant-certificate-included-weigh-12-61-grams-measurement-492-17-1-8-7-mm-pendant202","status":"publish","type":"product","link":"https:\/\/shop.yipinqian.com\/es\/producto\/premium-semi-icy-with-light-green-hue-natural-type-a-jadeite-jade-crafted-with-pixiu-as-a-pendant-certificate-included-weigh-12-61-grams-measurement-492-17-1-8-7-mm-pendant202\/","title":{"rendered":"Jade\u00edta natural tipo A de tono verde claro semiglacial de primera calidad elaborado con Pixiu como colgante, certificado incluido, pesa 12,61 gramos, medida 492. * 17,1 * 8,7 mm (colgante 202)"},"content":{"rendered":"<p>Mejora tu colecci\u00f3n de joyas con este exquisito colgante de jade\u00edta natural tipo A de tono verde claro semiglacial de primera calidad elaborado con Pixiu y con un peso de 12,61 gramos. Fabricado en Myanmar, este colgante viene con un certificado de autenticidad.<\/p>\n<p><\/p>\n<p>N\u00fameros de certificado: GD2203H015977<\/p>\n<ul>\n<li>\n<strong>Jade\u00edta natural tipo A:<\/strong> Este collar est\u00e1 hecho de jade\u00edta tipo A natural de alta calidad, conocida por su calidad superior y durabilidad.<\/li>\n<li>\n<strong>Dise\u00f1o de Pixiu:<\/strong> Elaborado con un dise\u00f1o de Pixiu, que se cree que trae buena suerte y riqueza seg\u00fan la mitolog\u00eda china.<\/li>\n<li>\n<strong>Aspecto fascinante:<\/strong> El tono verde claro semiglacial del jade seguramente llamar\u00e1 la atenci\u00f3n dondequiera que vayas.<\/li>\n<\/ul>\n<p>Este collar informal unisex es perfecto para usar a diario y es un gran regalo para sus seres queridos o como complemento para su propia colecci\u00f3n de joyas. El colgante mide 492 x 17,1 x 8,7 mm (colgante 202), por lo que tiene el tama\u00f1o perfecto para usar en cualquier ocasi\u00f3n sin resultar demasiado pesado ni llamativo.<\/p>\n<ul>\n<li>\n<strong>Certificado incluido:<\/strong> Este producto viene con un certificado de autenticidad para que pueda estar seguro de que est\u00e1 hecho con materiales genuinos.<\/li>\n<li>\n<strong>No incluye garant\u00eda: <\/strong>Este producto no viene incluido ning\u00fan tipo de garant\u00eda.<\/li>\n<\/ul>\n<p>Mejora tu estilo sin esfuerzo agregando este impresionante colgante de jade\u00edta natural tipo A semiglacial premium elaborado con dise\u00f1o Pixiu a tu rotaci\u00f3n diaria de accesorios.<\/p>\n<p><\/p>\n<p>Yi Pin Qian \u2013 Comerciante de piedras preciosas y metales preciosos en Singapur \u2013 N\u00famero de licencia PS20190000031<\/p>\n<p><\/p>\n<p>*Todos los jade\u00edtas comprados a Yi Pin Qian en Singapur, los clientes pueden reservar espacios para pulirlos o hacer reparaciones menores por mal manejo; se aplican tarifas y solo para los clientes de Yi Pin Qian en Singapur*<\/p>\n<p><\/p>\n<p><strong>**Tipos de certificados**<\/strong><\/p>\n<p><\/p>\n<p><strong>NGI (Gemolog\u00eda Nan Yang)<\/strong><\/p>\n<p>o <strong>Certificados en el extranjero <\/strong>(Yi Pin Qian solo utiliza certificados aut\u00e9nticos de laboratorios extranjeros y tambi\u00e9n controla la calidad de cada uno de nuestros productos antes de ponerlos a la venta en SG)<\/p>\n<p><\/p>\n<p>Todos los productos de TikTok contar\u00e1n con el tipo de certificado que se indica en la descripci\u00f3n. Para cualquier cliente que desee enviar su pedido a NGI Singapur, habr\u00e1 un tiempo de espera para la entrega del pedido estimado de aproximadamente 4 semanas para recibirlo. <strong>Las solicitudes de informes de NGI Gemstone deben realizarse enviando un mensaje a la tienda TikTok de Yi Pin Qian.<\/strong> Gracias, <strong><u>Se aplican tarifas adicionales<\/u><\/strong>.<\/p>\n<p><\/p>\n<p><strong>La jade\u00edta natural no es perfecta, solo un peque\u00f1o recordatorio: nuestra jade\u00edta natural, como todas las cosas hermosas de la naturaleza, tiene sus caracter\u00edsticas y variaciones \u00fanicas. Invitamos a nuestros valiosos clientes a adoptar estas variaciones naturales. \u00a1Felices compras!<\/strong><\/p>\n<p><\/p>\n<p><strong><u>Ninguna de las fotograf\u00edas ni los v\u00eddeos han sido filtrados. Animamos a nuestros clientes a que vean tambi\u00e9n los v\u00eddeos adjuntos para tener una visi\u00f3n m\u00e1s completa de nuestros productos.<\/u><\/strong><\/p>","protected":false},"excerpt":{"rendered":"<p>Enhance your jewelry collection with this exquisite Premium Semi Icy with Light Green Hue Natural Type A Jadeite Jade pendant crafted with Pixiu and weighing 12.61 grams. Made in Myanmar, this pendant comes with a certificate of authenticity. Certificate numbers: GD2203H015977 Natural Type A Jadeite: This necklace is made of high-quality natural type A jadeite, [&hellip;]<\/p>","protected":false},"featured_media":7169,"comment_status":"open","ping_status":"closed","template":"","meta":[],"product_brand":[],"product_cat":[195],"product_tag":[],"class_list":{"0":"post-1697","1":"product","2":"type-product","3":"status-publish","4":"has-post-thumbnail","6":"product_cat-heirloom-grade","8":"first","9":"instock","10":"sale","11":"shipping-taxable","12":"purchasable","13":"product-type-simple"},"_links":{"self":[{"href":"https:\/\/shop.yipinqian.com\/es\/wp-json\/wp\/v2\/product\/1697","targetHints":{"allow":["GET"]}}],"collection":[{"href":"https:\/\/shop.yipinqian.com\/es\/wp-json\/wp\/v2\/product"}],"about":[{"href":"https:\/\/shop.yipinqian.com\/es\/wp-json\/wp\/v2\/types\/product"}],"replies":[{"embeddable":true,"href":"https:\/\/shop.yipinqian.com\/es\/wp-json\/wp\/v2\/comments?post=1697"}],"version-history":[{"count":0,"href":"https:\/\/shop.yipinqian.com\/es\/wp-json\/wp\/v2\/product\/1697\/revisions"}],"wp:featuredmedia":[{"embeddable":true,"href":"https:\/\/shop.yipinqian.com\/es\/wp-json\/wp\/v2\/media\/7169"}],"wp:attachment":[{"href":"https:\/\/shop.yipinqian.com\/es\/wp-json\/wp\/v2\/media?parent=1697"}],"wp:term":[{"taxonomy":"product_brand","embeddable":true,"href":"https:\/\/shop.yipinqian.com\/es\/wp-json\/wp\/v2\/product_brand?post=1697"},{"taxonomy":"product_cat","embeddable":true,"href":"https:\/\/shop.yipinqian.com\/es\/wp-json\/wp\/v2\/product_cat?post=1697"},{"taxonomy":"product_tag","embeddable":true,"href":"https:\/\/shop.yipinqian.com\/es\/wp-json\/wp\/v2\/product_tag?post=1697"}],"curies":[{"name":"wp","href":"https:\/\/api.w.org\/{rel}","templated":true}]}}