{"id":1687,"date":"2024-10-24T23:21:27","date_gmt":"2024-10-24T15:21:27","guid":{"rendered":"https:\/\/shop.yipinqian.com\/product\/premium-quality-yellow-natural-type-a-jadeite-jade-crafted-with-dragon-as-pendant-certificate-weighs-53-72-grams-measurement-67-3-37-5-12-9-mm-pendant240\/"},"modified":"2025-02-24T01:34:17","modified_gmt":"2025-02-23T17:34:17","slug":"premium-quality-yellow-natural-type-a-jadeite-jade-crafted-with-dragon-as-pendant-certificate-weighs-53-72-grams-measurement-67-3-37-5-12-9-mm-pendant240","status":"publish","type":"product","link":"https:\/\/shop.yipinqian.com\/es\/producto\/premium-quality-yellow-natural-type-a-jadeite-jade-crafted-with-dragon-as-pendant-certificate-weighs-53-72-grams-measurement-67-3-37-5-12-9-mm-pendant240\/","title":{"rendered":"Jade\u00edta natural tipo A de color amarillo de primera calidad elaborado con drag\u00f3n como colgante, certificado, pesa 53,72 gramos, medida 67,3 * 37,5 * 12,9 mm (colgante 240)"},"content":{"rendered":"<p>Este colgante de jade\u00edta natural tipo A amarillo de primera calidad presenta un dise\u00f1o de drag\u00f3n bellamente elaborado, lo que lo convierte en una impresionante pieza de joyer\u00eda.<\/p>\n<p><\/p>\n<p>N\u00fameros de certificado: GD2110H018186<\/p>\n<ul>\n<li>\n<strong>Peso y medidas:<\/strong> Con un peso de 53,72 gramos, el colgante mide 67,3 x 37,5 x 12,9 mm, a\u00f1adiendo un toque exquisito a cualquier atuendo.<\/li>\n<li>\n<strong>Certificado:<\/strong> Viene con un certificado para autenticar la calidad y el origen del jade.<\/li>\n<li>\n<strong>Tipo de jade:<\/strong> Fabricado con jade\u00edta genuina, procedente de Myanmar por su autenticidad y calidad.<\/li>\n<\/ul>\n<p>Este collar es perfecto para diversas ocasiones debido a su simbolismo auspicioso, lo que lo convierte en un accesorio ideal tanto para hombres como para mujeres con su dise\u00f1o unisex.<\/p>\n<ul>\n<li>\n<strong>Ocasi\u00f3n:<\/strong> Propicio<\/li>\n<li>\n<strong>Tipo de jade:<\/strong>Jade\u00edta<\/li>\n<\/ul>\n<p>El elegante estilo del collar agrega sofisticaci\u00f3n a cualquier atuendo al tiempo que muestra la belleza del jade natural en un dise\u00f1o \u00fanico de colgante de drag\u00f3n.<\/p>\n<ul>\n<li>No incluye garant\u00eda<\/li>\n<\/ul>\n<p>Yi Pin Qian \u2013 Comerciante de piedras preciosas y metales preciosos en Singapur \u2013 N\u00famero de licencia PS20190000031<\/p>\n<p><\/p>\n<p>*Todos los jade\u00edtas comprados a Yi Pin Qian en Singapur, los clientes pueden reservar espacios para pulirlos o hacer reparaciones menores por mal manejo; se aplican tarifas y solo para los clientes de Yi Pin Qian en Singapur*<\/p>\n<p><\/p>\n<p><strong>**Tipos de certificados**<\/strong><\/p>\n<p><\/p>\n<p><strong>NGI (Gemolog\u00eda Nan Yang)<\/strong><\/p>\n<p>o <strong>Certificados en el extranjero <\/strong>(Yi Pin Qian solo utiliza certificados aut\u00e9nticos de laboratorios extranjeros y tambi\u00e9n controla la calidad de cada uno de nuestros productos antes de ponerlos a la venta en SG)<\/p>\n<p><\/p>\n<p>Todos los productos de TikTok contar\u00e1n con el tipo de certificado que se indica en la descripci\u00f3n. Para cualquier cliente que desee enviar su pedido a NGI Singapur, habr\u00e1 un tiempo de espera para la entrega del pedido estimado de aproximadamente 4 semanas para recibirlo. <strong>Las solicitudes de informes de NGI Gemstone deben realizarse enviando un mensaje a la tienda TikTok de Yi Pin Qian.<\/strong> Gracias, <strong><u>Se aplican tarifas adicionales<\/u><\/strong>.<\/p>\n<p><\/p>\n<p><strong>La jade\u00edta natural no es perfecta, solo un peque\u00f1o recordatorio: nuestra jade\u00edta natural, como todas las cosas hermosas de la naturaleza, tiene sus caracter\u00edsticas y variaciones \u00fanicas. Invitamos a nuestros valiosos clientes a adoptar estas variaciones naturales. \u00a1Felices compras!<\/strong><\/p>\n<p><\/p>\n<p><strong><u>Ninguna de las fotograf\u00edas ni los v\u00eddeos han sido filtrados. Animamos a nuestros clientes a que vean tambi\u00e9n los v\u00eddeos adjuntos para tener una visi\u00f3n m\u00e1s completa de nuestros productos.<\/u><\/strong><\/p>","protected":false},"excerpt":{"rendered":"<p>This Premium Quality Yellow Natural Type A Jadeite Jade pendant features a beautifully crafted Dragon design, making it a stunning piece of jewelry. Certificate numbers: GD2110H018186 Weight and Measurement: Weighing 53.72 grams, the pendant measures 67.3 x 37.5 x 12.9 mm, adding an exquisite touch to any outfit. Certificate: Comes with a certificate to authenticate [&hellip;]<\/p>","protected":false},"featured_media":7086,"comment_status":"open","ping_status":"closed","template":"","meta":[],"product_brand":[],"product_cat":[196],"product_tag":[],"class_list":{"0":"post-1687","1":"product","2":"type-product","3":"status-publish","4":"has-post-thumbnail","6":"product_cat-vault-collection","8":"first","9":"instock","10":"sale","11":"shipping-taxable","12":"purchasable","13":"product-type-simple"},"_links":{"self":[{"href":"https:\/\/shop.yipinqian.com\/es\/wp-json\/wp\/v2\/product\/1687","targetHints":{"allow":["GET"]}}],"collection":[{"href":"https:\/\/shop.yipinqian.com\/es\/wp-json\/wp\/v2\/product"}],"about":[{"href":"https:\/\/shop.yipinqian.com\/es\/wp-json\/wp\/v2\/types\/product"}],"replies":[{"embeddable":true,"href":"https:\/\/shop.yipinqian.com\/es\/wp-json\/wp\/v2\/comments?post=1687"}],"version-history":[{"count":0,"href":"https:\/\/shop.yipinqian.com\/es\/wp-json\/wp\/v2\/product\/1687\/revisions"}],"wp:featuredmedia":[{"embeddable":true,"href":"https:\/\/shop.yipinqian.com\/es\/wp-json\/wp\/v2\/media\/7086"}],"wp:attachment":[{"href":"https:\/\/shop.yipinqian.com\/es\/wp-json\/wp\/v2\/media?parent=1687"}],"wp:term":[{"taxonomy":"product_brand","embeddable":true,"href":"https:\/\/shop.yipinqian.com\/es\/wp-json\/wp\/v2\/product_brand?post=1687"},{"taxonomy":"product_cat","embeddable":true,"href":"https:\/\/shop.yipinqian.com\/es\/wp-json\/wp\/v2\/product_cat?post=1687"},{"taxonomy":"product_tag","embeddable":true,"href":"https:\/\/shop.yipinqian.com\/es\/wp-json\/wp\/v2\/product_tag?post=1687"}],"curies":[{"name":"wp","href":"https:\/\/api.w.org\/{rel}","templated":true}]}}