{"id":1686,"date":"2024-10-24T23:21:27","date_gmt":"2024-10-24T15:21:27","guid":{"rendered":"https:\/\/shop.yipinqian.com\/product\/premium-quality-yellow-and-green-natural-type-a-jadeite-jade-crafted-as-rooster-with-ruyi-as-pendant-necklace-with-certificate-weigh-17-7-grams-measurement-41-6-34-8-7-5-mm-pendant208\/"},"modified":"2025-02-24T00:49:52","modified_gmt":"2025-02-23T16:49:52","slug":"premium-quality-yellow-and-green-natural-type-a-jadeite-jade-crafted-as-rooster-with-ruyi-as-pendant-necklace-with-certificate-weigh-17-7-grams-measurement-41-6-34-8-7-5-mm-pendant208","status":"publish","type":"product","link":"https:\/\/shop.yipinqian.com\/es\/producto\/premium-quality-yellow-and-green-natural-type-a-jadeite-jade-crafted-as-rooster-with-ruyi-as-pendant-necklace-with-certificate-weigh-17-7-grams-measurement-41-6-34-8-7-5-mm-pendant208\/","title":{"rendered":"Jade\u00edta natural tipo A de calidad superior, amarillo y verde, elaborado como gallo con Ruyi como collar colgante con certificado, pesa 17,7 gramos, medida 41,6 * 34,8 * 7,5 mm (colgante 208)"},"content":{"rendered":"<p>Realza tu estilo con este collar con colgante de gallo de jade\u00edta natural tipo A de color amarillo y verde de primera calidad y ruyi. Este collar, elaborado a la perfecci\u00f3n, irradia elegancia y sofisticaci\u00f3n.<\/p>\n<p>\u00a0<\/p>\n<p>N\u00fameros de certificado: GD2110H006413<\/p>\n<p><img fetchpriority=\"high\" decoding=\"async\" height=\"1080\" src=\"https:\/\/shop.yipinqian.com\/wp-content\/uploads\/2024\/10\/161982ee01f5b6ff583ae24a873aaa82.jpg?from=476444299\" width=\"1080\"><\/p>\n<ul>\n<li>\n<strong>Jade\u00edta natural tipo A:<\/strong> Hecho de jade\u00edta tipo A natural sin tratar de primera calidad de Myanmar, el colgante pesa 17,7 gramos y mide 41,6 * 34,8 * 7,5 mm.<\/li>\n<li>\n<strong>Gallo con dise\u00f1o Ruyi:<\/strong> El colgante est\u00e1 elaborado con la forma de un gallo que sostiene un ruyi, un s\u00edmbolo tradicional chino de buena suerte, en su pico.<\/li>\n<li>\n<strong>Certificado incluido:<\/strong> Esta pieza viene con un certificado de autenticidad para su tranquilidad.<\/li>\n<\/ul>\n<p>Este collar unisex es perfecto para el uso diario; su estilo casual hace que sea f\u00e1cil combinarlo con otros estilos seg\u00fan tus preferencias u ocasi\u00f3n.<\/p>\n<ul>\n<li>\n<strong>Estilo del collar de jade: <\/strong>Casual<\/li>\n<li>\n<strong>Ocasi\u00f3n del jade: <\/strong>A diario<\/li>\n<li>\n<strong>Jade G\u00e9nero: <\/strong>Unisexo<\/li>\n<\/ul>\n<p>\u00a1Agrega esta obra maestra a tu colecci\u00f3n de joyas hoy y haz que todos se giren para mirarte!<\/p>\n<ul>\n<li><strong>El atributo Con certificado es S\u00ed. El atributo Pa\u00eds de origen es Myanmar. El atributo Ocasi\u00f3n es Diario. El atributo Tipo de garant\u00eda no se aplica a este producto. El atributo G\u00e9nero es Unisex<\/strong><\/li>\n<\/ul>\n<p>Yi Pin Qian \u2013 Comerciante de piedras preciosas y metales preciosos en Singapur \u2013 N\u00famero de licencia PS20190000031<\/p>\n<p>\u00a0<\/p>\n<p>*Todos los jade\u00edtas comprados a Yi Pin Qian en Singapur, los clientes pueden reservar espacios para pulirlos o hacer reparaciones menores por mal manejo; se aplican tarifas y solo para los clientes de Yi Pin Qian en Singapur*<\/p>\n<p>\u00a0<\/p>\n<p><strong>**Tipos de certificados**<\/strong><\/p>\n<p>\u00a0<\/p>\n<p><strong>NGI (Gemolog\u00eda Nan Yang)<\/strong><\/p>\n<p>o <strong>Certificados en el extranjero <\/strong>(Yi Pin Qian solo utiliza certificados aut\u00e9nticos de laboratorios extranjeros y tambi\u00e9n controla la calidad de cada uno de nuestros productos antes de ponerlos a la venta en SG)<\/p>\n<p>\u00a0<\/p>\n<p>Todos los productos de TikTok contar\u00e1n con el tipo de certificado que se indica en la descripci\u00f3n. Para cualquier cliente que desee enviar su pedido a NGI Singapur, habr\u00e1 un tiempo de espera para la entrega del pedido estimado de aproximadamente 4 semanas para recibirlo. <strong>Las solicitudes de informes de NGI Gemstone deben realizarse enviando un mensaje a la tienda TikTok de Yi Pin Qian.<\/strong> Gracias, <strong><u>Se aplican tarifas adicionales<\/u><\/strong>.<\/p>\n<p>\u00a0<\/p>\n<p><strong>La jade\u00edta natural no es perfecta, solo un peque\u00f1o recordatorio: nuestra jade\u00edta natural, como todas las cosas hermosas de la naturaleza, tiene sus caracter\u00edsticas y variaciones \u00fanicas. Invitamos a nuestros valiosos clientes a adoptar estas variaciones naturales. \u00a1Felices compras!<\/strong><\/p>\n<p>\u00a0<\/p>\n<p><strong><u>Ninguna de las fotograf\u00edas ni los v\u00eddeos han sido filtrados. Animamos a nuestros clientes a que vean tambi\u00e9n los v\u00eddeos adjuntos para tener una visi\u00f3n m\u00e1s completa de nuestros productos.<\/u><\/strong><\/p>","protected":false},"excerpt":{"rendered":"<p>Elevate your style with this Premium Quality Yellow and Green Natural Type A Jadeite Jade Rooster with Ruyi pendant necklace. Crafted intricately to perfection, this necklace exudes elegance and sophistication. \u00a0 Certificate numbers: GD2110H006413 Natural Type A Jadeite: Made from premium quality, untreated natural Type A jadeite from Myanmar, the pendant weighs 17.7 grams and [&hellip;]<\/p>","protected":false},"featured_media":7078,"comment_status":"open","ping_status":"closed","template":"","meta":[],"product_brand":[],"product_cat":[194],"product_tag":[],"class_list":{"0":"post-1686","1":"product","2":"type-product","3":"status-publish","4":"has-post-thumbnail","6":"product_cat-value-picks","8":"first","9":"instock","10":"sale","11":"shipping-taxable","12":"purchasable","13":"product-type-simple"},"_links":{"self":[{"href":"https:\/\/shop.yipinqian.com\/es\/wp-json\/wp\/v2\/product\/1686","targetHints":{"allow":["GET"]}}],"collection":[{"href":"https:\/\/shop.yipinqian.com\/es\/wp-json\/wp\/v2\/product"}],"about":[{"href":"https:\/\/shop.yipinqian.com\/es\/wp-json\/wp\/v2\/types\/product"}],"replies":[{"embeddable":true,"href":"https:\/\/shop.yipinqian.com\/es\/wp-json\/wp\/v2\/comments?post=1686"}],"version-history":[{"count":0,"href":"https:\/\/shop.yipinqian.com\/es\/wp-json\/wp\/v2\/product\/1686\/revisions"}],"wp:featuredmedia":[{"embeddable":true,"href":"https:\/\/shop.yipinqian.com\/es\/wp-json\/wp\/v2\/media\/7078"}],"wp:attachment":[{"href":"https:\/\/shop.yipinqian.com\/es\/wp-json\/wp\/v2\/media?parent=1686"}],"wp:term":[{"taxonomy":"product_brand","embeddable":true,"href":"https:\/\/shop.yipinqian.com\/es\/wp-json\/wp\/v2\/product_brand?post=1686"},{"taxonomy":"product_cat","embeddable":true,"href":"https:\/\/shop.yipinqian.com\/es\/wp-json\/wp\/v2\/product_cat?post=1686"},{"taxonomy":"product_tag","embeddable":true,"href":"https:\/\/shop.yipinqian.com\/es\/wp-json\/wp\/v2\/product_tag?post=1686"}],"curies":[{"name":"wp","href":"https:\/\/api.w.org\/{rel}","templated":true}]}}