{"id":1684,"date":"2024-10-24T23:21:26","date_gmt":"2024-10-24T15:21:26","guid":{"rendered":"https:\/\/shop.yipinqian.com\/product\/premium-quality-with-good-density-and-light-green-bluish-hue-natural-type-a-jadeite-pendant-necklace-crafted-with-laughing-buddha-certificate-included-weigh-17-14-grams-36-7-34-2-8-7-mm-a-good-collect\/"},"modified":"2025-02-24T01:17:27","modified_gmt":"2025-02-23T17:17:27","slug":"premium-quality-with-good-density-and-light-green-bluish-hue-natural-type-a-jadeite-pendant-necklace-crafted-with-laughing-buddha-certificate-included-weigh-17-14-grams-36-7-34-2-8-7-mm-a-good-collect","status":"publish","type":"product","link":"https:\/\/shop.yipinqian.com\/es\/producto\/premium-quality-with-good-density-and-light-green-bluish-hue-natural-type-a-jadeite-pendant-necklace-crafted-with-laughing-buddha-certificate-included-weigh-17-14-grams-36-7-34-2-8-7-mm-a-good-collect\/","title":{"rendered":"Collar colgante de jade\u00edta tipo A natural de primera calidad con buena densidad y tono verde azulado claro elaborado con Buda sonriente, certificado incluido, pesa 17,14 gramos, 36,7 * 34,2 * 8,7 mm, una buena colecci\u00f3n o para su uso diario (pendant32)"},"content":{"rendered":"<p>Realza tu estilo con este collar con colgante de jade\u00edta natural tipo A de primera calidad elaborado con Buda sonriente. El tono verde azulado claro de la jade\u00edta, junto con su buena densidad, lo convierten en una valiosa incorporaci\u00f3n a tu colecci\u00f3n de joyas.<\/p>\n<ul>\n<li>Certificado incluido de autenticidad.<\/li>\n<\/ul>\n<p><strong>N\u00fameros de certificado: GD2203H017673<\/strong><\/p>\n<p><img fetchpriority=\"high\" decoding=\"async\" height=\"1080\" src=\"https:\/\/shop.yipinqian.com\/wp-content\/uploads\/2024\/10\/71674afd3fbefa67cc3a01a0cb17affe.jpg?from=476444299\" width=\"1080\"><\/p>\n<ul>\n<li>Con un peso de 17,14 gramos y unas medidas de 36,7 x 34,2 x 8,7 mm.<\/li>\n<li>Dise\u00f1o unisex adecuado para uso diario.<\/li>\n<li>Tipo de jade: jade\u00edta<\/li>\n<li>Estilo del collar: Casual<\/li>\n<\/ul>\n<p>Este collar es una hermosa representaci\u00f3n de la belleza natural que se encuentra en las minas de jade de Myanmar, de donde se origin\u00f3 esta exquisita pieza.<\/p>\n<p>El Buda sonriente tallado en el colgante es un s\u00edmbolo de buena suerte y fortuna, lo que lo convierte en un regalo perfecto para alguien especial o como una adici\u00f3n a su colecci\u00f3n personal.<\/p>\n<p>\u00a1Este collar de primera calidad no viene con garant\u00eda, pero su durabilidad asegura que podr\u00e1s apreciarlo durante muchos a\u00f1os!<\/p>\n<p>\u00a0<\/p>\n<p>Yi Pin Qian \u2013 Comerciante de piedras preciosas y metales preciosos en Singapur \u2013 N\u00famero de licencia PS20190000031<\/p>\n<p>\u00a0<\/p>\n<p>*Todos los jade\u00edtas comprados a Yi Pin Qian en Singapur, los clientes pueden reservar espacios para pulirlos o hacer reparaciones menores por mal manejo; se aplican tarifas y solo para los clientes de Yi Pin Qian en Singapur*<\/p>\n<p>\u00a0<\/p>\n<p><strong>**Tipos de certificados**<\/strong><\/p>\n<p>\u00a0<\/p>\n<p><strong>NGI (Gemolog\u00eda Nan Yang)<\/strong><\/p>\n<p>o <strong>Certificados en el extranjero <\/strong>(Yi Pin Qian solo utiliza certificados aut\u00e9nticos de laboratorios extranjeros y tambi\u00e9n controla la calidad de cada uno de nuestros productos antes de ponerlos a la venta en SG)<\/p>\n<p>\u00a0<\/p>\n<p>Todos los productos de TikTok contar\u00e1n con el tipo de certificado que se indica en la descripci\u00f3n. Para cualquier cliente que desee enviar su pedido a NGI Singapur, habr\u00e1 un tiempo de espera para la entrega del pedido estimado de aproximadamente 4 semanas para recibirlo. <strong>Las solicitudes de informes de NGI Gemstone deben realizarse enviando un mensaje a la tienda TikTok de Yi Pin Qian.<\/strong> Gracias, <strong><u>Se aplican tarifas adicionales<\/u><\/strong>.<\/p>\n<p>\u00a0<\/p>\n<p><strong>La jade\u00edta natural no es perfecta, solo un peque\u00f1o recordatorio: nuestra jade\u00edta natural, como todas las cosas hermosas de la naturaleza, tiene sus caracter\u00edsticas y variaciones \u00fanicas. Invitamos a nuestros valiosos clientes a adoptar estas variaciones naturales. \u00a1Felices compras!<\/strong><\/p>\n<p>\u00a0<\/p>\n<p><strong><u>Ninguna de las fotograf\u00edas ni los v\u00eddeos han sido filtrados. Animamos a nuestros clientes a que vean tambi\u00e9n los v\u00eddeos adjuntos para tener una visi\u00f3n m\u00e1s completa de nuestros productos.<\/u><\/strong><\/p>","protected":false},"excerpt":{"rendered":"<p>Elevate your style with this premium quality Natural Type A Jadeite Pendant Necklace crafted with Laughing Buddha. The light green bluish hue of the jadeite, coupled with good density, make it a valuable addition to your jewelry collection. Certificate included for authenticity Certificate numbers: GD2203H017673 Weighing 17.14 grams and measuring 36.7 * 34.2 * 8.7 [&hellip;]<\/p>","protected":false},"featured_media":7068,"comment_status":"open","ping_status":"closed","template":"","meta":[],"product_brand":[],"product_cat":[195],"product_tag":[],"class_list":{"0":"post-1684","1":"product","2":"type-product","3":"status-publish","4":"has-post-thumbnail","6":"product_cat-heirloom-grade","8":"first","9":"instock","10":"sale","11":"shipping-taxable","12":"purchasable","13":"product-type-simple"},"_links":{"self":[{"href":"https:\/\/shop.yipinqian.com\/es\/wp-json\/wp\/v2\/product\/1684","targetHints":{"allow":["GET"]}}],"collection":[{"href":"https:\/\/shop.yipinqian.com\/es\/wp-json\/wp\/v2\/product"}],"about":[{"href":"https:\/\/shop.yipinqian.com\/es\/wp-json\/wp\/v2\/types\/product"}],"replies":[{"embeddable":true,"href":"https:\/\/shop.yipinqian.com\/es\/wp-json\/wp\/v2\/comments?post=1684"}],"version-history":[{"count":0,"href":"https:\/\/shop.yipinqian.com\/es\/wp-json\/wp\/v2\/product\/1684\/revisions"}],"wp:featuredmedia":[{"embeddable":true,"href":"https:\/\/shop.yipinqian.com\/es\/wp-json\/wp\/v2\/media\/7068"}],"wp:attachment":[{"href":"https:\/\/shop.yipinqian.com\/es\/wp-json\/wp\/v2\/media?parent=1684"}],"wp:term":[{"taxonomy":"product_brand","embeddable":true,"href":"https:\/\/shop.yipinqian.com\/es\/wp-json\/wp\/v2\/product_brand?post=1684"},{"taxonomy":"product_cat","embeddable":true,"href":"https:\/\/shop.yipinqian.com\/es\/wp-json\/wp\/v2\/product_cat?post=1684"},{"taxonomy":"product_tag","embeddable":true,"href":"https:\/\/shop.yipinqian.com\/es\/wp-json\/wp\/v2\/product_tag?post=1684"}],"curies":[{"name":"wp","href":"https:\/\/api.w.org\/{rel}","templated":true}]}}