{"id":1680,"date":"2024-10-24T23:21:24","date_gmt":"2024-10-24T15:21:24","guid":{"rendered":"https:\/\/shop.yipinqian.com\/product\/premium-quality-semi-icy-light-green-natural-type-a-jadeite-jade-crafted-with-guanyin-as-pendant-certificate-included-weigh-45-05-grams-measurement-56-35-6-11-8-mm-18kp24\/"},"modified":"2025-02-24T01:34:17","modified_gmt":"2025-02-23T17:34:17","slug":"premium-quality-semi-icy-light-green-natural-type-a-jadeite-jade-crafted-with-guanyin-as-pendant-certificate-included-weigh-45-05-grams-measurement-56-35-6-11-8-mm-18kp24","status":"publish","type":"product","link":"https:\/\/shop.yipinqian.com\/es\/producto\/premium-quality-semi-icy-light-green-natural-type-a-jadeite-jade-crafted-with-guanyin-as-pendant-certificate-included-weigh-45-05-grams-measurement-56-35-6-11-8-mm-18kp24\/","title":{"rendered":"Jade\u00edta natural tipo A de color verde claro semiglacial de calidad superior elaborado con Guanyin como colgante, certificado incluido, peso 45,05 gramos, medida 56 * 35,6 * 11,8 mm (18kp24)"},"content":{"rendered":"<article class=\"lzd-article\" style=\"white-space:break-spaces\">\n<p style=\"line-height:1.7;text-align:left;text-indent:0;margin-left:0;margin-top:0;margin-bottom:0\"><span>Este colgante de jade\u00edta natural tipo A de color verde claro semiglacial de primera calidad, elaborado con la imagen de Guanyin, es una hermosa pieza de joyer\u00eda que seguramente llamar\u00e1 la atenci\u00f3n de todos. Pesa 45,05 gramos y mide 56 * 35,6 * 11,8 mm (18 kp24).<\/span><\/p>\n<p style=\"line-height:1.7;text-align:left;text-indent:0;margin-left:0;margin-top:0;margin-bottom:0\"><span>con cierre de oro de 18k<\/span><\/p>\n<p style=\"line-height:1.7;text-align:left;text-indent:0;margin-left:0;margin-top:0;margin-bottom:0\"><span><\/span><\/p>\n<p style=\"line-height:1.7;text-align:left;text-indent:0;margin-left:0;margin-top:0;margin-bottom:0\"><span>N\u00fameros de certificado: GD2109H014608<\/span><\/p>\n<ul>\n<li>\n<div style=\"line-height:1.7;text-align:left;text-indent:0\">\n<span style=\"font-weight:bold\">Material de alta calidad:<\/span><span> Este colgante est\u00e1 hecho con jade\u00edta natural tipo A de Myanmar y tiene un hermoso color verde claro semiglacial.<\/span>\n<\/div>\n<\/li>\n<li>\n<div style=\"line-height:1.7;text-align:left;text-indent:0\">\n<span style=\"font-weight:bold\">Certificado incluido:<\/span><span> Puede estar seguro de la autenticidad de este producto, ya que viene con un certificado incluido.<\/span>\n<\/div>\n<\/li>\n<li>\n<div style=\"line-height:1.7;text-align:left;text-indent:0\">\n<span style=\"font-weight:bold\">Hermoso dise\u00f1o:<\/span><span> La imagen de Guanyin en este colgante lo hace perfecto para aquellos que aman tanto la moda como la espiritualidad.<\/span>\n<\/div>\n<\/li>\n<\/ul>\n<p style=\"line-height:1.7;text-align:left;text-indent:0;margin-left:0;margin-top:0;margin-bottom:0\"><span>Este collar tiene una ocasi\u00f3n auspiciosa seg\u00fan sus atributos, lo que lo convierte en un regalo ideal para ocasiones especiales como bodas u otros eventos auspiciosos.<\/span><\/p>\n<ul>\n<li>\n<div style=\"line-height:1.7;text-align:left;text-indent:0\"><span style=\"font-weight:bold\">No incluye garant\u00eda:<\/span><\/div>\n<\/li>\n<li>\n<div style=\"line-height:1.7;text-align:left;text-indent:0\"><span style=\"font-weight:bold\">Podr\u00e1s disfrutar de tu collar sin ninguna garant\u00eda incluida<\/span><\/div>\n<\/li>\n<\/ul>\n<p style=\"line-height:1.7;text-align:left;text-indent:0;margin-left:0;margin-top:0;margin-bottom:0\"><span style=\"font-weight:bold\">.<\/span><\/p>\n<p style=\"line-height:1.7;text-align:left;text-indent:0;margin-left:0;margin-top:0;margin-bottom:0\"><span style=\"font-weight:bold\">\u00a1El dise\u00f1o unisex hace que esta pieza sea perfecta para que cualquiera la use en cualquier ocasi\u00f3n informal mientras muestra su estilo \u00fanico!<\/span><\/p>\n<p style=\"line-height:1.7;text-align:left;text-indent:0;margin-left:0;margin-top:0;margin-bottom:0\"><span style=\"font-weight:bold\">.<\/span><\/p>\n<\/article>","protected":false},"excerpt":{"rendered":"<p>Este colgante de jade\u00edta natural tipo A de color verde claro semiglacial de primera calidad, elaborado con la imagen de Guanyin, es una hermosa pieza de joyer\u00eda que seguramente llamar\u00e1 la atenci\u00f3n de cualquiera. Pesa 45,05 gramos y mide 56 * 35,6 * 11,8 mm (18 kp24). Con cierre de oro de 18 quilates N\u00fameros de certificado: GD2109H014608 Material de alta calidad: Este colgante [\u2026]<\/p>","protected":false},"featured_media":7036,"comment_status":"open","ping_status":"closed","template":"","meta":[],"product_brand":[],"product_cat":[196],"product_tag":[],"class_list":{"0":"post-1680","1":"product","2":"type-product","3":"status-publish","4":"has-post-thumbnail","6":"product_cat-vault-collection","8":"first","9":"instock","10":"sale","11":"shipping-taxable","12":"purchasable","13":"product-type-simple"},"_links":{"self":[{"href":"https:\/\/shop.yipinqian.com\/es\/wp-json\/wp\/v2\/product\/1680","targetHints":{"allow":["GET"]}}],"collection":[{"href":"https:\/\/shop.yipinqian.com\/es\/wp-json\/wp\/v2\/product"}],"about":[{"href":"https:\/\/shop.yipinqian.com\/es\/wp-json\/wp\/v2\/types\/product"}],"replies":[{"embeddable":true,"href":"https:\/\/shop.yipinqian.com\/es\/wp-json\/wp\/v2\/comments?post=1680"}],"version-history":[{"count":0,"href":"https:\/\/shop.yipinqian.com\/es\/wp-json\/wp\/v2\/product\/1680\/revisions"}],"wp:featuredmedia":[{"embeddable":true,"href":"https:\/\/shop.yipinqian.com\/es\/wp-json\/wp\/v2\/media\/7036"}],"wp:attachment":[{"href":"https:\/\/shop.yipinqian.com\/es\/wp-json\/wp\/v2\/media?parent=1680"}],"wp:term":[{"taxonomy":"product_brand","embeddable":true,"href":"https:\/\/shop.yipinqian.com\/es\/wp-json\/wp\/v2\/product_brand?post=1680"},{"taxonomy":"product_cat","embeddable":true,"href":"https:\/\/shop.yipinqian.com\/es\/wp-json\/wp\/v2\/product_cat?post=1680"},{"taxonomy":"product_tag","embeddable":true,"href":"https:\/\/shop.yipinqian.com\/es\/wp-json\/wp\/v2\/product_tag?post=1680"}],"curies":[{"name":"wp","href":"https:\/\/api.w.org\/{rel}","templated":true}]}}