{"id":1678,"date":"2024-10-24T23:21:23","date_gmt":"2024-10-24T15:21:23","guid":{"rendered":"https:\/\/shop.yipinqian.com\/product\/premium-quality-light-green-natural-type-a-jadeite-jade-pendant-necklace-crafted-with-old-school-style-dragon-certificate-included-weigh-29-48-grams-measurement-42-42-11-pendant174\/"},"modified":"2025-02-17T00:04:13","modified_gmt":"2025-02-16T16:04:13","slug":"premium-quality-light-green-natural-type-a-jadeite-jade-pendant-necklace-crafted-with-old-school-style-dragon-certificate-included-weigh-29-48-grams-measurement-42-42-11-pendant174","status":"publish","type":"product","link":"https:\/\/shop.yipinqian.com\/es\/producto\/premium-quality-light-green-natural-type-a-jadeite-jade-pendant-necklace-crafted-with-old-school-style-dragon-certificate-included-weigh-29-48-grams-measurement-42-42-11-pendant174\/","title":{"rendered":"Collar con colgante de jade\u00edta natural tipo A de color verde claro de primera calidad elaborado con drag\u00f3n de estilo de la vieja escuela, certificado incluido, peso 29,48 gramos, medida 42 * 42 * 11 (colgante 174)"},"content":{"rendered":"<p>Ad\u00f3rnese con este impresionante collar con colgante de jade\u00edta natural tipo A de color verde claro de primera calidad, perfecto para usar a diario. Este collar est\u00e1 elaborado por expertos con un drag\u00f3n de estilo antiguo, un s\u00edmbolo de poder y fuerza.<\/p>\n<p><\/p>\n<p><strong>N\u00fameros de certificado: GD2110H019628<\/strong><\/p>\n<ul>\n<li>Peso <strong>29,48 gramos<\/strong> y midiendo <strong>42 * 42 * 11 mil\u00edmetros<\/strong> (colgante 174), este collar es una pieza llamativa que seguramente llamar\u00e1 la atenci\u00f3n.<\/li>\n<li>El jade utilizado en este collar es de la m\u00e1s alta calidad y viene con un certificado de autenticidad, lo que garantiza su estado natural Tipo A.<\/li>\n<li>Fabricado en Myanmar, el pa\u00eds famoso por producir algunos de los mejores jade\u00edtas del mundo.<\/li>\n<\/ul>\n<p>Este collar unisex tiene un estilo informal que se puede usar en cualquier ocasi\u00f3n. No tiene garant\u00eda, pero su calidad superior garantiza que durar\u00e1 muchos a\u00f1os.<\/p>\n<p><\/p>\n<p>Yi Pin Qian \u2013 Comerciante de piedras preciosas y metales preciosos en Singapur \u2013 N\u00famero de licencia PS20190000031<\/p>\n<p><\/p>\n<p>*Todos los jade\u00edtas comprados a Yi Pin Qian en Singapur, los clientes pueden reservar espacios para pulirlos o hacer reparaciones menores por mal manejo; se aplican tarifas y solo para los clientes de Yi Pin Qian en Singapur*<\/p>\n<p><\/p>\n<p><strong>**Tipos de certificados**<\/strong><\/p>\n<p><\/p>\n<p><strong>NGI (Gemolog\u00eda Nan Yang)<\/strong><\/p>\n<p>o <strong>Certificados en el extranjero <\/strong>(Yi Pin Qian solo utiliza certificados aut\u00e9nticos de laboratorios extranjeros y tambi\u00e9n controla la calidad de cada uno de nuestros productos antes de ponerlos a la venta en SG)<\/p>\n<p><\/p>\n<p>Todos los productos de TikTok contar\u00e1n con el tipo de certificado que se indica en la descripci\u00f3n. Para cualquier cliente que desee enviar su pedido a NGI Singapur, habr\u00e1 un tiempo de espera para la entrega del pedido estimado de aproximadamente 4 semanas para recibirlo. <strong>Las solicitudes de informes de NGI Gemstone deben realizarse enviando un mensaje a la tienda TikTok de Yi Pin Qian.<\/strong> Gracias, <strong><u>Se aplican tarifas adicionales<\/u><\/strong>.<\/p>\n<p><\/p>\n<p><strong>La jade\u00edta natural no es perfecta, solo un peque\u00f1o recordatorio: nuestra jade\u00edta natural, como todas las cosas hermosas de la naturaleza, tiene sus caracter\u00edsticas y variaciones \u00fanicas. Invitamos a nuestros valiosos clientes a adoptar estas variaciones naturales. \u00a1Felices compras!<\/strong><\/p>\n<p><\/p>\n<p><strong><u>Ninguna de las fotograf\u00edas ni los v\u00eddeos han sido filtrados. Animamos a nuestros clientes a que vean tambi\u00e9n los v\u00eddeos adjuntos para tener una visi\u00f3n m\u00e1s completa de nuestros productos.<\/u><\/strong><\/p>","protected":false},"excerpt":{"rendered":"<p>Adorn yourself with this stunning Premium Quality Light Green Natural Type A Jadeite Jade Pendant Necklace, perfect for daily wear. This necklace is expertly crafted with an Old School Style Dragon, a symbol of power and strength. Certificate numbers: GD2110H019628 Weighing 29.48 grams and measuring 42 * 42 * 11 mm (pendant174), this necklace is [&hellip;]<\/p>","protected":false},"featured_media":7011,"comment_status":"open","ping_status":"closed","template":"","meta":[],"product_brand":[],"product_cat":[48],"product_tag":[],"class_list":{"0":"post-1678","1":"product","2":"type-product","3":"status-publish","4":"has-post-thumbnail","6":"product_cat-pendants","8":"first","9":"instock","10":"sale","11":"shipping-taxable","12":"purchasable","13":"product-type-simple"},"_links":{"self":[{"href":"https:\/\/shop.yipinqian.com\/es\/wp-json\/wp\/v2\/product\/1678","targetHints":{"allow":["GET"]}}],"collection":[{"href":"https:\/\/shop.yipinqian.com\/es\/wp-json\/wp\/v2\/product"}],"about":[{"href":"https:\/\/shop.yipinqian.com\/es\/wp-json\/wp\/v2\/types\/product"}],"replies":[{"embeddable":true,"href":"https:\/\/shop.yipinqian.com\/es\/wp-json\/wp\/v2\/comments?post=1678"}],"version-history":[{"count":0,"href":"https:\/\/shop.yipinqian.com\/es\/wp-json\/wp\/v2\/product\/1678\/revisions"}],"wp:featuredmedia":[{"embeddable":true,"href":"https:\/\/shop.yipinqian.com\/es\/wp-json\/wp\/v2\/media\/7011"}],"wp:attachment":[{"href":"https:\/\/shop.yipinqian.com\/es\/wp-json\/wp\/v2\/media?parent=1678"}],"wp:term":[{"taxonomy":"product_brand","embeddable":true,"href":"https:\/\/shop.yipinqian.com\/es\/wp-json\/wp\/v2\/product_brand?post=1678"},{"taxonomy":"product_cat","embeddable":true,"href":"https:\/\/shop.yipinqian.com\/es\/wp-json\/wp\/v2\/product_cat?post=1678"},{"taxonomy":"product_tag","embeddable":true,"href":"https:\/\/shop.yipinqian.com\/es\/wp-json\/wp\/v2\/product_tag?post=1678"}],"curies":[{"name":"wp","href":"https:\/\/api.w.org\/{rel}","templated":true}]}}