{"id":1677,"date":"2024-10-24T23:21:22","date_gmt":"2024-10-24T15:21:22","guid":{"rendered":"https:\/\/shop.yipinqian.com\/product\/premium-quality-lavender-and-green-natural-type-a-jadeite-pendant-necklace-crafted-with-big-fortune-god-holding-ruyi-with-certificate-weigh-77-38-grams-70-47-11-8-mm-pendant35\/"},"modified":"2025-02-24T01:17:27","modified_gmt":"2025-02-23T17:17:27","slug":"premium-quality-lavender-and-green-natural-type-a-jadeite-pendant-necklace-crafted-with-big-fortune-god-holding-ruyi-with-certificate-weigh-77-38-grams-70-47-11-8-mm-pendant35","status":"publish","type":"product","link":"https:\/\/shop.yipinqian.com\/es\/producto\/premium-quality-lavender-and-green-natural-type-a-jadeite-pendant-necklace-crafted-with-big-fortune-god-holding-ruyi-with-certificate-weigh-77-38-grams-70-47-11-8-mm-pendant35\/","title":{"rendered":"Collar con colgante de jade\u00edta natural tipo A de calidad superior, color lavanda y verde, elaborado con Ruyi de la gran fortuna con certificado, pesa 77,38 gramos, 70 * 47 * 11,8 mm (colgante 35)"},"content":{"rendered":"<p>Este collar con colgante de jade\u00edta natural tipo A de calidad pr\u00e9mium en tonos lavanda y verde es un complemento perfecto para tu colecci\u00f3n de joyas. Este collar con colgante, elaborado con un dios de la fortuna sosteniendo un ruyi, no solo es un hermoso accesorio, sino que tambi\u00e9n tiene un significado simb\u00f3lico.<\/p>\n<ul>\n<li>\n<strong>Material de alta calidad:<\/strong> Fabricado con jade\u00edta natural tipo A, este collar colgante es de primera calidad.<\/li>\n<li>\n<strong>Certificado incluido:<\/strong> Este producto viene con un certificado de autenticidad que garantiza su naturaleza genuina.<\/li>\n<\/ul>\n<p><strong>N\u00fameros de certificado: GD2110H013563<\/strong><\/p>\n<p><img fetchpriority=\"high\" decoding=\"async\" height=\"1080\" src=\"https:\/\/shop.yipinqian.com\/wp-content\/uploads\/2024\/10\/c2c4a2d6aa2dc91e398b918b785fd925.jpg?from=476444299\" width=\"1080\"><\/p>\n<ul>\n<li>\n<strong>Estilo casual:<\/strong> El estilo casual del collar lo hace perfecto para el uso diario o como accesorio para complementar tu atuendo para cualquier ocasi\u00f3n.<\/li>\n<\/ul>\n<p><img decoding=\"async\" height=\"1080\" src=\"https:\/\/shop.yipinqian.com\/wp-content\/uploads\/2024\/10\/ca00fb66d8f2e37505a01667df7449f4.jpg?from=476444299\" width=\"1080\"><\/p>\n<p>Con un peso de 77,38 gramos y unas medidas de 70*47*11,8 mm (colgante 35), est\u00e1 dise\u00f1ado para ser visible y c\u00f3modo al mismo tiempo.<\/p>\n<ul>\n<li>\n<strong>La ocasi\u00f3n: <\/strong>\u00a1Este producto es ideal para el uso diario, lo que lo convierte en una excelente adici\u00f3n a tu colecci\u00f3n que podr\u00e1s usar en cualquier momento y en cualquier lugar que desees!<\/li>\n<\/ul>\n<p>Este collar colgante de jade\u00edta natural tipo A de color lavanda y verde de primera calidad est\u00e1 hecho en Myanmar y lleva la esencia de la cultura oriental en su dise\u00f1o, al mismo tiempo que es adecuado para los tiempos modernos.<\/p>\n<ul>\n<li>\n<strong>El g\u00e9nero: <\/strong>\u00a1Este producto es adecuado para el g\u00e9nero masculino, pero tambi\u00e9n puede ser usado por cualquier persona que ama los accesorios de joyer\u00eda \u00fanicos!<\/li>\n<\/ul>\n<p>\u00a1Reg\u00e1lese o regale a alguien especial esta exquisita pieza que nunca pasar\u00e1 de moda!<\/p>\n<p>\u00a0<\/p>\n<p>Yi Pin Qian \u2013 Comerciante de piedras preciosas y metales preciosos en Singapur \u2013 N\u00famero de licencia PS20190000031<\/p>\n<p>\u00a0<\/p>\n<p>*Todos los jade\u00edtas comprados a Yi Pin Qian en Singapur, los clientes pueden reservar espacios para pulirlos o hacer reparaciones menores por mal manejo; se aplican tarifas y solo para los clientes de Yi Pin Qian en Singapur*<\/p>\n<p>\u00a0<\/p>\n<p><strong>**Tipos de certificados**<\/strong><\/p>\n<p>\u00a0<\/p>\n<p><strong>NGI (Gemolog\u00eda Nan Yang)<\/strong><\/p>\n<p>o <strong>Certificados en el extranjero <\/strong>(Yi Pin Qian solo utiliza certificados aut\u00e9nticos de laboratorios extranjeros y tambi\u00e9n controla la calidad de cada uno de nuestros productos antes de ponerlos a la venta en SG)<\/p>\n<p>\u00a0<\/p>\n<p>Todos los productos de TikTok contar\u00e1n con el tipo de certificado que se indica en la descripci\u00f3n. Para cualquier cliente que desee enviar su pedido a NGI Singapur, habr\u00e1 un tiempo de espera para la entrega del pedido estimado de aproximadamente 4 semanas para recibirlo. <strong>Las solicitudes de informes de NGI Gemstone deben realizarse enviando un mensaje a la tienda TikTok de Yi Pin Qian.<\/strong> Gracias, <strong><u>Se aplican tarifas adicionales<\/u><\/strong>.<\/p>\n<p>\u00a0<\/p>\n<p><strong>La jade\u00edta natural no es perfecta, solo un peque\u00f1o recordatorio: nuestra jade\u00edta natural, como todas las cosas hermosas de la naturaleza, tiene sus caracter\u00edsticas y variaciones \u00fanicas. Invitamos a nuestros valiosos clientes a adoptar estas variaciones naturales. \u00a1Felices compras!<\/strong><\/p>\n<p>\u00a0<\/p>\n<p><strong><u>Ninguna de las fotograf\u00edas ni los v\u00eddeos han sido filtrados. Animamos a nuestros clientes a que vean tambi\u00e9n los v\u00eddeos adjuntos para tener una visi\u00f3n m\u00e1s completa de nuestros productos.<\/u><\/strong><\/p>","protected":false},"excerpt":{"rendered":"<p>Este collar con colgante de jade\u00edta natural tipo A de color lavanda y verde de primera calidad es una adici\u00f3n perfecta a su colecci\u00f3n de joyas. Elaborado con un gran dios de la fortuna sosteniendo a Ruyi, este collar colgante no solo es un hermoso accesorio, sino que tambi\u00e9n tiene un significado simb\u00f3lico. Material de alta calidad: elaborado con jade\u00edta natural tipo A, este collar colgante es de [\u2026]<\/p>","protected":false},"featured_media":7003,"comment_status":"open","ping_status":"closed","template":"","meta":[],"product_brand":[],"product_cat":[195],"product_tag":[],"class_list":{"0":"post-1677","1":"product","2":"type-product","3":"status-publish","4":"has-post-thumbnail","6":"product_cat-heirloom-grade","8":"first","9":"instock","10":"sale","11":"shipping-taxable","12":"purchasable","13":"product-type-simple"},"_links":{"self":[{"href":"https:\/\/shop.yipinqian.com\/es\/wp-json\/wp\/v2\/product\/1677","targetHints":{"allow":["GET"]}}],"collection":[{"href":"https:\/\/shop.yipinqian.com\/es\/wp-json\/wp\/v2\/product"}],"about":[{"href":"https:\/\/shop.yipinqian.com\/es\/wp-json\/wp\/v2\/types\/product"}],"replies":[{"embeddable":true,"href":"https:\/\/shop.yipinqian.com\/es\/wp-json\/wp\/v2\/comments?post=1677"}],"version-history":[{"count":0,"href":"https:\/\/shop.yipinqian.com\/es\/wp-json\/wp\/v2\/product\/1677\/revisions"}],"wp:featuredmedia":[{"embeddable":true,"href":"https:\/\/shop.yipinqian.com\/es\/wp-json\/wp\/v2\/media\/7003"}],"wp:attachment":[{"href":"https:\/\/shop.yipinqian.com\/es\/wp-json\/wp\/v2\/media?parent=1677"}],"wp:term":[{"taxonomy":"product_brand","embeddable":true,"href":"https:\/\/shop.yipinqian.com\/es\/wp-json\/wp\/v2\/product_brand?post=1677"},{"taxonomy":"product_cat","embeddable":true,"href":"https:\/\/shop.yipinqian.com\/es\/wp-json\/wp\/v2\/product_cat?post=1677"},{"taxonomy":"product_tag","embeddable":true,"href":"https:\/\/shop.yipinqian.com\/es\/wp-json\/wp\/v2\/product_tag?post=1677"}],"curies":[{"name":"wp","href":"https:\/\/api.w.org\/{rel}","templated":true}]}}