{"id":1674,"date":"2024-10-24T23:21:20","date_gmt":"2024-10-24T15:21:20","guid":{"rendered":"https:\/\/shop.yipinqian.com\/product\/premium-quality-icy-translucent-natural-type-a-jadeite-jade-crafted-as-fish-set-on-18k-gold-as-pendant-certificate-weighs-5-5-grams-measurement-35-7-28-2-9mm-18kp53\/"},"modified":"2025-02-24T01:17:27","modified_gmt":"2025-02-23T17:17:27","slug":"premium-quality-icy-translucent-natural-type-a-jadeite-jade-crafted-as-fish-set-on-18k-gold-as-pendant-certificate-weighs-5-5-grams-measurement-35-7-28-2-9mm-18kp53","status":"publish","type":"product","link":"https:\/\/shop.yipinqian.com\/es\/producto\/premium-quality-icy-translucent-natural-type-a-jadeite-jade-crafted-as-fish-set-on-18k-gold-as-pendant-certificate-weighs-5-5-grams-measurement-35-7-28-2-9mm-18kp53\/","title":{"rendered":"Jade\u00edta natural tipo A transl\u00facida helada de primera calidad elaborada en forma de pez engastada en oro de 18 k como colgante, certificado que pesa 5,5 gramos, medida 35,7 * 28,2 * 9 mm (18kp53)"},"content":{"rendered":"<p>Este colgante de jade\u00edta natural tipo A transl\u00facido helado de primera calidad es una impresionante pieza de joyer\u00eda que presenta la forma de un pez, meticulosamente elaborado y montado en oro de 18 k.<\/p>\n<p>\u00a0<\/p>\n<p>N\u00fameros de certificado: GD2110H014381<\/p>\n<p>Medida de jade\u00edta: 16,3 x 22,7 x 4,5 mm<\/p>\n<p>Diamantes: 46 * 0,003 quilates<\/p>\n<p>Oro de 18k Peso: 2,42 gramos<\/p>\n<p><img fetchpriority=\"high\" decoding=\"async\" height=\"1080\" src=\"https:\/\/shop.yipinqian.com\/wp-content\/uploads\/2024\/10\/43b321fd56113837097d3746d665f597.jpg?from=476444299\" width=\"1080\"><\/p>\n<p>Dise\u00f1o exquisito: el colgante muestra la belleza natural del jade con su apariencia transl\u00facida helada y su intrincada forma de pez.<\/p>\n<ul>\n<li>Materiales de alta calidad: elaborado con oro de 18 quilates, este colgante irradia lujo y elegancia.<\/li>\n<li>Certificado Incluido: Esta pieza viene con un certificado que verifica su autenticidad y calidad, con un peso de 5,5 gramos.<\/li>\n<\/ul>\n<p>Las medidas del colgante son 35,7 * 28,2 * 9 mm, lo que lo convierte en un accesorio llamativo pero usable para cualquier ocasi\u00f3n.<\/p>\n<ul>\n<li>Pa\u00eds de origen: Este colgante de jade jade\u00edta de primera calidad proviene de Myanmar, conocido por producir uno de los mejores jades del mundo.<\/li>\n<li>Atractivo unisex: con su dise\u00f1o vers\u00e1til, este colgante es adecuado para personas de cualquier g\u00e9nero que aprecian piezas de joyer\u00eda de alta calidad.<\/li>\n<\/ul>\n<p>Yi Pin Qian \u2013 Comerciante de piedras preciosas y metales preciosos en Singapur \u2013 N\u00famero de licencia PS20190000031<\/p>\n<p>\u00a0<\/p>\n<p>*Todos los jade\u00edtas comprados a Yi Pin Qian en Singapur, los clientes pueden reservar espacios para pulirlos o hacer reparaciones menores por mal manejo; se aplican tarifas y solo para los clientes de Yi Pin Qian en Singapur*<\/p>\n<p>\u00a0<\/p>\n<p><strong>**Tipos de certificados**<\/strong><\/p>\n<p>\u00a0<\/p>\n<p><strong>NGI (Gemolog\u00eda Nan Yang)<\/strong><\/p>\n<p>o <strong>Certificados en el extranjero <\/strong>(Yi Pin Qian solo utiliza certificados aut\u00e9nticos de laboratorios extranjeros y tambi\u00e9n controla la calidad de cada uno de nuestros productos antes de ponerlos a la venta en SG)<\/p>\n<p>\u00a0<\/p>\n<p>Todos los productos de TikTok contar\u00e1n con el tipo de certificado que se indica en la descripci\u00f3n. Para cualquier cliente que desee enviar su pedido a NGI Singapur, habr\u00e1 un tiempo de espera para la entrega del pedido estimado de aproximadamente 4 semanas para recibirlo. <strong>Las solicitudes de informes de NGI Gemstone deben realizarse enviando un mensaje a la tienda TikTok de Yi Pin Qian.<\/strong> Gracias, <strong><u>Se aplican tarifas adicionales<\/u><\/strong>.<\/p>\n<p>\u00a0<\/p>\n<p><strong>La jade\u00edta natural no es perfecta, solo un peque\u00f1o recordatorio: nuestra jade\u00edta natural, como todas las cosas hermosas de la naturaleza, tiene sus caracter\u00edsticas y variaciones \u00fanicas. Invitamos a nuestros valiosos clientes a adoptar estas variaciones naturales. \u00a1Felices compras!<\/strong><\/p>\n<p>\u00a0<\/p>\n<p><strong><u>Ninguna de las fotograf\u00edas ni los v\u00eddeos han sido filtrados. Animamos a nuestros clientes a que vean tambi\u00e9n los v\u00eddeos adjuntos para tener una visi\u00f3n m\u00e1s completa de nuestros productos.<\/u><\/strong><\/p>","protected":false},"excerpt":{"rendered":"<p>Este colgante de jade\u00edta natural transl\u00facido de tipo A de primera calidad es una impresionante pieza de joyer\u00eda que presenta la forma de un pez, meticulosamente elaborada y montada en oro de 18 k. N\u00fameros de certificado: GD2110H014381 Medida de la jade\u00edta: 16,3 * 22,7 * 4,5 mm Diamantes: 46 * 0,003 quilates Peso del oro de 18 k: 2,42 gramos Dise\u00f1o exquisito: El [\u2026]<\/p>","protected":false},"featured_media":6962,"comment_status":"open","ping_status":"closed","template":"","meta":[],"product_brand":[],"product_cat":[195],"product_tag":[],"class_list":{"0":"post-1674","1":"product","2":"type-product","3":"status-publish","4":"has-post-thumbnail","6":"product_cat-heirloom-grade","8":"first","9":"instock","10":"sale","11":"shipping-taxable","12":"purchasable","13":"product-type-simple"},"_links":{"self":[{"href":"https:\/\/shop.yipinqian.com\/es\/wp-json\/wp\/v2\/product\/1674","targetHints":{"allow":["GET"]}}],"collection":[{"href":"https:\/\/shop.yipinqian.com\/es\/wp-json\/wp\/v2\/product"}],"about":[{"href":"https:\/\/shop.yipinqian.com\/es\/wp-json\/wp\/v2\/types\/product"}],"replies":[{"embeddable":true,"href":"https:\/\/shop.yipinqian.com\/es\/wp-json\/wp\/v2\/comments?post=1674"}],"version-history":[{"count":0,"href":"https:\/\/shop.yipinqian.com\/es\/wp-json\/wp\/v2\/product\/1674\/revisions"}],"wp:featuredmedia":[{"embeddable":true,"href":"https:\/\/shop.yipinqian.com\/es\/wp-json\/wp\/v2\/media\/6962"}],"wp:attachment":[{"href":"https:\/\/shop.yipinqian.com\/es\/wp-json\/wp\/v2\/media?parent=1674"}],"wp:term":[{"taxonomy":"product_brand","embeddable":true,"href":"https:\/\/shop.yipinqian.com\/es\/wp-json\/wp\/v2\/product_brand?post=1674"},{"taxonomy":"product_cat","embeddable":true,"href":"https:\/\/shop.yipinqian.com\/es\/wp-json\/wp\/v2\/product_cat?post=1674"},{"taxonomy":"product_tag","embeddable":true,"href":"https:\/\/shop.yipinqian.com\/es\/wp-json\/wp\/v2\/product_tag?post=1674"}],"curies":[{"name":"wp","href":"https:\/\/api.w.org\/{rel}","templated":true}]}}