{"id":1673,"date":"2024-10-24T23:21:19","date_gmt":"2024-10-24T15:21:19","guid":{"rendered":"https:\/\/shop.yipinqian.com\/product\/premium-quality-icy-translucent-light-green-hue-natural-type-a-jadeite-jade-crafted-as-leaf-set-on-18k-gold-as-pendant-certificate-weighs-5-07-grams-measurement-40-5-18-7-5-mm-18kp42\/"},"modified":"2025-02-24T01:17:27","modified_gmt":"2025-02-23T17:17:27","slug":"premium-quality-icy-translucent-light-green-hue-natural-type-a-jadeite-jade-crafted-as-leaf-set-on-18k-gold-as-pendant-certificate-weighs-5-07-grams-measurement-40-5-18-7-5-mm-18kp42","status":"publish","type":"product","link":"https:\/\/shop.yipinqian.com\/es\/producto\/premium-quality-icy-translucent-light-green-hue-natural-type-a-jadeite-jade-crafted-as-leaf-set-on-18k-gold-as-pendant-certificate-weighs-5-07-grams-measurement-40-5-18-7-5-mm-18kp42\/","title":{"rendered":"Jade\u00edta natural tipo A de tono verde claro transl\u00facido helado de calidad superior elaborado como hoja engastada en oro de 18 k como colgante, certificado que pesa 5,07 gramos, medida 40,5 * 18 * 7,5 mm (18kp42)"},"content":{"rendered":"<p>Este colgante de primera calidad presenta jade\u00edta natural tipo A de tono verde claro transl\u00facido helado elaborado en forma de hoja y montado en oro de 18k. Viene con un certificado y pesa 5,07 gramos, con medidas de 40,5 * 18 * 7,5 mm.<\/p>\n<p><\/p>\n<p>Medida de la hoja de jade\u00edta: 28,3 x 18 x 4,7 mm<\/p>\n<p>N\u00fameros de certificado: GD2204H015347<\/p>\n<p>El oro de 18 quilates pesa 1,6 gramos.<\/p>\n<p>Diamantes: 13 * 0,003 quilates<\/p>\n<p><\/p>\n<ul>\n<li>\n<strong>Material:<\/strong> Jade\u00edta natural tipo A, diamante (material secundario), oro de quilates (material de engaste)<\/li>\n<li>\n<strong>Origen:<\/strong> Birmania<\/li>\n<li>\n<strong>Ocasi\u00f3n:<\/strong> A diario<\/li>\n<li>\n<strong>Tipo de jade:<\/strong> Jade\u00edta<\/li>\n<li>\n<strong>G\u00e9nero:<\/strong> Este colgante, de elegante dise\u00f1o y que irradia sofisticaci\u00f3n, es perfecto para el uso diario tanto de hombres como de mujeres. Agregue un toque de lujo a su colecci\u00f3n de joyas con esta exquisita pieza que muestra la belleza del jade\u00edta natural y la artesan\u00eda del engarce en oro.<\/li>\n<\/ul>\n<p>Yi Pin Qian \u2013 Comerciante de piedras preciosas y metales preciosos en Singapur \u2013 N\u00famero de licencia PS20190000031<\/p>\n<p><\/p>\n<p>*Todos los jade\u00edtas comprados a Yi Pin Qian en Singapur, los clientes pueden reservar espacios para pulirlos o hacer reparaciones menores por mal manejo; se aplican tarifas y solo para los clientes de Yi Pin Qian en Singapur*<\/p>\n<p><\/p>\n<p><strong>**Tipos de certificados**<\/strong><\/p>\n<p><\/p>\n<p><strong>NGI (Gemolog\u00eda Nan Yang)<\/strong><\/p>\n<p>o <strong>Certificados en el extranjero <\/strong>(Yi Pin Qian solo utiliza certificados aut\u00e9nticos de laboratorios extranjeros y tambi\u00e9n controla la calidad de cada uno de nuestros productos antes de ponerlos a la venta en SG)<\/p>\n<p><\/p>\n<p>Todos los productos de TikTok contar\u00e1n con el tipo de certificado que se indica en la descripci\u00f3n. Para cualquier cliente que desee enviar su pedido a NGI Singapur, habr\u00e1 un tiempo de espera para la entrega del pedido estimado de aproximadamente 4 semanas para recibirlo. <strong>Las solicitudes de informes de NGI Gemstone deben realizarse enviando un mensaje a la tienda TikTok de Yi Pin Qian.<\/strong> Gracias, <strong><u>Se aplican tarifas adicionales<\/u><\/strong>.<\/p>\n<p><\/p>\n<p><strong>La jade\u00edta natural no es perfecta, solo un peque\u00f1o recordatorio: nuestra jade\u00edta natural, como todas las cosas hermosas de la naturaleza, tiene sus caracter\u00edsticas y variaciones \u00fanicas. Invitamos a nuestros valiosos clientes a adoptar estas variaciones naturales. \u00a1Felices compras!<\/strong><\/p>\n<p><\/p>\n<p><strong><u>Ninguna de las fotograf\u00edas ni los v\u00eddeos han sido filtrados. Animamos a nuestros clientes a que vean tambi\u00e9n los v\u00eddeos adjuntos para tener una visi\u00f3n m\u00e1s completa de nuestros productos.<\/u><\/strong><\/p>","protected":false},"excerpt":{"rendered":"<p>This premium quality pendant features icy translucent light green hue natural Type A jadeite jade crafted as a leaf and set on 18k gold. It comes with a certificate and weighs 5.07 grams, with measurements of 40.5 * 18 * 7.5 mm. Leaf Jadeite measurement: 28.3 * 18 * 4.7 mm Certificate numbers: GD2204H015347 18k [&hellip;]<\/p>","protected":false},"featured_media":6943,"comment_status":"open","ping_status":"closed","template":"","meta":[],"product_brand":[],"product_cat":[195],"product_tag":[],"class_list":{"0":"post-1673","1":"product","2":"type-product","3":"status-publish","4":"has-post-thumbnail","6":"product_cat-heirloom-grade","8":"first","9":"instock","10":"sale","11":"shipping-taxable","12":"purchasable","13":"product-type-simple"},"_links":{"self":[{"href":"https:\/\/shop.yipinqian.com\/es\/wp-json\/wp\/v2\/product\/1673","targetHints":{"allow":["GET"]}}],"collection":[{"href":"https:\/\/shop.yipinqian.com\/es\/wp-json\/wp\/v2\/product"}],"about":[{"href":"https:\/\/shop.yipinqian.com\/es\/wp-json\/wp\/v2\/types\/product"}],"replies":[{"embeddable":true,"href":"https:\/\/shop.yipinqian.com\/es\/wp-json\/wp\/v2\/comments?post=1673"}],"version-history":[{"count":0,"href":"https:\/\/shop.yipinqian.com\/es\/wp-json\/wp\/v2\/product\/1673\/revisions"}],"wp:featuredmedia":[{"embeddable":true,"href":"https:\/\/shop.yipinqian.com\/es\/wp-json\/wp\/v2\/media\/6943"}],"wp:attachment":[{"href":"https:\/\/shop.yipinqian.com\/es\/wp-json\/wp\/v2\/media?parent=1673"}],"wp:term":[{"taxonomy":"product_brand","embeddable":true,"href":"https:\/\/shop.yipinqian.com\/es\/wp-json\/wp\/v2\/product_brand?post=1673"},{"taxonomy":"product_cat","embeddable":true,"href":"https:\/\/shop.yipinqian.com\/es\/wp-json\/wp\/v2\/product_cat?post=1673"},{"taxonomy":"product_tag","embeddable":true,"href":"https:\/\/shop.yipinqian.com\/es\/wp-json\/wp\/v2\/product_tag?post=1673"}],"curies":[{"name":"wp","href":"https:\/\/api.w.org\/{rel}","templated":true}]}}