{"id":1671,"date":"2024-10-24T23:21:19","date_gmt":"2024-10-24T15:21:19","guid":{"rendered":"https:\/\/shop.yipinqian.com\/product\/premium-quality-icy-translucent-green-with-green-patches-natural-type-a-jadeite-jade-crafted-with-squirrel-and-ruyi-as-pendant-certificate-weigh-17-83-grams-measurement-49-3-21-9-3-mm-pendant225\/"},"modified":"2025-02-24T01:17:27","modified_gmt":"2025-02-23T17:17:27","slug":"premium-quality-icy-translucent-green-with-green-patches-natural-type-a-jadeite-jade-crafted-with-squirrel-and-ruyi-as-pendant-certificate-weigh-17-83-grams-measurement-49-3-21-9-3-mm-pendant225","status":"publish","type":"product","link":"https:\/\/shop.yipinqian.com\/es\/producto\/premium-quality-icy-translucent-green-with-green-patches-natural-type-a-jadeite-jade-crafted-with-squirrel-and-ruyi-as-pendant-certificate-weigh-17-83-grams-measurement-49-3-21-9-3-mm-pendant225\/","title":{"rendered":"Colgante de jade\u00edta natural tipo A de color verde transl\u00facido helado de primera calidad con manchas verdes elaborado con ardilla y ruyi, certificado con un peso de 17,83 gramos y una medida de 49,3 x 21 x 9,3 mm (colgante 225)"},"content":{"rendered":"<p>Mejore su colecci\u00f3n de joyas con este exquisito colgante de jade\u00edta natural tipo A de color verde transl\u00facido helado con manchas verdes de primera calidad de Myanmar.<\/p>\n<p>\u00a0<\/p>\n<p>N\u00fameros de certificado: GD2205H014641<\/p>\n<p><img fetchpriority=\"high\" decoding=\"async\" height=\"1080\" src=\"https:\/\/shop.yipinqian.com\/wp-content\/uploads\/2024\/10\/0eb51192059cf6f12c6e750bfbb1c122.jpg?from=476444299\" width=\"1080\"><\/p>\n<ul>\n<li>\n<strong>Dise\u00f1o impresionante:<\/strong> Este colgante est\u00e1 bellamente elaborado con la forma de una ardilla sosteniendo un Ruyi, que simboliza buena suerte y fortuna.<\/li>\n<li>\n<strong>Jade\u00edta natural tipo A:<\/strong> Hecho de jade\u00edta natural tipo A de la m\u00e1s alta calidad, este colgante es duradero y elegante.<\/li>\n<\/ul>\n<p>Con un peso de 17,83 gramos y unas medidas de 49,3 x 21 x 9,3 mm, este collar es perfecto para el uso diario con su estilo casual.<\/p>\n<ul>\n<li>\n<strong>Certificado incluido:<\/strong> Este colgante viene con un certificado de autenticidad para su tranquilidad.<\/li>\n<li>\n<strong>No incluye garant\u00eda:<\/strong> Si bien no se incluye garant\u00eda, puede estar seguro de la calidad de su compra debido a su artesan\u00eda de primera calidad.<\/li>\n<\/ul>\n<p>A\u00f1ade un poco de elegancia atemporal a cualquier atuendo con este impresionante collar de jade: \u00a1perfecto para cualquier ocasi\u00f3n!<\/p>\n<p>\u00a0<\/p>\n<p>Yi Pin Qian \u2013 Comerciante de piedras preciosas y metales preciosos en Singapur \u2013 N\u00famero de licencia PS20190000031<\/p>\n<p>\u00a0<\/p>\n<p>*Todos los jade\u00edtas comprados a Yi Pin Qian en Singapur, los clientes pueden reservar espacios para pulirlos o hacer reparaciones menores por mal manejo; se aplican tarifas y solo para los clientes de Yi Pin Qian en Singapur*<\/p>\n<p>\u00a0<\/p>\n<p><strong>**Tipos de certificados**<\/strong><\/p>\n<p>\u00a0<\/p>\n<p><strong>NGI (Gemolog\u00eda Nan Yang)<\/strong><\/p>\n<p>o <strong>Certificados en el extranjero <\/strong>(Yi Pin Qian solo utiliza certificados aut\u00e9nticos de laboratorios extranjeros y tambi\u00e9n controla la calidad de cada uno de nuestros productos antes de ponerlos a la venta en SG)<\/p>\n<p>\u00a0<\/p>\n<p>Todos los productos de TikTok contar\u00e1n con el tipo de certificado que se indica en la descripci\u00f3n. Para cualquier cliente que desee enviar su pedido a NGI Singapur, habr\u00e1 un tiempo de espera para la entrega del pedido estimado de aproximadamente 4 semanas para recibirlo. <strong>Las solicitudes de informes de NGI Gemstone deben realizarse enviando un mensaje a la tienda TikTok de Yi Pin Qian.<\/strong> Gracias, <strong><u>Se aplican tarifas adicionales<\/u><\/strong>.<\/p>\n<p>\u00a0<\/p>\n<p><strong>La jade\u00edta natural no es perfecta, solo un peque\u00f1o recordatorio: nuestra jade\u00edta natural, como todas las cosas hermosas de la naturaleza, tiene sus caracter\u00edsticas y variaciones \u00fanicas. Invitamos a nuestros valiosos clientes a adoptar estas variaciones naturales. \u00a1Felices compras!<\/strong><\/p>\n<p>\u00a0<\/p>\n<p><strong><u>Ninguna de las fotograf\u00edas ni los v\u00eddeos han sido filtrados. Animamos a nuestros clientes a que vean tambi\u00e9n los v\u00eddeos adjuntos para tener una visi\u00f3n m\u00e1s completa de nuestros productos.<\/u><\/strong><\/p>","protected":false},"excerpt":{"rendered":"<p>Elevate your jewelry collection with this exquisite Premium Quality Icy Translucent Green with Green Patches Natural Type A Jadeite Jade pendant from Myanmar. \u00a0 Certificate numbers: GD2205H014641 Stunning Design: This pendant is beautifully crafted in the shape of a squirrel holding a Ruyi, symbolizing good luck and fortune. Natural Type A Jadeite: Made from the [&hellip;]<\/p>","protected":false},"featured_media":6935,"comment_status":"open","ping_status":"closed","template":"","meta":[],"product_brand":[],"product_cat":[195],"product_tag":[],"class_list":{"0":"post-1671","1":"product","2":"type-product","3":"status-publish","4":"has-post-thumbnail","6":"product_cat-heirloom-grade","8":"first","9":"instock","10":"sale","11":"shipping-taxable","12":"purchasable","13":"product-type-simple"},"_links":{"self":[{"href":"https:\/\/shop.yipinqian.com\/es\/wp-json\/wp\/v2\/product\/1671","targetHints":{"allow":["GET"]}}],"collection":[{"href":"https:\/\/shop.yipinqian.com\/es\/wp-json\/wp\/v2\/product"}],"about":[{"href":"https:\/\/shop.yipinqian.com\/es\/wp-json\/wp\/v2\/types\/product"}],"replies":[{"embeddable":true,"href":"https:\/\/shop.yipinqian.com\/es\/wp-json\/wp\/v2\/comments?post=1671"}],"version-history":[{"count":0,"href":"https:\/\/shop.yipinqian.com\/es\/wp-json\/wp\/v2\/product\/1671\/revisions"}],"wp:featuredmedia":[{"embeddable":true,"href":"https:\/\/shop.yipinqian.com\/es\/wp-json\/wp\/v2\/media\/6935"}],"wp:attachment":[{"href":"https:\/\/shop.yipinqian.com\/es\/wp-json\/wp\/v2\/media?parent=1671"}],"wp:term":[{"taxonomy":"product_brand","embeddable":true,"href":"https:\/\/shop.yipinqian.com\/es\/wp-json\/wp\/v2\/product_brand?post=1671"},{"taxonomy":"product_cat","embeddable":true,"href":"https:\/\/shop.yipinqian.com\/es\/wp-json\/wp\/v2\/product_cat?post=1671"},{"taxonomy":"product_tag","embeddable":true,"href":"https:\/\/shop.yipinqian.com\/es\/wp-json\/wp\/v2\/product_tag?post=1671"}],"curies":[{"name":"wp","href":"https:\/\/api.w.org\/{rel}","templated":true}]}}