{"id":1668,"date":"2024-10-24T23:21:16","date_gmt":"2024-10-24T15:21:16","guid":{"rendered":"https:\/\/shop.yipinqian.com\/product\/premium-quality-icy-light-green-with-patches-natural-type-a-jadeite-jade-crafted-as-leaf-set-on-18k-gold-with-1-green-cabochon-and-diamonds-certificate-included-weigh-4-36-grams-measurement-35-3-22-8\/"},"modified":"2025-02-24T01:17:27","modified_gmt":"2025-02-23T17:17:27","slug":"premium-quality-icy-light-green-with-patches-natural-type-a-jadeite-jade-crafted-as-leaf-set-on-18k-gold-with-1-green-cabochon-and-diamonds-certificate-included-weigh-4-36-grams-measurement-35-3-22-8","status":"publish","type":"product","link":"https:\/\/shop.yipinqian.com\/es\/producto\/premium-quality-icy-light-green-with-patches-natural-type-a-jadeite-jade-crafted-as-leaf-set-on-18k-gold-with-1-green-cabochon-and-diamonds-certificate-included-weigh-4-36-grams-measurement-35-3-22-8\/","title":{"rendered":"Jade\u00edta natural tipo A de color verde claro helado de primera calidad con parches, elaborado como hoja engastada en oro de 18 k con 1 cabuj\u00f3n verde y diamantes, certificado incluido, pesa 4,36 gramos, medida 35,3 * 22 * 8,2 mm (18kp25)"},"content":{"rendered":"<p>Este collar de jade\u00edta natural tipo A de color verde claro helado de primera calidad con parches es una exquisita pieza de joyer\u00eda que agregar\u00e1 elegancia a cualquier atuendo. El colgante en forma de hoja est\u00e1 bellamente elaborado en oro de 18 k y cuenta con 1 cabuj\u00f3n verde y diamantes, lo que le agrega un toque de brillo a la pieza.<\/p>\n<p>\u00a0<\/p>\n<p>N\u00fameros de certificado: ZS22120501362<\/p>\n<p>\u00a0<\/p>\n<p>Diamantes: 55*<em> 0,003(FF) = 0,165 quilates \/ 1 *<\/em> 0,08(FF)quilates<\/p>\n<p>Rub\u00edes rojos: 7*<em> 0.003 \/ 5 *<\/em> 0.005<\/p>\n<p>18 Oro Peso: 3,41 gramos<\/p>\n<p>Cabuj\u00f3n verde * 1<\/p>\n<p>Peso de la jade\u00edta: 0,88 gramos (medida: 20,1 <em> 9.6 <\/em> 3,1 mm)<\/p>\n<p>Medida total del tama\u00f1o: 35,3 x 22 x 8,2 mm<\/p>\n<p>\u00a0<\/p>\n<p><img fetchpriority=\"high\" decoding=\"async\" height=\"1080\" src=\"https:\/\/shop.yipinqian.com\/wp-content\/uploads\/2024\/10\/5d51c35bc70cf8c41217f6283b032cf6.jpg?from=476444299\" width=\"1080\"><\/p>\n<ul>\n<li>\n<strong>Material de alta calidad:<\/strong> Elaborado a partir de jade\u00edta natural tipo A, este collar pesa <strong>4,36 gramos<\/strong> y tiene una Medida (18kp25).<\/li>\n<li>\n<strong>Certificado incluido:<\/strong> Este collar viene con un Certificado, asegurando su autenticidad.<\/li>\n<li>\n<strong>Dise\u00f1o elegante:<\/strong> El colgante en forma de hoja a\u00f1ade un toque elegante al dise\u00f1o haci\u00e9ndolo perfecto para cualquier ocasi\u00f3n formal.<\/li>\n<\/ul>\n<p>El material secundario de este collar es diamante, mientras que el material del engaste es oro PT\/quilate. Este producto es originario de Myanmar, lo que le aporta autenticidad y singularidad. Est\u00e1 dise\u00f1ado como unisex, lo que lo hace perfecto tanto para hombres como para mujeres que aprecian las piezas de joyer\u00eda fina.<\/p>\n<p>Si est\u00e1 buscando un collar de jade elegante pero \u00fanico que lo har\u00e1 destacar en cualquier evento o reuni\u00f3n formal, entonces este collar de oro de 18 k con diamantes y certificado incluido con hoja de jade\u00edta tipo A natural de calidad superior en color verde claro helado con parches podr\u00eda ser justo lo que est\u00e1s buscando.<\/p>\n<p>\u00a0<\/p>\n<p>Yi Pin Qian \u2013 Comerciante de piedras preciosas y metales preciosos en Singapur \u2013 N\u00famero de licencia PS20190000031<\/p>\n<p>\u00a0<\/p>\n<p>*Todos los jade\u00edtas comprados a Yi Pin Qian en Singapur, los clientes pueden reservar espacios para pulirlos o hacer reparaciones menores por mal manejo; se aplican tarifas y solo para los clientes de Yi Pin Qian en Singapur*<\/p>\n<p>\u00a0<\/p>\n<p><strong>**Tipos de certificados**<\/strong><\/p>\n<p>\u00a0<\/p>\n<p><strong>NGI (Gemolog\u00eda Nan Yang)<\/strong><\/p>\n<p>o <strong>Certificados en el extranjero <\/strong>(Yi Pin Qian solo utiliza certificados aut\u00e9nticos de laboratorios extranjeros y tambi\u00e9n controla la calidad de cada uno de nuestros productos antes de ponerlos a la venta en SG)<\/p>\n<p>\u00a0<\/p>\n<p>Todos los productos de TikTok contar\u00e1n con el tipo de certificado que se indica en la descripci\u00f3n. Para cualquier cliente que desee enviar su pedido a NGI Singapur, habr\u00e1 un tiempo de espera para la entrega del pedido estimado de aproximadamente 4 semanas para recibirlo. <strong>Las solicitudes de informes de NGI Gemstone deben realizarse enviando un mensaje a la tienda TikTok de Yi Pin Qian.<\/strong> Gracias, <strong><u>Se aplican tarifas adicionales<\/u><\/strong>.<\/p>\n<p>\u00a0<\/p>\n<p><strong>La jade\u00edta natural no es perfecta, solo un peque\u00f1o recordatorio: nuestra jade\u00edta natural, como todas las cosas hermosas de la naturaleza, tiene sus caracter\u00edsticas y variaciones \u00fanicas. Invitamos a nuestros valiosos clientes a adoptar estas variaciones naturales. \u00a1Felices compras!<\/strong><\/p>\n<p>\u00a0<\/p>\n<p><strong><u>Ninguna de las fotograf\u00edas ni los v\u00eddeos han sido filtrados. Animamos a nuestros clientes a que vean tambi\u00e9n los v\u00eddeos adjuntos para tener una visi\u00f3n m\u00e1s completa de nuestros productos.<\/u><\/strong><\/p>","protected":false},"excerpt":{"rendered":"<p>This Premium Quality Icy light green with patches Natural Type A Jadeite Jade necklace is an exquisite piece of jewelry that will add elegance to any outfit. The leaf-shaped pendant is beautifully crafted from 18k Gold and features 1 Green Cabochon and Diamonds, adding a touch of sparkle to the piece. \u00a0 Certificate numbers: ZS22120501362 [&hellip;]<\/p>","protected":false},"featured_media":6912,"comment_status":"open","ping_status":"closed","template":"","meta":[],"product_brand":[],"product_cat":[195],"product_tag":[],"class_list":{"0":"post-1668","1":"product","2":"type-product","3":"status-publish","4":"has-post-thumbnail","6":"product_cat-heirloom-grade","8":"first","9":"instock","10":"sale","11":"shipping-taxable","12":"purchasable","13":"product-type-simple"},"_links":{"self":[{"href":"https:\/\/shop.yipinqian.com\/es\/wp-json\/wp\/v2\/product\/1668","targetHints":{"allow":["GET"]}}],"collection":[{"href":"https:\/\/shop.yipinqian.com\/es\/wp-json\/wp\/v2\/product"}],"about":[{"href":"https:\/\/shop.yipinqian.com\/es\/wp-json\/wp\/v2\/types\/product"}],"replies":[{"embeddable":true,"href":"https:\/\/shop.yipinqian.com\/es\/wp-json\/wp\/v2\/comments?post=1668"}],"version-history":[{"count":0,"href":"https:\/\/shop.yipinqian.com\/es\/wp-json\/wp\/v2\/product\/1668\/revisions"}],"wp:featuredmedia":[{"embeddable":true,"href":"https:\/\/shop.yipinqian.com\/es\/wp-json\/wp\/v2\/media\/6912"}],"wp:attachment":[{"href":"https:\/\/shop.yipinqian.com\/es\/wp-json\/wp\/v2\/media?parent=1668"}],"wp:term":[{"taxonomy":"product_brand","embeddable":true,"href":"https:\/\/shop.yipinqian.com\/es\/wp-json\/wp\/v2\/product_brand?post=1668"},{"taxonomy":"product_cat","embeddable":true,"href":"https:\/\/shop.yipinqian.com\/es\/wp-json\/wp\/v2\/product_cat?post=1668"},{"taxonomy":"product_tag","embeddable":true,"href":"https:\/\/shop.yipinqian.com\/es\/wp-json\/wp\/v2\/product_tag?post=1668"}],"curies":[{"name":"wp","href":"https:\/\/api.w.org\/{rel}","templated":true}]}}