{"id":1665,"date":"2024-10-24T23:21:16","date_gmt":"2024-10-24T15:21:16","guid":{"rendered":"https:\/\/shop.yipinqian.com\/product\/premium-quality-6-icy-and-5-green-natural-type-a-jadeite-jade-crafted-as-cabochons-set-on-18k-gold-as-bracelet-chain-with-certificate-weigh-4-03-grams-measurement-see-description-18kpw3\/"},"modified":"2025-02-24T01:17:27","modified_gmt":"2025-02-23T17:17:27","slug":"premium-quality-6-icy-and-5-green-natural-type-a-jadeite-jade-crafted-as-cabochons-set-on-18k-gold-as-bracelet-chain-with-certificate-weigh-4-03-grams-measurement-see-description-18kpw3","status":"publish","type":"product","link":"https:\/\/shop.yipinqian.com\/es\/producto\/premium-quality-6-icy-and-5-green-natural-type-a-jadeite-jade-crafted-as-cabochons-set-on-18k-gold-as-bracelet-chain-with-certificate-weigh-4-03-grams-measurement-see-description-18kpw3\/","title":{"rendered":"6 jade\u00edtas naturales tipo A heladas y 5 verdes de primera calidad elaborados como cabujones engastados en oro de 18 k como cadena de pulsera con certificado que pesa 4,03 gramos, medida: consulte la descripci\u00f3n (18 kpw3)"},"content":{"rendered":"<article class=\"lzd-article\" style=\"white-space: break-spaces;\">\n<p style=\"line-height: 1.7;text-align: left;text-indent: 0;margin-left: 0;margin-top: 0;margin-bottom: 0;\"><span>Disfrute de la calidad superior de esta pulsera de jade\u00edta hecha con 6 cabujones naturales helados y 5 verdes, colocados en una lujosa cadena de oro de 18 k.<\/span><\/p>\n<p style=\"line-height: 1.7;text-align: left;text-indent: 0;margin-left: 0;margin-top: 0;margin-bottom: 0;\"><span><\/span><\/p>\n<p style=\"line-height: 1.7;text-align: left;text-indent: 0;margin-left: 0;margin-top: 0;margin-bottom: 0;\"><span>N\u00fameros de certificado: GD2110H010863<\/span><\/p>\n<p style=\"line-height: 1.7;text-align: left;text-indent: 0;margin-left: 0;margin-top: 0;margin-bottom: 0;\"><span><\/span><\/p>\n<p style=\"line-height: 1.7;text-align: left;text-indent: 0;margin-left: 0;margin-top: 0;margin-bottom: 0;\"><span style=\"font-weight: bold;\">6 Cabujones helados:<\/span><span> 7,6 x 4,5 x 2,9 mm, 7,2 x 4,5 x 3,4 mm, 7 x 4,8 x 3,3 mm, 7,3 x 5,3 x 3,6 mm, 6,7 x 4,7 x 3,1 mm, 6,7 x 4,3 x 2,6 mm<\/span><\/p>\n<p style=\"line-height: 1.7;text-align: left;text-indent: 0;margin-left: 0;margin-top: 0;margin-bottom: 0;\"><span><\/span><\/p>\n<p style=\"line-height: 1.7;text-align: left;text-indent: 0;margin-left: 0;margin-top: 0;margin-bottom: 0;\"><span style=\"font-weight: bold;\">5 cabujones verdes:<\/span><span> 3,6 x 2 mm, 3,9 x 2,1 mm, 4,2 x 2 mm, 3,8 x 2 mm<\/span><\/p>\n<p style=\"line-height: 1.7;text-align: left;text-indent: 0;margin-left: 0;margin-top: 0;margin-bottom: 0;\"><span><\/span><\/p>\n<p style=\"line-height: 1.7;text-align: left;text-indent: 0;margin-left: 0;margin-top: 0;margin-bottom: 0;\"><span style=\"font-weight: bold;\">Peso del oro de 18 quilates: <\/span><span>3,01 gramos<\/span><\/p>\n<p style=\"line-height: 1.7;text-align: left;text-indent: 0;margin-left: 0;margin-top: 0;margin-bottom: 0;\"><span><\/span><\/p>\n<p style=\"line-height: 1.7;text-align: left;text-indent: 0;margin-left: 0;margin-top: 0;margin-bottom: 0;\"><span style=\"font-weight: bold;\">Diamantes:<\/span><span> 78 * 0,003 = 0,234 quilates<\/span><\/p>\n<p style=\"line-height: 1.7;text-align: left;text-indent: 0;margin-left: 0;margin-top: 0;margin-bottom: 0;\"><span><\/span><\/p>\n<ul>\n<li>\n<div style=\"line-height: 1.7;text-align: left;text-indent: 0;\"><span>Autenticidad garantizada: con un certificado incluido, puedes confiar en que esta pulsera de jade es de la m\u00e1s alta calidad.<\/span><\/div>\n<\/li>\n<li>\n<div style=\"line-height: 1.7;text-align: left;text-indent: 0;\"><span>Dise\u00f1o elegante: el intrincado engaste de cabuj\u00f3n en la cadena de oro lo convierte en una impresionante pieza de joyer\u00eda.<\/span><\/div>\n<\/li>\n<li>\n<div style=\"line-height: 1.7;text-align: left;text-indent: 0;\"><span>Construcci\u00f3n duradera: con un peso de 4,03 gramos, esta pulsera de jade est\u00e1 dise\u00f1ada para durar y soportar el uso diario.<\/span><\/div>\n<\/li>\n<\/ul>\n<p style=\"line-height: 1.7;text-align: left;text-indent: 0;margin-left: 0;margin-top: 0;margin-bottom: 0;\"><span>Este exquisito accesorio de joyer\u00eda es perfecto para cualquier ocasi\u00f3n y agregar\u00e1 un toque elegante a tu atuendo.<\/span><\/p>\n<ul>\n<li>\n<div style=\"line-height: 1.7;text-align: left;text-indent: 0;\"><span>Fabricado con los mejores materiales: el material secundario utilizado en la elaboraci\u00f3n de esta obra maestra son diamantes, mientras que tanto PT\/Carat Gold se utilizaron como materiales de montaje.<\/span><\/div>\n<\/li>\n<li>\n<div style=\"line-height: 1.7;text-align: left;text-indent: 0;\"><span>.<\/span><\/div>\n<\/li>\n<li>\n<div style=\"line-height: 1.7;text-align: left;text-indent: 0;\"><span>Fabricado con orgullo por los mejores artesanos de Myanmar, lo que garantiza una pieza aut\u00e9ntica que durar\u00e1 muchos a\u00f1os.<\/span><\/div>\n<\/li>\n<li>\n<div style=\"line-height: 1.7;text-align: left;text-indent: 0;\"><span>\u00a1El regalo perfecto para cualquier mujer que aprecie la joyer\u00eda fina! Est\u00e1 dise\u00f1ado como un tipo de pulsera que se adapta perfectamente a la mu\u00f1eca de cualquier mujer. \u00a1Invierta en usted o regale a alguien especial un accesorio que atesorar\u00e1 por siempre!<\/span><\/div>\n<\/li>\n<\/ul>\n<p style=\"line-height: 1.7;text-align: left;text-indent: 0;margin-left: 0;margin-top: 0;margin-bottom: 0;\"><span>Yi Pin Qian \u2013 Comerciante de piedras preciosas y metales preciosos en Singapur \u2013 N\u00famero de licencia PS20190000031<\/span><\/p>\n<p style=\"line-height: 1.7;text-align: left;text-indent: 0;margin-left: 0;margin-top: 0;margin-bottom: 0;\"><span><\/span><\/p>\n<p style=\"line-height: 1.7;text-align: left;text-indent: 0;margin-left: 0;margin-top: 0;margin-bottom: 0;\"><span>*Todos los jade\u00edtas comprados a Yi Pin Qian en Singapur, los clientes pueden reservar espacios para pulirlos o hacer reparaciones menores por mal manejo; se aplican tarifas y solo para los clientes de Yi Pin Qian en Singapur*<\/span><\/p>\n<p style=\"line-height: 1.7;text-align: left;text-indent: 0;margin-left: 0;margin-top: 0;margin-bottom: 0;\"><span><\/span><\/p>\n<p style=\"line-height: 1.7;text-align: left;text-indent: 0;margin-left: 0;margin-top: 0;margin-bottom: 0;\"><span style=\"font-weight: bold;\">**Tipos de certificados**<\/span><\/p>\n<p style=\"line-height: 1.7;text-align: left;text-indent: 0;margin-left: 0;margin-top: 0;margin-bottom: 0;\"><span><\/span><\/p>\n<p style=\"line-height: 1.7;text-align: left;text-indent: 0;margin-left: 0;margin-top: 0;margin-bottom: 0;\"><span style=\"font-weight: bold;\">NGI (Gemolog\u00eda Nan Yang)<\/span><\/p>\n<p style=\"line-height: 1.7;text-align: left;text-indent: 0;margin-left: 0;margin-top: 0;margin-bottom: 0;\"><span>o <\/span><span style=\"font-weight: bold;\">Certificados en el extranjero <\/span><span>(Yi Pin Qian solo utiliza certificados aut\u00e9nticos de laboratorios extranjeros y tambi\u00e9n controla la calidad de cada uno de nuestros productos antes de ponerlos a la venta en SG)<\/span><\/p>\n<p style=\"line-height: 1.7;text-align: left;text-indent: 0;margin-left: 0;margin-top: 0;margin-bottom: 0;\"><span><\/span><\/p>\n<p style=\"line-height: 1.7;text-align: left;text-indent: 0;margin-left: 0;margin-top: 0;margin-bottom: 0;\"><span>Todos los productos de TikTok contar\u00e1n con el tipo de certificado que se indica en la descripci\u00f3n. Para cualquier cliente que desee enviar su pedido a NGI Singapur, habr\u00e1 un tiempo de espera para la entrega del pedido estimado de aproximadamente 4 semanas para recibirlo. <\/span><span style=\"font-weight: bold;\">Las solicitudes de informes de NGI Gemstone deben realizarse enviando un mensaje a la tienda TikTok de Yi Pin Qian.<\/span><span> Gracias, <\/span><span style=\"font-weight: bold;text-decoration: underline;\">Se aplican tarifas adicionales<\/span><span>.<\/span><\/p>\n<p style=\"line-height: 1.7;text-align: left;text-indent: 0;margin-left: 0;margin-top: 0;margin-bottom: 0;\"><span><\/span><\/p>\n<p style=\"line-height: 1.7;text-align: left;text-indent: 0;margin-left: 0;margin-top: 0;margin-bottom: 0;\"><span style=\"font-weight: bold;\">La jade\u00edta natural no es perfecta, solo un peque\u00f1o recordatorio: nuestra jade\u00edta natural, como todas las cosas hermosas de la naturaleza, tiene sus caracter\u00edsticas y variaciones \u00fanicas. Invitamos a nuestros valiosos clientes a adoptar estas variaciones naturales. \u00a1Felices compras!<\/span><\/p>\n<p style=\"line-height: 1.7;text-align: left;text-indent: 0;margin-left: 0;margin-top: 0;margin-bottom: 0;\"><span><\/span><\/p>\n<p style=\"line-height: 1.7;text-align: left;text-indent: 0;margin-left: 0;margin-top: 0;margin-bottom: 0;\"><span style=\"font-weight: bold;text-decoration: underline;\">Ninguna de las fotograf\u00edas ni los v\u00eddeos han sido filtrados. Animamos a nuestros clientes a que vean tambi\u00e9n los v\u00eddeos adjuntos para tener una visi\u00f3n m\u00e1s completa de nuestros productos.<\/span><\/p>\n<\/article>","protected":false},"excerpt":{"rendered":"<p>Disfrute de la calidad superior de esta pulsera de jade\u00edta hecha con 6 cabujones naturales Icy y 5 verdes, montados en una lujosa cadena de oro de 18 quilates. N\u00fameros de certificado: GD2110H010863 6 cabujones Icy: 7,6 * 4,5 * 2,9 mm, 7,2 * 4,5 * 3,4 mm, 7 * 4,8 * 3,3 mm, 7,3 * 5,3 * 3,6 mm, 6,7 * [\u2026]<\/p>","protected":false},"featured_media":6893,"comment_status":"open","ping_status":"closed","template":"","meta":[],"product_brand":[],"product_cat":[195],"product_tag":[],"class_list":{"0":"post-1665","1":"product","2":"type-product","3":"status-publish","4":"has-post-thumbnail","6":"product_cat-heirloom-grade","8":"first","9":"instock","10":"sale","11":"shipping-taxable","12":"purchasable","13":"product-type-simple"},"_links":{"self":[{"href":"https:\/\/shop.yipinqian.com\/es\/wp-json\/wp\/v2\/product\/1665","targetHints":{"allow":["GET"]}}],"collection":[{"href":"https:\/\/shop.yipinqian.com\/es\/wp-json\/wp\/v2\/product"}],"about":[{"href":"https:\/\/shop.yipinqian.com\/es\/wp-json\/wp\/v2\/types\/product"}],"replies":[{"embeddable":true,"href":"https:\/\/shop.yipinqian.com\/es\/wp-json\/wp\/v2\/comments?post=1665"}],"version-history":[{"count":0,"href":"https:\/\/shop.yipinqian.com\/es\/wp-json\/wp\/v2\/product\/1665\/revisions"}],"wp:featuredmedia":[{"embeddable":true,"href":"https:\/\/shop.yipinqian.com\/es\/wp-json\/wp\/v2\/media\/6893"}],"wp:attachment":[{"href":"https:\/\/shop.yipinqian.com\/es\/wp-json\/wp\/v2\/media?parent=1665"}],"wp:term":[{"taxonomy":"product_brand","embeddable":true,"href":"https:\/\/shop.yipinqian.com\/es\/wp-json\/wp\/v2\/product_brand?post=1665"},{"taxonomy":"product_cat","embeddable":true,"href":"https:\/\/shop.yipinqian.com\/es\/wp-json\/wp\/v2\/product_cat?post=1665"},{"taxonomy":"product_tag","embeddable":true,"href":"https:\/\/shop.yipinqian.com\/es\/wp-json\/wp\/v2\/product_tag?post=1665"}],"curies":[{"name":"wp","href":"https:\/\/api.w.org\/{rel}","templated":true}]}}