{"id":1663,"date":"2024-10-24T23:21:15","date_gmt":"2024-10-24T15:21:15","guid":{"rendered":"https:\/\/shop.yipinqian.com\/product\/premium-light-green-semi-icy-natural-type-a-jadeite-jade-pendant-crafted-with-frogs-coins-and-lotus-with-certificate-weigh-35-12-grams-measurement-50-7-24-7-18-2-mm-pendant193\/"},"modified":"2025-02-24T01:17:27","modified_gmt":"2025-02-23T17:17:27","slug":"premium-light-green-semi-icy-natural-type-a-jadeite-jade-pendant-crafted-with-frogs-coins-and-lotus-with-certificate-weigh-35-12-grams-measurement-50-7-24-7-18-2-mm-pendant193","status":"publish","type":"product","link":"https:\/\/shop.yipinqian.com\/es\/producto\/premium-light-green-semi-icy-natural-type-a-jadeite-jade-pendant-crafted-with-frogs-coins-and-lotus-with-certificate-weigh-35-12-grams-measurement-50-7-24-7-18-2-mm-pendant193\/","title":{"rendered":"Colgante de jade\u00edta natural tipo A semiglacial verde claro de primera calidad elaborado con ranas, monedas y loto con certificado. Pesa 35,12 gramos y mide 50,7 x 24,7 x 18,2 mm (colgante 193)."},"content":{"rendered":"<p>Mejore su colecci\u00f3n de joyas con este exquisito colgante de jade\u00edta natural tipo A semiglacial de color verde claro de primera calidad. Este colgante est\u00e1 elaborado con ranas, monedas y lotos, lo que lo convierte en una opci\u00f3n perfecta para el uso diario.<\/p>\n<p>\u00a0<\/p>\n<p><strong>N\u00fameros de certificado: GD2112H015303 <\/strong><\/p>\n<p><img fetchpriority=\"high\" decoding=\"async\" height=\"1080\" src=\"https:\/\/shop.yipinqian.com\/wp-content\/uploads\/2024\/10\/5ac0106908d847b0ed62f090fd2c5aef.jpg?from=476444299\" width=\"1080\"><\/p>\n<ul>\n<li>\n<strong>Calidad Premium:<\/strong> Elaborado con jade\u00edta natural tipo A de alta calidad, este colgante es perfecto para agregar un toque de elegancia a su colecci\u00f3n de joyas.<\/li>\n<li>\n<strong>Dise\u00f1o \u00fanico:<\/strong> El dise\u00f1o de este colgante est\u00e1 inspirado en la naturaleza y elaborado intrincadamente con ranas, monedas y lotos, lo que lo convierte en una pieza de joyer\u00eda \u00fanica.<\/li>\n<li>\n<strong>Certificado:<\/strong> Este colgante de jade jade\u00edta tipo A viene con un certificado que garantiza su autenticidad y calidad.<\/li>\n<\/ul>\n<p>Este colgante de jade\u00edta natural tipo A semiglacial verde claro de primera calidad pesa 35,12 gramos y mide 50,7 * 24,7 * 18,2 mm, lo que lo hace f\u00e1cil de usar tanto para hombres como para mujeres.<\/p>\n<ul>\n<li>\n<strong>Tipo de jade:<\/strong> Fabricado con jade\u00edta natural tipo A, lo que lo hace \u00fanico en color y textura.<\/li>\n<li>\n<strong>El pa\u00eds de origen: <\/strong>Este producto proviene de la tierra de Myanmar, que ha sido famosa por sus aut\u00e9nticas piedras preciosas desde la antig\u00fcedad.<\/li>\n<li>\n<strong>El estilo del collar: <\/strong>El estilo informal del collar lo hace adecuado para el uso diario.<\/li>\n<\/ul>\n<p>\u00a1A\u00f1ade un toque elegante a tus outfits diarios o sorprende a alguien especial regal\u00e1ndole esta elegante pieza que atesorar\u00e1 por siempre!<\/p>\n<p>\u00a0<\/p>\n<p>Yi Pin Qian \u2013 Comerciante de piedras preciosas y metales preciosos en Singapur \u2013 N\u00famero de licencia PS20190000031<\/p>\n<p>\u00a0<\/p>\n<p>*Todos los jade\u00edtas comprados a Yi Pin Qian en Singapur, los clientes pueden reservar espacios para pulirlos o hacer reparaciones menores por mal manejo; se aplican tarifas y solo para los clientes de Yi Pin Qian en Singapur*<\/p>\n<p>\u00a0<\/p>\n<p><strong>**Tipos de certificados**<\/strong><\/p>\n<p>\u00a0<\/p>\n<p><strong>NGI (Gemolog\u00eda Nan Yang)<\/strong><\/p>\n<p>o <strong>Certificados en el extranjero <\/strong>(Yi Pin Qian solo utiliza certificados aut\u00e9nticos de laboratorios extranjeros y tambi\u00e9n controla la calidad de cada uno de nuestros productos antes de ponerlos a la venta en SG)<\/p>\n<p>\u00a0<\/p>\n<p>Todos los productos de TikTok contar\u00e1n con el tipo de certificado que se indica en la descripci\u00f3n. Para cualquier cliente que desee enviar su pedido a NGI Singapur, habr\u00e1 un tiempo de espera para la entrega del pedido estimado de aproximadamente 4 semanas para recibirlo. <strong>Las solicitudes de informes de NGI Gemstone deben realizarse enviando un mensaje a la tienda TikTok de Yi Pin Qian.<\/strong> Gracias, <strong><u>Se aplican tarifas adicionales<\/u><\/strong>.<\/p>\n<p>\u00a0<\/p>\n<p><strong>La jade\u00edta natural no es perfecta, solo un peque\u00f1o recordatorio: nuestra jade\u00edta natural, como todas las cosas hermosas de la naturaleza, tiene sus caracter\u00edsticas y variaciones \u00fanicas. Invitamos a nuestros valiosos clientes a adoptar estas variaciones naturales. \u00a1Felices compras!<\/strong><\/p>\n<p>\u00a0<\/p>\n<p><strong><u>Ninguna de las fotograf\u00edas ni los v\u00eddeos han sido filtrados. Animamos a nuestros clientes a que vean tambi\u00e9n los v\u00eddeos adjuntos para tener una visi\u00f3n m\u00e1s completa de nuestros productos.<\/u><\/strong><\/p>","protected":false},"excerpt":{"rendered":"<p>Enhance your jewelry collection with this exquisite Premium Light Green Semi Icy Natural Type A Jadeite Jade Pendant. This pendant is crafted with frogs, coins, and lotus which makes it a perfect choice for daily wear. \u00a0 Certificate numbers: GD2112H015303 Premium Quality: Crafted with high-quality natural Type A jadeite jade, this pendant is perfect to [&hellip;]<\/p>","protected":false},"featured_media":6875,"comment_status":"open","ping_status":"closed","template":"","meta":[],"product_brand":[],"product_cat":[195],"product_tag":[],"class_list":{"0":"post-1663","1":"product","2":"type-product","3":"status-publish","4":"has-post-thumbnail","6":"product_cat-heirloom-grade","8":"first","9":"instock","10":"sale","11":"shipping-taxable","12":"purchasable","13":"product-type-simple"},"_links":{"self":[{"href":"https:\/\/shop.yipinqian.com\/es\/wp-json\/wp\/v2\/product\/1663","targetHints":{"allow":["GET"]}}],"collection":[{"href":"https:\/\/shop.yipinqian.com\/es\/wp-json\/wp\/v2\/product"}],"about":[{"href":"https:\/\/shop.yipinqian.com\/es\/wp-json\/wp\/v2\/types\/product"}],"replies":[{"embeddable":true,"href":"https:\/\/shop.yipinqian.com\/es\/wp-json\/wp\/v2\/comments?post=1663"}],"version-history":[{"count":0,"href":"https:\/\/shop.yipinqian.com\/es\/wp-json\/wp\/v2\/product\/1663\/revisions"}],"wp:featuredmedia":[{"embeddable":true,"href":"https:\/\/shop.yipinqian.com\/es\/wp-json\/wp\/v2\/media\/6875"}],"wp:attachment":[{"href":"https:\/\/shop.yipinqian.com\/es\/wp-json\/wp\/v2\/media?parent=1663"}],"wp:term":[{"taxonomy":"product_brand","embeddable":true,"href":"https:\/\/shop.yipinqian.com\/es\/wp-json\/wp\/v2\/product_brand?post=1663"},{"taxonomy":"product_cat","embeddable":true,"href":"https:\/\/shop.yipinqian.com\/es\/wp-json\/wp\/v2\/product_cat?post=1663"},{"taxonomy":"product_tag","embeddable":true,"href":"https:\/\/shop.yipinqian.com\/es\/wp-json\/wp\/v2\/product_tag?post=1663"}],"curies":[{"name":"wp","href":"https:\/\/api.w.org\/{rel}","templated":true}]}}