{"id":1658,"date":"2024-10-24T23:21:12","date_gmt":"2024-10-24T15:21:12","guid":{"rendered":"https:\/\/shop.yipinqian.com\/product\/premium-icy-with-good-translucency-natural-type-a-jadeite-pendant-necklace-crafted-as-guan-gong-with-certificate-weigh-15-41-grams-59-3-26-6-3-mm-pendant31\/"},"modified":"2025-02-17T00:04:10","modified_gmt":"2025-02-16T16:04:10","slug":"premium-icy-with-good-translucency-natural-type-a-jadeite-pendant-necklace-crafted-as-guan-gong-with-certificate-weigh-15-41-grams-59-3-26-6-3-mm-pendant31","status":"publish","type":"product","link":"https:\/\/shop.yipinqian.com\/es\/producto\/premium-icy-with-good-translucency-natural-type-a-jadeite-pendant-necklace-crafted-as-guan-gong-with-certificate-weigh-15-41-grams-59-3-26-6-3-mm-pendant31\/","title":{"rendered":"Premium Icy with good translucency Natural Type A Jadeite Pendant Necklace crafted as Guan Gong with certificate weigh 15.41 grams, 59.3 * 26 * 6.3 mm, (pendant31)"},"content":{"rendered":"<p>This Premium Icy Jadeite Pendant Necklace is a one-of-a-kind piece crafted in the image of Guan Gong. With good translucency, this necklace is made of natural Type A jadeite and weighs 15.41 grams with dimensions of 59.3 * 26 * 6.3 mm (pendant31).<\/p>\n<ul>\n<li>\n<strong>Artesan\u00eda exquisita:<\/strong> This pendant necklace is meticulously crafted to capture the essence and spirit of Guan Gong, making it a unique and eye-catching piece.<\/li>\n<li>\n<strong>Jade\u00edta natural tipo A:<\/strong> Made from high-quality natural Type A jadeite, this pendant necklace possesses premium icy qualities with good translucency.<\/li>\n<li>\n<strong>Certificado incluido:<\/strong> With a certificate included, you can be confident that you are getting an authentic piece that has been properly tested for quality.<\/li>\n<\/ul>\n<p><strong>Certificate numbers: GD2110H018183<\/strong><\/p>\n<p><\/p>\n<p>This unisex pendant necklace has a casual style that makes it suitable for daily wear or as part of your collection for special occasions. Made in Myanmar, this product comes without any warranty type but rest assured that its elegance will last forever.<\/p>\n<p>Yi Pin Qian \u2013 Comerciante de piedras preciosas y metales preciosos en Singapur \u2013 N\u00famero de licencia PS20190000031<\/p>\n<p><\/p>\n<p>*Todos los jade\u00edtas comprados a Yi Pin Qian en Singapur, los clientes pueden reservar espacios para pulirlos o hacer reparaciones menores por mal manejo; se aplican tarifas y solo para los clientes de Yi Pin Qian en Singapur*<\/p>\n<p><\/p>\n<p><strong>**Tipos de certificados**<\/strong><\/p>\n<p><\/p>\n<p><strong>NGI (Gemolog\u00eda Nan Yang)<\/strong><\/p>\n<p>o <strong>Certificados en el extranjero <\/strong>(Yi Pin Qian solo utiliza certificados aut\u00e9nticos de laboratorios extranjeros y tambi\u00e9n controla la calidad de cada uno de nuestros productos antes de ponerlos a la venta en SG)<\/p>\n<p><\/p>\n<p>Todos los productos de TikTok contar\u00e1n con el tipo de certificado que se indica en la descripci\u00f3n. Para cualquier cliente que desee enviar su pedido a NGI Singapur, habr\u00e1 un tiempo de espera para la entrega del pedido estimado de aproximadamente 4 semanas para recibirlo. <strong>Las solicitudes de informes de NGI Gemstone deben realizarse enviando un mensaje a la tienda TikTok de Yi Pin Qian.<\/strong> Gracias, <strong><u>Se aplican tarifas adicionales<\/u><\/strong>.<\/p>\n<p><\/p>\n<p><strong>La jade\u00edta natural no es perfecta, solo un peque\u00f1o recordatorio: nuestra jade\u00edta natural, como todas las cosas hermosas de la naturaleza, tiene sus caracter\u00edsticas y variaciones \u00fanicas. Invitamos a nuestros valiosos clientes a adoptar estas variaciones naturales. \u00a1Felices compras!<\/strong><\/p>\n<p><\/p>\n<p><strong><u>Ninguna de las fotograf\u00edas ni los v\u00eddeos han sido filtrados. Animamos a nuestros clientes a que vean tambi\u00e9n los v\u00eddeos adjuntos para tener una visi\u00f3n m\u00e1s completa de nuestros productos.<\/u><\/strong><\/p>","protected":false},"excerpt":{"rendered":"<p>This Premium Icy Jadeite Pendant Necklace is a one-of-a-kind piece crafted in the image of Guan Gong. With good translucency, this necklace is made of natural Type A jadeite and weighs 15.41 grams with dimensions of 59.3 * 26 * 6.3 mm (pendant31). Exquisite Craftsmanship: This pendant necklace is meticulously crafted to capture the essence [&hellip;]<\/p>","protected":false},"featured_media":6831,"comment_status":"open","ping_status":"closed","template":"","meta":[],"product_brand":[],"product_cat":[48],"product_tag":[],"class_list":{"0":"post-1658","1":"product","2":"type-product","3":"status-publish","4":"has-post-thumbnail","6":"product_cat-pendants","8":"first","9":"instock","10":"sale","11":"shipping-taxable","12":"purchasable","13":"product-type-simple"},"_links":{"self":[{"href":"https:\/\/shop.yipinqian.com\/es\/wp-json\/wp\/v2\/product\/1658","targetHints":{"allow":["GET"]}}],"collection":[{"href":"https:\/\/shop.yipinqian.com\/es\/wp-json\/wp\/v2\/product"}],"about":[{"href":"https:\/\/shop.yipinqian.com\/es\/wp-json\/wp\/v2\/types\/product"}],"replies":[{"embeddable":true,"href":"https:\/\/shop.yipinqian.com\/es\/wp-json\/wp\/v2\/comments?post=1658"}],"version-history":[{"count":0,"href":"https:\/\/shop.yipinqian.com\/es\/wp-json\/wp\/v2\/product\/1658\/revisions"}],"wp:featuredmedia":[{"embeddable":true,"href":"https:\/\/shop.yipinqian.com\/es\/wp-json\/wp\/v2\/media\/6831"}],"wp:attachment":[{"href":"https:\/\/shop.yipinqian.com\/es\/wp-json\/wp\/v2\/media?parent=1658"}],"wp:term":[{"taxonomy":"product_brand","embeddable":true,"href":"https:\/\/shop.yipinqian.com\/es\/wp-json\/wp\/v2\/product_brand?post=1658"},{"taxonomy":"product_cat","embeddable":true,"href":"https:\/\/shop.yipinqian.com\/es\/wp-json\/wp\/v2\/product_cat?post=1658"},{"taxonomy":"product_tag","embeddable":true,"href":"https:\/\/shop.yipinqian.com\/es\/wp-json\/wp\/v2\/product_tag?post=1658"}],"curies":[{"name":"wp","href":"https:\/\/api.w.org\/{rel}","templated":true}]}}