{"id":1656,"date":"2024-10-24T23:21:11","date_gmt":"2024-10-24T15:21:11","guid":{"rendered":"https:\/\/shop.yipinqian.com\/product\/premium-icy-translucent-with-light-green-patches-natural-type-a-jadeite-jade-crafted-with-108-6-5-mm-beads-as-bracelet-or-necklace-certificate-weighs-52-19-grams-bracelet25\/"},"modified":"2025-02-24T01:17:28","modified_gmt":"2025-02-23T17:17:28","slug":"premium-icy-translucent-with-light-green-patches-natural-type-a-jadeite-jade-crafted-with-108-6-5-mm-beads-as-bracelet-or-necklace-certificate-weighs-52-19-grams-bracelet25","status":"publish","type":"product","link":"https:\/\/shop.yipinqian.com\/es\/producto\/premium-icy-translucent-with-light-green-patches-natural-type-a-jadeite-jade-crafted-with-108-6-5-mm-beads-as-bracelet-or-necklace-certificate-weighs-52-19-grams-bracelet25\/","title":{"rendered":"Jade\u00edta natural tipo A transl\u00facida helada de primera calidad con parches de color verde claro elaborada con cuentas de 108 * 6,5 mm como pulsera o collar, el certificado pesa 52,19 gramos (bracelet25)"},"content":{"rendered":"<p>Esta pulsera o collar de jade\u00edta transl\u00facida helada de primera calidad es un accesorio impresionante elaborado a mano con 108 cuentas que miden 6,5 mm cada una.<\/p>\n<p><\/p>\n<p>N\u00fameros de certificado: GD2110H006846<\/p>\n<ul>\n<li><strong>Caracter\u00edsticas principales:<\/strong><\/li>\n<li>Transl\u00facido con manchas de color verde claro.<\/li>\n<li>Pesa 52,19 gramos<\/li>\n<\/ul>\n<p>Esta pieza, que incluye un certificado, es originaria de Myanmar y es perfecta para usar a diario. Su dise\u00f1o unisex la hace adecuada para cualquier persona que busque agregar un toque de elegancia a su atuendo.<\/p>\n<ul>\n<li><strong>Atributos del producto:<\/strong><\/li>\n<li>Certificado: S\u00ed<\/li>\n<li>Pa\u00eds de origen: Myanmar<\/li>\n<li>Ocasi\u00f3n: diaria<\/li>\n<li>Tipo de garant\u00eda: No<\/li>\n<\/ul>\n<p>Yi Pin Qian \u2013 Comerciante de piedras preciosas y metales preciosos en Singapur \u2013 N\u00famero de licencia PS20190000031<\/p>\n<p><\/p>\n<p>*Todos los jade\u00edtas comprados a Yi Pin Qian en Singapur, los clientes pueden reservar espacios para pulirlos o hacer reparaciones menores por mal manejo; se aplican tarifas y solo para los clientes de Yi Pin Qian en Singapur*<\/p>\n<p><\/p>\n<p><strong>**Tipos de certificados**<\/strong><\/p>\n<p><\/p>\n<p><strong>NGI (Gemolog\u00eda Nan Yang)<\/strong><\/p>\n<p>o <strong>Certificados en el extranjero <\/strong>(Yi Pin Qian solo utiliza certificados aut\u00e9nticos de laboratorios extranjeros y tambi\u00e9n controla la calidad de cada uno de nuestros productos antes de ponerlos a la venta en SG)<\/p>\n<p><\/p>\n<p>Todos los productos de TikTok contar\u00e1n con el tipo de certificado que se indica en la descripci\u00f3n. Para cualquier cliente que desee enviar su pedido a NGI Singapur, habr\u00e1 un tiempo de espera para la entrega del pedido estimado de aproximadamente 4 semanas para recibirlo. <strong>Las solicitudes de informes de NGI Gemstone deben realizarse enviando un mensaje a la tienda TikTok de Yi Pin Qian.<\/strong> Gracias, <strong><u>Se aplican tarifas adicionales<\/u><\/strong>.<\/p>\n<p><strong>La jade\u00edta natural no es perfecta, solo un peque\u00f1o recordatorio: nuestra jade\u00edta natural, como todas las cosas hermosas de la naturaleza, tiene sus caracter\u00edsticas y variaciones \u00fanicas. Invitamos a nuestros valiosos clientes a adoptar estas variaciones naturales. \u00a1Felices compras!<\/strong><\/p>\n<p><\/p>\n<p><strong><u>Ninguna de las fotograf\u00edas ni los v\u00eddeos han sido filtrados. Animamos a nuestros clientes a que vean tambi\u00e9n los v\u00eddeos adjuntos para tener una visi\u00f3n m\u00e1s completa de nuestros productos.<\/u><\/strong><\/p>","protected":false},"excerpt":{"rendered":"<p>Esta pulsera o collar de jade\u00edta transl\u00facida helada de primera calidad es un accesorio impresionante elaborado a mano con 108 cuentas de 6,5 mm cada una. N\u00fameros de certificado: GD2110H006846 Caracter\u00edsticas principales: Transl\u00facido con parches de color verde claro Pesa 52,19 gramos Con un certificado incluido, esta pieza es originaria de Myanmar y es perfecta para el uso diario. El dise\u00f1o unisex la hace adecuada [\u2026]<\/p>","protected":false},"featured_media":6814,"comment_status":"open","ping_status":"closed","template":"","meta":[],"product_brand":[],"product_cat":[195],"product_tag":[],"class_list":{"0":"post-1656","1":"product","2":"type-product","3":"status-publish","4":"has-post-thumbnail","6":"product_cat-heirloom-grade","8":"first","9":"instock","10":"sale","11":"shipping-taxable","12":"purchasable","13":"product-type-simple"},"_links":{"self":[{"href":"https:\/\/shop.yipinqian.com\/es\/wp-json\/wp\/v2\/product\/1656","targetHints":{"allow":["GET"]}}],"collection":[{"href":"https:\/\/shop.yipinqian.com\/es\/wp-json\/wp\/v2\/product"}],"about":[{"href":"https:\/\/shop.yipinqian.com\/es\/wp-json\/wp\/v2\/types\/product"}],"replies":[{"embeddable":true,"href":"https:\/\/shop.yipinqian.com\/es\/wp-json\/wp\/v2\/comments?post=1656"}],"version-history":[{"count":0,"href":"https:\/\/shop.yipinqian.com\/es\/wp-json\/wp\/v2\/product\/1656\/revisions"}],"wp:featuredmedia":[{"embeddable":true,"href":"https:\/\/shop.yipinqian.com\/es\/wp-json\/wp\/v2\/media\/6814"}],"wp:attachment":[{"href":"https:\/\/shop.yipinqian.com\/es\/wp-json\/wp\/v2\/media?parent=1656"}],"wp:term":[{"taxonomy":"product_brand","embeddable":true,"href":"https:\/\/shop.yipinqian.com\/es\/wp-json\/wp\/v2\/product_brand?post=1656"},{"taxonomy":"product_cat","embeddable":true,"href":"https:\/\/shop.yipinqian.com\/es\/wp-json\/wp\/v2\/product_cat?post=1656"},{"taxonomy":"product_tag","embeddable":true,"href":"https:\/\/shop.yipinqian.com\/es\/wp-json\/wp\/v2\/product_tag?post=1656"}],"curies":[{"name":"wp","href":"https:\/\/api.w.org\/{rel}","templated":true}]}}