{"id":1653,"date":"2024-10-24T23:21:08","date_gmt":"2024-10-24T15:21:08","guid":{"rendered":"https:\/\/shop.yipinqian.com\/product\/premium-icy-translucent-natural-type-a-jadeite-jade-crafted-as-standing-milo-buddha-set-on-18k-gold-with-diamonds-as-pendant-certificate-included-weigh-6-56-grams-measurement-37-5-19-7-9-mm-18kp27\/"},"modified":"2025-02-24T01:17:28","modified_gmt":"2025-02-23T17:17:28","slug":"premium-icy-translucent-natural-type-a-jadeite-jade-crafted-as-standing-milo-buddha-set-on-18k-gold-with-diamonds-as-pendant-certificate-included-weigh-6-56-grams-measurement-37-5-19-7-9-mm-18kp27","status":"publish","type":"product","link":"https:\/\/shop.yipinqian.com\/es\/producto\/premium-icy-translucent-natural-type-a-jadeite-jade-crafted-as-standing-milo-buddha-set-on-18k-gold-with-diamonds-as-pendant-certificate-included-weigh-6-56-grams-measurement-37-5-19-7-9-mm-18kp27\/","title":{"rendered":"Jade\u00edta natural tipo A transl\u00facida helada de primera calidad elaborada como Buda Milo de pie engastado en oro de 18 k con diamantes como colgante, certificado incluido, pesa 6,56 gramos, medida 37,5 * 19,7 * 9 mm (18kp27)"},"content":{"rendered":"<article class=\"lzd-article\" style=\"white-space: break-spaces;\">\n<p style=\"line-height: 1.7;text-align: left;text-indent: 0;margin-left: 0;margin-top: 0;margin-bottom: 0;\"><span>Realza tu estilo con este colgante de jade\u00edta natural tipo A transl\u00facido de primera calidad, elaborado como un Buda Milo de pie y engastado en oro de 18 k con diamantes. Con un peso de 6,56 gramos y unas medidas de 37,5 x 19,7 x 9 mm, esta pieza es una aut\u00e9ntica obra maestra que te har\u00e1 destacar.<\/span><\/p>\n<p style=\"line-height: 1.7;text-align: left;text-indent: 0;margin-left: 0;margin-top: 0;margin-bottom: 0;\"><span> <\/span><\/p>\n<p style=\"line-height: 1.7;text-align: left;text-indent: 0;margin-left: 0;margin-top: 0;margin-bottom: 0;\"><span>N\u00fameros de certificado: GD2205H004254<\/span><\/p>\n<p style=\"line-height: 1.7;text-align: left;text-indent: 0;margin-left: 0;margin-top: 0;margin-bottom: 0;\"><span>Oro de 18k Peso: 2,09 gramos<\/span><\/p>\n<p style=\"line-height: 1.7;text-align: left;text-indent: 0;margin-left: 0;margin-top: 0;margin-bottom: 0;\"><span>Diamantes: 26 * 0,003 FF = 0,078 quilates \/<\/span><span style=\"font-style: italic;\"> 3 * <\/span><span>0,005 FF = 0,015 quilates<\/span><\/p>\n<p style=\"line-height: 1.7;text-align: left;text-indent: 0;margin-left: 0;margin-top: 0;margin-bottom: 0;\"><span>Buda Milo de pie de jade\u00edta Medidas: 26,5 x 17,8 x 6,7 mm<\/span><\/p>\n<p style=\"line-height: 1.7;text-align: left;text-indent: 0;margin-left: 0;margin-top: 0;margin-bottom: 0;\"><span>Con ajuste de medida: 37,5 x 19,7 x 9 mm<\/span><\/p>\n<p style=\"line-height: 1.7;text-align: left;text-indent: 0;margin-left: 0;margin-top: 0;margin-bottom: 0;\"><span> <\/span><\/p>\n<ul>\n<li>\n<div style=\"line-height: 1.7;text-align: left;text-indent: 0;\">\n<span style=\"font-weight: bold;\">Jade\u00edta tipo A:<\/span><span> Esta pieza est\u00e1 hecha de jade\u00edta tipo A de la mejor calidad, conocida por su excepcional translucidez y textura.<\/span>\n<\/div>\n<\/li>\n<li>\n<div style=\"line-height: 1.7;text-align: left;text-indent: 0;\">\n<span style=\"font-weight: bold;\">Oro de 18 quilates y diamantes:<\/span><span> El engaste del colgante est\u00e1 realizado en oro PT\/Carat con diamantes que a\u00f1aden un toque extra de sofisticaci\u00f3n.<\/span>\n<\/div>\n<\/li>\n<li>\n<div style=\"line-height: 1.7;text-align: left;text-indent: 0;\">\n<span style=\"font-weight: bold;\">Certificado incluido:<\/span><span> Este colgante viene con un certificado que verifica su autenticidad como jade\u00edta natural de primera calidad. <\/span>\n<\/div>\n<\/li>\n<\/ul>\n<p style=\"line-height: 1.7;text-align: left;text-indent: 0;margin-left: 0;margin-top: 0;margin-bottom: 0;\"><span><\/span><\/p>\n<p style=\"line-height: 1.7;text-align: left;text-indent: 0;margin-left: 0;margin-top: 0;margin-bottom: 0;\"><span>Este elegante colgante estilo collar es el regalo perfecto para cualquier ocasi\u00f3n, ya que tiene un dise\u00f1o unisex: \u00a1perfecto para cualquiera que aprecie los accesorios y derivados de joyer\u00eda fina!<\/span><\/p>\n<ul>\n<li>\n<div style=\"line-height: 1.7;text-align: left;text-indent: 0;\">\n<span style=\"font-weight: bold;\">Sin garant\u00eda:<\/span><span> Tenga en cuenta que no hay garant\u00eda sobre este producto, aunque debido a sus materiales de alta calidad durar\u00e1 para siempre.<\/span>\n<\/div>\n<\/li>\n<\/ul>\n<p style=\"line-height: 1.7;text-align: left;text-indent: 0;margin-left: 0;margin-top: 0;margin-bottom: 0;\"><span>Yi Pin Qian \u2013 Comerciante de piedras preciosas y metales preciosos en Singapur \u2013 N\u00famero de licencia PS20190000031<\/span><\/p>\n<p style=\"line-height: 1.7;text-align: left;text-indent: 0;margin-left: 0;margin-top: 0;margin-bottom: 0;\"><span> <\/span><\/p>\n<p style=\"line-height: 1.7;text-align: left;text-indent: 0;margin-left: 0;margin-top: 0;margin-bottom: 0;\"><span>*Todos los jade\u00edtas comprados a Yi Pin Qian en Singapur, los clientes pueden reservar espacios para pulirlos o hacer reparaciones menores por mal manejo; se aplican tarifas y solo para los clientes de Yi Pin Qian en Singapur*<\/span><\/p>\n<p style=\"line-height: 1.7;text-align: left;text-indent: 0;margin-left: 0;margin-top: 0;margin-bottom: 0;\"><span> <\/span><\/p>\n<p style=\"line-height: 1.7;text-align: left;text-indent: 0;margin-left: 0;margin-top: 0;margin-bottom: 0;\"><span style=\"font-weight: bold;\">**Tipos de certificados**<\/span><\/p>\n<p style=\"line-height: 1.7;text-align: left;text-indent: 0;margin-left: 0;margin-top: 0;margin-bottom: 0;\"><span> <\/span><\/p>\n<p style=\"line-height: 1.7;text-align: left;text-indent: 0;margin-left: 0;margin-top: 0;margin-bottom: 0;\"><span style=\"font-weight: bold;\">NGI (Gemolog\u00eda Nan Yang)<\/span><\/p>\n<p style=\"line-height: 1.7;text-align: left;text-indent: 0;margin-left: 0;margin-top: 0;margin-bottom: 0;\"><span>o <\/span><span style=\"font-weight: bold;\">Certificados en el extranjero <\/span><span>(Yi Pin Qian solo utiliza certificados aut\u00e9nticos de laboratorios extranjeros y tambi\u00e9n controla la calidad de cada uno de nuestros productos antes de ponerlos a la venta en SG)<\/span><\/p>\n<p style=\"line-height: 1.7;text-align: left;text-indent: 0;margin-left: 0;margin-top: 0;margin-bottom: 0;\"><span> <\/span><\/p>\n<p style=\"line-height: 1.7;text-align: left;text-indent: 0;margin-left: 0;margin-top: 0;margin-bottom: 0;\"><span>Todos los productos de TikTok contar\u00e1n con el tipo de certificado que se indica en la descripci\u00f3n. Para cualquier cliente que desee enviar su pedido a NGI Singapur, habr\u00e1 un tiempo de espera para la entrega del pedido estimado de aproximadamente 4 semanas para recibirlo. <\/span><span style=\"font-weight: bold;\">Las solicitudes de informes de NGI Gemstone deben realizarse enviando un mensaje a la tienda TikTok de Yi Pin Qian.<\/span><span> Gracias, <\/span><span style=\"font-weight: bold;text-decoration: underline;\">Se aplican tarifas adicionales<\/span><span>.<\/span><\/p>\n<p style=\"line-height: 1.7;text-align: left;text-indent: 0;margin-left: 0;margin-top: 0;margin-bottom: 0;\"><span> <\/span><\/p>\n<p style=\"line-height: 1.7;text-align: left;text-indent: 0;margin-left: 0;margin-top: 0;margin-bottom: 0;\"><span style=\"font-weight: bold;\">La jade\u00edta natural no es perfecta, solo un peque\u00f1o recordatorio: nuestra jade\u00edta natural, como todas las cosas hermosas de la naturaleza, tiene sus caracter\u00edsticas y variaciones \u00fanicas. Invitamos a nuestros valiosos clientes a adoptar estas variaciones naturales. \u00a1Felices compras!<\/span><\/p>\n<p style=\"line-height: 1.7;text-align: left;text-indent: 0;margin-left: 0;margin-top: 0;margin-bottom: 0;\"><span> <\/span><\/p>\n<p style=\"line-height: 1.7;text-align: left;text-indent: 0;margin-left: 0;margin-top: 0;margin-bottom: 0;\"><span style=\"font-weight: bold;text-decoration: underline;\">Ninguna de las fotograf\u00edas ni los v\u00eddeos han sido filtrados. Animamos a nuestros clientes a que vean tambi\u00e9n los v\u00eddeos adjuntos para tener una visi\u00f3n m\u00e1s completa de nuestros productos.<\/span><\/p>\n<\/article>","protected":false},"excerpt":{"rendered":"<p>Elevate your style with this Premium Icy Translucent Natural Type A Jadeite Jade Pendant, crafted as a Standing Milo Buddha and set on 18k gold with diamonds. Weighing 6.56 grams and measuring 37.5 * 19.7 * 9 mm, this piece is a true masterpiece that will make you stand out. Certificate numbers: GD2205H004254 18k Gold [&hellip;]<\/p>","protected":false},"featured_media":6789,"comment_status":"open","ping_status":"closed","template":"","meta":[],"product_brand":[],"product_cat":[195],"product_tag":[],"class_list":{"0":"post-1653","1":"product","2":"type-product","3":"status-publish","4":"has-post-thumbnail","6":"product_cat-heirloom-grade","8":"first","9":"instock","10":"sale","11":"shipping-taxable","12":"purchasable","13":"product-type-simple"},"_links":{"self":[{"href":"https:\/\/shop.yipinqian.com\/es\/wp-json\/wp\/v2\/product\/1653","targetHints":{"allow":["GET"]}}],"collection":[{"href":"https:\/\/shop.yipinqian.com\/es\/wp-json\/wp\/v2\/product"}],"about":[{"href":"https:\/\/shop.yipinqian.com\/es\/wp-json\/wp\/v2\/types\/product"}],"replies":[{"embeddable":true,"href":"https:\/\/shop.yipinqian.com\/es\/wp-json\/wp\/v2\/comments?post=1653"}],"version-history":[{"count":0,"href":"https:\/\/shop.yipinqian.com\/es\/wp-json\/wp\/v2\/product\/1653\/revisions"}],"wp:featuredmedia":[{"embeddable":true,"href":"https:\/\/shop.yipinqian.com\/es\/wp-json\/wp\/v2\/media\/6789"}],"wp:attachment":[{"href":"https:\/\/shop.yipinqian.com\/es\/wp-json\/wp\/v2\/media?parent=1653"}],"wp:term":[{"taxonomy":"product_brand","embeddable":true,"href":"https:\/\/shop.yipinqian.com\/es\/wp-json\/wp\/v2\/product_brand?post=1653"},{"taxonomy":"product_cat","embeddable":true,"href":"https:\/\/shop.yipinqian.com\/es\/wp-json\/wp\/v2\/product_cat?post=1653"},{"taxonomy":"product_tag","embeddable":true,"href":"https:\/\/shop.yipinqian.com\/es\/wp-json\/wp\/v2\/product_tag?post=1653"}],"curies":[{"name":"wp","href":"https:\/\/api.w.org\/{rel}","templated":true}]}}