{"id":1651,"date":"2024-10-24T23:21:07","date_gmt":"2024-10-24T15:21:07","guid":{"rendered":"https:\/\/shop.yipinqian.com\/product\/premium-icy-translucent-natural-type-a-jadeite-jade-crafted-as-four-seasons-fortune-beans-set-on-18k-gold-with-1-green-cabochon-and-diamonds-certificate-include-weigh-3-86-grams-measurement-36-7-12-5\/"},"modified":"2025-02-24T01:34:17","modified_gmt":"2025-02-23T17:34:17","slug":"premium-icy-translucent-natural-type-a-jadeite-jade-crafted-as-four-seasons-fortune-beans-set-on-18k-gold-with-1-green-cabochon-and-diamonds-certificate-include-weigh-3-86-grams-measurement-36-7-12-5","status":"publish","type":"product","link":"https:\/\/shop.yipinqian.com\/es\/producto\/premium-icy-translucent-natural-type-a-jadeite-jade-crafted-as-four-seasons-fortune-beans-set-on-18k-gold-with-1-green-cabochon-and-diamonds-certificate-include-weigh-3-86-grams-measurement-36-7-12-5\/","title":{"rendered":"Jade\u00edta natural tipo A transl\u00facida helada de primera calidad elaborada como frijoles de la fortuna de las cuatro estaciones engastados en oro de 18 k con 1 cabuj\u00f3n verde y diamantes, certificado incluido, peso 3,86 gramos, medida 36,7 * 12,5 * 7 mm (18kp14)"},"content":{"rendered":"<p>Este collar de jade\u00edta natural transl\u00facido tipo A es una obra maestra que realzar\u00e1 tu estilo con su exquisito dise\u00f1o. Los frijoles de la suerte de las cuatro estaciones engastados en oro de 18 k con 1 cabuj\u00f3n verde y diamantes hacen de este collar una pieza de joyer\u00eda verdaderamente \u00fanica.<\/p>\n<p>\u00a0<\/p>\n<p><strong>N\u00fameros de certificado: GD2111H021264<\/strong><\/p>\n<p><strong>Tama\u00f1o de las jade\u00edtas: (frijol) \u2013 23,7 *<em> 10.4 *<\/em> 4,8 mm \/ (cabuj\u00f3n verde) \u2013 6 *<em> 5.4 *<\/em> 3.2<\/strong><\/p>\n<p><strong>Oro de 18k Peso: 1,569 gramos<\/strong><\/p>\n<p><strong>Diamantes: 36 * 0,003 = 0,108 quilates<\/strong><\/p>\n<ul>\n<li>\n<strong>Material:<\/strong> Este collar est\u00e1 elaborado con jade\u00edta natural tipo A transl\u00facido helado, adornado con diamantes y engastado en oro de 18 k.<\/li>\n<li>\n<strong>Certificado:<\/strong> Esta hermosa pieza viene con un certificado que incluye su peso de <strong>3,86 gramos<\/strong> y mediciones de <strong>36,7 x 12,5 x 7 mm<\/strong> (18kp14).<\/li>\n<li>\n<strong>Tipo de jade:<\/strong> Fabricado con jade\u00edta de la mejor calidad de Myanmar, este collar seguramente impresionar\u00e1.<\/li>\n<\/ul>\n<p>El dise\u00f1o Four Seasons Fortune Beans representa las cuatro estaciones y brinda buena suerte a quien lo usa, lo que lo hace perfecto para cualquier ocasi\u00f3n.<\/p>\n<ul>\n<li>\n<strong>Estilo del collar:<\/strong>Estos collares y colgantes de jade tienen un estilo informal adecuado para el uso diario.<\/li>\n<li>.<\/li>\n<\/ul>\n<p>La piedra de jade natural transl\u00facida tipo A que se utiliza en este accesorio de joyer\u00eda ha sido cuidadosamente seleccionada para garantizar que cumpla con los m\u00e1s altos est\u00e1ndares en t\u00e9rminos de calidad y belleza. El uso de diamantes lo hace a\u00fan m\u00e1s sorprendente y, al mismo tiempo, agrega valor a su colecci\u00f3n a un precio asequible.<\/p>\n<ul>\n<li>\n<strong>G\u00e9nero: <\/strong>Este producto unisex puede ser usado por cualquier persona que quiera a\u00f1adir un toque elegante a su guardarropa o hacer una declaraci\u00f3n en cualquier evento o reuni\u00f3n a la que asista.<\/li>\n<li>.<\/li>\n<\/ul>\n<p>Si est\u00e1 buscando algo \u00fanico, elegante y valioso, entonces definitivamente deber\u00eda considerar comprar este jade\u00edta natural transl\u00facido helado tipo A elaborado como frijoles de la fortuna de las cuatro estaciones en una exquisita pieza hecha de oro PT\/quilates acompa\u00f1ada de un cabuj\u00f3n verde adornado con un collar de diamantes: \u00a1es verdaderamente \u00fanico!<\/p>\n<p>\u00a0<\/p>\n<p>Yi Pin Qian \u2013 Comerciante de piedras preciosas y metales preciosos en Singapur \u2013 N\u00famero de licencia PS20190000031<\/p>\n<p>\u00a0<\/p>\n<p>*Todos los jade\u00edtas comprados a Yi Pin Qian en Singapur, los clientes pueden reservar espacios para pulirlos o hacer reparaciones menores por mal manejo; se aplican tarifas y solo para los clientes de Yi Pin Qian en Singapur*<\/p>\n<p>\u00a0<\/p>\n<p><strong>**Tipos de certificados**<\/strong><\/p>\n<p>\u00a0<\/p>\n<p><strong>NGI (Gemolog\u00eda Nan Yang)<\/strong><\/p>\n<p>o <strong>Certificados en el extranjero <\/strong>(Yi Pin Qian solo utiliza certificados aut\u00e9nticos de laboratorios extranjeros y tambi\u00e9n controla la calidad de cada uno de nuestros productos antes de ponerlos a la venta en SG)<\/p>\n<p>\u00a0<\/p>\n<p>Todos los productos de TikTok contar\u00e1n con el tipo de certificado que se indica en la descripci\u00f3n. Para cualquier cliente que desee enviar su pedido a NGI Singapur, habr\u00e1 un tiempo de espera para la entrega del pedido estimado de aproximadamente 4 semanas para recibirlo. <strong>Las solicitudes de informes de NGI Gemstone deben realizarse enviando un mensaje a la tienda TikTok de Yi Pin Qian.<\/strong> Gracias, <strong><u>Se aplican tarifas adicionales<\/u><\/strong>.<\/p>\n<p>\u00a0<\/p>\n<p><strong>La jade\u00edta natural no es perfecta, solo un peque\u00f1o recordatorio: nuestra jade\u00edta natural, como todas las cosas hermosas de la naturaleza, tiene sus caracter\u00edsticas y variaciones \u00fanicas. Invitamos a nuestros valiosos clientes a adoptar estas variaciones naturales. \u00a1Felices compras!<\/strong><\/p>\n<p>\u00a0<\/p>\n<p><strong><u>Ninguna de las fotograf\u00edas ni los v\u00eddeos han sido filtrados. Animamos a nuestros clientes a que vean tambi\u00e9n los v\u00eddeos adjuntos para tener una visi\u00f3n m\u00e1s completa de nuestros productos.<\/u><\/strong><\/p>\n<p>\u00a0<\/p>\n<p>.<\/p>","protected":false},"excerpt":{"rendered":"<p>This Icy Translucent Natural Type A Jadeite Jade necklace is a masterpiece that will uplift your style with its exquisite design. The Four Seasons Fortune Beans set on 18k gold with 1 green cabochon and diamonds make this necklace a truly unique piece of jewelry. \u00a0 Certificate numbers: GD2111H021264 Size of Jadeites: (Bean) &#8211; 23.7 [&hellip;]<\/p>","protected":false},"featured_media":6764,"comment_status":"open","ping_status":"closed","template":"","meta":[],"product_brand":[],"product_cat":[196],"product_tag":[],"class_list":{"0":"post-1651","1":"product","2":"type-product","3":"status-publish","4":"has-post-thumbnail","6":"product_cat-vault-collection","8":"first","9":"instock","10":"sale","11":"shipping-taxable","12":"purchasable","13":"product-type-simple"},"_links":{"self":[{"href":"https:\/\/shop.yipinqian.com\/es\/wp-json\/wp\/v2\/product\/1651","targetHints":{"allow":["GET"]}}],"collection":[{"href":"https:\/\/shop.yipinqian.com\/es\/wp-json\/wp\/v2\/product"}],"about":[{"href":"https:\/\/shop.yipinqian.com\/es\/wp-json\/wp\/v2\/types\/product"}],"replies":[{"embeddable":true,"href":"https:\/\/shop.yipinqian.com\/es\/wp-json\/wp\/v2\/comments?post=1651"}],"version-history":[{"count":0,"href":"https:\/\/shop.yipinqian.com\/es\/wp-json\/wp\/v2\/product\/1651\/revisions"}],"wp:featuredmedia":[{"embeddable":true,"href":"https:\/\/shop.yipinqian.com\/es\/wp-json\/wp\/v2\/media\/6764"}],"wp:attachment":[{"href":"https:\/\/shop.yipinqian.com\/es\/wp-json\/wp\/v2\/media?parent=1651"}],"wp:term":[{"taxonomy":"product_brand","embeddable":true,"href":"https:\/\/shop.yipinqian.com\/es\/wp-json\/wp\/v2\/product_brand?post=1651"},{"taxonomy":"product_cat","embeddable":true,"href":"https:\/\/shop.yipinqian.com\/es\/wp-json\/wp\/v2\/product_cat?post=1651"},{"taxonomy":"product_tag","embeddable":true,"href":"https:\/\/shop.yipinqian.com\/es\/wp-json\/wp\/v2\/product_tag?post=1651"}],"curies":[{"name":"wp","href":"https:\/\/api.w.org\/{rel}","templated":true}]}}