{"id":1648,"date":"2024-10-24T23:21:07","date_gmt":"2024-10-24T15:21:07","guid":{"rendered":"https:\/\/shop.yipinqian.com\/product\/premium-icy-translucent-green-hue-natural-type-a-jadeite-jade-crafted-with-french-beans-as-pendant-symbols-of-beauty-harmony-harvest-and-happiness-certificate-weigh-7-44-grams-measurement-41-3-16-2-6\/"},"modified":"2025-02-24T01:17:28","modified_gmt":"2025-02-23T17:17:28","slug":"premium-icy-translucent-green-hue-natural-type-a-jadeite-jade-crafted-with-french-beans-as-pendant-symbols-of-beauty-harmony-harvest-and-happiness-certificate-weigh-7-44-grams-measurement-41-3-16-2-6","status":"publish","type":"product","link":"https:\/\/shop.yipinqian.com\/es\/producto\/premium-icy-translucent-green-hue-natural-type-a-jadeite-jade-crafted-with-french-beans-as-pendant-symbols-of-beauty-harmony-harvest-and-happiness-certificate-weigh-7-44-grams-measurement-41-3-16-2-6\/","title":{"rendered":"Premium Icy Translucent Green Hue Natural Type A Jadeite Jade crafted with French Beans as Pendant, symbols of Beauty, harmony, harvest and happiness, certificate weigh 7.44 grams, measurement 41.3 * 16.2 * 6.9 mm (pendant219)"},"content":{"rendered":"<p>This Premium Icy Translucent Green Hue Natural Type A Jadeite Jade pendant is a stunning addition to any jewelry collection. Crafted with French Beans, the pendant symbolizes beauty, harmony, harvest and happiness.<\/p>\n<p><\/p>\n<p>Certificate numbers: GD2204H002693<\/p>\n<ul>\n<li>Certificate Weight: 7.44 grams<\/li>\n<li>Measurement: 41.3 * 16.2 * 6.9 mm (pendant219)<\/li>\n<li>Tipo de jade: jade\u00edta<\/li>\n<li>Necklace Style: Elegant<\/li>\n<\/ul>\n<p>The natural green hue of the jade is both calming and eye-catching, making it perfect for daily wear or special occasions.<\/p>\n<ul>\n<li>Certificado incluido: S\u00ed<\/li>\n<li>Country of Origin : Myanmar<\/li>\n<li>Ocassion : Daily<\/li>\n<li>Warranty Type : No<\/li>\n<\/ul>\n<p>This exquisite pendant is sure to turn heads and will make a beautiful gift for yourself or someone special.<\/p>\n<p><\/p>\n<p>Yi Pin Qian \u2013 Comerciante de piedras preciosas y metales preciosos en Singapur \u2013 N\u00famero de licencia PS20190000031<\/p>\n<p><\/p>\n<p>*Todos los jade\u00edtas comprados a Yi Pin Qian en Singapur, los clientes pueden reservar espacios para pulirlos o hacer reparaciones menores por mal manejo; se aplican tarifas y solo para los clientes de Yi Pin Qian en Singapur*<\/p>\n<p><\/p>\n<p><strong>**Tipos de certificados**<\/strong><\/p>\n<p><\/p>\n<p><strong>NGI (Gemolog\u00eda Nan Yang)<\/strong><\/p>\n<p>o <strong>Certificados en el extranjero <\/strong>(Yi Pin Qian solo utiliza certificados aut\u00e9nticos de laboratorios extranjeros y tambi\u00e9n controla la calidad de cada uno de nuestros productos antes de ponerlos a la venta en SG)<\/p>\n<p><\/p>\n<p>Todos los productos de TikTok contar\u00e1n con el tipo de certificado que se indica en la descripci\u00f3n. Para cualquier cliente que desee enviar su pedido a NGI Singapur, habr\u00e1 un tiempo de espera para la entrega del pedido estimado de aproximadamente 4 semanas para recibirlo. <strong>Las solicitudes de informes de NGI Gemstone deben realizarse enviando un mensaje a la tienda TikTok de Yi Pin Qian.<\/strong> Gracias, <strong><u>Se aplican tarifas adicionales<\/u><\/strong>.<\/p>\n<p><\/p>\n<p><strong>La jade\u00edta natural no es perfecta, solo un peque\u00f1o recordatorio: nuestra jade\u00edta natural, como todas las cosas hermosas de la naturaleza, tiene sus caracter\u00edsticas y variaciones \u00fanicas. Invitamos a nuestros valiosos clientes a adoptar estas variaciones naturales. \u00a1Felices compras!<\/strong><\/p>\n<p><\/p>\n<p><strong><u>Ninguna de las fotograf\u00edas ni los v\u00eddeos han sido filtrados. Animamos a nuestros clientes a que vean tambi\u00e9n los v\u00eddeos adjuntos para tener una visi\u00f3n m\u00e1s completa de nuestros productos.<\/u><\/strong><\/p>","protected":false},"excerpt":{"rendered":"<p>This Premium Icy Translucent Green Hue Natural Type A Jadeite Jade pendant is a stunning addition to any jewelry collection. Crafted with French Beans, the pendant symbolizes beauty, harmony, harvest and happiness. Certificate numbers: GD2204H002693 Certificate Weight: 7.44 grams Measurement: 41.3 * 16.2 * 6.9 mm (pendant219) Jade Type: Jadeite Necklace Style: Elegant The natural [&hellip;]<\/p>","protected":false},"featured_media":6739,"comment_status":"open","ping_status":"closed","template":"","meta":[],"product_brand":[],"product_cat":[195],"product_tag":[],"class_list":{"0":"post-1648","1":"product","2":"type-product","3":"status-publish","4":"has-post-thumbnail","6":"product_cat-heirloom-grade","8":"first","9":"instock","10":"sale","11":"shipping-taxable","12":"purchasable","13":"product-type-simple"},"_links":{"self":[{"href":"https:\/\/shop.yipinqian.com\/es\/wp-json\/wp\/v2\/product\/1648","targetHints":{"allow":["GET"]}}],"collection":[{"href":"https:\/\/shop.yipinqian.com\/es\/wp-json\/wp\/v2\/product"}],"about":[{"href":"https:\/\/shop.yipinqian.com\/es\/wp-json\/wp\/v2\/types\/product"}],"replies":[{"embeddable":true,"href":"https:\/\/shop.yipinqian.com\/es\/wp-json\/wp\/v2\/comments?post=1648"}],"version-history":[{"count":0,"href":"https:\/\/shop.yipinqian.com\/es\/wp-json\/wp\/v2\/product\/1648\/revisions"}],"wp:featuredmedia":[{"embeddable":true,"href":"https:\/\/shop.yipinqian.com\/es\/wp-json\/wp\/v2\/media\/6739"}],"wp:attachment":[{"href":"https:\/\/shop.yipinqian.com\/es\/wp-json\/wp\/v2\/media?parent=1648"}],"wp:term":[{"taxonomy":"product_brand","embeddable":true,"href":"https:\/\/shop.yipinqian.com\/es\/wp-json\/wp\/v2\/product_brand?post=1648"},{"taxonomy":"product_cat","embeddable":true,"href":"https:\/\/shop.yipinqian.com\/es\/wp-json\/wp\/v2\/product_cat?post=1648"},{"taxonomy":"product_tag","embeddable":true,"href":"https:\/\/shop.yipinqian.com\/es\/wp-json\/wp\/v2\/product_tag?post=1648"}],"curies":[{"name":"wp","href":"https:\/\/api.w.org\/{rel}","templated":true}]}}