{"id":1645,"date":"2024-10-24T23:21:04","date_gmt":"2024-10-24T15:21:04","guid":{"rendered":"https:\/\/shop.yipinqian.com\/product\/premium-icy-natural-type-a-jadeite-jade-crafted-and-set-on-18k-gold-with-the-shape-of-drum-as-pendant-adding-diamonds-and-1-green-cabochon-certificate-included-weigh-4-72-grams-measurement-10-1-16-7-1\/"},"modified":"2025-03-20T00:17:42","modified_gmt":"2025-03-19T16:17:42","slug":"premium-icy-natural-type-a-jadeite-jade-crafted-and-set-on-18k-gold-with-the-shape-of-drum-as-pendant-adding-diamonds-and-1-green-cabochon-certificate-included-weigh-4-72-grams-measurement-10-1-16-7-1","status":"publish","type":"product","link":"https:\/\/shop.yipinqian.com\/es\/producto\/premium-icy-natural-type-a-jadeite-jade-crafted-and-set-on-18k-gold-with-the-shape-of-drum-as-pendant-adding-diamonds-and-1-green-cabochon-certificate-included-weigh-4-72-grams-measurement-10-1-16-7-1\/","title":{"rendered":"Jade\u00edta Natural Tipo A Helada Premium elaborada y montada en oro de 18k con forma de Tambor como colgante, agregando diamantes y 1 cabuj\u00f3n verde, certificado incluido peso 4,72 gramos, medida 10,1*16,7 (18kp22)"},"content":{"rendered":"<p>Del\u00e9itese con el exquisito aspecto de la jade\u00edta natural tipo A de primera calidad con este impresionante collar con colgante en forma de tambor. Este collar, elaborado y engastado en oro de 18 quilates, es una pieza llamativa que cuenta con diamantes y un cabuj\u00f3n verde que le suma encanto.<\/p>\n<p>\u00a0<\/p>\n<p><strong>N\u00fameros de certificado: GD2110H017969<\/strong><\/p>\n<p><strong>Diamantes: 56 * 0,003 = 0,168 quilates<\/strong><\/p>\n<p><strong>Oro de 18k Peso: 2,19 gramos<\/strong><\/p>\n<p><strong>Jade\u00edta helada Peso: 2,51 gramos<\/strong><\/p>\n<p><strong>Peso total: 4,72 gramos<\/strong><\/p>\n<p><img fetchpriority=\"high\" decoding=\"async\" height=\"1080\" src=\"https:\/\/shop.yipinqian.com\/wp-content\/uploads\/2024\/10\/75fd137619d4b1353d1c457bd6b2c4ef.jpg?from=476444299\" width=\"1080\"><\/p>\n<ul>\n<li>\n<strong>Dise\u00f1o impresionante:<\/strong> La forma de tambor del colgante lo convierte en una pieza \u00fanica, mientras que los diamantes y el cabuj\u00f3n verde se suman a su belleza.<\/li>\n<li>\n<strong>Material de primera calidad:<\/strong> Elaborado con jade jade\u00edta natural tipo A, montado en oro de 18 quilates, lo que lo convierte en una pieza de joyer\u00eda excepcional.<\/li>\n<li>\n<strong>Autenticidad asegurada:<\/strong> El certificado incluido certifica que est\u00e1 adquiriendo aut\u00e9ntico jade\u00edta natural tipo A.<\/li>\n<\/ul>\n<p>Con un peso de 4,72 gramos y unas medidas de 10,1 * 16,7 (18 kp22), este collar colgante es perfecto para el uso diario o cualquier ocasi\u00f3n informal, tanto para hombres como para mujeres, con cualquier atuendo.<\/p>\n<ul>\n<li>\n<strong>Mejora tu estilo:<\/strong>El jade\u00edta natural tipo A de primera calidad ofrece un atractivo elegante cuando se combina con atuendos casuales.<\/li>\n<\/ul>\n<p>\u00a1Este impresionante collar colgante est\u00e1 fabricado en Myanmar, pa\u00eds conocido por producir algunos de los jades m\u00e1s exquisitos del mundo, lo que lo convierte en una adici\u00f3n excepcional a su colecci\u00f3n!<\/p>\n<ul>\n<li>\n<strong>El regalo perfecto: <\/strong>\u00a1Este accesorio de joyer\u00eda incre\u00edblemente hermoso viene completo sin garant\u00edas, pero es perfecto como regalo para seres queridos que aprecian la belleza \u00fanica!<\/li>\n<\/ul>\n<p>Yi Pin Qian \u2013 Comerciante de piedras preciosas y metales preciosos en Singapur \u2013 N\u00famero de licencia PS20190000031<\/p>\n<p>\u00a0<\/p>\n<p>*Todos los jade\u00edtas comprados a Yi Pin Qian en Singapur, los clientes pueden reservar espacios para pulirlos o hacer reparaciones menores por mal manejo; se aplican tarifas y solo para los clientes de Yi Pin Qian en Singapur*<\/p>\n<p>\u00a0<\/p>\n<p><strong>**Tipos de certificados**<\/strong><\/p>\n<p>\u00a0<\/p>\n<p><strong>NGI (Gemolog\u00eda Nan Yang)<\/strong><\/p>\n<p>o <strong>Certificados en el extranjero <\/strong>(Yi Pin Qian solo utiliza certificados aut\u00e9nticos de laboratorios extranjeros y tambi\u00e9n controla la calidad de cada uno de nuestros productos antes de ponerlos a la venta en SG)<\/p>\n<p>\u00a0<\/p>\n<p>Todos los productos de TikTok contar\u00e1n con el tipo de certificado que se indica en la descripci\u00f3n. Para cualquier cliente que desee enviar su pedido a NGI Singapur, habr\u00e1 un tiempo de espera para la entrega del pedido estimado de aproximadamente 4 semanas para recibirlo. <strong>Las solicitudes de informes de NGI Gemstone deben realizarse enviando un mensaje a la tienda TikTok de Yi Pin Qian.<\/strong> Gracias, <strong><u>Se aplican tarifas adicionales<\/u><\/strong>.<\/p>\n<p>\u00a0<\/p>\n<p><strong>La jade\u00edta natural no es perfecta, solo un peque\u00f1o recordatorio: nuestra jade\u00edta natural, como todas las cosas hermosas de la naturaleza, tiene sus caracter\u00edsticas y variaciones \u00fanicas. Invitamos a nuestros valiosos clientes a adoptar estas variaciones naturales. \u00a1Felices compras!<\/strong><\/p>\n<p>\u00a0<\/p>\n<p><strong><u>Ninguna de las fotograf\u00edas ni los v\u00eddeos han sido filtrados. Animamos a nuestros clientes a que vean tambi\u00e9n los v\u00eddeos adjuntos para tener una visi\u00f3n m\u00e1s completa de nuestros productos.<\/u><\/strong><\/p>\n<p>\u00a0<\/p>\n<p>.<\/p>","protected":false},"excerpt":{"rendered":"<p>Del\u00e9itese con el exquisito aspecto del jade\u00edta natural tipo A de primera calidad con este impresionante collar colgante en forma de tambor. Este collar, elaborado y engastado en oro de 18 quilates, es una pieza llamativa que cuenta con diamantes y un cabuj\u00f3n verde que le a\u00f1ade atractivo. N\u00fameros de certificado: GD2110H017969 Diamantes: 56 * 0,003 = 0,168 quilates [\u2026]<\/p>","protected":false},"featured_media":6714,"comment_status":"open","ping_status":"closed","template":"","meta":[],"product_brand":[],"product_cat":[48],"product_tag":[],"class_list":{"0":"post-1645","1":"product","2":"type-product","3":"status-publish","4":"has-post-thumbnail","6":"product_cat-pendants","8":"first","9":"instock","10":"sale","11":"shipping-taxable","12":"purchasable","13":"product-type-simple"},"_links":{"self":[{"href":"https:\/\/shop.yipinqian.com\/es\/wp-json\/wp\/v2\/product\/1645","targetHints":{"allow":["GET"]}}],"collection":[{"href":"https:\/\/shop.yipinqian.com\/es\/wp-json\/wp\/v2\/product"}],"about":[{"href":"https:\/\/shop.yipinqian.com\/es\/wp-json\/wp\/v2\/types\/product"}],"replies":[{"embeddable":true,"href":"https:\/\/shop.yipinqian.com\/es\/wp-json\/wp\/v2\/comments?post=1645"}],"version-history":[{"count":0,"href":"https:\/\/shop.yipinqian.com\/es\/wp-json\/wp\/v2\/product\/1645\/revisions"}],"wp:featuredmedia":[{"embeddable":true,"href":"https:\/\/shop.yipinqian.com\/es\/wp-json\/wp\/v2\/media\/6714"}],"wp:attachment":[{"href":"https:\/\/shop.yipinqian.com\/es\/wp-json\/wp\/v2\/media?parent=1645"}],"wp:term":[{"taxonomy":"product_brand","embeddable":true,"href":"https:\/\/shop.yipinqian.com\/es\/wp-json\/wp\/v2\/product_brand?post=1645"},{"taxonomy":"product_cat","embeddable":true,"href":"https:\/\/shop.yipinqian.com\/es\/wp-json\/wp\/v2\/product_cat?post=1645"},{"taxonomy":"product_tag","embeddable":true,"href":"https:\/\/shop.yipinqian.com\/es\/wp-json\/wp\/v2\/product_tag?post=1645"}],"curies":[{"name":"wp","href":"https:\/\/api.w.org\/{rel}","templated":true}]}}