{"id":1640,"date":"2024-10-24T23:21:00","date_gmt":"2024-10-24T15:21:00","guid":{"rendered":"https:\/\/shop.yipinqian.com\/product\/premium-high-quality-natural-type-a-jadeite-jade-crafted-as-seating-guanyin-set-with-18k-gold-clasp-as-pendant-certificate-weighs-21-43-grams-measurement-59-1-35-6-6-1-mm-18kp54\/"},"modified":"2025-02-24T01:34:17","modified_gmt":"2025-02-23T17:34:17","slug":"premium-high-quality-natural-type-a-jadeite-jade-crafted-as-seating-guanyin-set-with-18k-gold-clasp-as-pendant-certificate-weighs-21-43-grams-measurement-59-1-35-6-6-1-mm-18kp54","status":"publish","type":"product","link":"https:\/\/shop.yipinqian.com\/es\/producto\/premium-high-quality-natural-type-a-jadeite-jade-crafted-as-seating-guanyin-set-with-18k-gold-clasp-as-pendant-certificate-weighs-21-43-grams-measurement-59-1-35-6-6-1-mm-18kp54\/","title":{"rendered":"Jade\u00edta natural tipo A de primera calidad de alta calidad elaborado como Guanyin sentado con cierre de oro de 18k como colgante, certificado pesa 21,43 gramos, medida 59,1 * 35,6 * 6,1 mm (18kp54)"},"content":{"rendered":"<p>Experimente la elegancia y la espiritualidad con este colgante de jade\u00edta natural tipo A de alta calidad que presenta un dise\u00f1o de Guanyin sentado. Elaborado con meticulosos detalles, este colgante est\u00e1 engastado con un exquisito broche de oro de 18 quilates para darle un toque de lujo.<\/p>\n<p>\u00a0<\/p>\n<p>N\u00fameros de certificado: GD2111H018853<\/p>\n<p>Cierre de oro de 18k: 0,55 gramos<\/p>\n<p><img fetchpriority=\"high\" decoding=\"async\" height=\"1080\" src=\"https:\/\/shop.yipinqian.com\/wp-content\/uploads\/2024\/10\/3bdb36507c47a7a7a02a53bf3f9a2478.jpg?from=476444299\" width=\"1080\"><\/p>\n<ul>\n<li>\n<strong>Material:<\/strong> Oro en quilates<\/li>\n<li>\n<strong>Tipo de jade:<\/strong> Jade\u00edta<\/li>\n<li>\n<strong>Certificado:<\/strong> S\u00ed<\/li>\n<li>\n<strong>Pesa:<\/strong> 21,43 gramos<\/li>\n<li>\n<strong>Medici\u00f3n:<\/strong> 59,1 x 35,6 x 6,1 mm (18 kp54)<\/li>\n<li>\n<strong>Estilo del collar: <\/strong>Elegante<\/li>\n<\/ul>\n<p>Esta auspiciosa pieza, originaria de Myanmar, es perfecta tanto para hombres como para mujeres que buscan una adici\u00f3n significativa a su colecci\u00f3n de joyas.<\/p>\n<p>A\u00f1ade un toque de espiritualidad y sofisticaci\u00f3n a cualquier atuendo con este colgante de jade \u00fanico que irradia belleza y gracia.<\/p>\n<p>.<\/p>\n<p>Yi Pin Qian \u2013 Comerciante de piedras preciosas y metales preciosos en Singapur \u2013 N\u00famero de licencia PS20190000031<\/p>\n<p>\u00a0<\/p>\n<p>*Todos los jade\u00edtas comprados a Yi Pin Qian en Singapur, los clientes pueden reservar espacios para pulirlos o hacer reparaciones menores por mal manejo; se aplican tarifas y solo para los clientes de Yi Pin Qian en Singapur*<\/p>\n<p>\u00a0<\/p>\n<p><strong>**Tipos de certificados**<\/strong><\/p>\n<p>\u00a0<\/p>\n<p><strong>NGI (Gemolog\u00eda Nan Yang)<\/strong><\/p>\n<p>o <strong>Certificados en el extranjero <\/strong>(Yi Pin Qian solo utiliza certificados aut\u00e9nticos de laboratorios extranjeros y tambi\u00e9n controla la calidad de cada uno de nuestros productos antes de ponerlos a la venta en SG)<\/p>\n<p>\u00a0<\/p>\n<p>Todos los productos de TikTok contar\u00e1n con el tipo de certificado que se indica en la descripci\u00f3n. Para cualquier cliente que desee enviar su pedido a NGI Singapur, habr\u00e1 un tiempo de espera para la entrega del pedido estimado de aproximadamente 4 semanas para recibirlo. <strong>Las solicitudes de informes de NGI Gemstone deben realizarse enviando un mensaje a la tienda TikTok de Yi Pin Qian.<\/strong> Gracias, <strong><u>Se aplican tarifas adicionales<\/u><\/strong>.<\/p>\n<p>\u00a0<\/p>\n<p><strong>La jade\u00edta natural no es perfecta, solo un peque\u00f1o recordatorio: nuestra jade\u00edta natural, como todas las cosas hermosas de la naturaleza, tiene sus caracter\u00edsticas y variaciones \u00fanicas. Invitamos a nuestros valiosos clientes a adoptar estas variaciones naturales. \u00a1Felices compras!<\/strong><\/p>\n<p>\u00a0<\/p>\n<p><strong><u>Ninguna de las fotograf\u00edas ni los v\u00eddeos han sido filtrados. Animamos a nuestros clientes a que vean tambi\u00e9n los v\u00eddeos adjuntos para tener una visi\u00f3n m\u00e1s completa de nuestros productos.<\/u><\/strong><\/p>","protected":false},"excerpt":{"rendered":"<p>Experience elegance and spirituality with this Premium High Quality Natural Type A Jadeite Jade pendant featuring a seated Guanyin design. Crafted with meticulous detail, this pendant is set with an exquisite 18k gold clasp for a touch of luxury. \u00a0 Certificate numbers: GD2111H018853 18k Gold Clasp: 0.55 grams Material: PT\/Carat Gold Jade Type: Jadeite Certificate: [&hellip;]<\/p>","protected":false},"featured_media":6658,"comment_status":"open","ping_status":"closed","template":"","meta":[],"product_brand":[],"product_cat":[196],"product_tag":[],"class_list":{"0":"post-1640","1":"product","2":"type-product","3":"status-publish","4":"has-post-thumbnail","6":"product_cat-vault-collection","8":"first","9":"instock","10":"sale","11":"shipping-taxable","12":"purchasable","13":"product-type-simple"},"_links":{"self":[{"href":"https:\/\/shop.yipinqian.com\/es\/wp-json\/wp\/v2\/product\/1640","targetHints":{"allow":["GET"]}}],"collection":[{"href":"https:\/\/shop.yipinqian.com\/es\/wp-json\/wp\/v2\/product"}],"about":[{"href":"https:\/\/shop.yipinqian.com\/es\/wp-json\/wp\/v2\/types\/product"}],"replies":[{"embeddable":true,"href":"https:\/\/shop.yipinqian.com\/es\/wp-json\/wp\/v2\/comments?post=1640"}],"version-history":[{"count":0,"href":"https:\/\/shop.yipinqian.com\/es\/wp-json\/wp\/v2\/product\/1640\/revisions"}],"wp:featuredmedia":[{"embeddable":true,"href":"https:\/\/shop.yipinqian.com\/es\/wp-json\/wp\/v2\/media\/6658"}],"wp:attachment":[{"href":"https:\/\/shop.yipinqian.com\/es\/wp-json\/wp\/v2\/media?parent=1640"}],"wp:term":[{"taxonomy":"product_brand","embeddable":true,"href":"https:\/\/shop.yipinqian.com\/es\/wp-json\/wp\/v2\/product_brand?post=1640"},{"taxonomy":"product_cat","embeddable":true,"href":"https:\/\/shop.yipinqian.com\/es\/wp-json\/wp\/v2\/product_cat?post=1640"},{"taxonomy":"product_tag","embeddable":true,"href":"https:\/\/shop.yipinqian.com\/es\/wp-json\/wp\/v2\/product_tag?post=1640"}],"curies":[{"name":"wp","href":"https:\/\/api.w.org\/{rel}","templated":true}]}}