{"id":1636,"date":"2024-10-24T23:20:58","date_gmt":"2024-10-24T15:20:58","guid":{"rendered":"https:\/\/shop.yipinqian.com\/product\/premium-good-quality-light-lavender-and-light-green-natural-type-a-jadeite-jade-crafted-with-dragonfly-ruyi-as-pendant-certificate-weigh-35-87-grams-measurement-63-38-3-10-mm-pendant236\/"},"modified":"2025-02-24T01:17:28","modified_gmt":"2025-02-23T17:17:28","slug":"premium-good-quality-light-lavender-and-light-green-natural-type-a-jadeite-jade-crafted-with-dragonfly-ruyi-as-pendant-certificate-weigh-35-87-grams-measurement-63-38-3-10-mm-pendant236","status":"publish","type":"product","link":"https:\/\/shop.yipinqian.com\/es\/producto\/premium-good-quality-light-lavender-and-light-green-natural-type-a-jadeite-jade-crafted-with-dragonfly-ruyi-as-pendant-certificate-weigh-35-87-grams-measurement-63-38-3-10-mm-pendant236\/","title":{"rendered":"Jade\u00edta natural tipo A de color lavanda claro y verde claro de primera calidad elaborado con lib\u00e9lula, Ruyi como colgante, certificado, peso 35,87 gramos, medida 63 * 38,3 * 10 mm (colgante 236)"},"content":{"rendered":"<p>Este collar de jade de primera calidad presenta un dise\u00f1o impresionante con jade\u00edta tipo A natural de color lavanda claro y verde claro, adornado con un colgante de lib\u00e9lula y Ruyi.<\/p>\n<p><\/p>\n<p>N\u00fameros de certificado: GD2110H012859<\/p>\n<ul>\n<li><strong>Caracter\u00edsticas principales:<\/strong><\/li>\n<li>Material: Jade\u00edta tipo A<\/li>\n<li>Dise\u00f1o del colgante: Lib\u00e9lula, Ruyi<\/li>\n<li>Peso del certificado: 35,87 gramos<\/li>\n<li>Medida: 63 * 38,3 * 10 mm (Colgante 236)<\/li>\n<\/ul>\n<p>Hecho a mano con precisi\u00f3n, este collar irradia elegancia y estilo, lo que lo convierte en un accesorio perfecto para cualquier ocasi\u00f3n.<\/p>\n<ul>\n<li><strong>Atributos del producto:<\/strong><\/li>\n<li>\n<em>Certificado incluido:<\/em> S\u00ed<\/li>\n<li>,<\/li>\n<li><em>Hecho en Myanmar<\/em><\/li>\n<li>,<\/li>\n<li><em>No hay garant\u00eda disponible<\/em><\/li>\n<li>,<\/li>\n<li><em>Adecuado para uso unisex, tipo de jade: jade\u00edta.<\/em><\/li>\n<\/ul>\n<p>Yi Pin Qian \u2013 Comerciante de piedras preciosas y metales preciosos en Singapur \u2013 N\u00famero de licencia PS20190000031<\/p>\n<p><\/p>\n<p>*Todos los jade\u00edtas comprados a Yi Pin Qian en Singapur, los clientes pueden reservar espacios para pulirlos o hacer reparaciones menores por mal manejo; se aplican tarifas y solo para los clientes de Yi Pin Qian en Singapur*<\/p>\n<p><\/p>\n<p><strong>**Tipos de certificados**<\/strong><\/p>\n<p><\/p>\n<p><strong>NGI (Gemolog\u00eda Nan Yang)<\/strong><\/p>\n<p>o <strong>Certificados en el extranjero <\/strong>(Yi Pin Qian solo utiliza certificados aut\u00e9nticos de laboratorios extranjeros y tambi\u00e9n controla la calidad de cada uno de nuestros productos antes de ponerlos a la venta en SG)<\/p>\n<p><\/p>\n<p>Todos los productos de TikTok contar\u00e1n con el tipo de certificado que se indica en la descripci\u00f3n. Para cualquier cliente que desee enviar su pedido a NGI Singapur, habr\u00e1 un tiempo de espera para la entrega del pedido estimado de aproximadamente 4 semanas para recibirlo. <strong>Las solicitudes de informes de NGI Gemstone deben realizarse enviando un mensaje a la tienda TikTok de Yi Pin Qian.<\/strong> Gracias, <strong><u>Se aplican tarifas adicionales<\/u><\/strong>.<\/p>\n<p><\/p>\n<p><strong>La jade\u00edta natural no es perfecta, solo un peque\u00f1o recordatorio: nuestra jade\u00edta natural, como todas las cosas hermosas de la naturaleza, tiene sus caracter\u00edsticas y variaciones \u00fanicas. Invitamos a nuestros valiosos clientes a adoptar estas variaciones naturales. \u00a1Felices compras!<\/strong><\/p>\n<p><\/p>\n<p><strong><u>Ninguna de las fotograf\u00edas ni los v\u00eddeos han sido filtrados. Animamos a nuestros clientes a que vean tambi\u00e9n los v\u00eddeos adjuntos para tener una visi\u00f3n m\u00e1s completa de nuestros productos.<\/u><\/strong><\/p>","protected":false},"excerpt":{"rendered":"<p>This premium jade necklace features a stunning design with light lavender and light green natural Type A Jadeite Jade, adorned with a Dragonfly and Ruyi pendant. Certificate numbers: GD2110H012859 Key Features: Material: Type A Jadeite Jade Pendant Design: Dragonfly, Ruyi Certificate Weight: 35.87 grams Measurement: 63 * 38.3 * 10 mm (Pendant236) Handcrafted with precision, [&hellip;]<\/p>","protected":false},"featured_media":6619,"comment_status":"open","ping_status":"closed","template":"","meta":[],"product_brand":[],"product_cat":[195],"product_tag":[],"class_list":{"0":"post-1636","1":"product","2":"type-product","3":"status-publish","4":"has-post-thumbnail","6":"product_cat-heirloom-grade","8":"first","9":"instock","10":"sale","11":"shipping-taxable","12":"purchasable","13":"product-type-simple"},"_links":{"self":[{"href":"https:\/\/shop.yipinqian.com\/es\/wp-json\/wp\/v2\/product\/1636","targetHints":{"allow":["GET"]}}],"collection":[{"href":"https:\/\/shop.yipinqian.com\/es\/wp-json\/wp\/v2\/product"}],"about":[{"href":"https:\/\/shop.yipinqian.com\/es\/wp-json\/wp\/v2\/types\/product"}],"replies":[{"embeddable":true,"href":"https:\/\/shop.yipinqian.com\/es\/wp-json\/wp\/v2\/comments?post=1636"}],"version-history":[{"count":0,"href":"https:\/\/shop.yipinqian.com\/es\/wp-json\/wp\/v2\/product\/1636\/revisions"}],"wp:featuredmedia":[{"embeddable":true,"href":"https:\/\/shop.yipinqian.com\/es\/wp-json\/wp\/v2\/media\/6619"}],"wp:attachment":[{"href":"https:\/\/shop.yipinqian.com\/es\/wp-json\/wp\/v2\/media?parent=1636"}],"wp:term":[{"taxonomy":"product_brand","embeddable":true,"href":"https:\/\/shop.yipinqian.com\/es\/wp-json\/wp\/v2\/product_brand?post=1636"},{"taxonomy":"product_cat","embeddable":true,"href":"https:\/\/shop.yipinqian.com\/es\/wp-json\/wp\/v2\/product_cat?post=1636"},{"taxonomy":"product_tag","embeddable":true,"href":"https:\/\/shop.yipinqian.com\/es\/wp-json\/wp\/v2\/product_tag?post=1636"}],"curies":[{"name":"wp","href":"https:\/\/api.w.org\/{rel}","templated":true}]}}