{"id":1633,"date":"2024-10-24T23:20:56","date_gmt":"2024-10-24T15:20:56","guid":{"rendered":"https:\/\/shop.yipinqian.com\/product\/premium-full-light-green-with-good-translucency-natural-type-a-jadeite-pendant-necklace-crafted-with-moutain-trees-houses-bride-and-running-water-with-certificate-weigh-28-09-grams-54-29-8-9-8-mm-pend\/"},"modified":"2025-02-17T00:04:08","modified_gmt":"2025-02-16T16:04:08","slug":"premium-full-light-green-with-good-translucency-natural-type-a-jadeite-pendant-necklace-crafted-with-moutain-trees-houses-bride-and-running-water-with-certificate-weigh-28-09-grams-54-29-8-9-8-mm-pend","status":"publish","type":"product","link":"https:\/\/shop.yipinqian.com\/es\/producto\/premium-full-light-green-with-good-translucency-natural-type-a-jadeite-pendant-necklace-crafted-with-moutain-trees-houses-bride-and-running-water-with-certificate-weigh-28-09-grams-54-29-8-9-8-mm-pend\/","title":{"rendered":"Collar con colgante de jade\u00edta natural tipo A de primera calidad, de color verde claro y buena translucidez, elaborado con monta\u00f1as, \u00e1rboles, casas, novia y agua corriente con certificado, pesa 28,09 gramos, 54 * 29,8 * 9,8 mm (colgante 36)"},"content":{"rendered":"<p>Realce su belleza y elegancia con este collar colgante de jade\u00edta natural tipo A de primera calidad, verde claro y con buena translucidez, perfecto para el uso diario.<\/p>\n<ul>\n<li>\n<strong>Artesan\u00eda exquisita:<\/strong> Este collar est\u00e1 elaborado con el intrincado dise\u00f1o de monta\u00f1as, \u00e1rboles, casas, novia y agua corriente que muestra el fino arte de nuestros h\u00e1biles artesanos.<\/li>\n<li>\n<strong>Calidad Premium:<\/strong> El colgante de jade\u00edta natural tipo A es de color verde claro y tiene una buena translucidez que lo convierte en una piedra preciosa. Pesa 28,09 gramos y tiene un tama\u00f1o de 54 * 29,8 * 9,8 mm (colgante 36).<\/li>\n<li>\n<strong>Certificado incluido:<\/strong> Este collar viene con un certificado para asegurarle que est\u00e1 hecho de jade\u00edta genuina.<\/li>\n<\/ul>\n<p>N\u00fameros de certificado: GD2110H019144<\/p>\n<p><img fetchpriority=\"high\" decoding=\"async\" height=\"1080\" src=\"https:\/\/shop.yipinqian.com\/wp-content\/uploads\/2024\/10\/902a932311608a838da77de33f0e519f.jpg?from=476444299\" width=\"1080\"><\/p>\n<p>Este collar de estilo casual se adapta tanto a hombres como a mujeres que desean agregar sofisticaci\u00f3n a su colecci\u00f3n de accesorios de moda sin comprometer la comodidad en su uso o actividades diarias.<\/p>\n<p>Mejore su estilo hoy mismo luciendo este collar colgante de jade\u00edta verde claro de primera calidad, \u00a1elaborado exclusivamente para usted!<\/p>\n<p>\u00a0<\/p>\n<p>Yi Pin Qian \u2013 Comerciante de piedras preciosas y metales preciosos en Singapur \u2013 N\u00famero de licencia PS20190000031<\/p>\n<p>\u00a0<\/p>\n<p>*Todos los jade\u00edtas comprados a Yi Pin Qian en Singapur, los clientes pueden reservar espacios para pulirlos o hacer reparaciones menores por mal manejo; se aplican tarifas y solo para los clientes de Yi Pin Qian en Singapur*<\/p>\n<p>\u00a0<\/p>\n<p><strong>**Tipos de certificados**<\/strong><\/p>\n<p>\u00a0<\/p>\n<p><strong>NGI (Gemolog\u00eda Nan Yang)<\/strong><\/p>\n<p>o <strong>Certificados en el extranjero <\/strong>(Yi Pin Qian solo utiliza certificados aut\u00e9nticos de laboratorios extranjeros y tambi\u00e9n controla la calidad de cada uno de nuestros productos antes de ponerlos a la venta en SG)<\/p>\n<p>\u00a0<\/p>\n<p>Todos los productos de TikTok contar\u00e1n con el tipo de certificado que se indica en la descripci\u00f3n. Para cualquier cliente que desee enviar su pedido a NGI Singapur, habr\u00e1 un tiempo de espera para la entrega del pedido estimado de aproximadamente 4 semanas para recibirlo. <strong>Las solicitudes de informes de NGI Gemstone deben realizarse enviando un mensaje a la tienda TikTok de Yi Pin Qian.<\/strong> Gracias, <strong><u>Se aplican tarifas adicionales<\/u><\/strong>.<\/p>\n<p>\u00a0<\/p>\n<p><strong>La jade\u00edta natural no es perfecta, solo un peque\u00f1o recordatorio: nuestra jade\u00edta natural, como todas las cosas hermosas de la naturaleza, tiene sus caracter\u00edsticas y variaciones \u00fanicas. Invitamos a nuestros valiosos clientes a adoptar estas variaciones naturales. \u00a1Felices compras!<\/strong><\/p>\n<p>\u00a0<\/p>\n<p><strong><u>Ninguna de las fotograf\u00edas ni los v\u00eddeos han sido filtrados. Animamos a nuestros clientes a que vean tambi\u00e9n los v\u00eddeos adjuntos para tener una visi\u00f3n m\u00e1s completa de nuestros productos.<\/u><\/strong><\/p>","protected":false},"excerpt":{"rendered":"<p>Enhance your beauty and elegance with this Premium Full Light Green with Good Translucency Natural Type A Jadeite Pendant Necklace, perfect for daily wear. Exquisite Craftsmanship: This necklace is crafted with the intricate design of Mountains, Trees, Houses, Bride and Running Water that shows the fine artistry of our skilled artisans. Premium Quality: The natural [&hellip;]<\/p>","protected":false},"featured_media":6601,"comment_status":"open","ping_status":"closed","template":"","meta":[],"product_brand":[],"product_cat":[48],"product_tag":[],"class_list":{"0":"post-1633","1":"product","2":"type-product","3":"status-publish","4":"has-post-thumbnail","6":"product_cat-pendants","8":"first","9":"instock","10":"sale","11":"shipping-taxable","12":"purchasable","13":"product-type-simple"},"_links":{"self":[{"href":"https:\/\/shop.yipinqian.com\/es\/wp-json\/wp\/v2\/product\/1633","targetHints":{"allow":["GET"]}}],"collection":[{"href":"https:\/\/shop.yipinqian.com\/es\/wp-json\/wp\/v2\/product"}],"about":[{"href":"https:\/\/shop.yipinqian.com\/es\/wp-json\/wp\/v2\/types\/product"}],"replies":[{"embeddable":true,"href":"https:\/\/shop.yipinqian.com\/es\/wp-json\/wp\/v2\/comments?post=1633"}],"version-history":[{"count":0,"href":"https:\/\/shop.yipinqian.com\/es\/wp-json\/wp\/v2\/product\/1633\/revisions"}],"wp:featuredmedia":[{"embeddable":true,"href":"https:\/\/shop.yipinqian.com\/es\/wp-json\/wp\/v2\/media\/6601"}],"wp:attachment":[{"href":"https:\/\/shop.yipinqian.com\/es\/wp-json\/wp\/v2\/media?parent=1633"}],"wp:term":[{"taxonomy":"product_brand","embeddable":true,"href":"https:\/\/shop.yipinqian.com\/es\/wp-json\/wp\/v2\/product_brand?post=1633"},{"taxonomy":"product_cat","embeddable":true,"href":"https:\/\/shop.yipinqian.com\/es\/wp-json\/wp\/v2\/product_cat?post=1633"},{"taxonomy":"product_tag","embeddable":true,"href":"https:\/\/shop.yipinqian.com\/es\/wp-json\/wp\/v2\/product_tag?post=1633"}],"curies":[{"name":"wp","href":"https:\/\/api.w.org\/{rel}","templated":true}]}}