{"id":1626,"date":"2024-10-24T23:20:52","date_gmt":"2024-10-24T15:20:52","guid":{"rendered":"https:\/\/shop.yipinqian.com\/product\/old-school-hollow-style-green-and-white-natural-type-a-jadeite-jade-crafted-with-flowers-and-coins-as-a-pendant-necklace-with-certificate-weigh-41-56-grams-measurement-56-3-43-2-11-8-mm-pendant204\/"},"modified":"2025-02-24T01:17:28","modified_gmt":"2025-02-23T17:17:28","slug":"old-school-hollow-style-green-and-white-natural-type-a-jadeite-jade-crafted-with-flowers-and-coins-as-a-pendant-necklace-with-certificate-weigh-41-56-grams-measurement-56-3-43-2-11-8-mm-pendant204","status":"publish","type":"product","link":"https:\/\/shop.yipinqian.com\/es\/producto\/old-school-hollow-style-green-and-white-natural-type-a-jadeite-jade-crafted-with-flowers-and-coins-as-a-pendant-necklace-with-certificate-weigh-41-56-grams-measurement-56-3-43-2-11-8-mm-pendant204\/","title":{"rendered":"Jade\u00edta natural tipo A verde y blanco de estilo hueco de la vieja escuela elaborado con flores y monedas como collar colgante con certificado. Pesa 41,56 gramos, medida 56,3 * 43,2 * 11,8 mm (colgante 204)"},"content":{"rendered":"<p>Este colgante de jade\u00edta natural tipo A verde y blanco es una pieza de joyer\u00eda impresionante, perfecta para usar a diario. Este colgante, elaborado con un estilo hueco de la vieja escuela, presenta delicadas flores y monedas que le dan un toque \u00fanico.<\/p>\n<p><\/p>\n<p>N\u00fameros de certificado: ZGDTE183107<\/p>\n<p><\/p>\n<ul>\n<li>\n<strong>Artesan\u00eda exquisita:<\/strong> El intrincado dise\u00f1o de este colgante muestra la exquisita artesan\u00eda involucrada en su creaci\u00f3n.<\/li>\n<li>\n<strong>Jade\u00edta natural:<\/strong> Fabricado con jade\u00edta natural tipo A 100%, el collar tiene un peso de 41,56 gramos y mide 56,3 * 43,2 * 11,8 mm (colgante 204).<\/li>\n<li>\n<strong>Certificado incluido:<\/strong> Este collar de jade viene con un certificado para garantizar la autenticidad.<\/li>\n<\/ul>\n<p>Este collar unisex, fabricado en Myanmar, tiene un estilo informal que se puede usar en cualquier ocasi\u00f3n sin comprometer el estilo ni la elegancia. Sin embargo, no cuenta con ning\u00fan tipo de garant\u00eda.<\/p>\n<p><\/p>\n<p>Yi Pin Qian \u2013 Comerciante de piedras preciosas y metales preciosos en Singapur \u2013 N\u00famero de licencia PS20190000031<\/p>\n<p><\/p>\n<p>*Todos los jade\u00edtas comprados a Yi Pin Qian en Singapur, los clientes pueden reservar espacios para pulirlos o hacer reparaciones menores por mal manejo; se aplican tarifas y solo para los clientes de Yi Pin Qian en Singapur*<\/p>\n<p><\/p>\n<p><strong>**Tipos de certificados**<\/strong><\/p>\n<p><\/p>\n<p><strong>NGI (Gemolog\u00eda Nan Yang)<\/strong><\/p>\n<p>o <strong>Certificados en el extranjero <\/strong>(Yi Pin Qian solo utiliza certificados aut\u00e9nticos de laboratorios extranjeros y tambi\u00e9n controla la calidad de cada uno de nuestros productos antes de ponerlos a la venta en SG)<\/p>\n<p><\/p>\n<p>Todos los productos de TikTok contar\u00e1n con el tipo de certificado que se indica en la descripci\u00f3n. Para cualquier cliente que desee enviar su pedido a NGI Singapur, habr\u00e1 un tiempo de espera para la entrega del pedido estimado de aproximadamente 4 semanas para recibirlo. <strong>Las solicitudes de informes de NGI Gemstone deben realizarse enviando un mensaje a la tienda TikTok de Yi Pin Qian.<\/strong> Gracias, <strong><u>Se aplican tarifas adicionales<\/u><\/strong>.<\/p>\n<p><\/p>\n<p><strong>La jade\u00edta natural no es perfecta, solo un peque\u00f1o recordatorio: nuestra jade\u00edta natural, como todas las cosas hermosas de la naturaleza, tiene sus caracter\u00edsticas y variaciones \u00fanicas. Invitamos a nuestros valiosos clientes a adoptar estas variaciones naturales. \u00a1Felices compras!<\/strong><\/p>\n<p><\/p>\n<p><strong><u>Ninguna de las fotograf\u00edas ni los v\u00eddeos han sido filtrados. Animamos a nuestros clientes a que vean tambi\u00e9n los v\u00eddeos adjuntos para tener una visi\u00f3n m\u00e1s completa de nuestros productos.<\/u><\/strong><\/p>","protected":false},"excerpt":{"rendered":"<p>Este collar colgante de jade\u00edta natural tipo A verde y blanco es una impresionante pieza de joyer\u00eda que es perfecta para usar a diario. Elaborado en un estilo hueco de la vieja escuela, este colgante presenta delicadas flores y monedas que le dan un toque \u00fanico. N\u00fameros de certificado: ZGDTE183107 Artesan\u00eda exquisita: el dise\u00f1o intrincado de este colgante muestra [\u2026]<\/p>","protected":false},"featured_media":6557,"comment_status":"open","ping_status":"closed","template":"","meta":[],"product_brand":[],"product_cat":[195],"product_tag":[],"class_list":{"0":"post-1626","1":"product","2":"type-product","3":"status-publish","4":"has-post-thumbnail","6":"product_cat-heirloom-grade","8":"first","9":"instock","10":"sale","11":"shipping-taxable","12":"purchasable","13":"product-type-simple"},"_links":{"self":[{"href":"https:\/\/shop.yipinqian.com\/es\/wp-json\/wp\/v2\/product\/1626","targetHints":{"allow":["GET"]}}],"collection":[{"href":"https:\/\/shop.yipinqian.com\/es\/wp-json\/wp\/v2\/product"}],"about":[{"href":"https:\/\/shop.yipinqian.com\/es\/wp-json\/wp\/v2\/types\/product"}],"replies":[{"embeddable":true,"href":"https:\/\/shop.yipinqian.com\/es\/wp-json\/wp\/v2\/comments?post=1626"}],"version-history":[{"count":0,"href":"https:\/\/shop.yipinqian.com\/es\/wp-json\/wp\/v2\/product\/1626\/revisions"}],"wp:featuredmedia":[{"embeddable":true,"href":"https:\/\/shop.yipinqian.com\/es\/wp-json\/wp\/v2\/media\/6557"}],"wp:attachment":[{"href":"https:\/\/shop.yipinqian.com\/es\/wp-json\/wp\/v2\/media?parent=1626"}],"wp:term":[{"taxonomy":"product_brand","embeddable":true,"href":"https:\/\/shop.yipinqian.com\/es\/wp-json\/wp\/v2\/product_brand?post=1626"},{"taxonomy":"product_cat","embeddable":true,"href":"https:\/\/shop.yipinqian.com\/es\/wp-json\/wp\/v2\/product_cat?post=1626"},{"taxonomy":"product_tag","embeddable":true,"href":"https:\/\/shop.yipinqian.com\/es\/wp-json\/wp\/v2\/product_tag?post=1626"}],"curies":[{"name":"wp","href":"https:\/\/api.w.org\/{rel}","templated":true}]}}