{"id":1622,"date":"2024-10-24T23:20:50","date_gmt":"2024-10-24T15:20:50","guid":{"rendered":"https:\/\/shop.yipinqian.com\/product\/old-pit-icy-bluish-green-natural-type-a-jadeite-pendant-necklace-crafted-as-laughing-buddha-with-certificate-weigh-13-48-grams-27-7-31-6-7-2-mm-pendant162\/"},"modified":"2025-02-24T01:17:29","modified_gmt":"2025-02-23T17:17:29","slug":"old-pit-icy-bluish-green-natural-type-a-jadeite-pendant-necklace-crafted-as-laughing-buddha-with-certificate-weigh-13-48-grams-27-7-31-6-7-2-mm-pendant162","status":"publish","type":"product","link":"https:\/\/shop.yipinqian.com\/es\/producto\/old-pit-icy-bluish-green-natural-type-a-jadeite-pendant-necklace-crafted-as-laughing-buddha-with-certificate-weigh-13-48-grams-27-7-31-6-7-2-mm-pendant162\/","title":{"rendered":"Collar con colgante de jade\u00edta natural tipo A de color verde azulado helado Old Pit elaborado como Buda sonriente con certificado que pesa 13,48 gramos, 27,7 * 31,6 * 7,2 mm (colgante 162)"},"content":{"rendered":"<p>Este collar colgante de jade\u00edta natural tipo A de color verde azulado helado Old Pit, elaborado como Buda sonriente, es una adici\u00f3n sorprendente a cualquier colecci\u00f3n de joyas.<\/p>\n<p><\/p>\n<p><strong>N\u00fameros de certificado: GD2109H014607<\/strong><\/p>\n<ul>\n<li>\n<strong>Jade\u00edta natural tipo A:<\/strong> El colgante est\u00e1 hecho de jade\u00edta tipo A natural de alta calidad, lo que le da una apariencia \u00fanica y hermosa.<\/li>\n<li>\n<strong>Con Certificado:<\/strong> Este colgante viene con un certificado para garantizar su autenticidad.<\/li>\n<li>\n<strong>Estilo de collar casual:<\/strong> El estilo casual del collar lo hace perfecto para el uso diario o para ocasiones especiales.<\/li>\n<\/ul>\n<p>El dise\u00f1o de Buda sonriente de este collar a\u00f1ade un aspecto interesante y atractivo a su atractivo est\u00e9tico. Presenta un color verde azulado helado que le da una sensaci\u00f3n serena y pac\u00edfica. Esta pieza unisex pesa 13,48 gramos y mide 27,7 * 31,6 * 7,2 mm (colgante 162).<\/p>\n<ul>\n<li>\n<strong>Hecho en Myanmar:<\/strong> Este producto proviene de Myanmar, lo que le brinda acceso al mejor jade que el pa\u00eds tiene para ofrecer.<\/li>\n<\/ul>\n<p>Este collar colgante de jade\u00edta tipo A natural es un regalo ideal para usted o sus seres queridos en cualquier ocasi\u00f3n diaria, ya que no hay restricciones espec\u00edficas sobre cu\u00e1ndo puede usar esta obra maestra.<\/p>\n<ul>\n<li>\n<strong>No hay garant\u00eda disponible: <\/strong>Tenga en cuenta que no existe ninguna garant\u00eda disponible para este producto en este momento; sin embargo, \u00a1le aseguramos su autenticidad!<\/li>\n<\/ul>\n<p>Yi Pin Qian \u2013 Comerciante de piedras preciosas y metales preciosos en Singapur \u2013 N\u00famero de licencia PS20190000031<\/p>\n<p><\/p>\n<p>*Todos los jade\u00edtas comprados a Yi Pin Qian en Singapur, los clientes pueden reservar espacios para pulirlos o hacer reparaciones menores por mal manejo; se aplican tarifas y solo para los clientes de Yi Pin Qian en Singapur*<\/p>\n<p><\/p>\n<p><strong>**Tipos de certificados**<\/strong><\/p>\n<p><\/p>\n<p><strong>NGI (Gemolog\u00eda Nan Yang)<\/strong><\/p>\n<p>o <strong>Certificados en el extranjero <\/strong>(Yi Pin Qian solo utiliza certificados aut\u00e9nticos de laboratorios extranjeros y tambi\u00e9n controla la calidad de cada uno de nuestros productos antes de ponerlos a la venta en SG)<\/p>\n<p><\/p>\n<p>Todos los productos de TikTok contar\u00e1n con el tipo de certificado que se indica en la descripci\u00f3n. Para cualquier cliente que desee enviar su pedido a NGI Singapur, habr\u00e1 un tiempo de espera para la entrega del pedido estimado de aproximadamente 4 semanas para recibirlo. <strong>Las solicitudes de informes de NGI Gemstone deben realizarse enviando un mensaje a la tienda TikTok de Yi Pin Qian.<\/strong> Gracias, <strong><u>Se aplican tarifas adicionales<\/u><\/strong>.<\/p>\n<p><\/p>\n<p><strong>La jade\u00edta natural no es perfecta, solo un peque\u00f1o recordatorio: nuestra jade\u00edta natural, como todas las cosas hermosas de la naturaleza, tiene sus caracter\u00edsticas y variaciones \u00fanicas. Invitamos a nuestros valiosos clientes a adoptar estas variaciones naturales. \u00a1Felices compras!<\/strong><\/p>\n<p><\/p>\n<p><strong><u>Ninguna de las fotograf\u00edas ni los v\u00eddeos han sido filtrados. Animamos a nuestros clientes a que vean tambi\u00e9n los v\u00eddeos adjuntos para tener una visi\u00f3n m\u00e1s completa de nuestros productos.<\/u><\/strong><\/p>","protected":false},"excerpt":{"rendered":"<p>This Old Pit Icy Bluish Green Natural Type A Jadeite Pendant Necklace, crafted as Laughing Buddha, is a stunning addition to any jewelry collection. Certificate numbers: GD2109H014607 Natural Type A Jadeite: The pendant is made of high-quality natural Type A jadeite, which gives it a unique and beautiful appearance. With Certificate: This pendant comes with [&hellip;]<\/p>","protected":false},"featured_media":6529,"comment_status":"open","ping_status":"closed","template":"","meta":[],"product_brand":[],"product_cat":[195],"product_tag":[],"class_list":{"0":"post-1622","1":"product","2":"type-product","3":"status-publish","4":"has-post-thumbnail","6":"product_cat-heirloom-grade","8":"first","9":"instock","10":"sale","11":"shipping-taxable","12":"purchasable","13":"product-type-simple"},"_links":{"self":[{"href":"https:\/\/shop.yipinqian.com\/es\/wp-json\/wp\/v2\/product\/1622","targetHints":{"allow":["GET"]}}],"collection":[{"href":"https:\/\/shop.yipinqian.com\/es\/wp-json\/wp\/v2\/product"}],"about":[{"href":"https:\/\/shop.yipinqian.com\/es\/wp-json\/wp\/v2\/types\/product"}],"replies":[{"embeddable":true,"href":"https:\/\/shop.yipinqian.com\/es\/wp-json\/wp\/v2\/comments?post=1622"}],"version-history":[{"count":0,"href":"https:\/\/shop.yipinqian.com\/es\/wp-json\/wp\/v2\/product\/1622\/revisions"}],"wp:featuredmedia":[{"embeddable":true,"href":"https:\/\/shop.yipinqian.com\/es\/wp-json\/wp\/v2\/media\/6529"}],"wp:attachment":[{"href":"https:\/\/shop.yipinqian.com\/es\/wp-json\/wp\/v2\/media?parent=1622"}],"wp:term":[{"taxonomy":"product_brand","embeddable":true,"href":"https:\/\/shop.yipinqian.com\/es\/wp-json\/wp\/v2\/product_brand?post=1622"},{"taxonomy":"product_cat","embeddable":true,"href":"https:\/\/shop.yipinqian.com\/es\/wp-json\/wp\/v2\/product_cat?post=1622"},{"taxonomy":"product_tag","embeddable":true,"href":"https:\/\/shop.yipinqian.com\/es\/wp-json\/wp\/v2\/product_tag?post=1622"}],"curies":[{"name":"wp","href":"https:\/\/api.w.org\/{rel}","templated":true}]}}