{"id":1619,"date":"2024-10-24T23:20:48","date_gmt":"2024-10-24T15:20:48","guid":{"rendered":"https:\/\/shop.yipinqian.com\/product\/oil-green-natural-type-a-jadeite-pendant-carved-as-water-buffalo-representing-hardworking-and-simple-unstoppable-strong-and-healthy-and-turn-the-tide-certificate-include-weighs-14-56-grams-34-6-23-6-1\/"},"modified":"2025-02-17T00:04:07","modified_gmt":"2025-02-16T16:04:07","slug":"oil-green-natural-type-a-jadeite-pendant-carved-as-water-buffalo-representing-hardworking-and-simple-unstoppable-strong-and-healthy-and-turn-the-tide-certificate-include-weighs-14-56-grams-34-6-23-6-1","status":"publish","type":"product","link":"https:\/\/shop.yipinqian.com\/es\/producto\/oil-green-natural-type-a-jadeite-pendant-carved-as-water-buffalo-representing-hardworking-and-simple-unstoppable-strong-and-healthy-and-turn-the-tide-certificate-include-weighs-14-56-grams-34-6-23-6-1\/","title":{"rendered":"Colgante de jade\u00edta natural tipo A de color verde aceite tallado como b\u00fafalo de agua que representa el trabajo duro y la sencillez, imparable, fuerte y saludable y cambia el rumbo, el certificado incluye un peso de 14,56 gramos, 34,6 * 23,6 * 11,5 mm, adecuado para el uso diario (colgante 80)"},"content":{"rendered":"<p>Este colgante de jade\u00edta natural tipo A de color verde petr\u00f3leo es una impresionante pieza de joyer\u00eda perfecta para usar a diario. Fabricado con jade de alta calidad, este colgante pesa 14,56 gramos y mide 34,6 x 23,6 x 11,5 mm.<\/p>\n<ul>\n<li>\n<strong>Representando el trabajo duro y sencillo:<\/strong> Este colgante presenta un b\u00fafalo de agua, que representa el trabajo duro y la sencillez.<\/li>\n<li>\n<strong>Imparable:<\/strong> El b\u00fafalo de agua tambi\u00e9n representa la fuerza y un esp\u00edritu imparable.<\/li>\n<li>\n<strong>Fuerte y saludable:<\/strong> Hecho de jade\u00edta natural tipo A, este colgante no solo es hermoso sino que tambi\u00e9n promueve la fuerza y la buena salud.<\/li>\n<li>\n<strong>Cambiar el rumbo:<\/strong>El b\u00fafalo de agua tallado en el colgante simboliza cambiar el rumbo o superar desaf\u00edos dif\u00edciles en la vida.<\/li>\n<\/ul>\n<p><strong>N\u00fameros de certificado: ZS24040200291<\/strong><\/p>\n<p><img fetchpriority=\"high\" decoding=\"async\" height=\"1080\" src=\"https:\/\/shop.yipinqian.com\/wp-content\/uploads\/2024\/10\/5b06eb6fac07e666daf2a3ac04eaabcb.jpg?from=476444299\" width=\"1080\"><img decoding=\"async\" height=\"1080\" src=\"https:\/\/shop.yipinqian.com\/wp-content\/uploads\/2024\/10\/9e40e14cd0e69c1c3cf29ad395620d35.jpg?from=476444299\" width=\"1080\"><\/p>\n<p>Este collar es lo suficientemente informal para usarlo a diario y, al mismo tiempo, destaca por su intrincado dise\u00f1o tallado. Viene con un certificado de autenticidad para garantizar su calidad, ya que proviene de Myanmar, un pa\u00eds conocido por su producci\u00f3n de jade\u00edta de alta calidad. Esta pieza unisex es f\u00e1cil de regalar a cualquier persona que aprecie la artesan\u00eda de la joyer\u00eda fina.<\/p>\n<p>\u00a1Agregue este colgante de jade\u00edta natural tipo A verde aceite tallado como un b\u00fafalo de agua que representa el trabajo duro, la sencillez, la imparabilidad, la fuerza, la salud y el cambio de rumbo a su colecci\u00f3n hoy mismo!<\/p>\n<p>.<\/p>\n<p>Yi Pin Qian \u2013 Comerciante de piedras preciosas y metales preciosos en Singapur \u2013 N\u00famero de licencia PS20190000031<\/p>\n<p>\u00a0<\/p>\n<p>*Todos los jade\u00edtas comprados a Yi Pin Qian en Singapur, los clientes pueden reservar espacios para pulirlos o hacer reparaciones menores por mal manejo; se aplican tarifas y solo para los clientes de Yi Pin Qian en Singapur*<\/p>\n<p>\u00a0<\/p>\n<p><strong>**Tipos de certificados**<\/strong><\/p>\n<p>\u00a0<\/p>\n<p><strong>NGI (Gemolog\u00eda Nan Yang)<\/strong><\/p>\n<p>o <strong>Certificados en el extranjero <\/strong>(Yi Pin Qian solo utiliza certificados aut\u00e9nticos de laboratorios extranjeros y tambi\u00e9n controla la calidad de cada uno de nuestros productos antes de ponerlos a la venta en SG)<\/p>\n<p>\u00a0<\/p>\n<p>Todos los productos de TikTok contar\u00e1n con el tipo de certificado que se indica en la descripci\u00f3n. Para cualquier cliente que desee enviar su pedido a NGI Singapur, habr\u00e1 un tiempo de espera para la entrega del pedido estimado de aproximadamente 4 semanas para recibirlo. <strong>Las solicitudes de informes de NGI Gemstone deben realizarse enviando un mensaje a la tienda TikTok de Yi Pin Qian.<\/strong> Gracias, <strong><u>Se aplican tarifas adicionales<\/u><\/strong>.<\/p>\n<p>\u00a0<\/p>\n<p><strong>La jade\u00edta natural no es perfecta, solo un peque\u00f1o recordatorio: nuestra jade\u00edta natural, como todas las cosas hermosas de la naturaleza, tiene sus caracter\u00edsticas y variaciones \u00fanicas. Invitamos a nuestros valiosos clientes a adoptar estas variaciones naturales. \u00a1Felices compras!<\/strong><\/p>\n<p>\u00a0<\/p>\n<p><strong><u>Ninguna de las fotograf\u00edas ni los v\u00eddeos han sido filtrados. Animamos a nuestros clientes a que vean tambi\u00e9n los v\u00eddeos adjuntos para tener una visi\u00f3n m\u00e1s completa de nuestros productos.<\/u><\/strong><\/p>\n<p>\u00a0<\/p>\n<p>.<\/p>","protected":false},"excerpt":{"rendered":"<p>This Oil Green Natural Type A Jadeite Pendant is a stunning piece of jewelry that is perfect for daily wear. Made from high-quality jade, this pendant weigh 14.56 grams and measures 34.6 * 23.6 * 11.5 mm. Representing Hardworking and Simple: This pendant features a water buffalo, which represents hard work and simplicity. Unstoppable: The [&hellip;]<\/p>","protected":false},"featured_media":6513,"comment_status":"open","ping_status":"closed","template":"","meta":[],"product_brand":[],"product_cat":[48],"product_tag":[],"class_list":{"0":"post-1619","1":"product","2":"type-product","3":"status-publish","4":"has-post-thumbnail","6":"product_cat-pendants","8":"first","9":"instock","10":"sale","11":"shipping-taxable","12":"purchasable","13":"product-type-simple"},"_links":{"self":[{"href":"https:\/\/shop.yipinqian.com\/es\/wp-json\/wp\/v2\/product\/1619","targetHints":{"allow":["GET"]}}],"collection":[{"href":"https:\/\/shop.yipinqian.com\/es\/wp-json\/wp\/v2\/product"}],"about":[{"href":"https:\/\/shop.yipinqian.com\/es\/wp-json\/wp\/v2\/types\/product"}],"replies":[{"embeddable":true,"href":"https:\/\/shop.yipinqian.com\/es\/wp-json\/wp\/v2\/comments?post=1619"}],"version-history":[{"count":0,"href":"https:\/\/shop.yipinqian.com\/es\/wp-json\/wp\/v2\/product\/1619\/revisions"}],"wp:featuredmedia":[{"embeddable":true,"href":"https:\/\/shop.yipinqian.com\/es\/wp-json\/wp\/v2\/media\/6513"}],"wp:attachment":[{"href":"https:\/\/shop.yipinqian.com\/es\/wp-json\/wp\/v2\/media?parent=1619"}],"wp:term":[{"taxonomy":"product_brand","embeddable":true,"href":"https:\/\/shop.yipinqian.com\/es\/wp-json\/wp\/v2\/product_brand?post=1619"},{"taxonomy":"product_cat","embeddable":true,"href":"https:\/\/shop.yipinqian.com\/es\/wp-json\/wp\/v2\/product_cat?post=1619"},{"taxonomy":"product_tag","embeddable":true,"href":"https:\/\/shop.yipinqian.com\/es\/wp-json\/wp\/v2\/product_tag?post=1619"}],"curies":[{"name":"wp","href":"https:\/\/api.w.org\/{rel}","templated":true}]}}