{"id":1618,"date":"2024-10-24T23:20:48","date_gmt":"2024-10-24T15:20:48","guid":{"rendered":"https:\/\/shop.yipinqian.com\/product\/nicely-crafted-yellow-premium-quality-leg-with-ruyi-and-spider-natural-type-a-jadeite-pendant-symbolism-contentment-wealth-and-happiness-wealth-and-good-fortune-with-certificate-weigh-10-70-grams-25-8\/"},"modified":"2025-02-24T00:49:52","modified_gmt":"2025-02-23T16:49:52","slug":"nicely-crafted-yellow-premium-quality-leg-with-ruyi-and-spider-natural-type-a-jadeite-pendant-symbolism-contentment-wealth-and-happiness-wealth-and-good-fortune-with-certificate-weigh-10-70-grams-25-8","status":"publish","type":"product","link":"https:\/\/shop.yipinqian.com\/es\/producto\/nicely-crafted-yellow-premium-quality-leg-with-ruyi-and-spider-natural-type-a-jadeite-pendant-symbolism-contentment-wealth-and-happiness-wealth-and-good-fortune-with-certificate-weigh-10-70-grams-25-8\/","title":{"rendered":"Nicely Crafted Yellow Premium Quality Leg with Ruyi and Spider Natural Type A Jadeite Pendant Symbolism Contentment, wealth and happiness, wealth and good fortune with certificate weigh 10.70 grams, 25.80 * 16.6 * 14.5 mm suitable daily wear (pendant73)"},"content":{"rendered":"<p>This Nicely Crafted Yellow Premium Quality Leg with Ruyi and Spider Natural Type A Jadeite Pendant is a stunning addition to any jewelry collection. This pendant is beautifully crafted and symbolizes contentment, wealth, happiness, and good fortune.<\/p>\n<ul>\n<li>\n<strong>Material de primera calidad:<\/strong> Made from natural Type A Jadeite with a weight of 10.70 grams.<\/li>\n<li>\n<strong>Dise\u00f1o simb\u00f3lico:<\/strong> The Yellow Premium Quality Leg with Ruyi and Spider design represents contentment, wealth, happiness.<\/li>\n<li>\n<strong>Certificado incluido:<\/strong> This pendant comes with a certificate of authenticity to ensure that you receive the highest quality product.<\/li>\n<\/ul>\n<p><strong>Certificate numbers: GD2111H012374<\/strong><\/p>\n<p><img fetchpriority=\"high\" decoding=\"async\" height=\"1080\" src=\"https:\/\/shop.yipinqian.com\/wp-content\/uploads\/2024\/10\/b4d726621d0b91c74b6394a8bb47eec7.jpg?from=476444299\" width=\"1080\"><\/p>\n<p>This pendant is perfect for daily wear thanks to its casual necklace style. It measures 25.80 * 16.6 * 14.5 mm in size making it the perfect size for any occasion while adding elegance to your overall look.<\/p>\n<ul>\n<li>\n<strong>Hecho en Myanmar:<\/strong> The Country Of Origin of this product is Myanmar<\/li>\n<li>\n<strong>Jade Necklace &amp; Pendant Style: <\/strong>The Necklace Style of this product is Casual<\/li>\n<li>.<\/li>\n<\/ul>\n<p>Add some elegance and sophistication into your wardrobe today with this Nicely Crafted Yellow Premium Quality Leg with Ruyi and Spider Natural Type A Jadeite Pendant!<\/p>\n<p>\u00a0<\/p>\n<p>Yi Pin Qian \u2013 Comerciante de piedras preciosas y metales preciosos en Singapur \u2013 N\u00famero de licencia PS20190000031<\/p>\n<p>\u00a0<\/p>\n<p>*Todos los jade\u00edtas comprados a Yi Pin Qian en Singapur, los clientes pueden reservar espacios para pulirlos o hacer reparaciones menores por mal manejo; se aplican tarifas y solo para los clientes de Yi Pin Qian en Singapur*<\/p>\n<p>\u00a0<\/p>\n<p><strong>**Tipos de certificados**<\/strong><\/p>\n<p>\u00a0<\/p>\n<p><strong>NGI (Gemolog\u00eda Nan Yang)<\/strong><\/p>\n<p>o <strong>Certificados en el extranjero <\/strong>(Yi Pin Qian solo utiliza certificados aut\u00e9nticos de laboratorios extranjeros y tambi\u00e9n controla la calidad de cada uno de nuestros productos antes de ponerlos a la venta en SG)<\/p>\n<p>\u00a0<\/p>\n<p>Todos los productos de TikTok contar\u00e1n con el tipo de certificado que se indica en la descripci\u00f3n. Para cualquier cliente que desee enviar su pedido a NGI Singapur, habr\u00e1 un tiempo de espera para la entrega del pedido estimado de aproximadamente 4 semanas para recibirlo. <strong>Las solicitudes de informes de NGI Gemstone deben realizarse enviando un mensaje a la tienda TikTok de Yi Pin Qian.<\/strong> Gracias, <strong><u>Se aplican tarifas adicionales<\/u><\/strong>.<\/p>\n<p>\u00a0<\/p>\n<p><strong>La jade\u00edta natural no es perfecta, solo un peque\u00f1o recordatorio: nuestra jade\u00edta natural, como todas las cosas hermosas de la naturaleza, tiene sus caracter\u00edsticas y variaciones \u00fanicas. Invitamos a nuestros valiosos clientes a adoptar estas variaciones naturales. \u00a1Felices compras!<\/strong><\/p>\n<p>\u00a0<\/p>\n<p><strong><u>Ninguna de las fotograf\u00edas ni los v\u00eddeos han sido filtrados. Animamos a nuestros clientes a que vean tambi\u00e9n los v\u00eddeos adjuntos para tener una visi\u00f3n m\u00e1s completa de nuestros productos.<\/u><\/strong><\/p>","protected":false},"excerpt":{"rendered":"<p>This Nicely Crafted Yellow Premium Quality Leg with Ruyi and Spider Natural Type A Jadeite Pendant is a stunning addition to any jewelry collection. This pendant is beautifully crafted and symbolizes contentment, wealth, happiness, and good fortune. Premium Quality Material: Made from natural Type A Jadeite with a weight of 10.70 grams. Symbolic Design: The [&hellip;]<\/p>","protected":false},"featured_media":6501,"comment_status":"open","ping_status":"closed","template":"","meta":[],"product_brand":[],"product_cat":[194],"product_tag":[],"class_list":{"0":"post-1618","1":"product","2":"type-product","3":"status-publish","4":"has-post-thumbnail","6":"product_cat-value-picks","8":"first","9":"instock","10":"sale","11":"shipping-taxable","12":"purchasable","13":"product-type-simple"},"_links":{"self":[{"href":"https:\/\/shop.yipinqian.com\/es\/wp-json\/wp\/v2\/product\/1618","targetHints":{"allow":["GET"]}}],"collection":[{"href":"https:\/\/shop.yipinqian.com\/es\/wp-json\/wp\/v2\/product"}],"about":[{"href":"https:\/\/shop.yipinqian.com\/es\/wp-json\/wp\/v2\/types\/product"}],"replies":[{"embeddable":true,"href":"https:\/\/shop.yipinqian.com\/es\/wp-json\/wp\/v2\/comments?post=1618"}],"version-history":[{"count":0,"href":"https:\/\/shop.yipinqian.com\/es\/wp-json\/wp\/v2\/product\/1618\/revisions"}],"wp:featuredmedia":[{"embeddable":true,"href":"https:\/\/shop.yipinqian.com\/es\/wp-json\/wp\/v2\/media\/6501"}],"wp:attachment":[{"href":"https:\/\/shop.yipinqian.com\/es\/wp-json\/wp\/v2\/media?parent=1618"}],"wp:term":[{"taxonomy":"product_brand","embeddable":true,"href":"https:\/\/shop.yipinqian.com\/es\/wp-json\/wp\/v2\/product_brand?post=1618"},{"taxonomy":"product_cat","embeddable":true,"href":"https:\/\/shop.yipinqian.com\/es\/wp-json\/wp\/v2\/product_cat?post=1618"},{"taxonomy":"product_tag","embeddable":true,"href":"https:\/\/shop.yipinqian.com\/es\/wp-json\/wp\/v2\/product_tag?post=1618"}],"curies":[{"name":"wp","href":"https:\/\/api.w.org\/{rel}","templated":true}]}}