{"id":1612,"date":"2024-10-24T23:20:44","date_gmt":"2024-10-24T15:20:44","guid":{"rendered":"https:\/\/shop.yipinqian.com\/product\/natural-type-a-jadeite-pendant-with-ngi-gemstone-report-crafted-with-buddha-near-colorless-with-light-yellowish-brown-patches-with-good-translucency-weighs-40-07-grams-69-18-30-95-7-27-mm-pendant146\/"},"modified":"2025-02-24T01:34:17","modified_gmt":"2025-02-23T17:34:17","slug":"natural-type-a-jadeite-pendant-with-ngi-gemstone-report-crafted-with-buddha-near-colorless-with-light-yellowish-brown-patches-with-good-translucency-weighs-40-07-grams-69-18-30-95-7-27-mm-pendant146","status":"publish","type":"product","link":"https:\/\/shop.yipinqian.com\/es\/producto\/natural-type-a-jadeite-pendant-with-ngi-gemstone-report-crafted-with-buddha-near-colorless-with-light-yellowish-brown-patches-with-good-translucency-weighs-40-07-grams-69-18-30-95-7-27-mm-pendant146\/","title":{"rendered":"Colgante de jade\u00edta tipo A natural con informe de piedra preciosa NGI Elaborado con Buda casi incoloro con manchas de color marr\u00f3n amarillento claro con buena translucidez, pesa 40,07 gramos, 69,18 * 30,95 * 7,27 mm (colgante 146)"},"content":{"rendered":"<p>Este colgante de jade\u00edta natural tipo A es una impresionante pieza de joyer\u00eda que presenta una talla de Buda y un informe de piedras preciosas de NGI.<\/p>\n<p><strong>N\u00fameros de informe del NGI: 16817289<\/strong><\/p>\n<p>El colgante tiene una hermosa apariencia casi incolora con manchas de color marr\u00f3n amarillento claro y buena translucidez, lo que le da un aspecto elegante.<\/p>\n<p>Con un peso de 40,07 gramos y unas dimensiones de 69,18 * 30,95 * 7,27 mm, este colgante es perfecto para a\u00f1adir encanto a cualquier atuendo.<\/p>\n<p>Caracter\u00edsticas principales: \u2013 Colgante de jade\u00edta natural tipo A \u2013 Informe de piedras preciosas de NGI \u2013 Talla de Buda \u2013 Aspecto casi incoloro con manchas de color marr\u00f3n amarillento claro \u2013 Buena translucidez \u2013 Pesa 40,07 gramos \u2013 Dimensiones: 69,18 * 30,95 * 7,27 mm<\/p>\n<p><img fetchpriority=\"high\" decoding=\"async\" height=\"1080\" src=\"https:\/\/shop.yipinqian.com\/wp-content\/uploads\/2024\/10\/e69c8bf59d364b19746e0ac3ef9ebd7c.jpg?from=476444299\" width=\"1080\"><\/p>\n<p>Este collar unisex tiene un dise\u00f1o informal que se puede usar en cualquier ocasi\u00f3n, lo que lo hace perfecto para el uso diario o como un regalo elegante para su ser querido. Atributos del producto:<\/p>\n<ul>\n<li>Con Certificado: Si<\/li>\n<li>Tipo de garant\u00eda: Sin garant\u00eda<\/li>\n<li>G\u00e9nero: unisex<\/li>\n<li>Estilo del collar: Casual<\/li>\n<\/ul>\n<p>\u00a1Invierta hoy mismo en este hermoso colgante de jade\u00edta natural tipo A de Yi Pin Qian, empresa autorizada a comercializar piedras preciosas!<\/p>\n<p>Yi Pin Qian \u2013 Comerciante de piedras preciosas y metales preciosos en Singapur \u2013 N\u00famero de licencia PS20190000031<\/p>\n<p>*Todos los jade\u00edtas comprados a Yi Pin Qian en Singapur, los clientes pueden reservar espacios para pulirlos o hacer reparaciones menores por mal manejo; se aplican tarifas y solo para los clientes de Yi Pin Qian en Singapur*<\/p>\n<ul>\n<li> <\/li>\n<\/ul>\n<p>NGI (Gemolog\u00eda Nan Yang)<\/p>\n<p>o certificados extranjeros (Yi Pin Qian solo utiliza certificados aut\u00e9nticos de laboratorios extranjeros y tambi\u00e9n realiza controles de calidad de cada uno de nuestros productos antes de ponerlos a la venta en SG)<\/p>\n<p> <\/p>\n<p>Todos los productos de TikTok tendr\u00e1n el tipo de certificado proporcionado que se indica en la descripci\u00f3n. Para cualquier cliente que desee enviar su pedido a NGI Singapur, habr\u00e1 un tiempo de espera para la entrega del pedido estimado de alrededor de 4 semanas para recibirlo. Las solicitudes de informes de piedras preciosas de NGI deben enviarse por mensaje a la tienda de TikTok de Yi Pin Qian. Gracias, se aplican tarifas adicionales.<\/p>","protected":false},"excerpt":{"rendered":"<p>This Natural Type A Jadeite Pendant is a stunning piece of jewelry that features a Buddha carving and with NGI Gemstone Report. NGI Report Numbers: 16817289 The pendant has beautiful near colorless appearance with light yellowish-brown patches and good translucency, giving it an elegant look. With a weight of 40.07 grams and dimensions of 69.18 [&hellip;]<\/p>","protected":false},"featured_media":6459,"comment_status":"open","ping_status":"closed","template":"","meta":[],"product_brand":[],"product_cat":[196],"product_tag":[],"class_list":{"0":"post-1612","1":"product","2":"type-product","3":"status-publish","4":"has-post-thumbnail","6":"product_cat-vault-collection","8":"first","9":"instock","10":"sale","11":"shipping-taxable","12":"purchasable","13":"product-type-simple"},"_links":{"self":[{"href":"https:\/\/shop.yipinqian.com\/es\/wp-json\/wp\/v2\/product\/1612","targetHints":{"allow":["GET"]}}],"collection":[{"href":"https:\/\/shop.yipinqian.com\/es\/wp-json\/wp\/v2\/product"}],"about":[{"href":"https:\/\/shop.yipinqian.com\/es\/wp-json\/wp\/v2\/types\/product"}],"replies":[{"embeddable":true,"href":"https:\/\/shop.yipinqian.com\/es\/wp-json\/wp\/v2\/comments?post=1612"}],"version-history":[{"count":0,"href":"https:\/\/shop.yipinqian.com\/es\/wp-json\/wp\/v2\/product\/1612\/revisions"}],"wp:featuredmedia":[{"embeddable":true,"href":"https:\/\/shop.yipinqian.com\/es\/wp-json\/wp\/v2\/media\/6459"}],"wp:attachment":[{"href":"https:\/\/shop.yipinqian.com\/es\/wp-json\/wp\/v2\/media?parent=1612"}],"wp:term":[{"taxonomy":"product_brand","embeddable":true,"href":"https:\/\/shop.yipinqian.com\/es\/wp-json\/wp\/v2\/product_brand?post=1612"},{"taxonomy":"product_cat","embeddable":true,"href":"https:\/\/shop.yipinqian.com\/es\/wp-json\/wp\/v2\/product_cat?post=1612"},{"taxonomy":"product_tag","embeddable":true,"href":"https:\/\/shop.yipinqian.com\/es\/wp-json\/wp\/v2\/product_tag?post=1612"}],"curies":[{"name":"wp","href":"https:\/\/api.w.org\/{rel}","templated":true}]}}