{"id":1605,"date":"2024-10-24T23:20:39","date_gmt":"2024-10-24T15:20:39","guid":{"rendered":"https:\/\/shop.yipinqian.com\/product\/natural-type-a-jadeite-carved-with-beautiful-scenery-51-08-51-11-6-31-mm-weight-173-9-grams-premium-pendant-highly-translucent-faint-greenish-blue-and-green-ngi-certification-pendant155\/"},"modified":"2025-02-24T01:34:19","modified_gmt":"2025-02-23T17:34:19","slug":"natural-type-a-jadeite-carved-with-beautiful-scenery-51-08-51-11-6-31-mm-weight-173-9-grams-premium-pendant-highly-translucent-faint-greenish-blue-and-green-ngi-certification-pendant155","status":"publish","type":"product","link":"https:\/\/shop.yipinqian.com\/es\/producto\/natural-type-a-jadeite-carved-with-beautiful-scenery-51-08-51-11-6-31-mm-weight-173-9-grams-premium-pendant-highly-translucent-faint-greenish-blue-and-green-ngi-certification-pendant155\/","title":{"rendered":"Jade\u00edta natural tipo A tallada con un hermoso paisaje \u2013 [51,08 * 51,11 * 6,31 mm] \u2013 Peso = 173,9 gramos, colgante de primera calidad \u2013 Altamente transl\u00facido, azul verdoso tenue y verde, certificaci\u00f3n NGI (colgante 155)"},"content":{"rendered":"<p>Eleve su colecci\u00f3n de joyas con este impresionante colgante de jade\u00edta natural tipo A. Este colgante de primera calidad, tallado por expertos con hermosos paisajes, seguramente llamar\u00e1 la atenci\u00f3n. Con un cuerpo altamente transl\u00facido y tenues tonos de azul verdoso y verde, cuenta con una combinaci\u00f3n poco com\u00fan de belleza natural.<\/p>\n<p><strong>N\u00fameros de informe de NGI: 63837041<\/strong><\/p>\n<ul>\n<li>\n<strong>Material:<\/strong> Jade\u00edta natural tipo A<\/li>\n<li>\n<strong>Estilo:<\/strong> Collar casual<\/li>\n<li>\n<strong>Proceso de dar un t\u00edtulo:<\/strong> Certificaci\u00f3n NGI<\/li>\n<li>\n<strong>Certificado incluido:<\/strong> S\u00ed<\/li>\n<li>\n<strong>Contraste:<\/strong> Myanmar (Birmania)<\/li>\n<li>\n<strong>G\u00e9nero: <\/strong>Unisexo<\/li>\n<li><strong>Ocasi\u00f3n: Uso diario <li><strong>Garant\u00eda: No se especific\u00f3 ning\u00fan tipo de garant\u00eda.<\/strong><\/li>\n<\/ul>\n<p><strong>Esta exquisita pieza pesa 173,9 gramos y mide [51,08 * 51,11 * 6,31 mm]. Su cuerpo altamente transl\u00facido permite un encantador juego de luz, lo que le otorga una calidad et\u00e9rea que es dif\u00edcil de encontrar en collares o colgantes comunes.<\/strong><\/p>\n<p><strong>\u00a1Agregue este colgante premium a su colecci\u00f3n hoy como el accesorio perfecto para cualquier ocasi\u00f3n informal!<\/strong><\/p>\n<p><img fetchpriority=\"high\" decoding=\"async\" height=\"1080\" src=\"https:\/\/shop.yipinqian.com\/wp-content\/uploads\/2024\/10\/fa45acc459cda46707605bafe73f515b.jpg?from=476444299\" width=\"1080\"><\/p>\n<p>Yi Pin Qian \u2013 Comerciante de piedras preciosas y metales preciosos en Singapur \u2013 N\u00famero de licencia PS20190000031<\/p>\n<p>*Todos los jade\u00edtas comprados a Yi Pin Qian en Singapur, los clientes pueden reservar espacios para pulirlos o hacer reparaciones menores por mal manejo; se aplican tarifas y solo para los clientes de Yi Pin Qian en Singapur*<\/p>\n<ul>\n<li> <\/li>\n<\/ul>\n<p>NGI (Gemolog\u00eda Nan Yang)<\/p>\n<p>o certificados extranjeros (Yi Pin Qian solo utiliza certificados aut\u00e9nticos de laboratorios extranjeros y tambi\u00e9n realiza controles de calidad de cada uno de nuestros productos antes de ponerlos a la venta en SG)<\/p>\n<\/p>\n<p>Todos los productos de TikTok tendr\u00e1n el tipo de certificado proporcionado que se indica en la descripci\u00f3n. Para cualquier cliente que desee enviar su pedido a NGI Singapur, habr\u00e1 un tiempo de espera para la entrega del pedido estimado de alrededor de 4 semanas para recibirlo. Las solicitudes de informes de piedras preciosas de NGI deben enviarse por mensaje a la tienda de TikTok de Yi Pin Qian. Gracias, se aplican tarifas adicionales.<\/p>","protected":false},"excerpt":{"rendered":"<p>Elevate your jewelry collection with this breathtaking Natural Type A Jadeite pendant. Expertly carved with beautiful scenery, this premium pendant is sure to turn heads. With a highly translucent body and faint greenish blue and green hues, it boasts a rare combination of natural beauty. NGI Report Numbers: 63837041 Material: Natural Type A Jadeite Style: [&hellip;]<\/p>","protected":false},"featured_media":6409,"comment_status":"open","ping_status":"closed","template":"","meta":[],"product_brand":[],"product_cat":[196],"product_tag":[],"class_list":{"0":"post-1605","1":"product","2":"type-product","3":"status-publish","4":"has-post-thumbnail","6":"product_cat-vault-collection","8":"first","9":"instock","10":"sale","11":"shipping-taxable","12":"purchasable","13":"product-type-simple"},"_links":{"self":[{"href":"https:\/\/shop.yipinqian.com\/es\/wp-json\/wp\/v2\/product\/1605","targetHints":{"allow":["GET"]}}],"collection":[{"href":"https:\/\/shop.yipinqian.com\/es\/wp-json\/wp\/v2\/product"}],"about":[{"href":"https:\/\/shop.yipinqian.com\/es\/wp-json\/wp\/v2\/types\/product"}],"replies":[{"embeddable":true,"href":"https:\/\/shop.yipinqian.com\/es\/wp-json\/wp\/v2\/comments?post=1605"}],"version-history":[{"count":0,"href":"https:\/\/shop.yipinqian.com\/es\/wp-json\/wp\/v2\/product\/1605\/revisions"}],"wp:featuredmedia":[{"embeddable":true,"href":"https:\/\/shop.yipinqian.com\/es\/wp-json\/wp\/v2\/media\/6409"}],"wp:attachment":[{"href":"https:\/\/shop.yipinqian.com\/es\/wp-json\/wp\/v2\/media?parent=1605"}],"wp:term":[{"taxonomy":"product_brand","embeddable":true,"href":"https:\/\/shop.yipinqian.com\/es\/wp-json\/wp\/v2\/product_brand?post=1605"},{"taxonomy":"product_cat","embeddable":true,"href":"https:\/\/shop.yipinqian.com\/es\/wp-json\/wp\/v2\/product_cat?post=1605"},{"taxonomy":"product_tag","embeddable":true,"href":"https:\/\/shop.yipinqian.com\/es\/wp-json\/wp\/v2\/product_tag?post=1605"}],"curies":[{"name":"wp","href":"https:\/\/api.w.org\/{rel}","templated":true}]}}