{"id":1595,"date":"2024-10-24T23:20:34","date_gmt":"2024-10-24T15:20:34","guid":{"rendered":"https:\/\/shop.yipinqian.com\/product\/mix-with-green-lavender-and-icy-natural-type-a-jadeite-jade-33-beads-with-measurement-of-5-5-mm-bracelet-qic-labs-approved-certificate-included-weigh-9-grams-bracelet16\/"},"modified":"2025-02-17T00:04:06","modified_gmt":"2025-02-16T16:04:06","slug":"mix-with-green-lavender-and-icy-natural-type-a-jadeite-jade-33-beads-with-measurement-of-5-5-mm-bracelet-qic-labs-approved-certificate-included-weigh-9-grams-bracelet16","status":"publish","type":"product","link":"https:\/\/shop.yipinqian.com\/es\/producto\/mix-with-green-lavender-and-icy-natural-type-a-jadeite-jade-33-beads-with-measurement-of-5-5-mm-bracelet-qic-labs-approved-certificate-included-weigh-9-grams-bracelet16\/","title":{"rendered":"Pulsera de jade\u00edta natural tipo A mezclada con verde, lavanda y hielo, 33 cuentas con una medida de 5,5 mm, certificado aprobado por los laboratorios QIC incluido, pesa 9 gramos (pulsera 16)"},"content":{"rendered":"<p>Esta pulsera de jade\u00edta natural tipo A mezclada con verde, lavanda y hielo es un accesorio perfecto para el uso diario. <strong>33 cuentas<\/strong> tener una medida de <strong>5,5 mil\u00edmetros<\/strong> cada uno y est\u00e1n ensartados juntos para pesar <strong>9 gramos<\/strong> en general.<\/p>\n<p><\/p>\n<p><strong>N\u00fameros de certificado: 5924032200010<\/strong><\/p>\n<ul>\n<li>\n<strong>Mezcla de colores:<\/strong> Con tonos naturales verdes, lavanda y helados, esta pulsera muestra la belleza \u00fanica del jade jade\u00edta.<\/li>\n<li>\n<strong>Aprobado por QIC Labs:<\/strong> Esta pulsera viene con un certificado aprobado por los laboratorios QIC para garantizar su autenticidad.<\/li>\n<li>\n<strong>Se ajusta c\u00f3modamente:<\/strong> La pulsera est\u00e1 dise\u00f1ada en forma de una mu\u00f1equera c\u00f3moda de llevar que se puede ajustar para adaptarse al tama\u00f1o de su mu\u00f1eca.<\/li>\n<\/ul>\n<p>El jade\u00edta natural tipo A utilizado en este producto proviene de Myanmar, lo que garantiza su autenticidad y calidad. Es un regalo ideal para mujeres que aprecian las piezas impresionantes que se pueden usar en cualquier ocasi\u00f3n.<\/p>\n<ul>\n<li>\n<strong>Sin garant\u00eda: <\/strong>Este producto no viene con ning\u00fan tipo de garant\u00eda.<\/li>\n<li>.<\/li>\n<\/ul>\n<p>\u00a1Agregue esta delicada pero llamativa pieza a su colecci\u00f3n de joyas hoy!<\/p>\n<p>.<\/p>\n<p>Yi Pin Qian \u2013 Comerciante de piedras preciosas y metales preciosos en Singapur \u2013 N\u00famero de licencia PS20190000031<\/p>\n<p><\/p>\n<p>*Todos los jade\u00edtas comprados a Yi Pin Qian en Singapur, los clientes pueden reservar espacios para pulirlos o hacer reparaciones menores por mal manejo; se aplican tarifas y solo para los clientes de Yi Pin Qian en Singapur*<\/p>\n<p><\/p>\n<p><strong>**Tipos de certificados**<\/strong><\/p>\n<p><\/p>\n<p><strong>NGI (Gemolog\u00eda Nan Yang)<\/strong><\/p>\n<p>o <strong>Certificados en el extranjero <\/strong>(Yi Pin Qian solo utiliza certificados aut\u00e9nticos de laboratorios extranjeros y tambi\u00e9n controla la calidad de cada uno de nuestros productos antes de ponerlos a la venta en SG)<\/p>\n<p><\/p>\n<p>Todos los productos de TikTok contar\u00e1n con el tipo de certificado que se indica en la descripci\u00f3n. Para cualquier cliente que desee enviar su pedido a NGI Singapur, habr\u00e1 un tiempo de espera para la entrega del pedido estimado de aproximadamente 4 semanas para recibirlo. <strong>Las solicitudes de informes de NGI Gemstone deben realizarse enviando un mensaje a la tienda TikTok de Yi Pin Qian.<\/strong> Gracias, <strong><u>Se aplican tarifas adicionales<\/u><\/strong>.<\/p>\n<p><\/p>\n<p><strong>La jade\u00edta natural no es perfecta, solo un peque\u00f1o recordatorio: nuestra jade\u00edta natural, como todas las cosas hermosas de la naturaleza, tiene sus caracter\u00edsticas y variaciones \u00fanicas. Invitamos a nuestros valiosos clientes a adoptar estas variaciones naturales. \u00a1Felices compras!<\/strong><\/p>\n<p><\/p>\n<p><strong><u>Ninguna de las fotograf\u00edas ni los v\u00eddeos han sido filtrados. Animamos a nuestros clientes a que vean tambi\u00e9n los v\u00eddeos adjuntos para tener una visi\u00f3n m\u00e1s completa de nuestros productos.<\/u><\/strong><\/p>","protected":false},"excerpt":{"rendered":"<p>Esta pulsera de jade\u00edta natural tipo A en tonos verde, lavanda y hielo es un accesorio perfecto para el uso diario. Las 33 cuentas tienen una medida de 5,5 mm cada una y est\u00e1n ensartadas para pesar 9 gramos en total. N\u00fameros de certificado: 5924032200010 Mezcla de colores: Con tonos naturales verde, lavanda y hielo, esta pulsera muestra [\u2026]<\/p>","protected":false},"featured_media":6336,"comment_status":"open","ping_status":"closed","template":"","meta":[],"product_brand":[],"product_cat":[121,84],"product_tag":[],"class_list":{"0":"post-1595","1":"product","2":"type-product","3":"status-publish","4":"has-post-thumbnail","6":"product_cat-bracelets-bangles","7":"product_cat-charms-and-charm-bracelet","9":"first","10":"instock","11":"sale","12":"shipping-taxable","13":"purchasable","14":"product-type-simple"},"_links":{"self":[{"href":"https:\/\/shop.yipinqian.com\/es\/wp-json\/wp\/v2\/product\/1595","targetHints":{"allow":["GET"]}}],"collection":[{"href":"https:\/\/shop.yipinqian.com\/es\/wp-json\/wp\/v2\/product"}],"about":[{"href":"https:\/\/shop.yipinqian.com\/es\/wp-json\/wp\/v2\/types\/product"}],"replies":[{"embeddable":true,"href":"https:\/\/shop.yipinqian.com\/es\/wp-json\/wp\/v2\/comments?post=1595"}],"version-history":[{"count":0,"href":"https:\/\/shop.yipinqian.com\/es\/wp-json\/wp\/v2\/product\/1595\/revisions"}],"wp:featuredmedia":[{"embeddable":true,"href":"https:\/\/shop.yipinqian.com\/es\/wp-json\/wp\/v2\/media\/6336"}],"wp:attachment":[{"href":"https:\/\/shop.yipinqian.com\/es\/wp-json\/wp\/v2\/media?parent=1595"}],"wp:term":[{"taxonomy":"product_brand","embeddable":true,"href":"https:\/\/shop.yipinqian.com\/es\/wp-json\/wp\/v2\/product_brand?post=1595"},{"taxonomy":"product_cat","embeddable":true,"href":"https:\/\/shop.yipinqian.com\/es\/wp-json\/wp\/v2\/product_cat?post=1595"},{"taxonomy":"product_tag","embeddable":true,"href":"https:\/\/shop.yipinqian.com\/es\/wp-json\/wp\/v2\/product_tag?post=1595"}],"curies":[{"name":"wp","href":"https:\/\/api.w.org\/{rel}","templated":true}]}}