{"id":1593,"date":"2024-10-24T23:20:34","date_gmt":"2024-10-24T15:20:34","guid":{"rendered":"https:\/\/shop.yipinqian.com\/product\/mid-year-special-offer-lavender-with-yellow-patches-natural-type-a-jadeite-jade-crafted-as-dragon-with-certificate-weigh-71-76-grams-54-8-54-8-15-8-mm-pendant170\/"},"modified":"2025-02-24T00:49:52","modified_gmt":"2025-02-23T16:49:52","slug":"mid-year-special-offer-lavender-with-yellow-patches-natural-type-a-jadeite-jade-crafted-as-dragon-with-certificate-weigh-71-76-grams-54-8-54-8-15-8-mm-pendant170","status":"publish","type":"product","link":"https:\/\/shop.yipinqian.com\/es\/producto\/mid-year-special-offer-lavender-with-yellow-patches-natural-type-a-jadeite-jade-crafted-as-dragon-with-certificate-weigh-71-76-grams-54-8-54-8-15-8-mm-pendant170\/","title":{"rendered":"Mid-Year Special Offer Lavender with Yellow Patches Natural Type A Jadeite Jade crafted as Dragon with certificate weigh 71.76 grams, 54.8 * 54.8 * 15.8 mm (pendant170)"},"content":{"rendered":"<p>This Lavender with Yellow Patches Natural Type A Jadeite Jade crafted as Dragon pendant is a perfect addition to any jewelry collection.<\/p>\n<p><\/p>\n<p><strong>Certificate numbers: SZ19286752<\/strong><\/p>\n<ul>\n<li>\n<strong>Dise\u00f1o exquisito:<\/strong> This pendant is crafted in the shape of a dragon, symbolizing strength and power.<\/li>\n<li>\n<strong>Jade\u00edta natural tipo A:<\/strong> Made with high-quality natural type A jadeite, this pendant is durable and long-lasting.<\/li>\n<li>\n<strong>Certificado de autenticidad:<\/strong> This product comes with a certificate of authenticity for your peace of mind.<\/li>\n<\/ul>\n<p>The Lavender color combined with yellow patches creates an eye-catching design that can be worn on any occasion. Perfect for daily wear or dress-up events, this unisex necklace style can add sophistication to any outfit.<\/p>\n<ul>\n<li>\n<strong>Hecho en Myanmar:<\/strong> The country of origin for this product is Myanmar, ensuring its authenticity as genuine jadeite from the region.<\/li>\n<\/ul>\n<p>Please note that no warranty comes with this product. Upgrade your jewelry collection today by adding this stunning dragon pendant made from natural type A jadeite!<\/p>\n<p><\/p>\n<p>Yi Pin Qian \u2013 Comerciante de piedras preciosas y metales preciosos en Singapur \u2013 N\u00famero de licencia PS20190000031<\/p>\n<p><\/p>\n<p>*Todos los jade\u00edtas comprados a Yi Pin Qian en Singapur, los clientes pueden reservar espacios para pulirlos o hacer reparaciones menores por mal manejo; se aplican tarifas y solo para los clientes de Yi Pin Qian en Singapur*<\/p>\n<p><\/p>\n<p><strong>**Tipos de certificados**<\/strong><\/p>\n<p><\/p>\n<p><strong>NGI (Gemolog\u00eda Nan Yang)<\/strong><\/p>\n<p>o <strong>Certificados en el extranjero <\/strong>(Yi Pin Qian solo utiliza certificados aut\u00e9nticos de laboratorios extranjeros y tambi\u00e9n controla la calidad de cada uno de nuestros productos antes de ponerlos a la venta en SG)<\/p>\n<p><\/p>\n<p>Todos los productos de TikTok contar\u00e1n con el tipo de certificado que se indica en la descripci\u00f3n. Para cualquier cliente que desee enviar su pedido a NGI Singapur, habr\u00e1 un tiempo de espera para la entrega del pedido estimado de aproximadamente 4 semanas para recibirlo. <strong>Las solicitudes de informes de NGI Gemstone deben realizarse enviando un mensaje a la tienda TikTok de Yi Pin Qian.<\/strong> Gracias, <strong><u>Se aplican tarifas adicionales<\/u><\/strong>.<\/p>\n<p><\/p>\n<p><strong>La jade\u00edta natural no es perfecta, solo un peque\u00f1o recordatorio: nuestra jade\u00edta natural, como todas las cosas hermosas de la naturaleza, tiene sus caracter\u00edsticas y variaciones \u00fanicas. Invitamos a nuestros valiosos clientes a adoptar estas variaciones naturales. \u00a1Felices compras!<\/strong><\/p>\n<p><\/p>\n<p><strong><u>Ninguna de las fotograf\u00edas ni los v\u00eddeos han sido filtrados. Animamos a nuestros clientes a que vean tambi\u00e9n los v\u00eddeos adjuntos para tener una visi\u00f3n m\u00e1s completa de nuestros productos.<\/u><\/strong><\/p>","protected":false},"excerpt":{"rendered":"<p>This Lavender with Yellow Patches Natural Type A Jadeite Jade crafted as Dragon pendant is a perfect addition to any jewelry collection. Certificate numbers: SZ19286752 Exquisite Design: This pendant is crafted in the shape of a dragon, symbolizing strength and power. Natural Type A Jadeite: Made with high-quality natural type A jadeite, this pendant is [&hellip;]<\/p>","protected":false},"featured_media":6328,"comment_status":"open","ping_status":"closed","template":"","meta":[],"product_brand":[],"product_cat":[194],"product_tag":[],"class_list":{"0":"post-1593","1":"product","2":"type-product","3":"status-publish","4":"has-post-thumbnail","6":"product_cat-value-picks","8":"first","9":"instock","10":"sale","11":"shipping-taxable","12":"purchasable","13":"product-type-simple"},"_links":{"self":[{"href":"https:\/\/shop.yipinqian.com\/es\/wp-json\/wp\/v2\/product\/1593","targetHints":{"allow":["GET"]}}],"collection":[{"href":"https:\/\/shop.yipinqian.com\/es\/wp-json\/wp\/v2\/product"}],"about":[{"href":"https:\/\/shop.yipinqian.com\/es\/wp-json\/wp\/v2\/types\/product"}],"replies":[{"embeddable":true,"href":"https:\/\/shop.yipinqian.com\/es\/wp-json\/wp\/v2\/comments?post=1593"}],"version-history":[{"count":0,"href":"https:\/\/shop.yipinqian.com\/es\/wp-json\/wp\/v2\/product\/1593\/revisions"}],"wp:featuredmedia":[{"embeddable":true,"href":"https:\/\/shop.yipinqian.com\/es\/wp-json\/wp\/v2\/media\/6328"}],"wp:attachment":[{"href":"https:\/\/shop.yipinqian.com\/es\/wp-json\/wp\/v2\/media?parent=1593"}],"wp:term":[{"taxonomy":"product_brand","embeddable":true,"href":"https:\/\/shop.yipinqian.com\/es\/wp-json\/wp\/v2\/product_brand?post=1593"},{"taxonomy":"product_cat","embeddable":true,"href":"https:\/\/shop.yipinqian.com\/es\/wp-json\/wp\/v2\/product_cat?post=1593"},{"taxonomy":"product_tag","embeddable":true,"href":"https:\/\/shop.yipinqian.com\/es\/wp-json\/wp\/v2\/product_tag?post=1593"}],"curies":[{"name":"wp","href":"https:\/\/api.w.org\/{rel}","templated":true}]}}