{"id":1591,"date":"2024-10-24T23:20:31","date_gmt":"2024-10-24T15:20:31","guid":{"rendered":"https:\/\/shop.yipinqian.com\/product\/mid-year-special-semi-icy-translucent-natural-type-a-jadeite-jade-crafted-with-round-shape-as-pendant-with-18k-gold-clasp-certificate-weigh-18-24-grams-measurement-35-2-5-5-mm-18kp32\/"},"modified":"2025-02-24T00:49:52","modified_gmt":"2025-02-23T16:49:52","slug":"mid-year-special-semi-icy-translucent-natural-type-a-jadeite-jade-crafted-with-round-shape-as-pendant-with-18k-gold-clasp-certificate-weigh-18-24-grams-measurement-35-2-5-5-mm-18kp32","status":"publish","type":"product","link":"https:\/\/shop.yipinqian.com\/es\/producto\/mid-year-special-semi-icy-translucent-natural-type-a-jadeite-jade-crafted-with-round-shape-as-pendant-with-18k-gold-clasp-certificate-weigh-18-24-grams-measurement-35-2-5-5-mm-18kp32\/","title":{"rendered":"Especial de mitad de a\u00f1o: jade\u00edta natural tipo A transl\u00facida semiglacial elaborada con forma redonda como colgante con cierre de oro de 18 k, certificado con peso de 18,24 gramos, medida 35,2 * 5,5 mm (18kp32)"},"content":{"rendered":"<p>Consigue este impresionante colgante de jade\u00edta natural tipo A transl\u00facido semiglacial, elaborado con una forma redonda y un cierre cl\u00e1sico de oro de 18 quilates. Este colgante es el complemento perfecto para tu colecci\u00f3n de joyas y seguro que llamar\u00e1 la atenci\u00f3n.<\/p>\n<p><\/p>\n<p>N\u00fameros de certificado: GD2107H009527<\/p>\n<ul>\n<li>\n<strong>Jade\u00edta natural tipo A transl\u00facida semihelada:<\/strong> Este hermoso colgante est\u00e1 elaborado con jade de alta calidad que cuenta con un acabado transl\u00facido semiglacial. La jade\u00edta natural tipo A le suma encanto a esta pieza.<\/li>\n<li>\n<strong>Cierre de oro de 18k:<\/strong> El cl\u00e1sico broche de oro de 18 quilates complementa a la perfecci\u00f3n el impresionante colgante de jade. Aporta un toque de elegancia y sofisticaci\u00f3n que lo hace adecuado para cualquier ocasi\u00f3n.<\/li>\n<li>\n<strong>Pesa 18,24 gramos:<\/strong> Con unas medidas de 35,2 x 5,5 mm (18 kp32), esta exquisita pieza pesa unos impresionantes 18,24 gramos, lo que la hace sustancial pero lo suficientemente c\u00f3moda para usarla durante todo el d\u00eda.<\/li>\n<\/ul>\n<p>Esta hermosa pieza viene con un certificado oficial de autenticidad de Myanmar, lo que garantiza su calidad y autenticidad: \u00a1perfecta para aquellos que valoran la artesan\u00eda de la joyer\u00eda fina!<\/p>\n<ul>\n<li>\n<strong>Estilo de collar casual:<\/strong> Este hermoso collar ha sido dise\u00f1ado teniendo en cuenta las necesidades de estilo casual, lo que lo hace lo suficientemente vers\u00e1til para muchas ocasiones.<\/li>\n<\/ul>\n<p>Este collar de jade\u00edta natural tipo A es unisex, por lo que cualquiera puede usarlo con confianza y sin dudarlo.<\/p>\n<p>El colgante de jade\u00edta natural tipo A transl\u00facido semiglacial especial de mitad de a\u00f1o no solo es auspicioso, sino que tambi\u00e9n es una excelente opci\u00f3n de regalo.<\/p>\n<p>.<\/p>\n<p><strong>La jade\u00edta natural no es perfecta, solo un peque\u00f1o recordatorio: nuestra jade\u00edta natural, como todas las cosas hermosas de la naturaleza, tiene sus caracter\u00edsticas y variaciones \u00fanicas. Invitamos a nuestros valiosos clientes a adoptar estas variaciones naturales. \u00a1Felices compras!<\/strong><\/p>\n<p><\/p>\n<p><strong><u>Ninguna de las fotograf\u00edas ni los v\u00eddeos han sido filtrados. Animamos a nuestros clientes a que vean tambi\u00e9n los v\u00eddeos adjuntos para tener una visi\u00f3n m\u00e1s completa de nuestros productos.<\/u><\/strong><\/p>","protected":false},"excerpt":{"rendered":"<p>Get your hands on this stunning Semi Icy Translucent Natural Type A Jadeite Jade pendant, crafted with a round shape, and a classic 18k Gold Clasp. This pendant makes for the perfect addition to your jewelry collection and is sure to turn heads. Certificate numbers: GD2107H009527 Semi Icy Translucent Natural Type A Jadeite: This beautiful [&hellip;]<\/p>","protected":false},"featured_media":6311,"comment_status":"open","ping_status":"closed","template":"","meta":[],"product_brand":[],"product_cat":[194],"product_tag":[],"class_list":{"0":"post-1591","1":"product","2":"type-product","3":"status-publish","4":"has-post-thumbnail","6":"product_cat-value-picks","8":"first","9":"instock","10":"sale","11":"shipping-taxable","12":"purchasable","13":"product-type-simple"},"_links":{"self":[{"href":"https:\/\/shop.yipinqian.com\/es\/wp-json\/wp\/v2\/product\/1591","targetHints":{"allow":["GET"]}}],"collection":[{"href":"https:\/\/shop.yipinqian.com\/es\/wp-json\/wp\/v2\/product"}],"about":[{"href":"https:\/\/shop.yipinqian.com\/es\/wp-json\/wp\/v2\/types\/product"}],"replies":[{"embeddable":true,"href":"https:\/\/shop.yipinqian.com\/es\/wp-json\/wp\/v2\/comments?post=1591"}],"version-history":[{"count":0,"href":"https:\/\/shop.yipinqian.com\/es\/wp-json\/wp\/v2\/product\/1591\/revisions"}],"wp:featuredmedia":[{"embeddable":true,"href":"https:\/\/shop.yipinqian.com\/es\/wp-json\/wp\/v2\/media\/6311"}],"wp:attachment":[{"href":"https:\/\/shop.yipinqian.com\/es\/wp-json\/wp\/v2\/media?parent=1591"}],"wp:term":[{"taxonomy":"product_brand","embeddable":true,"href":"https:\/\/shop.yipinqian.com\/es\/wp-json\/wp\/v2\/product_brand?post=1591"},{"taxonomy":"product_cat","embeddable":true,"href":"https:\/\/shop.yipinqian.com\/es\/wp-json\/wp\/v2\/product_cat?post=1591"},{"taxonomy":"product_tag","embeddable":true,"href":"https:\/\/shop.yipinqian.com\/es\/wp-json\/wp\/v2\/product_tag?post=1591"}],"curies":[{"name":"wp","href":"https:\/\/api.w.org\/{rel}","templated":true}]}}