{"id":1583,"date":"2024-10-24T23:20:27","date_gmt":"2024-10-24T15:20:27","guid":{"rendered":"https:\/\/shop.yipinqian.com\/product\/lots-of-green-with-wuji-carved-as-nine-dragons-natural-type-a-jadeite-pendant-with-certificate-weight-45-16-grams-60-30-35-30-9-90-mm-suitable-for-daily-wear-pendant120\/"},"modified":"2025-02-24T01:17:29","modified_gmt":"2025-02-23T17:17:29","slug":"lots-of-green-with-wuji-carved-as-nine-dragons-natural-type-a-jadeite-pendant-with-certificate-weight-45-16-grams-60-30-35-30-9-90-mm-suitable-for-daily-wear-pendant120","status":"publish","type":"product","link":"https:\/\/shop.yipinqian.com\/es\/producto\/lots-of-green-with-wuji-carved-as-nine-dragons-natural-type-a-jadeite-pendant-with-certificate-weight-45-16-grams-60-30-35-30-9-90-mm-suitable-for-daily-wear-pendant120\/","title":{"rendered":"Colgante de jade\u00edta natural tipo A con mucho verde tallado con Wuji como nueve dragones con certificado, peso 45,16 gramos, 60,30 * 35,30 * 9,90 mm, adecuado para uso diario (colgante 120)"},"content":{"rendered":"<p>Este colgante de jade\u00edta natural tipo A es el accesorio perfecto para usar a diario. Con un peso de 45,16 gramos y unas dimensiones de 60,30 x 35,30 x 9,90 mm, presenta un dise\u00f1o impresionante que muestra mucho verde con Wuji tallado como nueve dragones.<\/p>\n<ul>\n<li>\n<strong>Con Certificado:<\/strong> S\u00ed<\/li>\n<li>\n<strong>Pa\u00eds natal:<\/strong> Birmania<\/li>\n<li>\n<strong>Ocasi\u00f3n:<\/strong> A diario<\/li>\n<li>\n<strong>Tipo de jade:<\/strong>Jade\u00edta<\/li>\n<li>\n<strong>G\u00e9nero: <\/strong>El g\u00e9nero de este producto es unisex.<\/li>\n<\/ul>\n<p><strong>N\u00famero de certificado: SJ2312017069<\/strong><\/p>\n<p><img fetchpriority=\"high\" decoding=\"async\" height=\"1080\" src=\"https:\/\/shop.yipinqian.com\/wp-content\/uploads\/2024\/10\/096afd8af321bec50b66c8a9be965995.jpg?from=476444299\" width=\"1080\"><\/p>\n<p>El estilo casual del collar complementa la elegancia y sofisticaci\u00f3n de esta exquisita pieza, haci\u00e9ndola perfecta para cualquier ocasi\u00f3n.<\/p>\n<p>\u00a1Este colgante no viene con garant\u00eda, pero est\u00e1 hecho para que dure muchos a\u00f1os y sea una exquisita pieza en su colecci\u00f3n o un regalo que puede transmitir de generaci\u00f3n en generaci\u00f3n!<\/p>\n<p>\u00a0<\/p>\n<p>Yi Pin Qian \u2013 Comerciante de piedras preciosas y metales preciosos en Singapur \u2013 N\u00famero de licencia PS20190000031<\/p>\n<p>\u00a0<\/p>\n<p>*Todos los jade\u00edtas comprados a Yi Pin Qian en Singapur, los clientes pueden reservar espacios para pulirlos o hacer reparaciones menores por mal manejo; se aplican tarifas y solo para los clientes de Yi Pin Qian en Singapur*<\/p>\n<p>\u00a0<\/p>\n<p><strong>**Tipos de certificados**<\/strong><\/p>\n<p>\u00a0<\/p>\n<p><strong>NGI (Gemolog\u00eda Nan Yang)<\/strong><\/p>\n<p>o <strong>Certificados en el extranjero <\/strong>(Yi Pin Qian solo utiliza certificados aut\u00e9nticos de laboratorios extranjeros y tambi\u00e9n controla la calidad de cada uno de nuestros productos antes de ponerlos a la venta en SG)<\/p>\n<p>\u00a0<\/p>\n<p>Todos los productos de TikTok contar\u00e1n con el tipo de certificado que se indica en la descripci\u00f3n. Para cualquier cliente que desee enviar su pedido a NGI Singapur, habr\u00e1 un tiempo de espera para la entrega del pedido estimado de aproximadamente 4 semanas para recibirlo. <strong>Las solicitudes de informes de NGI Gemstone deben realizarse enviando un mensaje a la tienda TikTok de Yi Pin Qian.<\/strong> Gracias, <strong><u>Se aplican tarifas adicionales<\/u><\/strong>.<\/p>","protected":false},"excerpt":{"rendered":"<p>Este colgante de jade\u00edta natural tipo A es el accesorio perfecto para el uso diario. Con un peso de 45,16 gramos y unas dimensiones de 60,30 x 35,30 x 9,90 mm, presenta un dise\u00f1o impresionante que muestra mucho verde con Wuji tallado como nueve dragones. Con certificado: S\u00ed Pa\u00eds de origen: Myanmar Ocasi\u00f3n: Diario Tipo de jade: Jade\u00edta [\u2026]<\/p>","protected":false},"featured_media":6248,"comment_status":"open","ping_status":"closed","template":"","meta":[],"product_brand":[],"product_cat":[195],"product_tag":[],"class_list":{"0":"post-1583","1":"product","2":"type-product","3":"status-publish","4":"has-post-thumbnail","6":"product_cat-heirloom-grade","8":"first","9":"instock","10":"sale","11":"shipping-taxable","12":"purchasable","13":"product-type-simple"},"_links":{"self":[{"href":"https:\/\/shop.yipinqian.com\/es\/wp-json\/wp\/v2\/product\/1583","targetHints":{"allow":["GET"]}}],"collection":[{"href":"https:\/\/shop.yipinqian.com\/es\/wp-json\/wp\/v2\/product"}],"about":[{"href":"https:\/\/shop.yipinqian.com\/es\/wp-json\/wp\/v2\/types\/product"}],"replies":[{"embeddable":true,"href":"https:\/\/shop.yipinqian.com\/es\/wp-json\/wp\/v2\/comments?post=1583"}],"version-history":[{"count":0,"href":"https:\/\/shop.yipinqian.com\/es\/wp-json\/wp\/v2\/product\/1583\/revisions"}],"wp:featuredmedia":[{"embeddable":true,"href":"https:\/\/shop.yipinqian.com\/es\/wp-json\/wp\/v2\/media\/6248"}],"wp:attachment":[{"href":"https:\/\/shop.yipinqian.com\/es\/wp-json\/wp\/v2\/media?parent=1583"}],"wp:term":[{"taxonomy":"product_brand","embeddable":true,"href":"https:\/\/shop.yipinqian.com\/es\/wp-json\/wp\/v2\/product_brand?post=1583"},{"taxonomy":"product_cat","embeddable":true,"href":"https:\/\/shop.yipinqian.com\/es\/wp-json\/wp\/v2\/product_cat?post=1583"},{"taxonomy":"product_tag","embeddable":true,"href":"https:\/\/shop.yipinqian.com\/es\/wp-json\/wp\/v2\/product_tag?post=1583"}],"curies":[{"name":"wp","href":"https:\/\/api.w.org\/{rel}","templated":true}]}}