{"id":1581,"date":"2024-10-24T23:20:26","date_gmt":"2024-10-24T15:20:26","guid":{"rendered":"https:\/\/shop.yipinqian.com\/product\/lots-of-green-on-this-natural-type-a-jadeite-pendant-necklace-crafted-as-chinese-cabbage-with-ruyi-symbols-of-wealth-rolling-in-good-luck-and-prosperity-certificate-included-weigh-15-27-grams-47-9-19\/"},"modified":"2025-02-17T00:04:05","modified_gmt":"2025-02-16T16:04:05","slug":"lots-of-green-on-this-natural-type-a-jadeite-pendant-necklace-crafted-as-chinese-cabbage-with-ruyi-symbols-of-wealth-rolling-in-good-luck-and-prosperity-certificate-included-weigh-15-27-grams-47-9-19","status":"publish","type":"product","link":"https:\/\/shop.yipinqian.com\/es\/producto\/lots-of-green-on-this-natural-type-a-jadeite-pendant-necklace-crafted-as-chinese-cabbage-with-ruyi-symbols-of-wealth-rolling-in-good-luck-and-prosperity-certificate-included-weigh-15-27-grams-47-9-19\/","title":{"rendered":"Mucho verde en este colgante de jade\u00edta de tipo natural elaborado como repollo chino con Ru Ayi, s\u00edmbolos de riqueza, buena suerte y prosperidad, certificado incluido, pesa 15,27 gramos, 47,9 * 19,6 * 14,8 mm (colgante 30)"},"content":{"rendered":"<p>Dale un toque de prosperidad y buena suerte a tu vida diaria con este impresionante collar con colgante de jade\u00edta natural tipo A. Este collar, dise\u00f1ado para parecerse a un repollo chino con Ruyi, s\u00edmbolos de riqueza, es el accesorio perfecto para agregarle encanto y elegancia a tu look informal.<\/p>\n<ul>\n<li>\n<strong>Mucho verde:<\/strong> El colgante cuenta con un hermoso color verde que complementar\u00e1 cualquier atuendo.<\/li>\n<li>\n<strong>Certificado incluido:<\/strong> Este collar viene con un certificado de autenticidad, lo que garantiza que obtendr\u00e1 jade\u00edta genuina.<\/li>\n<\/ul>\n<p><strong>N\u00fameros de certificado: ZGDTE125871<\/strong><\/p>\n<p><img fetchpriority=\"high\" decoding=\"async\" height=\"1080\" src=\"https:\/\/shop.yipinqian.com\/wp-content\/uploads\/2024\/10\/f545a9e2efde702c2f5ab557bfe72ff7.jpg?from=476444299\" width=\"1080\"><\/p>\n<ul>\n<li>\n<strong>Pesa 15,27 gramos:<\/strong> Ligero pero de construcci\u00f3n s\u00f3lida para un uso c\u00f3modo durante todo el d\u00eda.<\/li>\n<\/ul>\n<p>Este collar unisex, elaborado con jade\u00edta de alta calidad de Myanmar, es perfecto para usar a diario y es una excelente incorporaci\u00f3n a cualquier colecci\u00f3n de joyas. Adem\u00e1s, su estilo informal significa que puedes combinarlo f\u00e1cilmente con otras piezas o usarlo solo como una pieza llamativa.<\/p>\n<ul>\n<li>\n<strong>Tipo de jade:<\/strong> Fabricado con un hermoso material de jade\u00edta conocido por su durabilidad y patrones \u00fanicos.<\/li>\n<li>\n<strong>El estilo del collar: <\/strong>El estilo informal hace que sea f\u00e1cil de usar todos los d\u00edas o combinar con otros collares.<\/li>\n<\/ul>\n<p>A\u00f1ade un poco de elegancia a tu vida cotidiana: \u00a1haz tu pedido ahora!<\/p>\n<p>.<\/p>\n<p>Yi Pin Qian \u2013 Comerciante de piedras preciosas y metales preciosos en Singapur \u2013 N\u00famero de licencia PS20190000031<\/p>\n<p>\u00a0<\/p>\n<p>*Todos los jade\u00edtas comprados a Yi Pin Qian en Singapur, los clientes pueden reservar espacios para pulirlos o hacer reparaciones menores por mal manejo; se aplican tarifas y solo para los clientes de Yi Pin Qian en Singapur*<\/p>\n<p>\u00a0<\/p>\n<p><strong>**Tipos de certificados**<\/strong><\/p>\n<p>\u00a0<\/p>\n<p><strong>NGI (Gemolog\u00eda Nan Yang)<\/strong><\/p>\n<p>o <strong>Certificados en el extranjero <\/strong>(Yi Pin Qian solo utiliza certificados aut\u00e9nticos de laboratorios extranjeros y tambi\u00e9n controla la calidad de cada uno de nuestros productos antes de ponerlos a la venta en SG)<\/p>\n<p>\u00a0<\/p>\n<p>Todos los productos de TikTok contar\u00e1n con el tipo de certificado que se indica en la descripci\u00f3n. Para cualquier cliente que desee enviar su pedido a NGI Singapur, habr\u00e1 un tiempo de espera para la entrega del pedido estimado de aproximadamente 4 semanas para recibirlo. <strong>Las solicitudes de informes de NGI Gemstone deben realizarse enviando un mensaje a la tienda TikTok de Yi Pin Qian.<\/strong> Gracias, <strong><u>Se aplican tarifas adicionales<\/u><\/strong>.<\/p>\n<p>\u00a0<\/p>\n<p><strong>La jade\u00edta natural no es perfecta, solo un peque\u00f1o recordatorio: nuestra jade\u00edta natural, como todas las cosas hermosas de la naturaleza, tiene sus caracter\u00edsticas y variaciones \u00fanicas. Invitamos a nuestros valiosos clientes a adoptar estas variaciones naturales. \u00a1Felices compras!<\/strong><\/p>\n<p>\u00a0<\/p>\n<p><strong><u>Ninguna de las fotograf\u00edas ni los v\u00eddeos han sido filtrados. Animamos a nuestros clientes a que vean tambi\u00e9n los v\u00eddeos adjuntos para tener una visi\u00f3n m\u00e1s completa de nuestros productos.<\/u><\/strong><\/p>","protected":false},"excerpt":{"rendered":"<p>Bring a touch of prosperity and good luck to your daily life with this stunning Natural Type A Jadeite Pendant Necklace. Crafted to resemble a Chinese cabbage with Ruyi, symbols of wealth rolling in, this necklace is the perfect accessory for adding some charm and elegance to your casual look. Lots Of Green: The pendant [&hellip;]<\/p>","protected":false},"featured_media":6238,"comment_status":"open","ping_status":"closed","template":"","meta":[],"product_brand":[],"product_cat":[48],"product_tag":[],"class_list":{"0":"post-1581","1":"product","2":"type-product","3":"status-publish","4":"has-post-thumbnail","6":"product_cat-pendants","8":"first","9":"instock","10":"sale","11":"shipping-taxable","12":"purchasable","13":"product-type-simple"},"_links":{"self":[{"href":"https:\/\/shop.yipinqian.com\/es\/wp-json\/wp\/v2\/product\/1581","targetHints":{"allow":["GET"]}}],"collection":[{"href":"https:\/\/shop.yipinqian.com\/es\/wp-json\/wp\/v2\/product"}],"about":[{"href":"https:\/\/shop.yipinqian.com\/es\/wp-json\/wp\/v2\/types\/product"}],"replies":[{"embeddable":true,"href":"https:\/\/shop.yipinqian.com\/es\/wp-json\/wp\/v2\/comments?post=1581"}],"version-history":[{"count":0,"href":"https:\/\/shop.yipinqian.com\/es\/wp-json\/wp\/v2\/product\/1581\/revisions"}],"wp:featuredmedia":[{"embeddable":true,"href":"https:\/\/shop.yipinqian.com\/es\/wp-json\/wp\/v2\/media\/6238"}],"wp:attachment":[{"href":"https:\/\/shop.yipinqian.com\/es\/wp-json\/wp\/v2\/media?parent=1581"}],"wp:term":[{"taxonomy":"product_brand","embeddable":true,"href":"https:\/\/shop.yipinqian.com\/es\/wp-json\/wp\/v2\/product_brand?post=1581"},{"taxonomy":"product_cat","embeddable":true,"href":"https:\/\/shop.yipinqian.com\/es\/wp-json\/wp\/v2\/product_cat?post=1581"},{"taxonomy":"product_tag","embeddable":true,"href":"https:\/\/shop.yipinqian.com\/es\/wp-json\/wp\/v2\/product_tag?post=1581"}],"curies":[{"name":"wp","href":"https:\/\/api.w.org\/{rel}","templated":true}]}}