{"id":1577,"date":"2024-10-24T23:20:23","date_gmt":"2024-10-24T15:20:23","guid":{"rendered":"https:\/\/shop.yipinqian.com\/product\/limited-time-offer-natural-type-a-jadeite-jade-crafted-as-the-shape-of-donut-as-pendant-with-certificate-weigh-24-58-grams-measurement-41-2-6-3-mm-pendant211\/"},"modified":"2025-02-17T00:04:05","modified_gmt":"2025-02-16T16:04:05","slug":"limited-time-offer-natural-type-a-jadeite-jade-crafted-as-the-shape-of-donut-as-pendant-with-certificate-weigh-24-58-grams-measurement-41-2-6-3-mm-pendant211","status":"publish","type":"product","link":"https:\/\/shop.yipinqian.com\/es\/producto\/limited-time-offer-natural-type-a-jadeite-jade-crafted-as-the-shape-of-donut-as-pendant-with-certificate-weigh-24-58-grams-measurement-41-2-6-3-mm-pendant211\/","title":{"rendered":"Oferta por tiempo limitado: jade\u00edta natural tipo A elaborada en forma de dona como colgante con certificado, peso 24,58 gramos, medida 41,2 * 6,3 mm (colgante 211)"},"content":{"rendered":"<p>Mejore su colecci\u00f3n de joyas con esta oferta por tiempo limitado de un impresionante colgante de dona de jade jade\u00edta natural tipo A.<\/p>\n<p>N\u00fameros de certificado: ZS24031902033<\/p>\n<p><img fetchpriority=\"high\" decoding=\"async\" height=\"1080\" src=\"https:\/\/shop.yipinqian.com\/wp-content\/uploads\/2024\/10\/d9284fa526ec9cfda30ff3a726103887.jpg?from=476444299\" width=\"1080\"><\/p>\n<ul>\n<li>\n<strong>Autenticidad garantizada:<\/strong> Este colgante de jade viene con un certificado que garantiza su autenticidad y clasificaci\u00f3n Tipo A.<\/li>\n<li>\n<strong>Elaborado a la perfecci\u00f3n:<\/strong> Meticulosamente elaborado en forma de dona, este colgante est\u00e1 hecho de jade jade\u00edta natural de alta calidad y pesa 24,58 gramos, midiendo 41,2 * 6,3 mm.<\/li>\n<li>\n<strong>Un accesorio diario:<\/strong> Vers\u00e1til en estilo, este collar de estilo casual lo hace perfecto para el uso diario o para combinar con otros collares para lograr un look moderno.<\/li>\n<\/ul>\n<p>Este hermoso colgante proviene de Myanmar, pa\u00eds conocido por producir uno de los jade\u00edtas de mejor calidad del mundo, lo que lo convierte en una excelente adici\u00f3n a su colecci\u00f3n o como un regalo especial para alguien que aprecia piezas de joyer\u00eda \u00fanicas que se destacan entre la multitud.<\/p>\n<ul>\n<li><strong>Una pieza unisex: este colgante en forma de dona es perfecto tanto para hombres como para mujeres que aprecian la belleza atemporal en sus accesorios.<\/strong><\/li>\n<\/ul>\n<p><strong>Tenga en cuenta que esta exquisita pieza no viene con ninguna garant\u00eda, pero tenga la seguridad de que su artesan\u00eda superior asegura su longevidad a pesar del desgaste diario, siempre que la cuide adecuadamente.<\/strong><\/p>\n<p><strong>.<\/strong><\/p>","protected":false},"excerpt":{"rendered":"<p>Eleve su colecci\u00f3n de joyas con esta oferta por tiempo limitado de un impresionante colgante de jade\u00edta natural tipo A en forma de donut. N\u00fameros de certificado: ZS24031902033 Autenticidad garantizada: este colgante de jade viene con un certificado que garantiza su autenticidad y clasificaci\u00f3n tipo A. Elaborado a la perfecci\u00f3n: este colgante, elaborado meticulosamente con la forma de un donut, est\u00e1 hecho de jade de alta calidad [\u2026]<\/p>","protected":false},"featured_media":6210,"comment_status":"open","ping_status":"closed","template":"","meta":[],"product_brand":[],"product_cat":[48],"product_tag":[],"class_list":{"0":"post-1577","1":"product","2":"type-product","3":"status-publish","4":"has-post-thumbnail","6":"product_cat-pendants","8":"first","9":"instock","10":"sale","11":"shipping-taxable","12":"purchasable","13":"product-type-simple"},"_links":{"self":[{"href":"https:\/\/shop.yipinqian.com\/es\/wp-json\/wp\/v2\/product\/1577","targetHints":{"allow":["GET"]}}],"collection":[{"href":"https:\/\/shop.yipinqian.com\/es\/wp-json\/wp\/v2\/product"}],"about":[{"href":"https:\/\/shop.yipinqian.com\/es\/wp-json\/wp\/v2\/types\/product"}],"replies":[{"embeddable":true,"href":"https:\/\/shop.yipinqian.com\/es\/wp-json\/wp\/v2\/comments?post=1577"}],"version-history":[{"count":0,"href":"https:\/\/shop.yipinqian.com\/es\/wp-json\/wp\/v2\/product\/1577\/revisions"}],"wp:featuredmedia":[{"embeddable":true,"href":"https:\/\/shop.yipinqian.com\/es\/wp-json\/wp\/v2\/media\/6210"}],"wp:attachment":[{"href":"https:\/\/shop.yipinqian.com\/es\/wp-json\/wp\/v2\/media?parent=1577"}],"wp:term":[{"taxonomy":"product_brand","embeddable":true,"href":"https:\/\/shop.yipinqian.com\/es\/wp-json\/wp\/v2\/product_brand?post=1577"},{"taxonomy":"product_cat","embeddable":true,"href":"https:\/\/shop.yipinqian.com\/es\/wp-json\/wp\/v2\/product_cat?post=1577"},{"taxonomy":"product_tag","embeddable":true,"href":"https:\/\/shop.yipinqian.com\/es\/wp-json\/wp\/v2\/product_tag?post=1577"}],"curies":[{"name":"wp","href":"https:\/\/api.w.org\/{rel}","templated":true}]}}